{"id":19970,"date":"2024-01-30T06:40:07","date_gmt":"2024-01-30T06:40:07","guid":{"rendered":"https:\/\/torcstark.com\/?page_id=19970"},"modified":"2024-02-01T01:36:51","modified_gmt":"2024-02-01T01:36:51","slug":"kxc-series-low-profile-hydraulic-torque-wrench","status":"publish","type":"page","link":"http:\/\/marx-power.com\/es\/llave-dinamometrica-hidraulica-de-perfil-bajo-serie-kxc\/","title":{"rendered":"Llave dinamom\u00e9trica hidr\u00e1ulica de perfil bajo serie KXC"},"content":{"rendered":"<div class=\"vc_row wpb_row vc_row-fluid vc_column-gap-24 vc_row-o-content-middle vc_row-flex vc-row-481736\" >\n\t<div class=\"container et-clearfix\">\n\t\t<div class=\"wpb_column vc_column_container vc_col-sm-6 text-align-none\" >\n\t<div class=\"vc_column-inner\" >\n\t\t<div class=\"wpb_wrapper\">\n\t\t\t<div id=\"et-image-566340\" class=\"et-image alignnone curtain-left\" data-curtain=\"false\" data-animation-delay=\"0\" data-parallax=\"false\" data-move=\"false\" data-coordinatex=\"0\" data-coordinatey=\"0\" data-speed=\"10\"><img decoding=\"async\" width=\"t\" height=\"t\" src=\"https:\/\/marx-power.com\/wp-content\/uploads\/2024\/01\/KXC-Series-Low-Profile-Hydraulic-Torque-Wrench.jpg\" alt=\"Marx Power\u00ae\"><\/div>\t\t<\/div>\n\t\t\t<\/div>\n<\/div><div class=\"wpb_column vc_column_container vc_col-sm-6 text-align-none\" >\n\t<div class=\"vc_column-inner\" >\n\t\t<div class=\"wpb_wrapper\">\n\t\t\t\n<div class=\"wpb_text_column wpb_content_element\"  data-animation-delay=\"0\">\n\t<div class=\"wpb_wrapper\">\n\t\t<p>Presi\u00f3n de trabajo m\u00e1xima de 70MPa<br \/>\nRepetibilidad del par hasta 3%<br \/>\n10 modelos con rangos de 106-44297Nm.<br \/>\nArticulaci\u00f3n giratoria de 360\u00d7180 grados, sin limitaci\u00f3n de espacio.<br \/>\nDise\u00f1o integral, alta resistencia y alta tenacidad.<br \/>\nMaterial de aleaci\u00f3n de Al-Ti<br \/>\nAcopladores r\u00e1pidos CEJN fiables.<br \/>\nEl cabezal de trabajo y el punto de apoyo son coaxiales, estructura perfecta y larga vida \u00fatil.<br \/>\nUn cabezal de potencia puede combinar diferentes eslabones de trinquete.<\/p>\n\t<\/div>\n<\/div>\n\n\t\t<\/div>\n\t\t\t<\/div>\n<\/div>\t<\/div>\n\t\t<\/div><div class=\"vc_row wpb_row vc_row-fluid vc_column-gap-24\" >\n\t<div class=\"container et-clearfix\">\n\t\t<div class=\"wpb_column vc_column_container vc_col-sm-12 text-align-none vc-column-708385\" >\n\t<div class=\"vc_column-inner\" >\n\t\t<div class=\"wpb_wrapper\">\n\t\t\t<div id=\"et-image-448363\" class=\"et-image aligncenter curtain-left\" data-curtain=\"false\" data-animation-delay=\"0\" data-parallax=\"false\" data-move=\"false\" data-coordinatex=\"0\" data-coordinatey=\"0\" data-speed=\"10\"><img decoding=\"async\" width=\"t\" height=\"t\" src=\"https:\/\/marx-power.com\/wp-content\/uploads\/2024\/01\/KXC-series-Low-Profile-Hydraulic-Torque-Wrench-Component-Names.jpg\" alt=\"Marx Power\u00ae\"><\/div>\n<div class=\"wpb_text_column wpb_content_element\"  data-animation-delay=\"0\">\n\t<div class=\"wpb_wrapper\">\n\t\t<p style=\"text-align: center;\">Componentes de la llave dinamom\u00e9trica hidr\u00e1ulica de perfil bajo serie KXC<\/p>\n\t<\/div>\n<\/div>\n\n<span class=\"et-gap et-clearfix et-gap-247651\"><\/span><div class=\"vc_row wpb_row vc_inner vc_row-fluid vc_column-gap-24 vc_row-o-content-middle vc_row-flex vc-row-674933\"><div class=\"wpb_column vc_column_container vc_col-sm-4\"><div class=\"vc_column-inner vc_custom_1706683363845\"><div class=\"wpb_wrapper\"><div id=\"et-image-441637\" class=\"et-image aligncenter curtain-left\" data-curtain=\"false\" data-animation-delay=\"0\" data-parallax=\"false\" data-move=\"false\" data-coordinatex=\"0\" data-coordinatey=\"0\" data-speed=\"10\"><img decoding=\"async\" width=\"t\" height=\"t\" src=\"https:\/\/marx-power.com\/wp-content\/uploads\/2024\/01\/KXC-Series-Low-Profile-Hydraulic-Torque-Wrench-Power-Head.png\" alt=\"Marx Power\u00ae\"><\/div><div class=\"wpb_text_column wpb_content_element\"  data-animation-delay=\"0\"><div class=\"wpb_wrapper\"><p style=\"text-align: center;\">Cabezal el\u00e9ctrico para llave dinamom\u00e9trica hidr\u00e1ulica de perfil bajo serie KXC<\/p><\/div><\/div><span class=\"et-gap et-clearfix et-gap-247651\"><\/span><\/div><\/div><\/div><div class=\"wpb_column vc_column_container vc_col-sm-4\"><div class=\"vc_column-inner vc_custom_1706683377384\"><div class=\"wpb_wrapper\"><div id=\"et-image-97503\" class=\"et-image aligncenter curtain-left\" data-curtain=\"false\" data-animation-delay=\"0\" data-parallax=\"false\" data-move=\"false\" data-coordinatex=\"0\" data-coordinatey=\"0\" data-speed=\"10\"><img decoding=\"async\" width=\"t\" height=\"t\" src=\"https:\/\/marx-power.com\/wp-content\/uploads\/2024\/01\/KXC-Series-Low-Profile-Hydraulic-Torque-Wrench-Cassette.png\" alt=\"Marx Power\u00ae\"><\/div><div class=\"wpb_text_column wpb_content_element\"  data-animation-delay=\"0\"><div class=\"wpb_wrapper\"><p style=\"text-align: center;\">Cassette de llave dinamom\u00e9trica hidr\u00e1ulica de perfil bajo serie KXC<\/p><\/div><\/div><span class=\"et-gap et-clearfix et-gap-247651\"><\/span><\/div><\/div><\/div><div class=\"wpb_column vc_column_container vc_col-sm-4\"><div class=\"vc_column-inner\"><div class=\"wpb_wrapper\"><a id=\"et-button-352616\" class=\"et-button icon-position-right modal-false large hover-fill click-none has-icon\" target=\"_blank\" href=\"http:\/\/marx-power.com\/wp-content\/uploads\/2018\/09\/KXC-Series-Low-Profile-Hydraulic-Torque-Wrench-Operation-Radius-Table.pdf\" data-animation-delay=\"0\" data-parallax=\"false\" data-move=\"false\" data-coordinatex=\"0\" data-coordinatey=\"0\" data-speed=\"10\"><span class=\"hover\"><\/span><span class=\"regular\"><\/span><span class=\"text\">Tabla de radio de operaci\u00f3n de la serie KXC<\/span><span class=\"icon ien ien-earrow-3\"><\/span><\/a><span class=\"et-gap et-clearfix et-gap-247651\"><\/span><\/div><\/div><\/div><\/div><h3 class=\"et-heading text-align-left tablet-text-align-inherit mobile-text-align-inherit animate-false no-animation-type\" id=\"et-heading-40338\" data-delay=\"0\" data-mobile-font=\"inherit\" data-mobile-line-height=\"inherit\" data-tablet-landscape-font=\"inherit\" data-tablet-portrait-font=\"inherit\" data-tablet-landscape-line-height=\"inherit\" data-tablet-portrait-line-height=\"inherit\" data-parallax=\"false\" data-move=\"false\" data-coordinatex=\"0\" data-coordinatey=\"0\" data-speed=\"10\"><span class=\"text-wrapper\"><span class=\"text\">Dibujo dimensional<\/span><\/span><\/h3><div id=\"et-image-531594\" class=\"et-image aligncenter curtain-left\" data-curtain=\"false\" data-animation-delay=\"0\" data-parallax=\"false\" data-move=\"false\" data-coordinatex=\"0\" data-coordinatey=\"0\" data-speed=\"10\"><img decoding=\"async\" width=\"t\" height=\"t\" src=\"https:\/\/marx-power.com\/wp-content\/uploads\/2024\/01\/KXC-Series-Low-Profile-Hydraulic-Torque-Wrench-Dimensional-Drawing-640x400.jpg\" alt=\"Marx Power\u00ae\"><\/div><h3 class=\"et-heading text-align-left tablet-text-align-inherit mobile-text-align-inherit animate-false no-animation-type\" id=\"et-heading-495981\" data-delay=\"0\" data-mobile-font=\"inherit\" data-mobile-line-height=\"inherit\" data-tablet-landscape-font=\"inherit\" data-tablet-portrait-font=\"inherit\" data-tablet-landscape-line-height=\"inherit\" data-tablet-portrait-line-height=\"inherit\" data-parallax=\"false\" data-move=\"false\" data-coordinatex=\"0\" data-coordinatey=\"0\" data-speed=\"10\"><span class=\"text-wrapper\"><span class=\"text\">Tabla de especificaciones<\/span><\/span><\/h3>\n<div class=\"wpb_text_column wpb_content_element\"  data-animation-delay=\"0\">\n\t<div class=\"wpb_wrapper\">\n\t\t<table>\n<tbody>\n<tr>\n<td>Modelo<\/td>\n<td>Rango de par (Nm)<\/td>\n<td>Tama\u00f1o de la tuerca (mm)<\/td>\n<td>Peso de la cabeza (kg)<\/td>\n<td>Peso del casete (kg)<\/td>\n<td>largo(mm)<\/td>\n<td>H1 (mm)<\/td>\n<td>H2(mm)<\/td>\n<td>W1(mm)<\/td>\n<td>W2(mm)<\/td>\n<\/tr>\n<tr>\n<td>07KXC<\/td>\n<td>106-1058<\/td>\n<td>27-41<\/td>\n<td>0.6<\/td>\n<td>0.9<\/td>\n<td>138-142<\/td>\n<td>84<\/td>\n<td>114<\/td>\n<td>23<\/td>\n<td>39<\/td>\n<\/tr>\n<tr>\n<td rowspan=\"2\">2KXC<\/td>\n<td>231-2316<\/td>\n<td>30-55<\/td>\n<td rowspan=\"2\">1<\/td>\n<td>1.6<\/td>\n<td>176-181<\/td>\n<td>102<\/td>\n<td>131<\/td>\n<td rowspan=\"2\">32<\/td>\n<td rowspan=\"2\">51<\/td>\n<\/tr>\n<tr>\n<td>248-2479<\/td>\n<td>60<\/td>\n<td>1.8<\/td>\n<td>183.5<\/td>\n<td>107<\/td>\n<td>137<\/td>\n<\/tr>\n<tr>\n<td>3KXC<\/td>\n<td>337-3369<\/td>\n<td>41-65<\/td>\n<td>1.4<\/td>\n<td>2.6<\/td>\n<td>204-211<\/td>\n<td>122<\/td>\n<td>148<\/td>\n<td>36<\/td>\n<td>57<\/td>\n<\/tr>\n<tr>\n<td rowspan=\"2\">4KXC<\/td>\n<td>531-5309<\/td>\n<td>46-65<\/td>\n<td rowspan=\"2\">2<\/td>\n<td>4.2<\/td>\n<td>232-238<\/td>\n<td>136<\/td>\n<td>174<\/td>\n<td rowspan=\"2\">42<\/td>\n<td rowspan=\"2\">66<\/td>\n<\/tr>\n<tr>\n<td>577-5774<\/td>\n<td>70-80<\/td>\n<td>4.7<\/td>\n<td>240-247<\/td>\n<td>145<\/td>\n<td>183<\/td>\n<\/tr>\n<tr>\n<td rowspan=\"2\">6KXC<\/td>\n<td>761-7613<\/td>\n<td>50-75<\/td>\n<td rowspan=\"2\">2.8<\/td>\n<td>5.5<\/td>\n<td>257-264<\/td>\n<td>160<\/td>\n<td>195<\/td>\n<td rowspan=\"2\">47<\/td>\n<td rowspan=\"2\">75<\/td>\n<\/tr>\n<tr>\n<td>796-7959<\/td>\n<td>80-85<\/td>\n<td>5.9<\/td>\n<td>267<\/td>\n<td>165<\/td>\n<td>200<\/td>\n<\/tr>\n<tr>\n<td rowspan=\"2\">8KXC<\/td>\n<td>1093-10937<\/td>\n<td>55-95<\/td>\n<td rowspan=\"2\">3.5<\/td>\n<td>8<\/td>\n<td>280-294<\/td>\n<td>170<\/td>\n<td>206<\/td>\n<td rowspan=\"2\">53<\/td>\n<td rowspan=\"2\">83<\/td>\n<\/tr>\n<tr>\n<td>1194-11946<\/td>\n<td>100-110<\/td>\n<td>8.6<\/td>\n<td>308-311<\/td>\n<td>181<\/td>\n<td>217<\/td>\n<\/tr>\n<tr>\n<td rowspan=\"2\">14KXC<\/td>\n<td>1866-18656<\/td>\n<td>70-105<\/td>\n<td rowspan=\"2\">5.7<\/td>\n<td>11.4<\/td>\n<td>327<\/td>\n<td>204<\/td>\n<td>238<\/td>\n<td rowspan=\"2\">64<\/td>\n<td rowspan=\"2\">99<\/td>\n<\/tr>\n<tr>\n<td>1931-19308<\/td>\n<td>110-120<\/td>\n<td>12.5<\/td>\n<td>333<\/td>\n<td>209<\/td>\n<td>243<\/td>\n<\/tr>\n<tr>\n<td>18KXC<\/td>\n<td>2506-25061<\/td>\n<td>80-135<\/td>\n<td>7.4<\/td>\n<td>12.9<\/td>\n<td>380-400<\/td>\n<td>239<\/td>\n<td>269<\/td>\n<td>68<\/td>\n<td>107<\/td>\n<\/tr>\n<tr>\n<td rowspan=\"2\">20KXC<\/td>\n<td>3061-30611<\/td>\n<td>90-135<\/td>\n<td rowspan=\"2\">10.5<\/td>\n<td>20.4<\/td>\n<td>406-420<\/td>\n<td>249<\/td>\n<td>304<\/td>\n<td rowspan=\"2\">70<\/td>\n<td rowspan=\"2\">110<\/td>\n<\/tr>\n<tr>\n<td>3146-31462<\/td>\n<td>140-145<\/td>\n<td>21.3<\/td>\n<td>427<\/td>\n<td>255<\/td>\n<td>310<\/td>\n<\/tr>\n<tr>\n<td rowspan=\"2\">30KXC<\/td>\n<td>4179-41789<\/td>\n<td>105-155<\/td>\n<td rowspan=\"2\">11.8<\/td>\n<td>30.7<\/td>\n<td>455-462<\/td>\n<td>281<\/td>\n<td>326<\/td>\n<td rowspan=\"2\">85<\/td>\n<td rowspan=\"2\">132<\/td>\n<\/tr>\n<tr>\n<td>4430-44297<\/td>\n<td>160-180<\/td>\n<td>34<\/td>\n<td>478<\/td>\n<td>293<\/td>\n<td>338<\/td>\n<\/tr>\n<\/tbody>\n<\/table>\n\t<\/div>\n<\/div>\n\n\t\t<\/div>\n\t\t\t<\/div>\n<\/div>\t<\/div>\n\t\t<\/div><div class=\"vc_row wpb_row vc_row-fluid vc_column-gap-24\" >\n\t<div class=\"container et-clearfix\">\n\t\t<div class=\"wpb_column vc_column_container vc_col-sm-12 text-align-none\" >\n\t<div class=\"vc_column-inner\" >\n\t\t<div class=\"wpb_wrapper\">\n\t\t\t<h3 class=\"et-heading text-align-left tablet-text-align-inherit mobile-text-align-inherit animate-false no-animation-type\" id=\"et-heading-784421\" data-delay=\"0\" data-mobile-font=\"inherit\" data-mobile-line-height=\"inherit\" data-tablet-landscape-font=\"inherit\" data-tablet-portrait-font=\"inherit\" data-tablet-landscape-line-height=\"inherit\" data-tablet-portrait-line-height=\"inherit\" data-parallax=\"false\" data-move=\"false\" data-coordinatex=\"0\" data-coordinatey=\"0\" data-speed=\"10\"><span class=\"text-wrapper\"><span class=\"text\">Ponerse en contacto<\/span><\/span><\/h3>\n<div class=\"wpb_text_column wpb_content_element\"  data-animation-delay=\"0\">\n\t<div class=\"wpb_wrapper\">\n\t\t<p>Para todas las consultas de servicio, complete el formulario y nos pondremos en contacto con usted lo antes posible.<\/p>\n\t<\/div>\n<\/div>\n\n<div class=\"vc_row wpb_row vc_inner vc_row-fluid vc_column-gap-48 vc-row-670903\"><div class=\"wpb_column vc_column_container vc_col-sm-6\"><div class=\"vc_column-inner\"><div class=\"wpb_wrapper\"><div class=\"wpcf7 no-js\" id=\"wpcf7-f10615-o1\" lang=\"en-US\" dir=\"ltr\" data-wpcf7-id=\"10615\"><div class=\"screen-reader-response\"><p role=\"status\" aria-live=\"polite\" aria-atomic=\"true\"><\/p><ul><\/ul><\/div><form action=\"\/es\/wp-json\/wp\/v2\/pages\/19970#wpcf7-f10615-o1\" method=\"post\" class=\"wpcf7-form init\" aria-label=\"Formulario de contacto\" novalidate=\"novalidate\" data-status=\"init\" data-trp-original-action=\"\/es\/wp-json\/wp\/v2\/pages\/19970#wpcf7-f10615-o1\"><fieldset class=\"hidden-fields-container\"><input type=\"hidden\" name=\"_wpcf7\" value=\"10615\" \/><input type=\"hidden\" name=\"_wpcf7_version\" value=\"6.1.5\" \/><input type=\"hidden\" name=\"_wpcf7_locale\" value=\"en_US\" \/><input type=\"hidden\" name=\"_wpcf7_unit_tag\" value=\"wpcf7-f10615-o1\" \/><input type=\"hidden\" name=\"_wpcf7_container_post\" value=\"0\" \/><input type=\"hidden\" name=\"_wpcf7_posted_data_hash\" value=\"\" \/><\/fieldset><!-- \u7b2c\u4e00\u884c\uff1aFull Name + Email --><div style=\"display:flex; gap:4%; flex-direction: row; margin-bottom: -20px;\"><p><label> Full Name <span class=\"required-star\">*<\/span><br \/><span class=\"wpcf7-form-control-wrap\" data-name=\"full-name\"><input size=\"40\" maxlength=\"400\" class=\"wpcf7-form-control wpcf7-text wpcf7-validates-as-required\" aria-required=\"true\" aria-invalid=\"false\" placeholder=\"Robert Evans\" value=\"\" type=\"text\" name=\"full-name\" \/><\/span><\/label><\/p><p><label> Email Address <span class=\"required-star\">*<\/span><br \/><span class=\"wpcf7-form-control-wrap\" data-name=\"email\"><input size=\"40\" maxlength=\"400\" class=\"wpcf7-form-control wpcf7-email wpcf7-validates-as-required wpcf7-text wpcf7-validates-as-email\" aria-required=\"true\" aria-invalid=\"false\" placeholder=\"robert@example.com\" value=\"\" type=\"email\" name=\"email\" \/><\/span><\/label><\/p><\/div><div style=\"display:flex; gap:4%; flex-direction: row; margin-bottom: -20px;\"><p><label> Phone Number<br \/><span class=\"wpcf7-form-control-wrap\" data-name=\"phone\"><input size=\"40\" maxlength=\"400\" class=\"wpcf7-form-control wpcf7-tel wpcf7-text wpcf7-validates-as-tel\" aria-invalid=\"false\" placeholder=\"+1 (123) 456-7890\" value=\"\" type=\"tel\" name=\"phone\" \/><\/span><\/label><\/p><p><label> Pa\u00eds<br \/><span class=\"wpcf7-form-control-wrap\" data-name=\"country\"><input size=\"40\" maxlength=\"400\" class=\"wpcf7-form-control wpcf7-text\" aria-invalid=\"false\" placeholder=\"ABC inc.\" value=\"\" type=\"text\" name=\"country\" \/><\/span><\/label><\/p><\/div><!-- \u7b2c\u4e09\u884c\uff1aCompany Name --><p><label> Company Name<br \/><span class=\"wpcf7-form-control-wrap\" data-name=\"company\"><input size=\"40\" maxlength=\"400\" class=\"wpcf7-form-control wpcf7-text\" aria-invalid=\"false\" placeholder=\"Acme Inc\" value=\"\" type=\"text\" name=\"company\" \/><\/span><\/label><\/p><!-- \u7b2c\u56db\u884c\uff1aMessage --><p><label> Message <span class=\"required-star\">*<\/span><br \/><span class=\"wpcf7-form-control-wrap\" data-name=\"message\"><textarea cols=\"40\" rows=\"10\" maxlength=\"2000\" class=\"wpcf7-form-control wpcf7-textarea wpcf7-validates-as-required\" aria-required=\"true\" aria-invalid=\"false\" placeholder=\"Tell us about your inquiry...\" name=\"message\"><\/textarea><\/span><\/label><\/p><!-- \u7b2c\u4e94\u884c\uff1aPreferred Contact Method --><p>Preferred Contact Method<br \/><span class=\"wpcf7-form-control-wrap\" data-name=\"contact-method\"><span class=\"wpcf7-form-control wpcf7-radio\"><span class=\"wpcf7-list-item first\"><input type=\"radio\" name=\"contact-method\" value=\"email\" checked=\"checked\" \/><span class=\"wpcf7-list-item-label\">email<\/span><\/span><span class=\"wpcf7-list-item last\"><input type=\"radio\" name=\"contact-method\" value=\"phone\" \/><span class=\"wpcf7-list-item-label\">phone<\/span><\/span><\/span><\/span><\/p><!-- \u7b2c\u516d\u884c\uff1aSubmit --><p><input class=\"wpcf7-form-control wpcf7-submit has-spinner\" type=\"submit\" value=\"Send Message\" \/><\/p><div class=\"wpcf7-response-output\" aria-hidden=\"true\"><\/div><input type=\"hidden\" name=\"trp-form-language\" value=\"es\"\/><\/form><\/div><\/div><\/div><\/div><div class=\"wpb_column vc_column_container vc_col-sm-6\"><div class=\"vc_column-inner\"><div class=\"wpb_wrapper\"><div class=\"wpb_text_column wpb_content_element\"  data-animation-delay=\"0\"><div class=\"wpb_wrapper\"><ul><li>Todos los productos est\u00e1n dise\u00f1ados para superar los est\u00e1ndares de datos globales para equipos hidr\u00e1ulicos de alta presi\u00f3n.<\/li><li>Cada producto se someter\u00e1 a rigurosas pruebas f\u00edsicas antes del env\u00edo para garantizar la calidad del producto.<\/li><li>Todos los productos han pasado la inspecci\u00f3n de calidad de ISO9001 y EU CE y otras instituciones.<\/li><li>Proporcione herramientas seguras y confiables y un servicio posventa l\u00edder en la industria, todos los productos vienen con un servicio de garant\u00eda integral de 12 meses.<\/li><li>El stock es suficiente y se puede entregar r\u00e1pidamente despu\u00e9s de que el usuario realiza un pedido.<\/li><li>Se utiliza un inventario suficiente de piezas de repuesto para un mantenimiento r\u00e1pido y una operaci\u00f3n del producto a largo plazo.<\/li><\/ul><\/div><\/div><\/div><\/div><\/div><\/div>\t\t<\/div>\n\t\t\t<\/div>\n<\/div>\t<\/div>\n\t\t<\/div><div class=\"vc_row wpb_row vc_row-fluid vc_column-gap-24\" >\n\t<div class=\"container et-clearfix\">\n\t\t<div class=\"wpb_column vc_column_container vc_col-sm-12 text-align-none\" >\n\t<div class=\"vc_column-inner\" >\n\t\t<div class=\"wpb_wrapper\">\n\t\t\t<span class=\"et-gap et-clearfix et-gap-78325\"><\/span>\t\t<\/div>\n\t\t\t<\/div>\n<\/div>\t<\/div>\n\t\t<\/div>","protected":false},"excerpt":{"rendered":"70MPa max working pressure Torque repeatability up to 3% 10 models with the ranges from 106-44297Nm. 360x180 degree swivel joint, no space limitation. Integral design, high strength and high toughness. Al-Ti alloy material Reliable CEJN quick couplers. Working head and supporting point are coaxial, perfect structure, long service life. One power head can match different [...]","protected":false},"author":1,"featured_media":0,"parent":0,"menu_order":0,"comment_status":"closed","ping_status":"closed","template":"page-vc.php","meta":{"footnotes":""},"class_list":["post-19970","page","type-page","status-publish","hentry"],"_links":{"self":[{"href":"http:\/\/marx-power.com\/es\/wp-json\/wp\/v2\/pages\/19970","targetHints":{"allow":["GET"]}}],"collection":[{"href":"http:\/\/marx-power.com\/es\/wp-json\/wp\/v2\/pages"}],"about":[{"href":"http:\/\/marx-power.com\/es\/wp-json\/wp\/v2\/types\/page"}],"author":[{"embeddable":true,"href":"http:\/\/marx-power.com\/es\/wp-json\/wp\/v2\/users\/1"}],"replies":[{"embeddable":true,"href":"http:\/\/marx-power.com\/es\/wp-json\/wp\/v2\/comments?post=19970"}],"version-history":[{"count":0,"href":"http:\/\/marx-power.com\/es\/wp-json\/wp\/v2\/pages\/19970\/revisions"}],"wp:attachment":[{"href":"http:\/\/marx-power.com\/es\/wp-json\/wp\/v2\/media?parent=19970"}],"curies":[{"name":"wp","href":"https:\/\/api.w.org\/{rel}","templated":true}]}}