{"id":19997,"date":"2024-01-30T07:42:45","date_gmt":"2024-01-30T07:42:45","guid":{"rendered":"https:\/\/torcstark.com\/?page_id=19997"},"modified":"2024-01-31T06:48:10","modified_gmt":"2024-01-31T06:48:10","slug":"khx-series-low-profile-hydraulic-torque-wrench","status":"publish","type":"page","link":"http:\/\/marx-power.com\/es\/llave-dinamometrica-hidraulica-de-perfil-bajo-serie-khx\/","title":{"rendered":"Llave dinamom\u00e9trica hidr\u00e1ulica de perfil bajo serie KHX"},"content":{"rendered":"<div class=\"vc_row wpb_row vc_row-fluid vc_column-gap-24 vc_row-o-content-middle vc_row-flex vc-row-481736\" >\n\t<div class=\"container et-clearfix\">\n\t\t<div class=\"wpb_column vc_column_container vc_col-sm-6 text-align-none\" >\n\t<div class=\"vc_column-inner\" >\n\t\t<div class=\"wpb_wrapper\">\n\t\t\t<div id=\"et-image-983210\" class=\"et-image alignnone curtain-left\" data-curtain=\"false\" data-animation-delay=\"0\" data-parallax=\"false\" data-move=\"false\" data-coordinatex=\"0\" data-coordinatey=\"0\" data-speed=\"10\"><img decoding=\"async\" width=\"t\" height=\"t\" src=\"https:\/\/marx-power.com\/wp-content\/uploads\/2024\/01\/KHX-Series-Low-Profile-Hydraulic-Torque-Wrench.jpg\" alt=\"Marx Power\u00ae\"><\/div>\t\t<\/div>\n\t\t\t<\/div>\n<\/div><div class=\"wpb_column vc_column_container vc_col-sm-6 text-align-none\" >\n\t<div class=\"vc_column-inner\" >\n\t\t<div class=\"wpb_wrapper\">\n\t\t\t\n<div class=\"wpb_text_column wpb_content_element\"  data-animation-delay=\"0\">\n\t<div class=\"wpb_wrapper\">\n\t\t<p>Presi\u00f3n de trabajo m\u00e1xima de 70MPa<br \/>\nRepetibilidad del par hasta 3%<br \/>\n10 modelos con rangos de 106-44297Nm.<br \/>\nArticulaci\u00f3n giratoria de 360\u00d7180 grados, sin limitaci\u00f3n de espacio.<br \/>\nDise\u00f1o integral, alta resistencia y alta tenacidad.<br \/>\nMaterial de aleaci\u00f3n de Al-Ti<br \/>\nAcopladores r\u00e1pidos CEJN fiables.<br \/>\nEl cabezal de trabajo y el punto de apoyo son coaxiales, estructura perfecta y larga vida \u00fatil.<br \/>\nEslab\u00f3n f\u00e1cil de reemplazar, el cabezal de potencia y el eslab\u00f3n de trinquete se pueden combinar o separar r\u00e1pidamente.<br \/>\nLa estructura combinada especial elimina el desequilibrio de fuerza causado por la rotaci\u00f3n del trinquete.<\/p>\n\t<\/div>\n<\/div>\n\n\t\t<\/div>\n\t\t\t<\/div>\n<\/div>\t<\/div>\n\t\t<\/div><div class=\"vc_row wpb_row vc_row-fluid vc_column-gap-24\" >\n\t<div class=\"container et-clearfix\">\n\t\t<div class=\"wpb_column vc_column_container vc_col-sm-12 text-align-none\" >\n\t<div class=\"vc_column-inner\" >\n\t\t<div class=\"wpb_wrapper\">\n\t\t\t<div class=\"vc_row wpb_row vc_inner vc_row-fluid vc_column-gap-24 vc_row-o-content-middle vc_row-flex vc-row-674933\"><div class=\"wpb_column vc_column_container vc_col-sm-6\"><div class=\"vc_column-inner\"><div class=\"wpb_wrapper\"><div id=\"et-image-595900\" class=\"et-image aligncenter curtain-left\" data-curtain=\"false\" data-animation-delay=\"0\" data-parallax=\"false\" data-move=\"false\" data-coordinatex=\"0\" data-coordinatey=\"0\" data-speed=\"10\"><img decoding=\"async\" width=\"t\" height=\"t\" src=\"https:\/\/marx-power.com\/wp-content\/uploads\/2024\/01\/KHX-Series-Low-Profile-Hydraulic-Torque-Wrench-Power-Head.png\" alt=\"Marx Power\u00ae\"><\/div><div class=\"wpb_text_column wpb_content_element\"  data-animation-delay=\"0\"><div class=\"wpb_wrapper\"><p style=\"text-align: center;\">Cabezal el\u00e9ctrico para llave dinamom\u00e9trica hidr\u00e1ulica de perfil bajo serie KHX<\/p><\/div><\/div><span class=\"et-gap et-clearfix et-gap-247651\"><\/span><\/div><\/div><\/div><div class=\"wpb_column vc_column_container vc_col-sm-6\"><div class=\"vc_column-inner\"><div class=\"wpb_wrapper\"><div id=\"et-image-353437\" class=\"et-image aligncenter curtain-left\" data-curtain=\"false\" data-animation-delay=\"0\" data-parallax=\"false\" data-move=\"false\" data-coordinatex=\"0\" data-coordinatey=\"0\" data-speed=\"10\"><img decoding=\"async\" width=\"t\" height=\"t\" src=\"https:\/\/marx-power.com\/wp-content\/uploads\/2024\/01\/KHX-Series-Low-Profile-Hydraulic-Torque-Wrench-Cassette.png\" alt=\"Marx Power\u00ae\"><\/div><div class=\"wpb_text_column wpb_content_element\"  data-animation-delay=\"0\"><div class=\"wpb_wrapper\"><p style=\"text-align: center;\">Cassette de llave dinamom\u00e9trica hidr\u00e1ulica de perfil bajo serie KHX<\/p><\/div><\/div><span class=\"et-gap et-clearfix et-gap-247651\"><\/span><\/div><\/div><\/div><\/div><h3 class=\"et-heading text-align-left tablet-text-align-inherit mobile-text-align-inherit animate-false no-animation-type\" id=\"et-heading-40338\" data-delay=\"0\" data-mobile-font=\"inherit\" data-mobile-line-height=\"inherit\" data-tablet-landscape-font=\"inherit\" data-tablet-portrait-font=\"inherit\" data-tablet-landscape-line-height=\"inherit\" data-tablet-portrait-line-height=\"inherit\" data-parallax=\"false\" data-move=\"false\" data-coordinatex=\"0\" data-coordinatey=\"0\" data-speed=\"10\"><span class=\"text-wrapper\"><span class=\"text\">Dibujo dimensional<\/span><\/span><\/h3><div id=\"et-image-681821\" class=\"et-image aligncenter curtain-left\" data-curtain=\"false\" data-animation-delay=\"0\" data-parallax=\"false\" data-move=\"false\" data-coordinatex=\"0\" data-coordinatey=\"0\" data-speed=\"10\"><img decoding=\"async\" width=\"t\" height=\"t\" src=\"https:\/\/marx-power.com\/wp-content\/uploads\/2024\/01\/KHX-Series-Low-Profile-Hydraulic-Torque-Wrench-Dimensional-Drawing-480x360.png\" alt=\"Marx Power\u00ae\"><\/div><h3 class=\"et-heading text-align-left tablet-text-align-inherit mobile-text-align-inherit animate-false no-animation-type\" id=\"et-heading-495981\" data-delay=\"0\" data-mobile-font=\"inherit\" data-mobile-line-height=\"inherit\" data-tablet-landscape-font=\"inherit\" data-tablet-portrait-font=\"inherit\" data-tablet-landscape-line-height=\"inherit\" data-tablet-portrait-line-height=\"inherit\" data-parallax=\"false\" data-move=\"false\" data-coordinatex=\"0\" data-coordinatey=\"0\" data-speed=\"10\"><span class=\"text-wrapper\"><span class=\"text\">Tabla de especificaciones<\/span><\/span><\/h3>\n<div class=\"wpb_text_column wpb_content_element\"  data-animation-delay=\"0\">\n\t<div class=\"wpb_wrapper\">\n\t\t<table>\n<tbody>\n<tr>\n<td>Modelo<\/td>\n<td>2KHX<\/td>\n<td>3KHX<\/td>\n<td>4KHX<\/td>\n<td>6KHX<\/td>\n<td>8KHX<\/td>\n<td>14KHX<\/td>\n<\/tr>\n<tr>\n<td>Rango de par (Nm)<\/td>\n<td>237-2370<\/td>\n<td>337-3369<\/td>\n<td>517-5171<\/td>\n<td>776-7761<\/td>\n<td>1148-11481<\/td>\n<td>1992-19917<\/td>\n<\/tr>\n<tr>\n<td>Tama\u00f1o de la tuerca (mm)<\/td>\n<td>36-60<\/td>\n<td>46-65<\/td>\n<td>46-75<\/td>\n<td>55-80<\/td>\n<td>65-105<\/td>\n<td>80-120<\/td>\n<\/tr>\n<tr>\n<td>Peso de la cabeza (kg)<\/td>\n<td>1.2<\/td>\n<td>1.6<\/td>\n<td>2.2<\/td>\n<td>2.6<\/td>\n<td>3.9<\/td>\n<td>6.5<\/td>\n<\/tr>\n<tr>\n<td>Peso del casete (kg)<\/td>\n<td>1.5<\/td>\n<td>2.2<\/td>\n<td>4<\/td>\n<td>5.3<\/td>\n<td>7.7<\/td>\n<td>11.7<\/td>\n<\/tr>\n<tr>\n<td>largo(mm)<\/td>\n<td>175-187<\/td>\n<td>190-201<\/td>\n<td>215-230<\/td>\n<td>245-259<\/td>\n<td>264-291<\/td>\n<td>319-344<\/td>\n<\/tr>\n<tr>\n<td>H1 (mm)<\/td>\n<td>107<\/td>\n<td>120<\/td>\n<td>138<\/td>\n<td>158<\/td>\n<td>173<\/td>\n<td>207<\/td>\n<\/tr>\n<tr>\n<td>H2(mm)<\/td>\n<td>135<\/td>\n<td>149<\/td>\n<td>174<\/td>\n<td>195<\/td>\n<td>212<\/td>\n<td>245<\/td>\n<\/tr>\n<tr>\n<td>W1(mm)<\/td>\n<td>32<\/td>\n<td>36<\/td>\n<td>42<\/td>\n<td>46<\/td>\n<td>53<\/td>\n<td>64<\/td>\n<\/tr>\n<tr>\n<td>W2(mm)<\/td>\n<td>38<\/td>\n<td>42<\/td>\n<td>48<\/td>\n<td>51<\/td>\n<td>59<\/td>\n<td>71<\/td>\n<\/tr>\n<tr>\n<td>A (mm)<\/td>\n<td>10<\/td>\n<td>11<\/td>\n<td>12.5<\/td>\n<td>14.5<\/td>\n<td>16<\/td>\n<td>19<\/td>\n<\/tr>\n<\/tbody>\n<\/table>\n\t<\/div>\n<\/div>\n\n\t\t<\/div>\n\t\t\t<\/div>\n<\/div>\t<\/div>\n\t\t<\/div><div class=\"vc_row wpb_row vc_row-fluid vc_column-gap-24\" >\n\t<div class=\"container et-clearfix\">\n\t\t<div class=\"wpb_column vc_column_container vc_col-sm-12 text-align-none\" >\n\t<div class=\"vc_column-inner\" >\n\t\t<div class=\"wpb_wrapper\">\n\t\t\t<h3 class=\"et-heading text-align-left tablet-text-align-inherit mobile-text-align-inherit animate-false no-animation-type\" id=\"et-heading-784421\" data-delay=\"0\" data-mobile-font=\"inherit\" data-mobile-line-height=\"inherit\" data-tablet-landscape-font=\"inherit\" data-tablet-portrait-font=\"inherit\" data-tablet-landscape-line-height=\"inherit\" data-tablet-portrait-line-height=\"inherit\" data-parallax=\"false\" data-move=\"false\" data-coordinatex=\"0\" data-coordinatey=\"0\" data-speed=\"10\"><span class=\"text-wrapper\"><span class=\"text\">Ponerse en contacto<\/span><\/span><\/h3>\n<div class=\"wpb_text_column wpb_content_element\"  data-animation-delay=\"0\">\n\t<div class=\"wpb_wrapper\">\n\t\t<p>Para todas las consultas de servicio, complete el formulario y nos pondremos en contacto con usted lo antes posible.<\/p>\n\t<\/div>\n<\/div>\n\n<div class=\"vc_row wpb_row vc_inner vc_row-fluid vc_column-gap-48 vc-row-670903\"><div class=\"wpb_column vc_column_container vc_col-sm-6\"><div class=\"vc_column-inner\"><div class=\"wpb_wrapper\"><div class=\"wpcf7 no-js\" id=\"wpcf7-f10615-o1\" lang=\"en-US\" dir=\"ltr\" data-wpcf7-id=\"10615\"><div class=\"screen-reader-response\"><p role=\"status\" aria-live=\"polite\" aria-atomic=\"true\"><\/p><ul><\/ul><\/div><form action=\"\/es\/wp-json\/wp\/v2\/pages\/19997#wpcf7-f10615-o1\" method=\"post\" class=\"wpcf7-form init\" aria-label=\"Formulario de contacto\" novalidate=\"novalidate\" data-status=\"init\" data-trp-original-action=\"\/es\/wp-json\/wp\/v2\/pages\/19997#wpcf7-f10615-o1\"><fieldset class=\"hidden-fields-container\"><input type=\"hidden\" name=\"_wpcf7\" value=\"10615\" \/><input type=\"hidden\" name=\"_wpcf7_version\" value=\"6.1.5\" \/><input type=\"hidden\" name=\"_wpcf7_locale\" value=\"en_US\" \/><input type=\"hidden\" name=\"_wpcf7_unit_tag\" value=\"wpcf7-f10615-o1\" \/><input type=\"hidden\" name=\"_wpcf7_container_post\" value=\"0\" \/><input type=\"hidden\" name=\"_wpcf7_posted_data_hash\" value=\"\" \/><\/fieldset><!-- \u7b2c\u4e00\u884c\uff1aFull Name + Email --><div style=\"display:flex; gap:4%; flex-direction: row; margin-bottom: -20px;\"><p><label> Full Name <span class=\"required-star\">*<\/span><br \/><span class=\"wpcf7-form-control-wrap\" data-name=\"full-name\"><input size=\"40\" maxlength=\"400\" class=\"wpcf7-form-control wpcf7-text wpcf7-validates-as-required\" aria-required=\"true\" aria-invalid=\"false\" placeholder=\"Robert Evans\" value=\"\" type=\"text\" name=\"full-name\" \/><\/span><\/label><\/p><p><label> Email Address <span class=\"required-star\">*<\/span><br \/><span class=\"wpcf7-form-control-wrap\" data-name=\"email\"><input size=\"40\" maxlength=\"400\" class=\"wpcf7-form-control wpcf7-email wpcf7-validates-as-required wpcf7-text wpcf7-validates-as-email\" aria-required=\"true\" aria-invalid=\"false\" placeholder=\"robert@example.com\" value=\"\" type=\"email\" name=\"email\" \/><\/span><\/label><\/p><\/div><div style=\"display:flex; gap:4%; flex-direction: row; margin-bottom: -20px;\"><p><label> Phone Number<br \/><span class=\"wpcf7-form-control-wrap\" data-name=\"phone\"><input size=\"40\" maxlength=\"400\" class=\"wpcf7-form-control wpcf7-tel wpcf7-text wpcf7-validates-as-tel\" aria-invalid=\"false\" placeholder=\"+1 (123) 456-7890\" value=\"\" type=\"tel\" name=\"phone\" \/><\/span><\/label><\/p><p><label> Pa\u00eds<br \/><span class=\"wpcf7-form-control-wrap\" data-name=\"country\"><input size=\"40\" maxlength=\"400\" class=\"wpcf7-form-control wpcf7-text\" aria-invalid=\"false\" placeholder=\"ABC inc.\" value=\"\" type=\"text\" name=\"country\" \/><\/span><\/label><\/p><\/div><!-- \u7b2c\u4e09\u884c\uff1aCompany Name --><p><label> Company Name<br \/><span class=\"wpcf7-form-control-wrap\" data-name=\"company\"><input size=\"40\" maxlength=\"400\" class=\"wpcf7-form-control wpcf7-text\" aria-invalid=\"false\" placeholder=\"Acme Inc\" value=\"\" type=\"text\" name=\"company\" \/><\/span><\/label><\/p><!-- \u7b2c\u56db\u884c\uff1aMessage --><p><label> Message <span class=\"required-star\">*<\/span><br \/><span class=\"wpcf7-form-control-wrap\" data-name=\"message\"><textarea cols=\"40\" rows=\"10\" maxlength=\"2000\" class=\"wpcf7-form-control wpcf7-textarea wpcf7-validates-as-required\" aria-required=\"true\" aria-invalid=\"false\" placeholder=\"Tell us about your inquiry...\" name=\"message\"><\/textarea><\/span><\/label><\/p><!-- \u7b2c\u4e94\u884c\uff1aPreferred Contact Method --><p>Preferred Contact Method<br \/><span class=\"wpcf7-form-control-wrap\" data-name=\"contact-method\"><span class=\"wpcf7-form-control wpcf7-radio\"><span class=\"wpcf7-list-item first\"><input type=\"radio\" name=\"contact-method\" value=\"email\" checked=\"checked\" \/><span class=\"wpcf7-list-item-label\">email<\/span><\/span><span class=\"wpcf7-list-item last\"><input type=\"radio\" name=\"contact-method\" value=\"phone\" \/><span class=\"wpcf7-list-item-label\">phone<\/span><\/span><\/span><\/span><\/p><!-- \u7b2c\u516d\u884c\uff1aSubmit --><p><input class=\"wpcf7-form-control wpcf7-submit has-spinner\" type=\"submit\" value=\"Send Message\" \/><\/p><div class=\"wpcf7-response-output\" aria-hidden=\"true\"><\/div><input type=\"hidden\" name=\"trp-form-language\" value=\"es\"\/><\/form><\/div><\/div><\/div><\/div><div class=\"wpb_column vc_column_container vc_col-sm-6\"><div class=\"vc_column-inner\"><div class=\"wpb_wrapper\"><div class=\"wpb_text_column wpb_content_element\"  data-animation-delay=\"0\"><div class=\"wpb_wrapper\"><ul><li>Todos los productos est\u00e1n dise\u00f1ados para superar los est\u00e1ndares de datos globales para equipos hidr\u00e1ulicos de alta presi\u00f3n.<\/li><li>Cada producto se someter\u00e1 a rigurosas pruebas f\u00edsicas antes del env\u00edo para garantizar la calidad del producto.<\/li><li>Todos los productos han pasado la inspecci\u00f3n de calidad de ISO9001 y EU CE y otras instituciones.<\/li><li>Proporcione herramientas seguras y confiables y un servicio posventa l\u00edder en la industria, todos los productos vienen con un servicio de garant\u00eda integral de 12 meses.<\/li><li>El stock es suficiente y se puede entregar r\u00e1pidamente despu\u00e9s de que el usuario realiza un pedido.<\/li><li>Se utiliza un inventario suficiente de piezas de repuesto para un mantenimiento r\u00e1pido y una operaci\u00f3n del producto a largo plazo.<\/li><\/ul><\/div><\/div><\/div><\/div><\/div><\/div>\t\t<\/div>\n\t\t\t<\/div>\n<\/div>\t<\/div>\n\t\t<\/div><div class=\"vc_row wpb_row vc_row-fluid vc_column-gap-24\" >\n\t<div class=\"container et-clearfix\">\n\t\t<div class=\"wpb_column vc_column_container vc_col-sm-12 text-align-none\" >\n\t<div class=\"vc_column-inner\" >\n\t\t<div class=\"wpb_wrapper\">\n\t\t\t<span class=\"et-gap et-clearfix et-gap-78325\"><\/span>\t\t<\/div>\n\t\t\t<\/div>\n<\/div>\t<\/div>\n\t\t<\/div>","protected":false},"excerpt":{"rendered":"70MPa max working pressure Torque repeatability up to 3% 10 models with the ranges from 106-44297Nm. 360x180 degree swivel joint, no space limitation. Integral design, high strength and high toughness. Al-Ti alloy material Reliable CEJN quick couplers. The working head and supporting point are coaxial, perfect structure, long service life. Easy to replace link, the [...]","protected":false},"author":1,"featured_media":0,"parent":0,"menu_order":0,"comment_status":"closed","ping_status":"closed","template":"page-vc.php","meta":{"footnotes":""},"class_list":["post-19997","page","type-page","status-publish","hentry"],"_links":{"self":[{"href":"http:\/\/marx-power.com\/es\/wp-json\/wp\/v2\/pages\/19997","targetHints":{"allow":["GET"]}}],"collection":[{"href":"http:\/\/marx-power.com\/es\/wp-json\/wp\/v2\/pages"}],"about":[{"href":"http:\/\/marx-power.com\/es\/wp-json\/wp\/v2\/types\/page"}],"author":[{"embeddable":true,"href":"http:\/\/marx-power.com\/es\/wp-json\/wp\/v2\/users\/1"}],"replies":[{"embeddable":true,"href":"http:\/\/marx-power.com\/es\/wp-json\/wp\/v2\/comments?post=19997"}],"version-history":[{"count":0,"href":"http:\/\/marx-power.com\/es\/wp-json\/wp\/v2\/pages\/19997\/revisions"}],"wp:attachment":[{"href":"http:\/\/marx-power.com\/es\/wp-json\/wp\/v2\/media?parent=19997"}],"curies":[{"name":"wp","href":"https:\/\/api.w.org\/{rel}","templated":true}]}}