{"id":18582,"date":"2022-07-27T05:31:35","date_gmt":"2022-07-27T05:31:35","guid":{"rendered":"http:\/\/demo.torcstark.com\/?page_id=18582"},"modified":"2022-08-15T08:25:30","modified_gmt":"2022-08-15T08:25:30","slug":"backup-wrench","status":"publish","type":"page","link":"https:\/\/marx-power.com\/es\/llave-de-respaldo\/","title":{"rendered":"Llave de respaldo"},"content":{"rendered":"<div class=\"vc_row wpb_row vc_row-fluid vc_column-gap-24\" >\n\t<div class=\"container et-clearfix\">\n\t\t<div class=\"wpb_column vc_column_container vc_col-sm-6 text-align-none\" >\n\t<div class=\"vc_column-inner\" >\n\t\t<div class=\"wpb_wrapper\">\n\t\t\t<div id=\"et-gallery-384413\" class=\"et-gallery et-item-set carousel-thumbs effect-none navigation-only-arrows\" data-autoplay=\"false\"><ul id=\"carousel-thumbs-384413\" class=\"carousel-thumbs\"><li class=\"et-item et-gallery-item\"><div class=\"et-item-inner\"><div class=\"image-container\"><div class=\"image-preloader\"><\/div><img decoding=\"async\" alt=\"Marx Power\u00ae\" width=\"650\" height=\"650\" src=\"https:\/\/marx-power.com\/wp-content\/uploads\/2021\/11\/backup-wrench.jpg\"><\/div><\/div><\/li><li class=\"et-item et-gallery-item\"><div class=\"et-item-inner\"><div class=\"image-container\"><div class=\"image-preloader\"><\/div><img decoding=\"async\" alt=\"Marx Power\u00ae\" width=\"545\" height=\"400\" src=\"https:\/\/marx-power.com\/wp-content\/uploads\/2021\/11\/example-backup-wrench.jpg\"><\/div><\/div><\/li><\/ul><ul id=\"carousel-navs-384413\" class=\"carousel-navs slick-thumbnail-navigation\"><li class=\"et-item et-gallery-item\"><img decoding=\"async\" alt=\"Marx Power\u00ae\" width=\"150\" height=\"150\" src=\"https:\/\/marx-power.com\/wp-content\/uploads\/2021\/11\/backup-wrench-150x150.jpg\"><\/li><li class=\"et-item et-gallery-item\"><img decoding=\"async\" alt=\"Marx Power\u00ae\" width=\"150\" height=\"150\" src=\"https:\/\/marx-power.com\/wp-content\/uploads\/2021\/11\/example-backup-wrench-150x150.jpg\"><\/li><\/ul><\/div>\t\t<\/div>\n\t\t\t<\/div>\n<\/div><div class=\"wpb_column vc_column_container vc_col-sm-6 text-align-none\" >\n\t<div class=\"vc_column-inner\" >\n\t\t<div class=\"wpb_wrapper\">\n\t\t\t\n<div class=\"wpb_text_column wpb_content_element\"  data-animation-delay=\"0\">\n\t<div class=\"wpb_wrapper\">\n\t\t<p>La llave de respaldo magn\u00e9tica de manos libres es la forma m\u00e1s f\u00e1cil de evitar que la tuerca gire. Este tipo de llave es simple de operar, f\u00e1cil de usar y puede ser operada de forma independiente por una sola persona.<\/p>\n<p>La llave de respaldo de extremo abierto es especialmente \u00fatil para espacios reducidos que no se pueden instalar por completo con una llave Allen.<\/p>\n<p>La herramienta de llave de respaldo puede bloquear la f\u00e9rula de seguridad para garantizar que la herramienta no se caiga. Tambi\u00e9n est\u00e1 equipado con la tecnolog\u00eda de im\u00e1n incorporado patentada de la llave de respaldo magn\u00e9tica manos libres est\u00e1ndar.<\/p>\n<p>Al apretar o aflojar la tuerca, la llave de respaldo de perfil bajo evita que la tuerca del otro lado del esp\u00e1rrago gire.<\/p>\n<p>Las llaves de respaldo TorcStark est\u00e1n disponibles en tama\u00f1os est\u00e1ndar de 1-1\/4\u2033 a 6-1\/8\u2033 y tama\u00f1os m\u00e9tricos de M30 a M145. TorcStark proporciona una gama completa de servicios personalizados.<\/p>\n<p>La llave magn\u00e9tica de respaldo est\u00e1 equipada con una funda protectora de 1-1\/4\u2033 a 2-9\/16\u2033 y un inserto de espuma personalizado. Esto le ahorrar\u00e1 tiempo cuando realice conexiones con pernos.<\/p>\n<p>La llave de respaldo magn\u00e9tica TorcStark no necesita ser impulsada por un sistema hidr\u00e1ulico, solo operaci\u00f3n mec\u00e1nica y manos libres, eliminando la lesi\u00f3n del oponente. Y elimina las chispas generadas por los golpes\/golpes de la llave, reduciendo as\u00ed el tiempo de operaci\u00f3n y mejorando la productividad.<\/p>\n<p>Lo que es m\u00e1s importante, la llave de respaldo magn\u00e9tica de manos libres es m\u00e1s segura, liviana y f\u00e1cil de transportar que la llave de respaldo tradicional, y est\u00e1 equipada con una correa y una correa para evitar ca\u00eddas.<\/p>\n\t<\/div>\n<\/div>\n\n\t\t<\/div>\n\t\t\t<\/div>\n<\/div>\t<\/div>\n\t\t<\/div><div class=\"vc_row wpb_row vc_row-fluid vc_column-gap-24\" >\n\t<div class=\"container et-clearfix\">\n\t\t<div class=\"wpb_column vc_column_container vc_col-sm-12 text-align-none\" >\n\t<div class=\"vc_column-inner\" >\n\t\t<div class=\"wpb_wrapper\">\n\t\t\t<h3 class=\"et-heading text-align-left tablet-text-align-inherit mobile-text-align-inherit animate-false no-animation-type\" id=\"et-heading-140451\" data-delay=\"0\" data-mobile-font=\"inherit\" data-mobile-line-height=\"inherit\" data-tablet-landscape-font=\"inherit\" data-tablet-portrait-font=\"inherit\" data-tablet-landscape-line-height=\"inherit\" data-tablet-portrait-line-height=\"inherit\" data-parallax=\"false\" data-move=\"false\" data-coordinatex=\"0\" data-coordinatey=\"0\" data-speed=\"10\"><span class=\"text-wrapper\"><span class=\"text\">Tabla de selecci\u00f3n de enchufes est\u00e1ndar<\/span><\/span><\/h3>\n<div class=\"wpb_text_column wpb_content_element\"  data-animation-delay=\"0\">\n\t<div class=\"wpb_wrapper\">\n\t\t<section class=\"elementor-section elementor-top-section elementor-element elementor-element-c34350b elementor-section-boxed elementor-section-height-default elementor-section-height-default\" data-id=\"c34350b\" data-element_type=\"section\">\n<div class=\"elementor-container elementor-column-gap-default\">\n<div class=\"elementor-column elementor-col-100 elementor-top-column elementor-element elementor-element-cfb0904\" data-id=\"cfb0904\" data-element_type=\"column\">\n<div class=\"elementor-widget-wrap elementor-element-populated\">\n<div class=\"elementor-element elementor-element-a515efd elementor-widget elementor-widget-text-editor\" data-id=\"a515efd\" data-element_type=\"widget\" data-widget_type=\"text-editor.default\">\n<div class=\"elementor-widget-container\">\n<div class=\"table-responsive wprt_style_display\">\n<table class=\"table\">\n<thead>\n<tr>\n<td width=\"137\">Modelo<\/td>\n<td width=\"137\">A trav\u00e9s de plano (mm)<\/td>\n<td width=\"137\">A trav\u00e9s de Flat (in)<\/td>\n<td width=\"137\">Radio (mm)<\/td>\n<td width=\"137\">Espesor (mm)<\/td>\n<td width=\"137\">Longitud (mm)<\/td>\n<\/tr>\n<\/thead>\n<tbody>\n<tr>\n<td width=\"137\">FLS-30<\/td>\n<td width=\"137\">30<\/td>\n<td width=\"137\">1-1\/4\u2033<\/td>\n<td width=\"137\">25<\/td>\n<td width=\"137\">24<\/td>\n<td width=\"137\">75<\/td>\n<\/tr>\n<tr>\n<td width=\"137\">FLS-36<\/td>\n<td width=\"137\">36<\/td>\n<td width=\"137\">1-7\/16\u2033<\/td>\n<td width=\"137\">27<\/td>\n<td width=\"137\">24<\/td>\n<td width=\"137\">80<\/td>\n<\/tr>\n<tr>\n<td width=\"137\">FLS-41<\/td>\n<td width=\"137\">41<\/td>\n<td width=\"137\">1-5\/8\u2033<\/td>\n<td width=\"137\">29<\/td>\n<td width=\"137\">24<\/td>\n<td width=\"137\">80<\/td>\n<\/tr>\n<tr>\n<td width=\"137\">FLS-46<\/td>\n<td width=\"137\">46<\/td>\n<td width=\"137\">1-13\/16\u2033<\/td>\n<td width=\"137\">34<\/td>\n<td width=\"137\">30<\/td>\n<td width=\"137\">90<\/td>\n<\/tr>\n<tr>\n<td width=\"137\">FLS-50<\/td>\n<td width=\"137\">50<\/td>\n<td width=\"137\">2\u2033<\/td>\n<td width=\"137\">35<\/td>\n<td width=\"137\">30<\/td>\n<td width=\"137\">95<\/td>\n<\/tr>\n<tr>\n<td width=\"137\">FLS-55<\/td>\n<td width=\"137\">55<\/td>\n<td width=\"137\">2-3\/16\u2033<\/td>\n<td width=\"137\">38<\/td>\n<td width=\"137\">35<\/td>\n<td width=\"137\">95<\/td>\n<\/tr>\n<tr>\n<td width=\"137\">FLS-60<\/td>\n<td width=\"137\">60<\/td>\n<td width=\"137\">2-3\/8\u2033<\/td>\n<td width=\"137\">42<\/td>\n<td width=\"137\">35<\/td>\n<td width=\"137\">105<\/td>\n<\/tr>\n<tr>\n<td width=\"137\">FLS-65<\/td>\n<td width=\"137\">65<\/td>\n<td width=\"137\">2-9\/16\u2033<\/td>\n<td width=\"137\">47<\/td>\n<td width=\"137\">40<\/td>\n<td width=\"137\">105<\/td>\n<\/tr>\n<tr>\n<td width=\"137\">FLS-70<\/td>\n<td width=\"137\">70<\/td>\n<td width=\"137\">2-3\/4\u2033<\/td>\n<td width=\"137\">50<\/td>\n<td width=\"137\">40<\/td>\n<td width=\"137\">105<\/td>\n<\/tr>\n<tr>\n<td width=\"137\">FLS-75<\/td>\n<td width=\"137\">75<\/td>\n<td width=\"137\">2-15\/16\u2033<\/td>\n<td width=\"137\">53<\/td>\n<td width=\"137\">45<\/td>\n<td width=\"137\">110<\/td>\n<\/tr>\n<tr>\n<td width=\"137\">FLS-80<\/td>\n<td width=\"137\">80<\/td>\n<td width=\"137\">3-1\/8\u2033<\/td>\n<td width=\"137\">55<\/td>\n<td width=\"137\">45<\/td>\n<td width=\"137\">110<\/td>\n<\/tr>\n<tr>\n<td width=\"137\">FLS-85<\/td>\n<td width=\"137\">85<\/td>\n<td width=\"137\">3-1\/2\u2033<\/td>\n<td width=\"137\">60<\/td>\n<td width=\"137\">45<\/td>\n<td width=\"137\">110<\/td>\n<\/tr>\n<tr>\n<td width=\"137\">FLS-90<\/td>\n<td width=\"137\">90<\/td>\n<td width=\"137\">3-11\/16\u2033<\/td>\n<td width=\"137\">65<\/td>\n<td width=\"137\">50<\/td>\n<td width=\"137\">125<\/td>\n<\/tr>\n<tr>\n<td width=\"137\">FLS-95<\/td>\n<td width=\"137\">95<\/td>\n<td width=\"137\">3-7\/8\u2033<\/td>\n<td width=\"137\">67<\/td>\n<td width=\"137\">50<\/td>\n<td width=\"137\">125<\/td>\n<\/tr>\n<tr>\n<td width=\"137\">FLS-100<\/td>\n<td width=\"137\">100<\/td>\n<td width=\"137\">4\u2033<\/td>\n<td width=\"137\">71<\/td>\n<td width=\"137\">50<\/td>\n<td width=\"137\">130<\/td>\n<\/tr>\n<\/tbody>\n<\/table>\n<\/div>\n<\/div>\n<\/div>\n<\/div>\n<\/div>\n<\/div>\n<\/section>\n<section class=\"elementor-section elementor-top-section elementor-element elementor-element-390d48a1 elementor-section-boxed elementor-section-height-default elementor-section-height-default\" data-id=\"390d48a1\" data-element_type=\"section\">\n<div class=\"elementor-container elementor-column-gap-default\">\n<div class=\"elementor-column elementor-col-50 elementor-top-column elementor-element elementor-element-54ff3254\" data-id=\"54ff3254\" data-element_type=\"column\">\n<div class=\"elementor-widget-wrap elementor-element-populated\">\n<div class=\"elementor-element elementor-element-379c3fc1 elementor-widget elementor-widget-heading\" data-id=\"379c3fc1\" data-element_type=\"widget\" data-widget_type=\"heading.default\">\n<div class=\"elementor-widget-container\"><\/div>\n<\/div>\n<\/div>\n<\/div>\n<\/div>\n<\/section>\n\t<\/div>\n<\/div>\n\n\t\t<\/div>\n\t\t\t<\/div>\n<\/div>\t<\/div>\n\t\t<\/div><div class=\"vc_row wpb_row vc_row-fluid vc_column-gap-24\" >\n\t<div class=\"container et-clearfix\">\n\t\t<div class=\"wpb_column vc_column_container vc_col-sm-12 text-align-none\" >\n\t<div class=\"vc_column-inner\" >\n\t\t<div class=\"wpb_wrapper\">\n\t\t\t<h3 class=\"et-heading text-align-left tablet-text-align-inherit mobile-text-align-inherit animate-false no-animation-type\" id=\"et-heading-784421\" data-delay=\"0\" data-mobile-font=\"inherit\" data-mobile-line-height=\"inherit\" data-tablet-landscape-font=\"inherit\" data-tablet-portrait-font=\"inherit\" data-tablet-landscape-line-height=\"inherit\" data-tablet-portrait-line-height=\"inherit\" data-parallax=\"false\" data-move=\"false\" data-coordinatex=\"0\" data-coordinatey=\"0\" data-speed=\"10\"><span class=\"text-wrapper\"><span class=\"text\">Ponerse en contacto<\/span><\/span><\/h3>\n<div class=\"wpb_text_column wpb_content_element\"  data-animation-delay=\"0\">\n\t<div class=\"wpb_wrapper\">\n\t\t<p>Para todas las consultas de servicio, complete el formulario y nos pondremos en contacto con usted lo antes posible.<\/p>\n\t<\/div>\n<\/div>\n\n<div class=\"vc_row wpb_row vc_inner vc_row-fluid vc_column-gap-48 vc-row-670903\"><div class=\"wpb_column vc_column_container vc_col-sm-6\"><div class=\"vc_column-inner\"><div class=\"wpb_wrapper\"><div class=\"wpcf7 no-js\" id=\"wpcf7-f10615-o1\" lang=\"en-US\" dir=\"ltr\" data-wpcf7-id=\"10615\"><div class=\"screen-reader-response\"><p role=\"status\" aria-live=\"polite\" aria-atomic=\"true\"><\/p><ul><\/ul><\/div><form action=\"\/es\/wp-json\/wp\/v2\/pages\/18582#wpcf7-f10615-o1\" method=\"post\" class=\"wpcf7-form init\" aria-label=\"Formulario de contacto\" novalidate=\"novalidate\" data-status=\"init\" data-trp-original-action=\"\/es\/wp-json\/wp\/v2\/pages\/18582#wpcf7-f10615-o1\"><fieldset class=\"hidden-fields-container\"><input type=\"hidden\" name=\"_wpcf7\" value=\"10615\" \/><input type=\"hidden\" name=\"_wpcf7_version\" value=\"6.1.5\" \/><input type=\"hidden\" name=\"_wpcf7_locale\" value=\"en_US\" \/><input type=\"hidden\" name=\"_wpcf7_unit_tag\" value=\"wpcf7-f10615-o1\" \/><input type=\"hidden\" name=\"_wpcf7_container_post\" value=\"0\" \/><input type=\"hidden\" name=\"_wpcf7_posted_data_hash\" value=\"\" \/><\/fieldset><!-- \u7b2c\u4e00\u884c\uff1aFull Name + Email --><div style=\"display:flex; gap:4%; flex-direction: row; margin-bottom: -20px;\"><p><label> Full Name <span class=\"required-star\">*<\/span><br \/><span class=\"wpcf7-form-control-wrap\" data-name=\"full-name\"><input size=\"40\" maxlength=\"400\" class=\"wpcf7-form-control wpcf7-text wpcf7-validates-as-required\" aria-required=\"true\" aria-invalid=\"false\" placeholder=\"Robert Evans\" value=\"\" type=\"text\" name=\"full-name\" \/><\/span><\/label><\/p><p><label> Email Address <span class=\"required-star\">*<\/span><br \/><span class=\"wpcf7-form-control-wrap\" data-name=\"email\"><input size=\"40\" maxlength=\"400\" class=\"wpcf7-form-control wpcf7-email wpcf7-validates-as-required wpcf7-text wpcf7-validates-as-email\" aria-required=\"true\" aria-invalid=\"false\" placeholder=\"robert@example.com\" value=\"\" type=\"email\" name=\"email\" \/><\/span><\/label><\/p><\/div><div style=\"display:flex; gap:4%; flex-direction: row; margin-bottom: -20px;\"><p><label> Phone Number<br \/><span class=\"wpcf7-form-control-wrap\" data-name=\"phone\"><input size=\"40\" maxlength=\"400\" class=\"wpcf7-form-control wpcf7-tel wpcf7-text wpcf7-validates-as-tel\" aria-invalid=\"false\" placeholder=\"+1 (123) 456-7890\" value=\"\" type=\"tel\" name=\"phone\" \/><\/span><\/label><\/p><p><label> Pa\u00eds<br \/><span class=\"wpcf7-form-control-wrap\" data-name=\"country\"><input size=\"40\" maxlength=\"400\" class=\"wpcf7-form-control wpcf7-text\" aria-invalid=\"false\" placeholder=\"ABC inc.\" value=\"\" type=\"text\" name=\"country\" \/><\/span><\/label><\/p><\/div><!-- \u7b2c\u4e09\u884c\uff1aCompany Name --><p><label> Company Name<br \/><span class=\"wpcf7-form-control-wrap\" data-name=\"company\"><input size=\"40\" maxlength=\"400\" class=\"wpcf7-form-control wpcf7-text\" aria-invalid=\"false\" placeholder=\"Acme Inc\" value=\"\" type=\"text\" name=\"company\" \/><\/span><\/label><\/p><!-- \u7b2c\u56db\u884c\uff1aMessage --><p><label> Message <span class=\"required-star\">*<\/span><br \/><span class=\"wpcf7-form-control-wrap\" data-name=\"message\"><textarea cols=\"40\" rows=\"10\" maxlength=\"2000\" class=\"wpcf7-form-control wpcf7-textarea wpcf7-validates-as-required\" aria-required=\"true\" aria-invalid=\"false\" placeholder=\"Tell us about your inquiry...\" name=\"message\"><\/textarea><\/span><\/label><\/p><!-- \u7b2c\u4e94\u884c\uff1aPreferred Contact Method --><p>Preferred Contact Method<br \/><span class=\"wpcf7-form-control-wrap\" data-name=\"contact-method\"><span class=\"wpcf7-form-control wpcf7-radio\"><span class=\"wpcf7-list-item first\"><input type=\"radio\" name=\"contact-method\" value=\"email\" checked=\"checked\" \/><span class=\"wpcf7-list-item-label\">email<\/span><\/span><span class=\"wpcf7-list-item last\"><input type=\"radio\" name=\"contact-method\" value=\"phone\" \/><span class=\"wpcf7-list-item-label\">phone<\/span><\/span><\/span><\/span><\/p><!-- \u7b2c\u516d\u884c\uff1aSubmit --><p><input class=\"wpcf7-form-control wpcf7-submit has-spinner\" type=\"submit\" value=\"Send Message\" \/><\/p><div class=\"wpcf7-response-output\" aria-hidden=\"true\"><\/div><input type=\"hidden\" name=\"trp-form-language\" value=\"es\"\/><\/form><\/div><\/div><\/div><\/div><div class=\"wpb_column vc_column_container vc_col-sm-6\"><div class=\"vc_column-inner\"><div class=\"wpb_wrapper\"><div class=\"wpb_text_column wpb_content_element\"  data-animation-delay=\"0\"><div class=\"wpb_wrapper\"><ul><li>Todos los productos est\u00e1n dise\u00f1ados para superar los est\u00e1ndares de datos globales para equipos hidr\u00e1ulicos de alta presi\u00f3n.<\/li><li>Cada producto se someter\u00e1 a rigurosas pruebas f\u00edsicas antes del env\u00edo para garantizar la calidad del producto.<\/li><li>Todos los productos han pasado la inspecci\u00f3n de calidad de ISO9001 y EU CE y otras instituciones.<\/li><li>Proporcione herramientas seguras y confiables y un servicio posventa l\u00edder en la industria, todos los productos vienen con un servicio de garant\u00eda integral de 12 meses.<\/li><li>El stock es suficiente y se puede entregar r\u00e1pidamente despu\u00e9s de que el usuario realiza un pedido.<\/li><li>Se utiliza un inventario suficiente de piezas de repuesto para un mantenimiento r\u00e1pido y una operaci\u00f3n del producto a largo plazo.<\/li><\/ul><\/div><\/div><\/div><\/div><\/div><\/div>\t\t<\/div>\n\t\t\t<\/div>\n<\/div>\t<\/div>\n\t\t<\/div><div class=\"vc_row wpb_row vc_row-fluid vc_column-gap-24\" >\n\t<div class=\"container et-clearfix\">\n\t\t<div class=\"wpb_column vc_column_container vc_col-sm-12 text-align-none\" >\n\t<div class=\"vc_column-inner\" >\n\t\t<div class=\"wpb_wrapper\">\n\t\t\t<span class=\"et-gap et-clearfix et-gap-78325\"><\/span>\t\t<\/div>\n\t\t\t<\/div>\n<\/div>\t<\/div>\n\t\t<\/div>","protected":false},"excerpt":{"rendered":"The hands-free magnetic backup\u00a0wrench is the easiest way to stop the nut from rotating. This kind of wrench is simple to operate, easy to use, and can be operated independently by a single person. The open-ended backup\u00a0wrench is particularly useful for tight clearance conditions that cannot be completely installed with an Allen wrench. The\u00a0backup\u00a0wrench tool [...]","protected":false},"author":1,"featured_media":0,"parent":0,"menu_order":0,"comment_status":"closed","ping_status":"closed","template":"page-vc.php","meta":{"footnotes":""},"class_list":["post-18582","page","type-page","status-publish","hentry"],"_links":{"self":[{"href":"https:\/\/marx-power.com\/es\/wp-json\/wp\/v2\/pages\/18582","targetHints":{"allow":["GET"]}}],"collection":[{"href":"https:\/\/marx-power.com\/es\/wp-json\/wp\/v2\/pages"}],"about":[{"href":"https:\/\/marx-power.com\/es\/wp-json\/wp\/v2\/types\/page"}],"author":[{"embeddable":true,"href":"https:\/\/marx-power.com\/es\/wp-json\/wp\/v2\/users\/1"}],"replies":[{"embeddable":true,"href":"https:\/\/marx-power.com\/es\/wp-json\/wp\/v2\/comments?post=18582"}],"version-history":[{"count":0,"href":"https:\/\/marx-power.com\/es\/wp-json\/wp\/v2\/pages\/18582\/revisions"}],"wp:attachment":[{"href":"https:\/\/marx-power.com\/es\/wp-json\/wp\/v2\/media?parent=18582"}],"curies":[{"name":"wp","href":"https:\/\/api.w.org\/{rel}","templated":true}]}}