{"id":18856,"date":"2022-08-03T05:19:19","date_gmt":"2022-08-03T05:19:19","guid":{"rendered":"http:\/\/demo.torcstark.com\/?page_id=18856"},"modified":"2022-08-12T05:55:51","modified_gmt":"2022-08-12T05:55:51","slug":"3dcs-series-three-dimensional-lifting-system","status":"publish","type":"page","link":"https:\/\/marx-power.com\/es\/3dcs-series-tridimensional-sistema-de-elevacion\/","title":{"rendered":"Sistema de elevaci\u00f3n tridimensional de la serie 3DCS"},"content":{"rendered":"<div class=\"vc_row wpb_row vc_row-fluid vc_column-gap-24 vc_row-o-content-middle vc_row-flex vc-row-795433\" >\n\t<div class=\"container et-clearfix\">\n\t\t<div class=\"wpb_column vc_column_container vc_col-sm-6 text-align-none\" >\n\t<div class=\"vc_column-inner\" >\n\t\t<div class=\"wpb_wrapper\">\n\t\t\t<div id=\"et-image-683366\" class=\"et-image alignnone curtain-left\" data-curtain=\"false\" data-animation-delay=\"0\" data-parallax=\"false\" data-move=\"false\" data-coordinatex=\"0\" data-coordinatey=\"0\" data-speed=\"10\"><img decoding=\"async\" width=\"t\" height=\"t\" src=\"https:\/\/marx-power.com\/wp-content\/uploads\/2022\/01\/3DCS-series-three-dimensional-lifting-system.jpg\" alt=\"Marx Power\u00ae\"><\/div>\t\t<\/div>\n\t\t\t<\/div>\n<\/div><div class=\"wpb_column vc_column_container vc_col-sm-6 text-align-none\" >\n\t<div class=\"vc_column-inner\" >\n\t\t<div class=\"wpb_wrapper\">\n\t\t\t\n<div class=\"wpb_text_column wpb_content_element\"  data-animation-delay=\"0\">\n\t<div class=\"wpb_wrapper\">\n\t\t<p>Este sistema se utiliza principalmente para desplazamiento vertical (Y) de corta distancia y baja altura, desplazamiento horizontal (X)<br \/>\ny desplazamiento longitudinal (Z) en los campos de soldadura de casco, puente ferroviario, puente de carretera o viga similar<br \/>\ntipo carga pesada. Los pares de fricci\u00f3n deslizante est\u00e1n hechos de base de cilindro, placa deslizante de acero inoxidable de cilindro vertical<br \/>\nbase y placa de PTFE en la parte inferior de la base del cilindro vertical, bajo coeficiente de fricci\u00f3n y movimiento estable.<\/p>\n<p>\u2022Gran capacidad de carga, capaz de trabajar con cargas pesadas de 100 a 6000 toneladas.<br \/>\n\u2022Alta precisi\u00f3n de hasta 0,5 mm, elevaci\u00f3n y descenso sincr\u00f3nicos bajo control.<br \/>\n\u2022Control flexible seg\u00fan las condiciones de trabajo, la capacidad y el n\u00famero de cilindros, la precisi\u00f3n, etc.<br \/>\n\u2022Cada punto de control es independiente, pudiendo controlar uno o varios de ellos por separado.<br \/>\n\u2022Dise\u00f1o de m\u00f3dulos, capaz de controlar 4, 8, 12 y 16 puntos, hasta 99 puntos para control en l\u00ednea.<br \/>\n\u2022Con funci\u00f3n de almacenamiento y grabaci\u00f3n de datos, f\u00e1cil de generar un informe.<br \/>\n\u2022Interfaz humana simple, f\u00e1cil operaci\u00f3n, alto nivel de automatizaci\u00f3n.<\/p>\n\t<\/div>\n<\/div>\n\n\t\t<\/div>\n\t\t\t<\/div>\n<\/div>\t<\/div>\n\t\t<\/div><div class=\"vc_row wpb_row vc_row-fluid vc_column-gap-24\" >\n\t<div class=\"container et-clearfix\">\n\t\t<div class=\"wpb_column vc_column_container vc_col-sm-12 text-align-none\" >\n\t<div class=\"vc_column-inner\" >\n\t\t<div class=\"wpb_wrapper\">\n\t\t\t<h3 class=\"et-heading text-align-left tablet-text-align-inherit mobile-text-align-inherit animate-false no-animation-type\" id=\"et-heading-872537\" data-delay=\"0\" data-mobile-font=\"inherit\" data-mobile-line-height=\"inherit\" data-tablet-landscape-font=\"inherit\" data-tablet-portrait-font=\"inherit\" data-tablet-landscape-line-height=\"inherit\" data-tablet-portrait-line-height=\"inherit\" data-parallax=\"false\" data-move=\"false\" data-coordinatex=\"0\" data-coordinatey=\"0\" data-speed=\"10\"><span class=\"text-wrapper\"><span class=\"text\">Dibujo dimensional<br \/>\n<\/span><\/span><\/h3><div class=\"vc_row wpb_row vc_inner vc_row-fluid vc_column-gap-24\"><div class=\"wpb_column vc_column_container vc_col-sm-6\"><div class=\"vc_column-inner\"><div class=\"wpb_wrapper\"><div id=\"et-image-75167\" class=\"et-image aligncenter curtain-left\" data-curtain=\"false\" data-animation-delay=\"0\" data-parallax=\"false\" data-move=\"false\" data-coordinatex=\"0\" data-coordinatey=\"0\" data-speed=\"10\"><img decoding=\"async\" width=\"t\" height=\"t\" src=\"https:\/\/marx-power.com\/wp-content\/uploads\/2022\/01\/3DCS-series-three-dimensional-lifting-system-2.jpg\" alt=\"Marx Power\u00ae\"><\/div><\/div><\/div><\/div><div class=\"wpb_column vc_column_container vc_col-sm-6\"><div class=\"vc_column-inner\"><div class=\"wpb_wrapper\"><div id=\"et-image-803904\" class=\"et-image aligncenter curtain-left\" data-curtain=\"false\" data-animation-delay=\"0\" data-parallax=\"false\" data-move=\"false\" data-coordinatex=\"0\" data-coordinatey=\"0\" data-speed=\"10\"><img decoding=\"async\" width=\"t\" height=\"t\" src=\"https:\/\/marx-power.com\/wp-content\/uploads\/2022\/01\/3DCS-series-three-dimensional-lifting-system-application.jpg\" alt=\"Marx Power\u00ae\"><\/div><\/div><\/div><\/div><\/div><h3 class=\"et-heading text-align-left tablet-text-align-inherit mobile-text-align-inherit animate-false no-animation-type\" id=\"et-heading-599475\" data-delay=\"0\" data-mobile-font=\"inherit\" data-mobile-line-height=\"inherit\" data-tablet-landscape-font=\"inherit\" data-tablet-portrait-font=\"inherit\" data-tablet-landscape-line-height=\"inherit\" data-tablet-portrait-line-height=\"inherit\" data-parallax=\"false\" data-move=\"false\" data-coordinatex=\"0\" data-coordinatey=\"0\" data-speed=\"10\"><span class=\"text-wrapper\"><span class=\"text\">Tabla de especificaciones<\/span><\/span><\/h3>\n<div class=\"wpb_text_column wpb_content_element\"  data-animation-delay=\"0\">\n\t<div class=\"wpb_wrapper\">\n\t\t<table class=\"table\">\n<tbody>\n<tr>\n<td>Modelo<\/td>\n<td>Direcci\u00f3n<\/td>\n<td>Capacidad (T)<\/td>\n<td>Presi\u00f3n nominal (MPa)<\/td>\n<td>Carrera (mm)<\/td>\n<td>\u00c1rea efectiva (cm2)<\/td>\n<td>Capacidad de aceite (cm3)<\/td>\n<td>Peso (KG)<\/td>\n<\/tr>\n<tr>\n<td rowspan=\"3\">3DCS100<\/td>\n<td>Y<\/td>\n<td>100<\/td>\n<td rowspan=\"3\">70<\/td>\n<td>200<\/td>\n<td>132.7<\/td>\n<td>2655<\/td>\n<td rowspan=\"3\">312<\/td>\n<\/tr>\n<tr>\n<td>X<\/td>\n<td>30<\/td>\n<td>100<\/td>\n<td>42.1<\/td>\n<td>400<\/td>\n<\/tr>\n<tr>\n<td>Z<\/td>\n<td>30<\/td>\n<td>100<\/td>\n<td>42.1<\/td>\n<td>400<\/td>\n<\/tr>\n<tr>\n<td rowspan=\"3\">3DCS200<\/td>\n<td>Y<\/td>\n<td>200<\/td>\n<td rowspan=\"3\">70<\/td>\n<td>200<\/td>\n<td>256.9<\/td>\n<td>5318<\/td>\n<td rowspan=\"3\">519<\/td>\n<\/tr>\n<tr>\n<td>X<\/td>\n<td>50<\/td>\n<td>100<\/td>\n<td>77<\/td>\n<td>770<\/td>\n<\/tr>\n<tr>\n<td>Z<\/td>\n<td>50<\/td>\n<td>100<\/td>\n<td>77<\/td>\n<td>770<\/td>\n<\/tr>\n<tr>\n<td rowspan=\"3\">3DCS300<\/td>\n<td>Y<\/td>\n<td>300<\/td>\n<td rowspan=\"3\">70<\/td>\n<td>200<\/td>\n<td>456.2<\/td>\n<td>9124<\/td>\n<td rowspan=\"3\">738<\/td>\n<\/tr>\n<tr>\n<td>X<\/td>\n<td>75<\/td>\n<td>100<\/td>\n<td>102.6<\/td>\n<td>1067<\/td>\n<\/tr>\n<tr>\n<td>Z<\/td>\n<td>75<\/td>\n<td>100<\/td>\n<td>102.6<\/td>\n<td>1067<\/td>\n<\/tr>\n<tr>\n<td rowspan=\"3\">3DCS500<\/td>\n<td>Y<\/td>\n<td>500<\/td>\n<td rowspan=\"3\">70<\/td>\n<td>200<\/td>\n<td>730.6<\/td>\n<td>14612<\/td>\n<td rowspan=\"3\">1904<\/td>\n<\/tr>\n<tr>\n<td>X<\/td>\n<td>150<\/td>\n<td>100<\/td>\n<td>198.6<\/td>\n<td>1986<\/td>\n<\/tr>\n<tr>\n<td>Z<\/td>\n<td>150<\/td>\n<td>100<\/td>\n<td>198.6<\/td>\n<td>1986<\/td>\n<\/tr>\n<tr>\n<td rowspan=\"3\">3DCS800<\/td>\n<td>Y<\/td>\n<td>800<\/td>\n<td rowspan=\"3\">70<\/td>\n<td>200<\/td>\n<td>1176.3<\/td>\n<td>23524<\/td>\n<td rowspan=\"3\">3858<\/td>\n<\/tr>\n<tr>\n<td>X<\/td>\n<td>200<\/td>\n<td>100<\/td>\n<td>256.9<\/td>\n<td>2660<\/td>\n<\/tr>\n<tr>\n<td>Z<\/td>\n<td>200<\/td>\n<td>100<\/td>\n<td>256.9<\/td>\n<td>2660<\/td>\n<\/tr>\n<tr>\n<td rowspan=\"3\">3DCS1000<\/td>\n<td>Y<\/td>\n<td>1000<\/td>\n<td rowspan=\"3\">70<\/td>\n<td>200<\/td>\n<td>1465.7<\/td>\n<td>29316<\/td>\n<td rowspan=\"3\">5366<\/td>\n<\/tr>\n<tr>\n<td>X<\/td>\n<td>300<\/td>\n<td>100<\/td>\n<td>456.2<\/td>\n<td>4562<\/td>\n<\/tr>\n<tr>\n<td>Z<\/td>\n<td>300<\/td>\n<td>100<\/td>\n<td>456.2<\/td>\n<td>4562<\/td>\n<\/tr>\n<\/tbody>\n<\/table>\n\t<\/div>\n<\/div>\n\n\t\t<\/div>\n\t\t\t<\/div>\n<\/div>\t<\/div>\n\t\t<\/div><div class=\"vc_row wpb_row vc_row-fluid vc_column-gap-24\" >\n\t<div class=\"container et-clearfix\">\n\t\t<div class=\"wpb_column vc_column_container vc_col-sm-12 text-align-none\" >\n\t<div class=\"vc_column-inner\" >\n\t\t<div class=\"wpb_wrapper\">\n\t\t\t<h3 class=\"et-heading text-align-left tablet-text-align-inherit mobile-text-align-inherit animate-false no-animation-type\" id=\"et-heading-784421\" data-delay=\"0\" data-mobile-font=\"inherit\" data-mobile-line-height=\"inherit\" data-tablet-landscape-font=\"inherit\" data-tablet-portrait-font=\"inherit\" data-tablet-landscape-line-height=\"inherit\" data-tablet-portrait-line-height=\"inherit\" data-parallax=\"false\" data-move=\"false\" data-coordinatex=\"0\" data-coordinatey=\"0\" data-speed=\"10\"><span class=\"text-wrapper\"><span class=\"text\">Ponerse en contacto<\/span><\/span><\/h3>\n<div class=\"wpb_text_column wpb_content_element\"  data-animation-delay=\"0\">\n\t<div class=\"wpb_wrapper\">\n\t\t<p>Para todas las consultas de servicio, complete el formulario y nos pondremos en contacto con usted lo antes posible.<\/p>\n\t<\/div>\n<\/div>\n\n<div class=\"vc_row wpb_row vc_inner vc_row-fluid vc_column-gap-48 vc-row-670903\"><div class=\"wpb_column vc_column_container vc_col-sm-6\"><div class=\"vc_column-inner\"><div class=\"wpb_wrapper\"><div class=\"wpcf7 no-js\" id=\"wpcf7-f10615-o1\" lang=\"en-US\" dir=\"ltr\" data-wpcf7-id=\"10615\"><div class=\"screen-reader-response\"><p role=\"status\" aria-live=\"polite\" aria-atomic=\"true\"><\/p><ul><\/ul><\/div><form action=\"\/es\/wp-json\/wp\/v2\/pages\/18856#wpcf7-f10615-o1\" method=\"post\" class=\"wpcf7-form init\" aria-label=\"Formulario de contacto\" novalidate=\"novalidate\" data-status=\"init\" data-trp-original-action=\"\/es\/wp-json\/wp\/v2\/pages\/18856#wpcf7-f10615-o1\"><fieldset class=\"hidden-fields-container\"><input type=\"hidden\" name=\"_wpcf7\" value=\"10615\" \/><input type=\"hidden\" name=\"_wpcf7_version\" value=\"6.1.5\" \/><input type=\"hidden\" name=\"_wpcf7_locale\" value=\"en_US\" \/><input type=\"hidden\" name=\"_wpcf7_unit_tag\" value=\"wpcf7-f10615-o1\" \/><input type=\"hidden\" name=\"_wpcf7_container_post\" value=\"0\" \/><input type=\"hidden\" name=\"_wpcf7_posted_data_hash\" value=\"\" \/><\/fieldset><!-- \u7b2c\u4e00\u884c\uff1aFull Name + Email --><div style=\"display:flex; gap:4%; flex-direction: row; margin-bottom: -20px;\"><p><label> Full Name <span class=\"required-star\">*<\/span><br \/><span class=\"wpcf7-form-control-wrap\" data-name=\"full-name\"><input size=\"40\" maxlength=\"400\" class=\"wpcf7-form-control wpcf7-text wpcf7-validates-as-required\" aria-required=\"true\" aria-invalid=\"false\" placeholder=\"Robert Evans\" value=\"\" type=\"text\" name=\"full-name\" \/><\/span><\/label><\/p><p><label> Email Address <span class=\"required-star\">*<\/span><br \/><span class=\"wpcf7-form-control-wrap\" data-name=\"email\"><input size=\"40\" maxlength=\"400\" class=\"wpcf7-form-control wpcf7-email wpcf7-validates-as-required wpcf7-text wpcf7-validates-as-email\" aria-required=\"true\" aria-invalid=\"false\" placeholder=\"robert@example.com\" value=\"\" type=\"email\" name=\"email\" \/><\/span><\/label><\/p><\/div><div style=\"display:flex; gap:4%; flex-direction: row; margin-bottom: -20px;\"><p><label> Phone Number<br \/><span class=\"wpcf7-form-control-wrap\" data-name=\"phone\"><input size=\"40\" maxlength=\"400\" class=\"wpcf7-form-control wpcf7-tel wpcf7-text wpcf7-validates-as-tel\" aria-invalid=\"false\" placeholder=\"+1 (123) 456-7890\" value=\"\" type=\"tel\" name=\"phone\" \/><\/span><\/label><\/p><p><label> Pa\u00eds<br \/><span class=\"wpcf7-form-control-wrap\" data-name=\"country\"><input size=\"40\" maxlength=\"400\" class=\"wpcf7-form-control wpcf7-text\" aria-invalid=\"false\" placeholder=\"ABC inc.\" value=\"\" type=\"text\" name=\"country\" \/><\/span><\/label><\/p><\/div><!-- \u7b2c\u4e09\u884c\uff1aCompany Name --><p><label> Company Name<br \/><span class=\"wpcf7-form-control-wrap\" data-name=\"company\"><input size=\"40\" maxlength=\"400\" class=\"wpcf7-form-control wpcf7-text\" aria-invalid=\"false\" placeholder=\"Acme Inc\" value=\"\" type=\"text\" name=\"company\" \/><\/span><\/label><\/p><!-- \u7b2c\u56db\u884c\uff1aMessage --><p><label> Message <span class=\"required-star\">*<\/span><br \/><span class=\"wpcf7-form-control-wrap\" data-name=\"message\"><textarea cols=\"40\" rows=\"10\" maxlength=\"2000\" class=\"wpcf7-form-control wpcf7-textarea wpcf7-validates-as-required\" aria-required=\"true\" aria-invalid=\"false\" placeholder=\"Tell us about your inquiry...\" name=\"message\"><\/textarea><\/span><\/label><\/p><!-- \u7b2c\u4e94\u884c\uff1aPreferred Contact Method --><p>Preferred Contact Method<br \/><span class=\"wpcf7-form-control-wrap\" data-name=\"contact-method\"><span class=\"wpcf7-form-control wpcf7-radio\"><span class=\"wpcf7-list-item first\"><input type=\"radio\" name=\"contact-method\" value=\"email\" checked=\"checked\" \/><span class=\"wpcf7-list-item-label\">email<\/span><\/span><span class=\"wpcf7-list-item last\"><input type=\"radio\" name=\"contact-method\" value=\"phone\" \/><span class=\"wpcf7-list-item-label\">phone<\/span><\/span><\/span><\/span><\/p><!-- \u7b2c\u516d\u884c\uff1aSubmit --><p><input class=\"wpcf7-form-control wpcf7-submit has-spinner\" type=\"submit\" value=\"Send Message\" \/><\/p><div class=\"wpcf7-response-output\" aria-hidden=\"true\"><\/div><input type=\"hidden\" name=\"trp-form-language\" value=\"es\"\/><\/form><\/div><\/div><\/div><\/div><div class=\"wpb_column vc_column_container vc_col-sm-6\"><div class=\"vc_column-inner\"><div class=\"wpb_wrapper\"><div class=\"wpb_text_column wpb_content_element\"  data-animation-delay=\"0\"><div class=\"wpb_wrapper\"><ul><li>Todos los productos est\u00e1n dise\u00f1ados para superar los est\u00e1ndares de datos globales para equipos hidr\u00e1ulicos de alta presi\u00f3n.<\/li><li>Cada producto se someter\u00e1 a rigurosas pruebas f\u00edsicas antes del env\u00edo para garantizar la calidad del producto.<\/li><li>Todos los productos han pasado la inspecci\u00f3n de calidad de ISO9001 y EU CE y otras instituciones.<\/li><li>Proporcione herramientas seguras y confiables y un servicio posventa l\u00edder en la industria, todos los productos vienen con un servicio de garant\u00eda integral de 12 meses.<\/li><li>El stock es suficiente y se puede entregar r\u00e1pidamente despu\u00e9s de que el usuario realiza un pedido.<\/li><li>Se utiliza un inventario suficiente de piezas de repuesto para un mantenimiento r\u00e1pido y una operaci\u00f3n del producto a largo plazo.<\/li><\/ul><\/div><\/div><\/div><\/div><\/div><\/div>\t\t<\/div>\n\t\t\t<\/div>\n<\/div>\t<\/div>\n\t\t<\/div><div class=\"vc_row wpb_row vc_row-fluid vc_column-gap-24\" >\n\t<div class=\"container et-clearfix\">\n\t\t<div class=\"wpb_column vc_column_container vc_col-sm-12 text-align-none\" >\n\t<div class=\"vc_column-inner\" >\n\t\t<div class=\"wpb_wrapper\">\n\t\t\t<span class=\"et-gap et-clearfix et-gap-78325\"><\/span>\t\t<\/div>\n\t\t\t<\/div>\n<\/div>\t<\/div>\n\t\t<\/div>","protected":false},"excerpt":{"rendered":"This system is mainly used for low height short distance vertical displacement (Y), horizontal displacement (X) and longitudinal displacement (Z) in the fields of hull welding, railway bridge, highway bridge or similar beam type heavy load. The sliding friction pairs are made of cylinder base, stainless slide plate of vertical cylinder base and PTFE plate [...]","protected":false},"author":1,"featured_media":0,"parent":0,"menu_order":0,"comment_status":"closed","ping_status":"closed","template":"page-vc.php","meta":{"footnotes":""},"class_list":["post-18856","page","type-page","status-publish","hentry"],"_links":{"self":[{"href":"https:\/\/marx-power.com\/es\/wp-json\/wp\/v2\/pages\/18856","targetHints":{"allow":["GET"]}}],"collection":[{"href":"https:\/\/marx-power.com\/es\/wp-json\/wp\/v2\/pages"}],"about":[{"href":"https:\/\/marx-power.com\/es\/wp-json\/wp\/v2\/types\/page"}],"author":[{"embeddable":true,"href":"https:\/\/marx-power.com\/es\/wp-json\/wp\/v2\/users\/1"}],"replies":[{"embeddable":true,"href":"https:\/\/marx-power.com\/es\/wp-json\/wp\/v2\/comments?post=18856"}],"version-history":[{"count":0,"href":"https:\/\/marx-power.com\/es\/wp-json\/wp\/v2\/pages\/18856\/revisions"}],"wp:attachment":[{"href":"https:\/\/marx-power.com\/es\/wp-json\/wp\/v2\/media?parent=18856"}],"curies":[{"name":"wp","href":"https:\/\/api.w.org\/{rel}","templated":true}]}}