{"id":18861,"date":"2022-08-03T05:51:17","date_gmt":"2022-08-03T05:51:17","guid":{"rendered":"http:\/\/demo.torcstark.com\/?page_id=18861"},"modified":"2022-08-03T05:51:17","modified_gmt":"2022-08-03T05:51:17","slug":"intelligent-lifting-hydraulic-system","status":"publish","type":"page","link":"https:\/\/marx-power.com\/es\/sistema-hidraulico-de-elevacion-inteligente\/","title":{"rendered":"Sistema hidr\u00e1ulico de elevaci\u00f3n inteligente"},"content":{"rendered":"<div class=\"vc_row wpb_row vc_row-fluid vc_column-gap-24\" >\n\t<div class=\"container et-clearfix\">\n\t\t<div class=\"wpb_column vc_column_container vc_col-sm-6 text-align-none\" >\n\t<div class=\"vc_column-inner\" >\n\t\t<div class=\"wpb_wrapper\">\n\t\t\t<div id=\"et-image-251236\" class=\"et-image alignnone curtain-left\" data-curtain=\"false\" data-animation-delay=\"0\" data-parallax=\"false\" data-move=\"false\" data-coordinatex=\"0\" data-coordinatey=\"0\" data-speed=\"10\"><img decoding=\"async\" width=\"t\" height=\"t\" src=\"https:\/\/marx-power.com\/wp-content\/uploads\/2022\/02\/Intelligent-lifting-hydraulic-system-1.jpg\" alt=\"Marx Power\u00ae\"><\/div>\t\t<\/div>\n\t\t\t<\/div>\n<\/div><div class=\"wpb_column vc_column_container vc_col-sm-6 text-align-none\" >\n\t<div class=\"vc_column-inner\" >\n\t\t<div class=\"wpb_wrapper\">\n\t\t\t\n<div class=\"wpb_text_column wpb_content_element\"  data-animation-delay=\"0\">\n\t<div class=\"wpb_wrapper\">\n\t\t<p>\ufe61 El sistema hidr\u00e1ulico de elevaci\u00f3n inteligente es una elevaci\u00f3n y descenso general controlado por computadora. La tecnolog\u00eda adopta un cojinete de cable de acero flexible, grupo de gatos hidr\u00e1ulicos de cable de acero de elevaci\u00f3n, control por computadora, principio de elevaci\u00f3n s\u00edncrona hidr\u00e1ulica, combinado con tecnolog\u00eda de construcci\u00f3n moderna, para lograr un gran tonelaje, una gran envergadura y una gran \u00e1rea de componentes s\u00faper grandes a gran altura.<br \/>\nLa sincronizaci\u00f3n general sube y baja.<br \/>\n\ufe61 Al ampliar la combinaci\u00f3n de equipos de elevaci\u00f3n, el peso, la extensi\u00f3n y el \u00e1rea de elevaci\u00f3n no est\u00e1n limitados;<br \/>\n\ufe61 El hilo de acero flexible se usa para soportar carga, siempre que haya puntos de elevaci\u00f3n de carga razonables, la altura de elevaci\u00f3n no est\u00e1 limitada;<br \/>\n\ufe61 El ancla del elevador tiene autobloqueo de movimiento inverso, lo que hace que el proceso de elevaci\u00f3n sea muy seguro, y los componentes se pueden bloquear de manera confiable durante mucho tiempo en cualquier posici\u00f3n durante el proceso de elevaci\u00f3n;<br \/>\n\ufe61 El equipo es de tama\u00f1o peque\u00f1o, peso ligero y gran capacidad de carga, especialmente adecuado para levantar componentes de gran tonelaje en espacios peque\u00f1os o en interiores;<\/p>\n\t<\/div>\n<\/div>\n\n\t\t<\/div>\n\t\t\t<\/div>\n<\/div>\t<\/div>\n\t\t<\/div><div class=\"vc_row wpb_row vc_row-fluid vc_column-gap-24\" >\n\t<div class=\"container et-clearfix\">\n\t\t<div class=\"wpb_column vc_column_container vc_col-sm-12 text-align-none\" >\n\t<div class=\"vc_column-inner\" >\n\t\t<div class=\"wpb_wrapper\">\n\t\t\t\n<div class=\"wpb_text_column wpb_content_element\"  data-animation-delay=\"0\">\n\t<div class=\"wpb_wrapper\">\n\t\t<p><strong>Principio de funcionamiento<\/strong><\/p>\n<p>\ufe61La tecnolog\u00eda de elevaci\u00f3n del gato de elevaci\u00f3n se deriva del principio de la tensi\u00f3n de la columna de hormig\u00f3n. Piense en los gatos de elevaci\u00f3n como un conjunto de cabrestantes lineales. En el gato elevador, un haz de cables o hilos pasa a trav\u00e9s de un cilindro hidr\u00e1ulico, arriba y debajo del cilindro hay un sistema de anclaje que usa cu\u00f1as para sujetar los hilos. Cuando el clip est\u00e1 anclado, se realiza el levantamiento o retracci\u00f3n del cilindro para subir o bajar.<br \/>\n\ufe61El cilindro es accionado por un grupo hidr\u00e1ulico (el\u00e9ctrico o di\u00e9sel). El programa de software del sistema de elevaci\u00f3n sincroniza los movimientos de los gatos de elevaci\u00f3n y ajusta los ajustes al movimiento de la carga.<br \/>\n\ufe61Hay dos tipos de cables de acero para el gato de elevaci\u00f3n: cable de acero est\u00e1ndar de 15,2 mm y cable de acero denso de 17,8 mm. La carga din\u00e1mica del cable de acero de 15,2 mm puede alcanzar los 110 kN, la carga din\u00e1mica del cable de acero de 17,8 mm puede alcanzar los 155 kN cuando est\u00e1 en funcionamiento. La cantidad y el tipo de cable utilizado por el gato determinan la carga con la que puede trabajar de forma segura. Para aplicaciones de elevaci\u00f3n, el factor de seguridad (relaci\u00f3n entre la carga de rotura y la carga de trabajo) para los gatos de elevaci\u00f3n es 2,5.<\/p>\n\t<\/div>\n<\/div>\n\n\t\t<\/div>\n\t\t\t<\/div>\n<\/div>\t<\/div>\n\t\t<\/div><div class=\"vc_row wpb_row vc_row-fluid vc_column-gap-24\" >\n\t<div class=\"container et-clearfix\">\n\t\t<div class=\"wpb_column vc_column_container vc_col-sm-12 text-align-none\" >\n\t<div class=\"vc_column-inner\" >\n\t\t<div class=\"wpb_wrapper\">\n\t\t\t<h3 class=\"et-heading text-align-left tablet-text-align-inherit mobile-text-align-inherit animate-false no-animation-type\" id=\"et-heading-319490\" data-delay=\"0\" data-mobile-font=\"inherit\" data-mobile-line-height=\"inherit\" data-tablet-landscape-font=\"inherit\" data-tablet-portrait-font=\"inherit\" data-tablet-landscape-line-height=\"inherit\" data-tablet-portrait-line-height=\"inherit\" data-parallax=\"false\" data-move=\"false\" data-coordinatex=\"0\" data-coordinatey=\"0\" data-speed=\"10\"><span class=\"text-wrapper\"><span class=\"text\">Tabla de especificaciones<\/span><\/span><\/h3>\n<div class=\"wpb_text_column wpb_content_element\"  data-animation-delay=\"0\">\n\t<div class=\"wpb_wrapper\">\n\t\t<table class=\"table\">\n<tbody>\n<tr>\n<td width=\"127\" height=\"19\">Di\u00e1metro del hilo de acero (mm)<\/td>\n<td width=\"103\">Fuerza de elevaci\u00f3n (KN)<\/td>\n<td width=\"208\">Modelo<\/td>\n<td width=\"89\">N\u00famero de hilos de acero<\/td>\n<td width=\"72\">Carrera (mm)<\/td>\n<td width=\"106\">Di\u00e1metro del orificio de perforaci\u00f3n (mm)<\/td>\n<td width=\"72\">Peso (Kg)<\/td>\n<td width=\"103\">Dimensiones (mm)<\/td>\n<\/tr>\n<tr>\n<td class=\"et2\" rowspan=\"3\" height=\"57\">15.2<\/td>\n<td align=\"right\">1000<\/td>\n<td>JK-TSD-100C<\/td>\n<td align=\"right\">10<\/td>\n<td align=\"right\">300<\/td>\n<td>\u03c6160<\/td>\n<td align=\"right\">927<\/td>\n<td>\u03c6435\u00d72280<\/td>\n<\/tr>\n<tr>\n<td align=\"right\">2040<\/td>\n<td>JK-TSD-2000F<\/td>\n<td align=\"right\">19<\/td>\n<td align=\"right\">300<\/td>\n<td>\u03c6176<\/td>\n<td align=\"right\">1300<\/td>\n<td>480\u00d7480\u00d72460<\/td>\n<\/tr>\n<tr>\n<td align=\"right\">3500<\/td>\n<td>JK-TSD-3500A<\/td>\n<td align=\"right\">31<\/td>\n<td align=\"right\">300<\/td>\n<td>\u03c6225<\/td>\n<td align=\"right\">2000<\/td>\n<td>\u03c6620\u00d72580<\/td>\n<\/tr>\n<tr>\n<td rowspan=\"10\" align=\"right\" height=\"190\">17.8<\/td>\n<td align=\"right\">618<\/td>\n<td>JK-TSD-600B<\/td>\n<td align=\"right\">4<\/td>\n<td align=\"right\">500<\/td>\n<td>\u03c6110<\/td>\n<td align=\"right\">720<\/td>\n<td>415\u00d7480\u00d72670<\/td>\n<\/tr>\n<tr>\n<td align=\"right\">750<\/td>\n<td>JK-TSD-750<\/td>\n<td align=\"right\">5<\/td>\n<td align=\"right\">500<\/td>\n<td>\u03c6125<\/td>\n<td align=\"right\">925<\/td>\n<td>520\u00d7450\u00d72780<\/td>\n<\/tr>\n<tr>\n<td align=\"right\">1700<\/td>\n<td>JK-TSD-1700<\/td>\n<td align=\"right\">12<\/td>\n<td align=\"right\">500<\/td>\n<td>\u03c6195<\/td>\n<td align=\"right\">1800<\/td>\n<td>625\u00d7625\u00d72220<\/td>\n<\/tr>\n<tr>\n<td align=\"right\">2000<\/td>\n<td>JK-TSD-2000H<\/td>\n<td align=\"right\">16<\/td>\n<td align=\"right\">500<\/td>\n<td>\u03c6240<\/td>\n<td align=\"right\">2250<\/td>\n<td>740\u00d7700\u00d72980<\/td>\n<\/tr>\n<tr>\n<td align=\"right\">2300<\/td>\n<td>JK-TSD-2300<\/td>\n<td align=\"right\">16<\/td>\n<td align=\"right\">500<\/td>\n<td>\u03c6240<\/td>\n<td align=\"right\">2180<\/td>\n<td>\u03c6590\u00d72800<\/td>\n<\/tr>\n<tr>\n<td align=\"right\">2500<\/td>\n<td>JK-TSD-2500<\/td>\n<td align=\"right\">18<\/td>\n<td align=\"right\">500<\/td>\n<td>\u03c6240<\/td>\n<td align=\"right\">2460<\/td>\n<td>765\u00d7710\u00d73000<\/td>\n<\/tr>\n<tr>\n<td align=\"right\">3500<\/td>\n<td>JK-TSD-3500C<\/td>\n<td align=\"right\">23<\/td>\n<td align=\"right\">500<\/td>\n<td>\u03c6290<\/td>\n<td align=\"right\">3600<\/td>\n<td>\u03c6620\u00d72580<\/td>\n<\/tr>\n<tr>\n<td align=\"right\">4500<\/td>\n<td>JK-TSD-4500A<\/td>\n<td align=\"right\">31<\/td>\n<td align=\"right\">400<\/td>\n<td>\u03c6300<\/td>\n<td align=\"right\">3980<\/td>\n<td>\u03c6820\u00d72860<\/td>\n<\/tr>\n<tr>\n<td align=\"right\">6120<\/td>\n<td>JK-TSD-6000A<\/td>\n<td align=\"right\">42<\/td>\n<td align=\"right\">400<\/td>\n<td>\u03c6405<\/td>\n<td align=\"right\">6830<\/td>\n<td>\u03c6920\u00d73300<\/td>\n<\/tr>\n<tr>\n<td align=\"right\">9110<\/td>\n<td>JK-TSD-9000<\/td>\n<td align=\"right\">66<\/td>\n<td align=\"right\">500<\/td>\n<td>\u03c6480<\/td>\n<td align=\"right\">15000<\/td>\n<td>1370\u00d71560\u00d73810<\/td>\n<\/tr>\n<\/tbody>\n<\/table>\n\t<\/div>\n<\/div>\n\n<h3 class=\"et-heading text-align-left tablet-text-align-inherit mobile-text-align-inherit animate-false no-animation-type\" id=\"et-heading-190455\" data-delay=\"0\" data-mobile-font=\"inherit\" data-mobile-line-height=\"inherit\" data-tablet-landscape-font=\"inherit\" data-tablet-portrait-font=\"inherit\" data-tablet-landscape-line-height=\"inherit\" data-tablet-portrait-line-height=\"inherit\" data-parallax=\"false\" data-move=\"false\" data-coordinatex=\"0\" data-coordinatey=\"0\" data-speed=\"10\"><span class=\"text-wrapper\"><span class=\"text\">Caso<\/span><\/span><\/h3><div class=\"vc_row wpb_row vc_inner vc_row-fluid vc_column-gap-24\"><div class=\"wpb_column vc_column_container vc_col-sm-6\"><div class=\"vc_column-inner\"><div class=\"wpb_wrapper\"><div id=\"et-image-19169\" class=\"et-image aligncenter curtain-left\" data-curtain=\"false\" data-animation-delay=\"0\" data-parallax=\"false\" data-move=\"false\" data-coordinatex=\"0\" data-coordinatey=\"0\" data-speed=\"10\"><img decoding=\"async\" width=\"t\" height=\"t\" src=\"https:\/\/marx-power.com\/wp-content\/uploads\/2022\/02\/Intelligent-lifting-hydraulic-system-3.jpg\" alt=\"Marx Power\u00ae\"><\/div><\/div><\/div><\/div><div class=\"wpb_column vc_column_container vc_col-sm-6\"><div class=\"vc_column-inner\"><div class=\"wpb_wrapper\"><div id=\"et-image-586452\" class=\"et-image aligncenter curtain-left\" data-curtain=\"false\" data-animation-delay=\"0\" data-parallax=\"false\" data-move=\"false\" data-coordinatex=\"0\" data-coordinatey=\"0\" data-speed=\"10\"><img decoding=\"async\" width=\"t\" height=\"t\" src=\"https:\/\/marx-power.com\/wp-content\/uploads\/2022\/02\/Intelligent-lifting-hydraulic-system-2.jpg\" alt=\"Marx Power\u00ae\"><\/div><\/div><\/div><\/div><\/div>\t\t<\/div>\n\t\t\t<\/div>\n<\/div>\t<\/div>\n\t\t<\/div><div class=\"vc_row wpb_row vc_row-fluid vc_column-gap-24\" >\n\t<div class=\"container et-clearfix\">\n\t\t<div class=\"wpb_column vc_column_container vc_col-sm-12 text-align-none\" >\n\t<div class=\"vc_column-inner\" >\n\t\t<div class=\"wpb_wrapper\">\n\t\t\t<h3 class=\"et-heading text-align-left tablet-text-align-inherit mobile-text-align-inherit animate-false no-animation-type\" id=\"et-heading-784421\" data-delay=\"0\" data-mobile-font=\"inherit\" data-mobile-line-height=\"inherit\" data-tablet-landscape-font=\"inherit\" data-tablet-portrait-font=\"inherit\" data-tablet-landscape-line-height=\"inherit\" data-tablet-portrait-line-height=\"inherit\" data-parallax=\"false\" data-move=\"false\" data-coordinatex=\"0\" data-coordinatey=\"0\" data-speed=\"10\"><span class=\"text-wrapper\"><span class=\"text\">Ponerse en contacto<\/span><\/span><\/h3>\n<div class=\"wpb_text_column wpb_content_element\"  data-animation-delay=\"0\">\n\t<div class=\"wpb_wrapper\">\n\t\t<p>Para todas las consultas de servicio, complete el formulario y nos pondremos en contacto con usted lo antes posible.<\/p>\n\t<\/div>\n<\/div>\n\n<div class=\"vc_row wpb_row vc_inner vc_row-fluid vc_column-gap-48 vc-row-670903\"><div class=\"wpb_column vc_column_container vc_col-sm-6\"><div class=\"vc_column-inner\"><div class=\"wpb_wrapper\"><div class=\"wpcf7 no-js\" id=\"wpcf7-f10615-o1\" lang=\"en-US\" dir=\"ltr\" data-wpcf7-id=\"10615\"><div class=\"screen-reader-response\"><p role=\"status\" aria-live=\"polite\" aria-atomic=\"true\"><\/p><ul><\/ul><\/div><form action=\"\/es\/wp-json\/wp\/v2\/pages\/18861#wpcf7-f10615-o1\" method=\"post\" class=\"wpcf7-form init\" aria-label=\"Formulario de contacto\" novalidate=\"novalidate\" data-status=\"init\" data-trp-original-action=\"\/es\/wp-json\/wp\/v2\/pages\/18861#wpcf7-f10615-o1\"><fieldset class=\"hidden-fields-container\"><input type=\"hidden\" name=\"_wpcf7\" value=\"10615\" \/><input type=\"hidden\" name=\"_wpcf7_version\" value=\"6.1.5\" \/><input type=\"hidden\" name=\"_wpcf7_locale\" value=\"en_US\" \/><input type=\"hidden\" name=\"_wpcf7_unit_tag\" value=\"wpcf7-f10615-o1\" \/><input type=\"hidden\" name=\"_wpcf7_container_post\" value=\"0\" \/><input type=\"hidden\" name=\"_wpcf7_posted_data_hash\" value=\"\" \/><\/fieldset><!-- \u7b2c\u4e00\u884c\uff1aFull Name + Email --><div style=\"display:flex; gap:4%; flex-direction: row; margin-bottom: -20px;\"><p><label> Full Name <span class=\"required-star\">*<\/span><br \/><span class=\"wpcf7-form-control-wrap\" data-name=\"full-name\"><input size=\"40\" maxlength=\"400\" class=\"wpcf7-form-control wpcf7-text wpcf7-validates-as-required\" aria-required=\"true\" aria-invalid=\"false\" placeholder=\"Robert Evans\" value=\"\" type=\"text\" name=\"full-name\" \/><\/span><\/label><\/p><p><label> Email Address <span class=\"required-star\">*<\/span><br \/><span class=\"wpcf7-form-control-wrap\" data-name=\"email\"><input size=\"40\" maxlength=\"400\" class=\"wpcf7-form-control wpcf7-email wpcf7-validates-as-required wpcf7-text wpcf7-validates-as-email\" aria-required=\"true\" aria-invalid=\"false\" placeholder=\"robert@example.com\" value=\"\" type=\"email\" name=\"email\" \/><\/span><\/label><\/p><\/div><div style=\"display:flex; gap:4%; flex-direction: row; margin-bottom: -20px;\"><p><label> Phone Number<br \/><span class=\"wpcf7-form-control-wrap\" data-name=\"phone\"><input size=\"40\" maxlength=\"400\" class=\"wpcf7-form-control wpcf7-tel wpcf7-text wpcf7-validates-as-tel\" aria-invalid=\"false\" placeholder=\"+1 (123) 456-7890\" value=\"\" type=\"tel\" name=\"phone\" \/><\/span><\/label><\/p><p><label> Pa\u00eds<br \/><span class=\"wpcf7-form-control-wrap\" data-name=\"country\"><input size=\"40\" maxlength=\"400\" class=\"wpcf7-form-control wpcf7-text\" aria-invalid=\"false\" placeholder=\"ABC inc.\" value=\"\" type=\"text\" name=\"country\" \/><\/span><\/label><\/p><\/div><!-- \u7b2c\u4e09\u884c\uff1aCompany Name --><p><label> Company Name<br \/><span class=\"wpcf7-form-control-wrap\" data-name=\"company\"><input size=\"40\" maxlength=\"400\" class=\"wpcf7-form-control wpcf7-text\" aria-invalid=\"false\" placeholder=\"Acme Inc\" value=\"\" type=\"text\" name=\"company\" \/><\/span><\/label><\/p><!-- \u7b2c\u56db\u884c\uff1aMessage --><p><label> Message <span class=\"required-star\">*<\/span><br \/><span class=\"wpcf7-form-control-wrap\" data-name=\"message\"><textarea cols=\"40\" rows=\"10\" maxlength=\"2000\" class=\"wpcf7-form-control wpcf7-textarea wpcf7-validates-as-required\" aria-required=\"true\" aria-invalid=\"false\" placeholder=\"Tell us about your inquiry...\" name=\"message\"><\/textarea><\/span><\/label><\/p><!-- \u7b2c\u4e94\u884c\uff1aPreferred Contact Method --><p>Preferred Contact Method<br \/><span class=\"wpcf7-form-control-wrap\" data-name=\"contact-method\"><span class=\"wpcf7-form-control wpcf7-radio\"><span class=\"wpcf7-list-item first\"><input type=\"radio\" name=\"contact-method\" value=\"email\" checked=\"checked\" \/><span class=\"wpcf7-list-item-label\">email<\/span><\/span><span class=\"wpcf7-list-item last\"><input type=\"radio\" name=\"contact-method\" value=\"phone\" \/><span class=\"wpcf7-list-item-label\">phone<\/span><\/span><\/span><\/span><\/p><!-- \u7b2c\u516d\u884c\uff1aSubmit --><p><input class=\"wpcf7-form-control wpcf7-submit has-spinner\" type=\"submit\" value=\"Send Message\" \/><\/p><div class=\"wpcf7-response-output\" aria-hidden=\"true\"><\/div><input type=\"hidden\" name=\"trp-form-language\" value=\"es\"\/><\/form><\/div><\/div><\/div><\/div><div class=\"wpb_column vc_column_container vc_col-sm-6\"><div class=\"vc_column-inner\"><div class=\"wpb_wrapper\"><div class=\"wpb_text_column wpb_content_element\"  data-animation-delay=\"0\"><div class=\"wpb_wrapper\"><ul><li>Todos los productos est\u00e1n dise\u00f1ados para superar los est\u00e1ndares de datos globales para equipos hidr\u00e1ulicos de alta presi\u00f3n.<\/li><li>Cada producto se someter\u00e1 a rigurosas pruebas f\u00edsicas antes del env\u00edo para garantizar la calidad del producto.<\/li><li>Todos los productos han pasado la inspecci\u00f3n de calidad de ISO9001 y EU CE y otras instituciones.<\/li><li>Proporcione herramientas seguras y confiables y un servicio posventa l\u00edder en la industria, todos los productos vienen con un servicio de garant\u00eda integral de 12 meses.<\/li><li>El stock es suficiente y se puede entregar r\u00e1pidamente despu\u00e9s de que el usuario realiza un pedido.<\/li><li>Se utiliza un inventario suficiente de piezas de repuesto para un mantenimiento r\u00e1pido y una operaci\u00f3n del producto a largo plazo.<\/li><\/ul><\/div><\/div><\/div><\/div><\/div><\/div>\t\t<\/div>\n\t\t\t<\/div>\n<\/div>\t<\/div>\n\t\t<\/div><div class=\"vc_row wpb_row vc_row-fluid vc_column-gap-24\" >\n\t<div class=\"container et-clearfix\">\n\t\t<div class=\"wpb_column vc_column_container vc_col-sm-12 text-align-none\" >\n\t<div class=\"vc_column-inner\" >\n\t\t<div class=\"wpb_wrapper\">\n\t\t\t<span class=\"et-gap et-clearfix et-gap-78325\"><\/span>\t\t<\/div>\n\t\t\t<\/div>\n<\/div>\t<\/div>\n\t\t<\/div>","protected":false},"excerpt":{"rendered":"\ufe61 The intelligent lifting hydraulic system is computer-controlled overall lifting and lowering. The technology adopts flexible steel strand bearing, lifting steel strand hydraulic jack cluster, Computer control, hydraulic synchronous lifting principle, combined with modern construction technology, to achieve large tonnage, large span and large area of super large components at high altitude The overall synchronization [...]","protected":false},"author":1,"featured_media":0,"parent":0,"menu_order":0,"comment_status":"closed","ping_status":"closed","template":"page-vc.php","meta":{"footnotes":""},"class_list":["post-18861","page","type-page","status-publish","hentry"],"_links":{"self":[{"href":"https:\/\/marx-power.com\/es\/wp-json\/wp\/v2\/pages\/18861","targetHints":{"allow":["GET"]}}],"collection":[{"href":"https:\/\/marx-power.com\/es\/wp-json\/wp\/v2\/pages"}],"about":[{"href":"https:\/\/marx-power.com\/es\/wp-json\/wp\/v2\/types\/page"}],"author":[{"embeddable":true,"href":"https:\/\/marx-power.com\/es\/wp-json\/wp\/v2\/users\/1"}],"replies":[{"embeddable":true,"href":"https:\/\/marx-power.com\/es\/wp-json\/wp\/v2\/comments?post=18861"}],"version-history":[{"count":0,"href":"https:\/\/marx-power.com\/es\/wp-json\/wp\/v2\/pages\/18861\/revisions"}],"wp:attachment":[{"href":"https:\/\/marx-power.com\/es\/wp-json\/wp\/v2\/media?parent=18861"}],"curies":[{"name":"wp","href":"https:\/\/api.w.org\/{rel}","templated":true}]}}