{"id":18897,"date":"2022-08-04T02:37:16","date_gmt":"2022-08-04T02:37:16","guid":{"rendered":"http:\/\/demo.torcstark.com\/?page_id=18897"},"modified":"2024-10-29T06:53:59","modified_gmt":"2024-10-29T06:53:59","slug":"etw-series-electric-torque-wrenches","status":"publish","type":"page","link":"https:\/\/marx-power.com\/es\/llaves-dinamometricas-electricas-serie-etw\/","title":{"rendered":"Llaves dinamom\u00e9tricas el\u00e9ctricas serie ETW"},"content":{"rendered":"<div class=\"vc_row wpb_row vc_row-fluid vc_column-gap-24 vc_row-o-content-middle vc_row-flex vc-row-90652\" >\n\t<div class=\"container et-clearfix\">\n\t\t<div class=\"wpb_column vc_column_container vc_col-sm-6 text-align-none\" >\n\t<div class=\"vc_column-inner\" >\n\t\t<div class=\"wpb_wrapper\">\n\t\t\t<div id=\"et-gallery-244842\" class=\"et-gallery et-item-set carousel-thumbs effect-none navigation-only-arrows\" data-autoplay=\"false\"><ul id=\"carousel-thumbs-244842\" class=\"carousel-thumbs\"><li class=\"et-item et-gallery-item\"><div class=\"et-item-inner\"><div class=\"image-container\"><div class=\"image-preloader\"><\/div><img decoding=\"async\" alt=\"Marx Power\u00ae\" width=\"1000\" height=\"1000\" src=\"https:\/\/marx-power.com\/wp-content\/uploads\/2024\/07\/ETW-Series-Electric-Torque-Wrenches-7-31.jpg\"><\/div><\/div><\/li><\/ul><ul id=\"carousel-navs-244842\" class=\"carousel-navs slick-thumbnail-navigation\"><li class=\"et-item et-gallery-item\"><img decoding=\"async\" alt=\"Marx Power\u00ae\" width=\"150\" height=\"150\" src=\"https:\/\/marx-power.com\/wp-content\/uploads\/2024\/07\/ETW-Series-Electric-Torque-Wrenches-7-31-150x150.jpg\"><\/li><\/ul><\/div>\t\t<\/div>\n\t\t\t<\/div>\n<\/div><div class=\"wpb_column vc_column_container vc_col-sm-6 text-align-none\" >\n\t<div class=\"vc_column-inner\" >\n\t\t<div class=\"wpb_wrapper\">\n\t\t\t\n<div class=\"wpb_text_column wpb_content_element\"  data-animation-delay=\"0\">\n\t<div class=\"wpb_wrapper\">\n\t\t<p>1. Desarrollado por el confiable Metabo de Alemania, sin escobillas, est\u00e1ndar de 220-240V, 110V disponible<br \/>\n2. Dise\u00f1o ligero y compacto, adecuado para una variedad de aplicaciones<br \/>\n3. Sistema de control de par inteligente de un solo chip con pantalla LCD<br \/>\n4. Selecci\u00f3n de dos modos de trabajo: baja velocidad y alta velocidad<br \/>\n5. Caja de engranajes de servicio pesado para una vida operativa m\u00e1s prolongada<br \/>\n6. Manejo f\u00e1cil y seguro, tecnolog\u00eda sin vibraciones y de bajo ruido.<br \/>\n7. La salida de torque es consistentemente repetible<br \/>\n8. Precisi\u00f3n: mejor que \u00b15%<br \/>\n9. Variedad de brazos de reacci\u00f3n personalizados disponibles seg\u00fan los requisitos del cliente<br \/>\n10. 12 meses de garant\u00eda<\/p>\n\t<\/div>\n<\/div>\n\n\t\t<\/div>\n\t\t\t<\/div>\n<\/div>\t<\/div>\n\t\t<\/div><div class=\"vc_row wpb_row vc_row-fluid vc_column-gap-24\" >\n\t<div class=\"container et-clearfix\">\n\t\t<div class=\"wpb_column vc_column_container vc_col-sm-12 text-align-none\" >\n\t<div class=\"vc_column-inner\" >\n\t\t<div class=\"wpb_wrapper\">\n\t\t\t<div class=\"vc_row wpb_row vc_inner vc_row-fluid vc_column-gap-24\"><div class=\"wpb_column vc_column_container vc_col-sm-12\"><div class=\"vc_column-inner\"><div class=\"wpb_wrapper\"><h2 class=\"et-heading text-align-left tablet-text-align-inherit mobile-text-align-inherit animate-false no-animation-type\" id=\"et-heading-43667\" data-delay=\"0\" data-mobile-font=\"inherit\" data-mobile-line-height=\"inherit\" data-tablet-landscape-font=\"inherit\" data-tablet-portrait-font=\"inherit\" data-tablet-landscape-line-height=\"inherit\" data-tablet-portrait-line-height=\"inherit\" data-parallax=\"false\" data-move=\"false\" data-coordinatex=\"0\" data-coordinatey=\"0\" data-speed=\"10\"><span class=\"text-wrapper\"><span class=\"text\">Dibujo dimensional<br \/><\/span><\/span><\/h2><div id=\"et-image-177128\" class=\"et-image aligncenter curtain-left\" data-curtain=\"false\" data-animation-delay=\"0\" data-parallax=\"false\" data-move=\"false\" data-coordinatex=\"0\" data-coordinatey=\"0\" data-speed=\"10\"><img decoding=\"async\" width=\"t\" height=\"t\" src=\"https:\/\/marx-power.com\/wp-content\/uploads\/2022\/06\/ETW-Series-Electric-Torque-Wrenches-11.png\" alt=\"Marx Power\u00ae\"><\/div><\/div><\/div><\/div><\/div><h2 class=\"et-heading text-align-left tablet-text-align-inherit mobile-text-align-inherit animate-false no-animation-type\" id=\"et-heading-50136\" data-delay=\"0\" data-mobile-font=\"inherit\" data-mobile-line-height=\"inherit\" data-tablet-landscape-font=\"inherit\" data-tablet-portrait-font=\"inherit\" data-tablet-landscape-line-height=\"inherit\" data-tablet-portrait-line-height=\"inherit\" data-parallax=\"false\" data-move=\"false\" data-coordinatex=\"0\" data-coordinatey=\"0\" data-speed=\"10\"><span class=\"text-wrapper\"><span class=\"text\">Tabla de especificaciones<br \/>\n<\/span><\/span><\/h2>\n<div class=\"wpb_text_column wpb_content_element\"  data-animation-delay=\"0\">\n\t<div class=\"wpb_wrapper\">\n\t\t<table class=\"table\">\n<tbody>\n<tr>\n<td>Modelo<\/td>\n<td>ETW-10S<\/td>\n<td>ETW-20S<\/td>\n<td>ETW-30S<\/td>\n<td>ETW-40S<\/td>\n<td>ETW-60S<\/td>\n<td>ETW-80S<\/td>\n<td>ETW-100S<\/td>\n<td>ETW-120S<\/td>\n<\/tr>\n<tr>\n<td>Par m\u00ednimo (Nm)<\/td>\n<td>100<\/td>\n<td>200<\/td>\n<td>400<\/td>\n<td>700<\/td>\n<td>1000<\/td>\n<td>1200<\/td>\n<td>2000<\/td>\n<td>3000<\/td>\n<\/tr>\n<tr>\n<td>Par m\u00e1ximo (Nm)<\/td>\n<td>1000<\/td>\n<td>2000<\/td>\n<td>3000<\/td>\n<td>4000<\/td>\n<td>6000<\/td>\n<td>8000<\/td>\n<td>10000<\/td>\n<td>12000<\/td>\n<\/tr>\n<tr>\n<td>Unidad S<\/td>\n<td>3\/4\u201d<\/td>\n<td>1\u201d<\/td>\n<td>1\u201d<\/td>\n<td>1\u201d y 1 1\/2\u201d<\/td>\n<td>1 1\/2\u201d<\/td>\n<td>1 1\/2\u201d<\/td>\n<td>1 1\/2\u201d<\/td>\n<td>1 1\/2\u201d<\/td>\n<\/tr>\n<tr>\n<td>di\u00e1metro (mm)<\/td>\n<td>65<\/td>\n<td>74<\/td>\n<td>78.5<\/td>\n<td>88<\/td>\n<td>113<\/td>\n<td>120<\/td>\n<td>128<\/td>\n<td>128<\/td>\n<\/tr>\n<tr>\n<td>largo(mm)<\/td>\n<td>420<\/td>\n<td>460<\/td>\n<td>480<\/td>\n<td>500<\/td>\n<td>529<\/td>\n<td>539<\/td>\n<td>555<\/td>\n<td>555<\/td>\n<\/tr>\n<tr>\n<td>K(mm)<\/td>\n<td>205<\/td>\n<td>205<\/td>\n<td>205<\/td>\n<td>205<\/td>\n<td>205<\/td>\n<td>205<\/td>\n<td>205<\/td>\n<td>205<\/td>\n<\/tr>\n<tr>\n<td>Mmm)<\/td>\n<td>145<\/td>\n<td>195<\/td>\n<td>215<\/td>\n<td>235<\/td>\n<td>264<\/td>\n<td>274<\/td>\n<td>290<\/td>\n<td>290<\/td>\n<\/tr>\n<tr>\n<td>Peso sin brazo (Kg)<\/td>\n<td>5<\/td>\n<td>6.5<\/td>\n<td>8.2<\/td>\n<td>9.5<\/td>\n<td>14.9<\/td>\n<td>16.8<\/td>\n<td>18.3<\/td>\n<td>18.5<\/td>\n<\/tr>\n<tr>\n<td>RPM<\/td>\n<td>30<\/td>\n<td>12.2<\/td>\n<td>6.3<\/td>\n<td>5.1<\/td>\n<td>2.6<\/td>\n<td>1.8<\/td>\n<td>1.5<\/td>\n<td>1.5<\/td>\n<\/tr>\n<\/tbody>\n<\/table>\n\t<\/div>\n<\/div>\n\n\t\t<\/div>\n\t\t\t<\/div>\n<\/div>\t<\/div>\n\t\t<\/div><div class=\"vc_row wpb_row vc_row-fluid vc_column-gap-24\" >\n\t<div class=\"container et-clearfix\">\n\t\t<div class=\"wpb_column vc_column_container vc_col-sm-12 text-align-none\" >\n\t<div class=\"vc_column-inner\" >\n\t\t<div class=\"wpb_wrapper\">\n\t\t\t<h2 class=\"et-heading text-align-left tablet-text-align-inherit mobile-text-align-inherit animate-false no-animation-type\" id=\"et-heading-977708\" data-delay=\"0\" data-mobile-font=\"inherit\" data-mobile-line-height=\"inherit\" data-tablet-landscape-font=\"inherit\" data-tablet-portrait-font=\"inherit\" data-tablet-landscape-line-height=\"inherit\" data-tablet-portrait-line-height=\"inherit\" data-parallax=\"false\" data-move=\"false\" data-coordinatex=\"0\" data-coordinatey=\"0\" data-speed=\"10\"><span class=\"text-wrapper\"><span class=\"text\">Introducci\u00f3n a la llave dinamom\u00e9trica el\u00e9ctrica enchufable de par ajustable<\/span><\/span><\/h2>\n<div class=\"wpb_text_column wpb_content_element\"  data-animation-delay=\"0\">\n\t<div class=\"wpb_wrapper\">\n\t\t<p>La llave dinamom\u00e9trica el\u00e9ctrica enchufable se refiere a un tipo de llave que requiere una fuente de alimentaci\u00f3n fija. En comparaci\u00f3n con <a href=\"http:\/\/marx-power.com\/es\/btw-series-rechargeable-electric-torque-wrench\/\">llaves dinamom\u00e9tricas de bater\u00eda<\/a>La principal diferencia son los dos m\u00e9todos de alimentaci\u00f3n, la bater\u00eda y el enchufe. Las dem\u00e1s funciones y piezas son las mismas.<\/p>\n<p>Si bien este tipo de llave dinamom\u00e9trica el\u00e9ctrica ajustable con cable es inc\u00f3moda de mover y requiere una fuente de alimentaci\u00f3n estable, puede realizar trabajos de apriete y desmontaje de pernos m\u00e1s estables y duraderos.<\/p>\n\t<\/div>\n<\/div>\n\n<h2 class=\"et-heading text-align-left tablet-text-align-inherit mobile-text-align-inherit animate-false no-animation-type\" id=\"et-heading-747511\" data-delay=\"0\" data-mobile-font=\"inherit\" data-mobile-line-height=\"inherit\" data-tablet-landscape-font=\"inherit\" data-tablet-portrait-font=\"inherit\" data-tablet-landscape-line-height=\"inherit\" data-tablet-portrait-line-height=\"inherit\" data-parallax=\"false\" data-move=\"false\" data-coordinatex=\"0\" data-coordinatey=\"0\" data-speed=\"10\"><span class=\"text-wrapper\"><span class=\"text\">Aplicaci\u00f3n de la llave dinamom\u00e9trica el\u00e9ctrica enchufable<\/span><\/span><\/h2>\n<div class=\"wpb_text_column wpb_content_element\"  data-animation-delay=\"0\">\n\t<div class=\"wpb_wrapper\">\n\t\t<p>Este tipo de llave dinamom\u00e9trica con cable tiene muchos usos, desde la vida cotidiana hasta la producci\u00f3n industrial. A continuaci\u00f3n, se enumeran las aplicaciones espec\u00edficas de las llaves dinamom\u00e9tricas enchufables en diversas industrias.<\/p>\n<ul>\n<li>Mantenimiento y montaje mec\u00e1nico<\/li>\n<li>Construcci\u00f3n de puentes<\/li>\n<li>Instalaci\u00f3n de plantas y equipos<\/li>\n<li>Montaje de maquinaria grande y veh\u00edculos<\/li>\n<li>Ajuste de equipos mec\u00e1nicos de alta precisi\u00f3n.<\/li>\n<li>. . .<\/li>\n<\/ul>\n<p>El rango de torque de este tipo de llave el\u00e9ctrica de torsi\u00f3n ajustable est\u00e1 entre 100-12000 Nm, por lo que, en teor\u00eda, es adecuada para apretar varios pernos con pares entre 100-12000 Nm.<\/p>\n\t<\/div>\n<\/div>\n\n<h2 class=\"et-heading text-align-left tablet-text-align-inherit mobile-text-align-inherit animate-false no-animation-type\" id=\"et-heading-290724\" data-delay=\"0\" data-mobile-font=\"inherit\" data-mobile-line-height=\"inherit\" data-tablet-landscape-font=\"inherit\" data-tablet-portrait-font=\"inherit\" data-tablet-landscape-line-height=\"inherit\" data-tablet-portrait-line-height=\"inherit\" data-parallax=\"false\" data-move=\"false\" data-coordinatex=\"0\" data-coordinatey=\"0\" data-speed=\"10\"><span class=\"text-wrapper\"><span class=\"text\">Tutorial: \u00bfC\u00f3mo utilizar la llave dinamom\u00e9trica el\u00e9ctrica enchufable TorcStark?<\/span><\/span><\/h2><div id=\"et-video-1\" class=\"et-video\"><div class=\"plyr__video-embed plyr-element\"><iframe allowfullscreen=\"allowfullscreen\" frameborder=\"0\" src=\"https:\/\/www.youtube.com\/embed\/H2srVJZxbqA\" class=\"iframevideo\"><\/iframe><\/div><\/div><h2 class=\"et-heading text-align-left tablet-text-align-inherit mobile-text-align-inherit animate-false no-animation-type\" id=\"et-heading-227759\" data-delay=\"0\" data-mobile-font=\"inherit\" data-mobile-line-height=\"inherit\" data-tablet-landscape-font=\"inherit\" data-tablet-portrait-font=\"inherit\" data-tablet-landscape-line-height=\"inherit\" data-tablet-portrait-line-height=\"inherit\" data-parallax=\"false\" data-move=\"false\" data-coordinatex=\"0\" data-coordinatey=\"0\" data-speed=\"10\"><span class=\"text-wrapper\"><span class=\"text\">Ventajas de la llave el\u00e9ctrica de torsi\u00f3n ajustable con cable<\/span><\/span><\/h2>\n<div class=\"wpb_text_column wpb_content_element\"  data-animation-delay=\"0\">\n\t<div class=\"wpb_wrapper\">\n\t\t<ul>\n<li>Estado de funcionamiento estable<\/li>\n<li>Salida de par continua de alta precisi\u00f3n<\/li>\n<li>Ligero, f\u00e1cil de mover.<\/li>\n<li>Precio barato<\/li>\n<\/ul>\n<p><strong>Desventajas<\/strong><\/p>\n<ul>\n<li>Requiere fuente de alimentaci\u00f3n fija<\/li>\n<\/ul>\n\t<\/div>\n<\/div>\n\n<h2 class=\"et-heading text-align-left tablet-text-align-inherit mobile-text-align-inherit animate-false no-animation-type\" id=\"et-heading-533802\" data-delay=\"0\" data-mobile-font=\"inherit\" data-mobile-line-height=\"inherit\" data-tablet-landscape-font=\"inherit\" data-tablet-portrait-font=\"inherit\" data-tablet-landscape-line-height=\"inherit\" data-tablet-portrait-line-height=\"inherit\" data-parallax=\"false\" data-move=\"false\" data-coordinatex=\"0\" data-coordinatey=\"0\" data-speed=\"10\"><span class=\"text-wrapper\"><span class=\"text\">Comprar llave dinamom\u00e9trica el\u00e9ctrica enchufable ajustable<\/span><\/span><\/h2>\n<div class=\"wpb_text_column wpb_content_element\"  data-animation-delay=\"0\">\n\t<div class=\"wpb_wrapper\">\n\t\t<p>Al comprar una llave dinamom\u00e9trica el\u00e9ctrica con cable, debe comprarla a un fabricante o proveedor de alta calidad para garantizar que su proyecto se desarrolle sin problemas.<\/p>\n<p>TorcStark tiene una amplia experiencia en la fabricaci\u00f3n de llaves dinamom\u00e9tricas el\u00e9ctricas enchufables. Sus llaves son confiables, con una gran precisi\u00f3n de par y una funci\u00f3n de par ajustable. Como uno de los principales fabricantes de llaves dinamom\u00e9tricas el\u00e9ctricas con cable en China, con m\u00e1s de 20 a\u00f1os de experiencia en la fabricaci\u00f3n, puede confiar plenamente en nosotros.<\/p>\n<p>TorcStark promete brindar 12 meses de reparaciones gratuitas, para que pueda usar nuestras llaves con confianza. \u00a1Cont\u00e1ctenos ahora y podr\u00e1 obtener un mejor precio!<\/p>\n\t<\/div>\n<\/div>\n\n\t\t<\/div>\n\t\t\t<\/div>\n<\/div>\t<\/div>\n\t\t<\/div><div class=\"vc_row wpb_row vc_row-fluid vc_column-gap-24\" >\n\t<div class=\"container et-clearfix\">\n\t\t<div class=\"wpb_column vc_column_container vc_col-sm-12 text-align-none\" >\n\t<div class=\"vc_column-inner\" >\n\t\t<div class=\"wpb_wrapper\">\n\t\t\t<h2 class=\"et-heading text-align-left tablet-text-align-inherit mobile-text-align-inherit animate-false no-animation-type\" id=\"et-heading-842195\" data-delay=\"0\" data-mobile-font=\"inherit\" data-mobile-line-height=\"inherit\" data-tablet-landscape-font=\"inherit\" data-tablet-portrait-font=\"inherit\" data-tablet-landscape-line-height=\"inherit\" data-tablet-portrait-line-height=\"inherit\" data-parallax=\"false\" data-move=\"false\" data-coordinatex=\"0\" data-coordinatey=\"0\" data-speed=\"10\"><span class=\"text-wrapper\"><span class=\"text\">Ponerse en contacto<\/span><\/span><\/h2>\n<div class=\"wpb_text_column wpb_content_element\"  data-animation-delay=\"0\">\n\t<div class=\"wpb_wrapper\">\n\t\t<p>Para todas las consultas de servicio, complete el formulario y nos pondremos en contacto con usted lo antes posible.<\/p>\n\t<\/div>\n<\/div>\n\n<div class=\"vc_row wpb_row vc_inner vc_row-fluid vc_column-gap-48 vc-row-670903\"><div class=\"wpb_column vc_column_container vc_col-sm-6\"><div class=\"vc_column-inner\"><div class=\"wpb_wrapper\"><div class=\"wpcf7 no-js\" id=\"wpcf7-f10615-o1\" lang=\"en-US\" dir=\"ltr\" data-wpcf7-id=\"10615\"><div class=\"screen-reader-response\"><p role=\"status\" aria-live=\"polite\" aria-atomic=\"true\"><\/p><ul><\/ul><\/div><form action=\"\/es\/wp-json\/wp\/v2\/pages\/18897#wpcf7-f10615-o1\" method=\"post\" class=\"wpcf7-form init\" aria-label=\"Formulario de contacto\" novalidate=\"novalidate\" data-status=\"init\" data-trp-original-action=\"\/es\/wp-json\/wp\/v2\/pages\/18897#wpcf7-f10615-o1\"><fieldset class=\"hidden-fields-container\"><input type=\"hidden\" name=\"_wpcf7\" value=\"10615\" \/><input type=\"hidden\" name=\"_wpcf7_version\" value=\"6.1.5\" \/><input type=\"hidden\" name=\"_wpcf7_locale\" value=\"en_US\" \/><input type=\"hidden\" name=\"_wpcf7_unit_tag\" value=\"wpcf7-f10615-o1\" \/><input type=\"hidden\" name=\"_wpcf7_container_post\" value=\"0\" \/><input type=\"hidden\" name=\"_wpcf7_posted_data_hash\" value=\"\" \/><\/fieldset><!-- \u7b2c\u4e00\u884c\uff1aFull Name + Email --><div style=\"display:flex; gap:4%; flex-direction: row; margin-bottom: -20px;\"><p><label> Full Name <span class=\"required-star\">*<\/span><br \/><span class=\"wpcf7-form-control-wrap\" data-name=\"full-name\"><input size=\"40\" maxlength=\"400\" class=\"wpcf7-form-control wpcf7-text wpcf7-validates-as-required\" aria-required=\"true\" aria-invalid=\"false\" placeholder=\"Robert Evans\" value=\"\" type=\"text\" name=\"full-name\" \/><\/span><\/label><\/p><p><label> Email Address <span class=\"required-star\">*<\/span><br \/><span class=\"wpcf7-form-control-wrap\" data-name=\"email\"><input size=\"40\" maxlength=\"400\" class=\"wpcf7-form-control wpcf7-email wpcf7-validates-as-required wpcf7-text wpcf7-validates-as-email\" aria-required=\"true\" aria-invalid=\"false\" placeholder=\"robert@example.com\" value=\"\" type=\"email\" name=\"email\" \/><\/span><\/label><\/p><\/div><div style=\"display:flex; gap:4%; flex-direction: row; margin-bottom: -20px;\"><p><label> Phone Number<br \/><span class=\"wpcf7-form-control-wrap\" data-name=\"phone\"><input size=\"40\" maxlength=\"400\" class=\"wpcf7-form-control wpcf7-tel wpcf7-text wpcf7-validates-as-tel\" aria-invalid=\"false\" placeholder=\"+1 (123) 456-7890\" value=\"\" type=\"tel\" name=\"phone\" \/><\/span><\/label><\/p><p><label> Pa\u00eds<br \/><span class=\"wpcf7-form-control-wrap\" data-name=\"country\"><input size=\"40\" maxlength=\"400\" class=\"wpcf7-form-control wpcf7-text\" aria-invalid=\"false\" placeholder=\"ABC inc.\" value=\"\" type=\"text\" name=\"country\" \/><\/span><\/label><\/p><\/div><!-- \u7b2c\u4e09\u884c\uff1aCompany Name --><p><label> Company Name<br \/><span class=\"wpcf7-form-control-wrap\" data-name=\"company\"><input size=\"40\" maxlength=\"400\" class=\"wpcf7-form-control wpcf7-text\" aria-invalid=\"false\" placeholder=\"Acme Inc\" value=\"\" type=\"text\" name=\"company\" \/><\/span><\/label><\/p><!-- \u7b2c\u56db\u884c\uff1aMessage --><p><label> Message <span class=\"required-star\">*<\/span><br \/><span class=\"wpcf7-form-control-wrap\" data-name=\"message\"><textarea cols=\"40\" rows=\"10\" maxlength=\"2000\" class=\"wpcf7-form-control wpcf7-textarea wpcf7-validates-as-required\" aria-required=\"true\" aria-invalid=\"false\" placeholder=\"Tell us about your inquiry...\" name=\"message\"><\/textarea><\/span><\/label><\/p><!-- \u7b2c\u4e94\u884c\uff1aPreferred Contact Method --><p>Preferred Contact Method<br \/><span class=\"wpcf7-form-control-wrap\" data-name=\"contact-method\"><span class=\"wpcf7-form-control wpcf7-radio\"><span class=\"wpcf7-list-item first\"><input type=\"radio\" name=\"contact-method\" value=\"email\" checked=\"checked\" \/><span class=\"wpcf7-list-item-label\">email<\/span><\/span><span class=\"wpcf7-list-item last\"><input type=\"radio\" name=\"contact-method\" value=\"phone\" \/><span class=\"wpcf7-list-item-label\">phone<\/span><\/span><\/span><\/span><\/p><!-- \u7b2c\u516d\u884c\uff1aSubmit --><p><input class=\"wpcf7-form-control wpcf7-submit has-spinner\" type=\"submit\" value=\"Send Message\" \/><\/p><div class=\"wpcf7-response-output\" aria-hidden=\"true\"><\/div><input type=\"hidden\" name=\"trp-form-language\" value=\"es\"\/><\/form><\/div><\/div><\/div><\/div><div class=\"wpb_column vc_column_container vc_col-sm-6\"><div class=\"vc_column-inner\"><div class=\"wpb_wrapper\"><div class=\"wpb_text_column wpb_content_element\"  data-animation-delay=\"0\"><div class=\"wpb_wrapper\"><ul><li>Todos los productos est\u00e1n dise\u00f1ados para superar los est\u00e1ndares de datos globales para equipos hidr\u00e1ulicos de alta presi\u00f3n.<\/li><li>Cada producto se someter\u00e1 a rigurosas pruebas f\u00edsicas antes del env\u00edo para garantizar la calidad del producto.<\/li><li>Todos los productos han pasado la inspecci\u00f3n de calidad de ISO9001 y EU CE y otras instituciones.<\/li><li>Proporcione herramientas seguras y confiables y un servicio posventa l\u00edder en la industria, todos los productos vienen con un servicio de garant\u00eda integral de 12 meses.<\/li><li>El stock es suficiente y se puede entregar r\u00e1pidamente despu\u00e9s de que el usuario realiza un pedido.<\/li><li>Se utiliza un inventario suficiente de piezas de repuesto para un mantenimiento r\u00e1pido y una operaci\u00f3n del producto a largo plazo.<\/li><\/ul><\/div><\/div><\/div><\/div><\/div><\/div>\t\t<\/div>\n\t\t\t<\/div>\n<\/div>\t<\/div>\n\t\t<\/div><div class=\"vc_row wpb_row vc_row-fluid vc_column-gap-24\" >\n\t<div class=\"container et-clearfix\">\n\t\t<div class=\"wpb_column vc_column_container vc_col-sm-12 text-align-none\" >\n\t<div class=\"vc_column-inner\" >\n\t\t<div class=\"wpb_wrapper\">\n\t\t\t<span class=\"et-gap et-clearfix et-gap-78325\"><\/span>\t\t<\/div>\n\t\t\t<\/div>\n<\/div>\t<\/div>\n\t\t<\/div>","protected":false},"excerpt":{"rendered":"1. Powered by the reliable Germany Metabo, brushless, 220-240V standard,110V available 2. Light and Compact Design, Suitable for a Variety of Applications 3. Single-chip intelligent torque control system with LCD display 4. Two working mode selection: low speed and high speed 5. Heavy Duty Gear Box for Longer Operational Life 6. Easy and safe handling, [...]","protected":false},"author":1,"featured_media":0,"parent":0,"menu_order":0,"comment_status":"closed","ping_status":"closed","template":"page-vc.php","meta":{"footnotes":""},"class_list":["post-18897","page","type-page","status-publish","hentry"],"_links":{"self":[{"href":"https:\/\/marx-power.com\/es\/wp-json\/wp\/v2\/pages\/18897","targetHints":{"allow":["GET"]}}],"collection":[{"href":"https:\/\/marx-power.com\/es\/wp-json\/wp\/v2\/pages"}],"about":[{"href":"https:\/\/marx-power.com\/es\/wp-json\/wp\/v2\/types\/page"}],"author":[{"embeddable":true,"href":"https:\/\/marx-power.com\/es\/wp-json\/wp\/v2\/users\/1"}],"replies":[{"embeddable":true,"href":"https:\/\/marx-power.com\/es\/wp-json\/wp\/v2\/comments?post=18897"}],"version-history":[{"count":0,"href":"https:\/\/marx-power.com\/es\/wp-json\/wp\/v2\/pages\/18897\/revisions"}],"wp:attachment":[{"href":"https:\/\/marx-power.com\/es\/wp-json\/wp\/v2\/media?parent=18897"}],"curies":[{"name":"wp","href":"https:\/\/api.w.org\/{rel}","templated":true}]}}