{"id":18899,"date":"2022-08-04T02:54:00","date_gmt":"2022-08-04T02:54:00","guid":{"rendered":"http:\/\/demo.torcstark.com\/?page_id=18899"},"modified":"2023-04-27T08:33:22","modified_gmt":"2023-04-27T08:33:22","slug":"torque-multiplier","status":"publish","type":"page","link":"https:\/\/marx-power.com\/es\/multiplicador-de-par\/","title":{"rendered":"Multiplicador de par"},"content":{"rendered":"<div class=\"vc_row wpb_row vc_row-fluid vc_column-gap-24 vc_row-o-content-middle vc_row-flex vc-row-65212\" >\n\t<div class=\"container et-clearfix\">\n\t\t<div class=\"wpb_column vc_column_container vc_col-sm-6 text-align-none\" >\n\t<div class=\"vc_column-inner\" >\n\t\t<div class=\"wpb_wrapper\">\n\t\t\t<div id=\"et-image-156836\" class=\"et-image alignnone curtain-left\" data-curtain=\"false\" data-animation-delay=\"0\" data-parallax=\"false\" data-move=\"false\" data-coordinatex=\"0\" data-coordinatey=\"0\" data-speed=\"10\"><img decoding=\"async\" width=\"t\" height=\"t\" src=\"https:\/\/marx-power.com\/wp-content\/uploads\/2023\/04\/Torque-Multiplier-torcstark.jpg\" alt=\"Marx Power\u00ae\"><\/div>\t\t<\/div>\n\t\t\t<\/div>\n<\/div><div class=\"wpb_column vc_column_container vc_col-sm-6 text-align-none\" >\n\t<div class=\"vc_column-inner\" >\n\t\t<div class=\"wpb_wrapper\">\n\t\t\t\n<div class=\"wpb_text_column wpb_content_element\"  data-animation-delay=\"0\">\n\t<div class=\"wpb_wrapper\">\n\t\t<p>Cuerpo de aluminio ligero<\/p>\n<p>Suministrado con brazo de reacci\u00f3n<\/p>\n<p>Valores de par hasta 10000Nm<br \/>\nReductores planetarios de una etapa con valores de par de hasta 2800 Nm<\/p>\n<p>Modelos con reductores planetarios de dos etapas con valores de par de hasta 10.000 Nm<\/p>\n\t<\/div>\n<\/div>\n\n\t\t<\/div>\n\t\t\t<\/div>\n<\/div>\t<\/div>\n\t\t<\/div><div class=\"vc_row wpb_row vc_row-fluid vc_column-gap-24\" >\n\t<div class=\"container et-clearfix\">\n\t\t<div class=\"wpb_column vc_column_container vc_col-sm-12 text-align-none\" >\n\t<div class=\"vc_column-inner\" >\n\t\t<div class=\"wpb_wrapper\">\n\t\t\t<h3 class=\"et-heading text-align-left tablet-text-align-inherit mobile-text-align-inherit animate-false no-animation-type\" id=\"et-heading-412822\" data-delay=\"0\" data-mobile-font=\"inherit\" data-mobile-line-height=\"inherit\" data-tablet-landscape-font=\"inherit\" data-tablet-portrait-font=\"inherit\" data-tablet-landscape-line-height=\"inherit\" data-tablet-portrait-line-height=\"inherit\" data-parallax=\"false\" data-move=\"false\" data-coordinatex=\"0\" data-coordinatey=\"0\" data-speed=\"10\"><span class=\"text-wrapper\"><span class=\"text\">Dibujo dimensional<br \/>\n<\/span><\/span><\/h3><div id=\"et-image-323814\" class=\"et-image aligncenter curtain-left\" data-curtain=\"false\" data-animation-delay=\"0\" data-parallax=\"false\" data-move=\"false\" data-coordinatex=\"0\" data-coordinatey=\"0\" data-speed=\"10\"><img decoding=\"async\" width=\"t\" height=\"t\" src=\"https:\/\/marx-power.com\/wp-content\/uploads\/2023\/04\/MDNF-series-torque-multiplier-dimensional-drawing.png\" alt=\"Marx Power\u00ae\"><\/div><h3 class=\"et-heading text-align-left tablet-text-align-inherit mobile-text-align-inherit animate-false no-animation-type\" id=\"et-heading-719326\" data-delay=\"0\" data-mobile-font=\"inherit\" data-mobile-line-height=\"inherit\" data-tablet-landscape-font=\"inherit\" data-tablet-portrait-font=\"inherit\" data-tablet-landscape-line-height=\"inherit\" data-tablet-portrait-line-height=\"inherit\" data-parallax=\"false\" data-move=\"false\" data-coordinatex=\"0\" data-coordinatey=\"0\" data-speed=\"10\"><span class=\"text-wrapper\"><span class=\"text\">Tabla de especificaciones<br \/>\n<\/span><\/span><\/h3>\n<div class=\"wpb_text_column wpb_content_element\"  data-animation-delay=\"0\">\n\t<div class=\"wpb_wrapper\">\n\t\t<table>\n<tbody>\n<tr>\n<td>Modelo<\/td>\n<td>MDNF-10<\/td>\n<td>MDNF-20<\/td>\n<td>MDNF-35<\/td>\n<td>MDNF-55<\/td>\n<td>MDNF-75<\/td>\n<td>MDNF-100<\/td>\n<\/tr>\n<tr>\n<td>di\u00e1metro (mm)<\/td>\n<td>80.5<\/td>\n<td>80.5<\/td>\n<td>96.5<\/td>\n<td>117<\/td>\n<td>121<\/td>\n<td>143<\/td>\n<\/tr>\n<tr>\n<td>Mmm)<\/td>\n<td>88<\/td>\n<td>105<\/td>\n<td>163<\/td>\n<td>187<\/td>\n<td>195<\/td>\n<td>205<\/td>\n<\/tr>\n<tr>\n<td>Mmm)<\/td>\n<td>49<\/td>\n<td>76<\/td>\n<td>94<\/td>\n<td>107<\/td>\n<td>107<\/td>\n<td>115<\/td>\n<\/tr>\n<tr>\n<td>Unidad cuadrada de entrada<\/td>\n<td>1\/2&#8221;<\/td>\n<td>1\/2&#8221;<\/td>\n<td>1\/2&#8221;<\/td>\n<td>1\/2&#8221;<\/td>\n<td>1\/2&#8221;<\/td>\n<td>1\/2&#8221;<\/td>\n<\/tr>\n<tr>\n<td>Unidad cuadrada de salida (B)<\/td>\n<td>1&#8221;<\/td>\n<td>1&#8221;<\/td>\n<td>1&#8221;<\/td>\n<td>1 1\/2&#8221;<\/td>\n<td>1 1\/2&#8221;<\/td>\n<td>1 1\/2&#8221;<\/td>\n<\/tr>\n<tr>\n<td>Raz\u00f3n de multiplicaci\u00f3n<\/td>\n<td>1:4<\/td>\n<td>1:13.<\/td>\n<td>1:16<\/td>\n<td>1:21<\/td>\n<td>1:23<\/td>\n<td>1:28<\/td>\n<\/tr>\n<tr>\n<td>Peso (kilogramos)<\/td>\n<td>2.2<\/td>\n<td>3.3<\/td>\n<td>5.9<\/td>\n<td>8.9<\/td>\n<td>11.9<\/td>\n<td>15.2<\/td>\n<\/tr>\n<tr>\n<td>Par m\u00e1ximo (Nm)<\/td>\n<td>1000<\/td>\n<td>2000<\/td>\n<td>4000<\/td>\n<td>6000<\/td>\n<td>7500<\/td>\n<td>10000<\/td>\n<\/tr>\n<\/tbody>\n<\/table>\n<h3>Ventajas de la llave de herramienta multiplicadora:<\/h3>\n<p>Torque Multiplier: Una llave manual con un refuerzo de torque. Ofrece una gama de pares de salida ingresables manualmente que el operador puede lograr f\u00e1cilmente para proporcionar una multiplicaci\u00f3n de par precisa y eficiente para enganchar o desmontar sujetadores de juntas. O podr\u00eda llamarlo una llave que ahorra mano de obra.<\/p>\n<p>El multiplicador de par consta de un tren de engranajes planetarios que aumenta la fuerza aplicada en cada etapa del rango de engranajes. Aunque la disposici\u00f3n de los engranajes es bastante simple, la llave amplificadora de torque reduce la fuerza requerida y aumenta la productividad y la seguridad del trabajador. Las herramientas multiplicadoras son esenciales en trabajos de servicio pesado. La instalaci\u00f3n de pernos, tuercas y tornillos es un trabajo diario en la mayor\u00eda de las instalaciones de producci\u00f3n y ensamblaje, y el uso de una llave multiplicadora de torque facilita el trabajo sin perder tiempo y esfuerzo valiosos.<\/p>\n<p>Independientemente del m\u00e9todo de apriete, los multiplicadores de par manuales facilitan el trabajo y requieren menos mano de obra, lo que aumenta la productividad.<\/p>\n<p><strong>Otras razones para usar una llave multiplicadora incluyen:<\/strong><\/p>\n<p>Son m\u00e1s seguros que los mangos extendidos.<br \/>\nEl multiplicador de llave puede reducir la longitud de las palancas necesarias para aflojar o apretar sujetadores en un factor de 5, 25 o incluso 125, seg\u00fan el tipo de multiplicador. Por ejemplo, llave multiplicadora de par de servicio pesado, multiplicador de par de tuercas, minimultiplicador de par, etc.<br \/>\nEspecialmente \u00fatil para aflojar pernos rebeldes.<br \/>\nSe puede usar para aplicar la cantidad correcta de torque a la aplicaci\u00f3n.<br \/>\nEliminan la mayor parte del trabajo manual de las tareas de apriete.<\/p>\n<p>La llave multiplicadora proporciona un proceso de apriete m\u00e1s lento y preciso, lo que garantiza que los sujetadores no queden ni demasiado apretados ni demasiado flojos. Como resultado, reducen la necesidad de futuras reparaciones y reajustes, lo que aumenta la eficiencia y productividad de los trabajadores.<\/p>\n<h3>Cuando utilice una llave multiplicadora de par:<\/h3>\n<p>Sin fuente de energ\u00eda: como lugares donde no hay un sistema de compresi\u00f3n de aire o suministro de energ\u00eda, como: ingenier\u00eda al aire libre (colocaci\u00f3n de rieles, construcci\u00f3n de torres, etc.).<br \/>\nDonde el espacio es limitado y no se pueden usar postes de extensi\u00f3n.<br \/>\nDonde no se pueden utilizar herramientas de roscado.<\/p>\n<h3>Preguntas m\u00e1s frecuentes<\/h3>\n<p><strong>\u00bfSe pueden utilizar juntos una llave dinamom\u00e9trica y un multiplicador de par?<\/strong><\/p>\n<p>S\u00ed, pero no use la llave dinamom\u00e9trica como un ajuste de entrada preciso, lo que provocar\u00e1 tolerancias acumuladas.<\/p>\n<p><strong>\u00bfPor qu\u00e9 no utilizar una llave dinamom\u00e9trica como punto de ajuste preciso?<\/strong><\/p>\n<p>Muchos clientes confunden las herramientas multiplicadoras con las llaves dinamom\u00e9tricas, lo cual es un concepto err\u00f3neo. Aunque la precisi\u00f3n de salida del multiplicador de par es 5%, debe tener un valor de entrada preciso en el extremo de entrada en lugar de ajustarlo con una llave dinamom\u00e9trica. La llave dinamom\u00e9trica en s\u00ed tiene una tolerancia de 4%, m\u00e1s la tolerancia del multiplicador de torsi\u00f3n, es de aproximadamente 9% o m\u00e1s, por lo que al usar el multiplicador, el extremo de entrada debe ser una entrada de torsi\u00f3n precisa, en lugar de usar la llave dinamom\u00e9trica como est\u00e1ndar.<\/p>\n<p><strong>\u00bfSe puede utilizar el multiplicador de par como llave dinamom\u00e9trica?<\/strong><\/p>\n<p>La llave dinamom\u00e9trica tiene una precisi\u00f3n de 5% y no hay restricciones sobre c\u00f3mo se puede usar, mientras que la tolerancia de la llave dinamom\u00e9trica es 4%. En la aplicaci\u00f3n de requisitos de menor precisi\u00f3n, se puede utilizar un multiplicador de par mec\u00e1nico en lugar de una llave dinamom\u00e9trica.<\/p>\n\t<\/div>\n<\/div>\n\n\t\t<\/div>\n\t\t\t<\/div>\n<\/div>\t<\/div>\n\t\t<\/div><div class=\"vc_row wpb_row vc_row-fluid vc_column-gap-24\" >\n\t<div class=\"container et-clearfix\">\n\t\t<div class=\"wpb_column vc_column_container vc_col-sm-12 text-align-none\" >\n\t<div class=\"vc_column-inner\" >\n\t\t<div class=\"wpb_wrapper\">\n\t\t\t<h3 class=\"et-heading text-align-left tablet-text-align-inherit mobile-text-align-inherit animate-false no-animation-type\" id=\"et-heading-784421\" data-delay=\"0\" data-mobile-font=\"inherit\" data-mobile-line-height=\"inherit\" data-tablet-landscape-font=\"inherit\" data-tablet-portrait-font=\"inherit\" data-tablet-landscape-line-height=\"inherit\" data-tablet-portrait-line-height=\"inherit\" data-parallax=\"false\" data-move=\"false\" data-coordinatex=\"0\" data-coordinatey=\"0\" data-speed=\"10\"><span class=\"text-wrapper\"><span class=\"text\">Ponerse en contacto<\/span><\/span><\/h3>\n<div class=\"wpb_text_column wpb_content_element\"  data-animation-delay=\"0\">\n\t<div class=\"wpb_wrapper\">\n\t\t<p>Para todas las consultas de servicio, complete el formulario y nos pondremos en contacto con usted lo antes posible.<\/p>\n\t<\/div>\n<\/div>\n\n<div class=\"vc_row wpb_row vc_inner vc_row-fluid vc_column-gap-48 vc-row-670903\"><div class=\"wpb_column vc_column_container vc_col-sm-6\"><div class=\"vc_column-inner\"><div class=\"wpb_wrapper\"><div class=\"wpcf7 no-js\" id=\"wpcf7-f10615-o1\" lang=\"en-US\" dir=\"ltr\" data-wpcf7-id=\"10615\"><div class=\"screen-reader-response\"><p role=\"status\" aria-live=\"polite\" aria-atomic=\"true\"><\/p><ul><\/ul><\/div><form action=\"\/es\/wp-json\/wp\/v2\/pages\/18899#wpcf7-f10615-o1\" method=\"post\" class=\"wpcf7-form init\" aria-label=\"Formulario de contacto\" novalidate=\"novalidate\" data-status=\"init\" data-trp-original-action=\"\/es\/wp-json\/wp\/v2\/pages\/18899#wpcf7-f10615-o1\"><fieldset class=\"hidden-fields-container\"><input type=\"hidden\" name=\"_wpcf7\" value=\"10615\" \/><input type=\"hidden\" name=\"_wpcf7_version\" value=\"6.1.5\" \/><input type=\"hidden\" name=\"_wpcf7_locale\" value=\"en_US\" \/><input type=\"hidden\" name=\"_wpcf7_unit_tag\" value=\"wpcf7-f10615-o1\" \/><input type=\"hidden\" name=\"_wpcf7_container_post\" value=\"0\" \/><input type=\"hidden\" name=\"_wpcf7_posted_data_hash\" value=\"\" \/><\/fieldset><!-- \u7b2c\u4e00\u884c\uff1aFull Name + Email --><div style=\"display:flex; gap:4%; flex-direction: row; margin-bottom: -20px;\"><p><label> Full Name <span class=\"required-star\">*<\/span><br \/><span class=\"wpcf7-form-control-wrap\" data-name=\"full-name\"><input size=\"40\" maxlength=\"400\" class=\"wpcf7-form-control wpcf7-text wpcf7-validates-as-required\" aria-required=\"true\" aria-invalid=\"false\" placeholder=\"Robert Evans\" value=\"\" type=\"text\" name=\"full-name\" \/><\/span><\/label><\/p><p><label> Email Address <span class=\"required-star\">*<\/span><br \/><span class=\"wpcf7-form-control-wrap\" data-name=\"email\"><input size=\"40\" maxlength=\"400\" class=\"wpcf7-form-control wpcf7-email wpcf7-validates-as-required wpcf7-text wpcf7-validates-as-email\" aria-required=\"true\" aria-invalid=\"false\" placeholder=\"robert@example.com\" value=\"\" type=\"email\" name=\"email\" \/><\/span><\/label><\/p><\/div><div style=\"display:flex; gap:4%; flex-direction: row; margin-bottom: -20px;\"><p><label> Phone Number<br \/><span class=\"wpcf7-form-control-wrap\" data-name=\"phone\"><input size=\"40\" maxlength=\"400\" class=\"wpcf7-form-control wpcf7-tel wpcf7-text wpcf7-validates-as-tel\" aria-invalid=\"false\" placeholder=\"+1 (123) 456-7890\" value=\"\" type=\"tel\" name=\"phone\" \/><\/span><\/label><\/p><p><label> Pa\u00eds<br \/><span class=\"wpcf7-form-control-wrap\" data-name=\"country\"><input size=\"40\" maxlength=\"400\" class=\"wpcf7-form-control wpcf7-text\" aria-invalid=\"false\" placeholder=\"ABC inc.\" value=\"\" type=\"text\" name=\"country\" \/><\/span><\/label><\/p><\/div><!-- \u7b2c\u4e09\u884c\uff1aCompany Name --><p><label> Company Name<br \/><span class=\"wpcf7-form-control-wrap\" data-name=\"company\"><input size=\"40\" maxlength=\"400\" class=\"wpcf7-form-control wpcf7-text\" aria-invalid=\"false\" placeholder=\"Acme Inc\" value=\"\" type=\"text\" name=\"company\" \/><\/span><\/label><\/p><!-- \u7b2c\u56db\u884c\uff1aMessage --><p><label> Message <span class=\"required-star\">*<\/span><br \/><span class=\"wpcf7-form-control-wrap\" data-name=\"message\"><textarea cols=\"40\" rows=\"10\" maxlength=\"2000\" class=\"wpcf7-form-control wpcf7-textarea wpcf7-validates-as-required\" aria-required=\"true\" aria-invalid=\"false\" placeholder=\"Tell us about your inquiry...\" name=\"message\"><\/textarea><\/span><\/label><\/p><!-- \u7b2c\u4e94\u884c\uff1aPreferred Contact Method --><p>Preferred Contact Method<br \/><span class=\"wpcf7-form-control-wrap\" data-name=\"contact-method\"><span class=\"wpcf7-form-control wpcf7-radio\"><span class=\"wpcf7-list-item first\"><input type=\"radio\" name=\"contact-method\" value=\"email\" checked=\"checked\" \/><span class=\"wpcf7-list-item-label\">email<\/span><\/span><span class=\"wpcf7-list-item last\"><input type=\"radio\" name=\"contact-method\" value=\"phone\" \/><span class=\"wpcf7-list-item-label\">phone<\/span><\/span><\/span><\/span><\/p><!-- \u7b2c\u516d\u884c\uff1aSubmit --><p><input class=\"wpcf7-form-control wpcf7-submit has-spinner\" type=\"submit\" value=\"Send Message\" \/><\/p><div class=\"wpcf7-response-output\" aria-hidden=\"true\"><\/div><input type=\"hidden\" name=\"trp-form-language\" value=\"es\"\/><\/form><\/div><\/div><\/div><\/div><div class=\"wpb_column vc_column_container vc_col-sm-6\"><div class=\"vc_column-inner\"><div class=\"wpb_wrapper\"><div class=\"wpb_text_column wpb_content_element\"  data-animation-delay=\"0\"><div class=\"wpb_wrapper\"><ul><li>Todos los productos est\u00e1n dise\u00f1ados para superar los est\u00e1ndares de datos globales para equipos hidr\u00e1ulicos de alta presi\u00f3n.<\/li><li>Cada producto se someter\u00e1 a rigurosas pruebas f\u00edsicas antes del env\u00edo para garantizar la calidad del producto.<\/li><li>Todos los productos han pasado la inspecci\u00f3n de calidad de ISO9001 y EU CE y otras instituciones.<\/li><li>Proporcione herramientas seguras y confiables y un servicio posventa l\u00edder en la industria, todos los productos vienen con un servicio de garant\u00eda integral de 12 meses.<\/li><li>El stock es suficiente y se puede entregar r\u00e1pidamente despu\u00e9s de que el usuario realiza un pedido.<\/li><li>Se utiliza un inventario suficiente de piezas de repuesto para un mantenimiento r\u00e1pido y una operaci\u00f3n del producto a largo plazo.<\/li><\/ul><\/div><\/div><\/div><\/div><\/div><\/div>\t\t<\/div>\n\t\t\t<\/div>\n<\/div>\t<\/div>\n\t\t<\/div><div class=\"vc_row wpb_row vc_row-fluid vc_column-gap-24\" >\n\t<div class=\"container et-clearfix\">\n\t\t<div class=\"wpb_column vc_column_container vc_col-sm-12 text-align-none\" >\n\t<div class=\"vc_column-inner\" >\n\t\t<div class=\"wpb_wrapper\">\n\t\t\t<span class=\"et-gap et-clearfix et-gap-78325\"><\/span>\t\t<\/div>\n\t\t\t<\/div>\n<\/div>\t<\/div>\n\t\t<\/div>","protected":false},"excerpt":{"rendered":"Lightweight aluminum body Supplied with reaction arm Torque values up to 10000Nm Single-stage planetary gear units with torque values up to 2800Nm Models with two-stage planetary gear units with torque values up to 10,000Nm Dimensional Drawing Specification Table Model MDNF-10 MDNF-20 MDNF-35 MDNF-55 MDNF-75 MDNF-100 D(mm) 80.5 80.5 96.5 117 121 143 H(mm) 88 105 [...]","protected":false},"author":1,"featured_media":0,"parent":0,"menu_order":0,"comment_status":"closed","ping_status":"closed","template":"page-vc.php","meta":{"footnotes":""},"class_list":["post-18899","page","type-page","status-publish","hentry"],"_links":{"self":[{"href":"https:\/\/marx-power.com\/es\/wp-json\/wp\/v2\/pages\/18899","targetHints":{"allow":["GET"]}}],"collection":[{"href":"https:\/\/marx-power.com\/es\/wp-json\/wp\/v2\/pages"}],"about":[{"href":"https:\/\/marx-power.com\/es\/wp-json\/wp\/v2\/types\/page"}],"author":[{"embeddable":true,"href":"https:\/\/marx-power.com\/es\/wp-json\/wp\/v2\/users\/1"}],"replies":[{"embeddable":true,"href":"https:\/\/marx-power.com\/es\/wp-json\/wp\/v2\/comments?post=18899"}],"version-history":[{"count":0,"href":"https:\/\/marx-power.com\/es\/wp-json\/wp\/v2\/pages\/18899\/revisions"}],"wp:attachment":[{"href":"https:\/\/marx-power.com\/es\/wp-json\/wp\/v2\/media?parent=18899"}],"curies":[{"name":"wp","href":"https:\/\/api.w.org\/{rel}","templated":true}]}}