{"id":18902,"date":"2022-08-04T03:17:40","date_gmt":"2022-08-04T03:17:40","guid":{"rendered":"http:\/\/demo.torcstark.com\/?page_id=18902"},"modified":"2022-08-04T03:17:40","modified_gmt":"2022-08-04T03:17:40","slug":"flange-spreaders","status":"publish","type":"page","link":"https:\/\/marx-power.com\/es\/separadores-de-bridas\/","title":{"rendered":"Separadores de bridas"},"content":{"rendered":"<div class=\"vc_row wpb_row vc_row-fluid vc_column-gap-24 vc_row-o-content-middle vc_row-flex vc-row-394942\" >\n\t<div class=\"container et-clearfix\">\n\t\t<div class=\"wpb_column vc_column_container vc_col-sm-6 text-align-none\" >\n\t<div class=\"vc_column-inner\" >\n\t\t<div class=\"wpb_wrapper\">\n\t\t\t<div id=\"et-image-799329\" class=\"et-image alignnone curtain-left\" data-curtain=\"false\" data-animation-delay=\"0\" data-parallax=\"false\" data-move=\"false\" data-coordinatex=\"0\" data-coordinatey=\"0\" data-speed=\"10\"><img decoding=\"async\" width=\"t\" height=\"t\" src=\"https:\/\/marx-power.com\/wp-content\/uploads\/2022\/05\/Hydraulic-and-Mechanical-Flange-Separator-10.jpg\" alt=\"Marx Power\u00ae\"><\/div>\t\t<\/div>\n\t\t\t<\/div>\n<\/div><div class=\"wpb_column vc_column_container vc_col-sm-6 text-align-none\" >\n\t<div class=\"vc_column-inner\" >\n\t\t<div class=\"wpb_wrapper\">\n\t\t\t\n<div class=\"wpb_text_column wpb_content_element\"  data-animation-delay=\"0\">\n\t<div class=\"wpb_wrapper\">\n\t\t<p><strong>Serie FSH\/FSM<\/strong><\/p>\n<ol>\n<li>Grosor de la punta\/distancia m\u00e1xima de separaci\u00f3n: 6 mm\/81 mm<\/li>\n<li>Fuerza m\u00e1xima de separaci\u00f3n: 8-14 toneladas<\/li>\n<li>Presi\u00f3n m\u00e1xima de trabajo: 70MPa<\/li>\n<\/ol>\n<p><strong>Caracter\u00edsticas<\/strong><\/p>\n<ol>\n<li>Ideal para aplicaciones de mantenimiento, servicio, prueba y reemplazo de v\u00e1lvulas.<\/li>\n<li>Cu\u00f1a de separaci\u00f3n integral, movimiento sin fricci\u00f3n, paralelo y suave, lo que elimina el riesgo de da\u00f1os en las bridas y fallas de la cu\u00f1a de separaci\u00f3n.<\/li>\n<li>Dise\u00f1o exclusivo de cu\u00f1a entrelazada: la primera etapa no se dobla ni se resbala.<\/li>\n<li>El tama\u00f1o requerido del puerto de inserci\u00f3n es de solo 6 mm.<\/li>\n<li>Dise\u00f1o de brazo en forma de escal\u00f3n, para que cada escal\u00f3n pueda soportar la carga completa.<\/li>\n<li>Menos piezas m\u00f3viles, duradero y f\u00e1cil de mantener.<\/li>\n<li>El bloque de seguridad SB-1 y la llave de trinquete SW-25 se incluyen con el separador mec\u00e1nico FSM-8.<\/li>\n<\/ol>\n\t<\/div>\n<\/div>\n\n\t\t<\/div>\n\t\t\t<\/div>\n<\/div>\t<\/div>\n\t\t<\/div><div class=\"vc_row wpb_row vc_row-fluid vc_column-gap-24\" >\n\t<div class=\"container et-clearfix\">\n\t\t<div class=\"wpb_column vc_column_container vc_col-sm-12 text-align-none\" >\n\t<div class=\"vc_column-inner\" >\n\t\t<div class=\"wpb_wrapper\">\n\t\t\t<h3 class=\"et-heading text-align-left tablet-text-align-inherit mobile-text-align-inherit animate-false no-animation-type\" id=\"et-heading-140137\" data-delay=\"0\" data-mobile-font=\"inherit\" data-mobile-line-height=\"inherit\" data-tablet-landscape-font=\"inherit\" data-tablet-portrait-font=\"inherit\" data-tablet-landscape-line-height=\"inherit\" data-tablet-portrait-line-height=\"inherit\" data-parallax=\"false\" data-move=\"false\" data-coordinatex=\"0\" data-coordinatey=\"0\" data-speed=\"10\"><span class=\"text-wrapper\"><span class=\"text\">Dibujo dimensional<br \/>\n<\/span><\/span><\/h3><div id=\"et-image-718111\" class=\"et-image aligncenter curtain-left\" data-curtain=\"false\" data-animation-delay=\"0\" data-parallax=\"false\" data-move=\"false\" data-coordinatex=\"0\" data-coordinatey=\"0\" data-speed=\"10\"><img decoding=\"async\" width=\"t\" height=\"t\" src=\"https:\/\/marx-power.com\/wp-content\/uploads\/2022\/05\/Hydraulic-and-Mechanical-Flange-Separator-2.jpg\" alt=\"Marx Power\u00ae\"><\/div><h3 class=\"et-heading text-align-left tablet-text-align-inherit mobile-text-align-inherit animate-false no-animation-type\" id=\"et-heading-718439\" data-delay=\"0\" data-mobile-font=\"inherit\" data-mobile-line-height=\"inherit\" data-tablet-landscape-font=\"inherit\" data-tablet-portrait-font=\"inherit\" data-tablet-landscape-line-height=\"inherit\" data-tablet-portrait-line-height=\"inherit\" data-parallax=\"false\" data-move=\"false\" data-coordinatex=\"0\" data-coordinatey=\"0\" data-speed=\"10\"><span class=\"text-wrapper\"><span class=\"text\">Tabla de especificaciones<br \/>\n<\/span><\/span><\/h3>\n<div class=\"wpb_text_column wpb_content_element\"  data-animation-delay=\"0\">\n\t<div class=\"wpb_wrapper\">\n\t\t<table class=\"table\">\n<tbody>\n<tr>\n<td>Modelo<\/td>\n<td>Fuerza m\u00e1xima de separaci\u00f3n T(KN)<\/td>\n<td>Grosor de la punta (mm)<\/td>\n<td>Distancia m\u00e1xima de separaci\u00f3n (mm)<\/td>\n<td>Escribe<\/td>\n<td>Capacidad de aceite (cm\u00b3)<\/td>\n<td>Peso (Kg)<\/td>\n<\/tr>\n<tr>\n<td>FSH-14<\/td>\n<td>12(125)<\/td>\n<td>6<\/td>\n<td>81<\/td>\n<td>Hidr\u00e1ulico<\/td>\n<td>78<\/td>\n<td>7.1<\/td>\n<\/tr>\n<tr>\n<td>FSM-8<\/td>\n<td>7(72)<\/td>\n<td>6<\/td>\n<td>81<\/td>\n<td>Mec\u00e1nico<\/td>\n<td>\u2014<\/td>\n<td>6.5<\/td>\n<\/tr>\n<\/tbody>\n<\/table>\n<p>Los separadores de brida, tambi\u00e9n conocidos como separadores de brida de tuber\u00eda o separadores de cu\u00f1a, est\u00e1n disponibles en varios estilos y configuraciones. Puede contener juntas de bridas peque\u00f1as, medianas o grandes, incluidas aquellas sin espacio entre canales. Los separadores de cu\u00f1a son nuestra principal herramienta de separaci\u00f3n de bridas para bridas de tuber\u00eda de todos los tama\u00f1os.<\/p>\n<p>Los separadores de brida se dividen en separadores hidr\u00e1ulicos de cu\u00f1a\/brida y separadores mec\u00e1nicos de cu\u00f1a\/brida de acuerdo con las diferentes fuentes de energ\u00eda. Se utiliza principalmente en el mantenimiento de tuber\u00edas, construcci\u00f3n y prueba de tuber\u00edas, reemplazo de bridas, juntas de mantenimiento, recipientes a presi\u00f3n, apertura de culatas, centrales el\u00e9ctricas, desmontaje de cojinetes, perforaci\u00f3n oleoel\u00e9ctrica, desmontaje de rotores de motores, plataformas marinas y trabajos de elevaci\u00f3n, construcci\u00f3n naval, equipos industriales, movimiento horizontal de piezas de trabajo y otras industrias.<\/p>\n<h3>\u00bfC\u00f3mo elegir herramientas separadoras de bridas?<\/h3>\n<p>Al elegir un esparcidor de cu\u00f1a hidr\u00e1ulico para su aplicaci\u00f3n, hay cuatro caracter\u00edsticas principales en las que centrarse:<br \/>\n1. El ancho del espacio del canal entre las bridas que se van a separar.<br \/>\n2. Fuerza de expansi\u00f3n m\u00ednima requerida para separar las bridas<br \/>\n3. Tipo de operaci\u00f3n mec\u00e1nica e hidr\u00e1ulica requerida (las opciones manuales tambi\u00e9n est\u00e1n disponibles para la mayor\u00eda de los separadores hidr\u00e1ulicos)<br \/>\n4. Tama\u00f1o de brida y rango de trabajo requerido<\/p>\n<p>Consulte nuestra Tabla de selecci\u00f3n de separadores de bridas en funci\u00f3n de los par\u00e1metros anteriores para encontrar el producto m\u00e1s adecuado. Puede proporcionarnos los par\u00e1metros y dejar que le recomendemos el m\u00e1s adecuado para usted.<\/p>\n<h3>Entonces, \u00bfc\u00f3mo debe usar un divisor de brida?<\/h3>\n<p>Abridor de bridas hidr\u00e1ulico: Primero inserte las mordazas del separador entre las dos bridas. En la mayor\u00eda de los casos, necesitar\u00e1 al menos dos o preferiblemente tres separadores de bridas para realizar el trabajo pesado. Deben colocarse equidistantes entre s\u00ed. Luego, cada bomba hidr\u00e1ulica conectada a estos separadores de bridas se puede usar para separar las dos bridas de manera consistente, segura y unificada hasta que haya espacio suficiente para el mantenimiento necesario y la operaci\u00f3n de reemplazo.<\/p>\n<p>Separador de bridas mec\u00e1nico: Los primeros pasos para un separador de bridas mec\u00e1nico son aproximadamente los mismos que para un separador de bridas hidr\u00e1ulico. Utilice varios elementos y coloque las mordazas del esparcidor a la misma distancia entre las bridas. Pero estas unidades no tienen una bomba y en su lugar incluyen un mango de trinquete para activar y controlar la velocidad y la fuerza de la propagaci\u00f3n. El mango se puede cambiar a un ajuste en sentido contrario a las agujas del reloj para retraer las mordazas y devolver la brida a un ajuste de trabajo.<\/p>\n<p>Las cosas que debe tener en cuenta al usar una herramienta para dividir bridas incluyen mordazas anti-pinzamiento para mantener la herramienta en su lugar hasta que se libere la presi\u00f3n, la capacidad de las mordazas para abrirse al ancho deseado (la mayor\u00eda de los dispositivos port\u00e1tiles de uso general tienen una capacidad de ancho de hasta 3 pulgadas) y una v\u00e1lvula de reducci\u00f3n de carga (para hidr\u00e1ulica) para controlar la tasa de cierre.<\/p>\n<p>TorcStark ahora ofrece la serie FSH\/FSM de separadores de bridas hidr\u00e1ulicas port\u00e1tiles. Las herramientas separadoras de bridas de la serie FSH\/FSM tienen un espacio de inserci\u00f3n m\u00ednimo de 6,0 mm (0,25 pulg.) y aumentan la distancia de expansi\u00f3n por paso al tiempo que facilitan el acceso a los pernos restantes en la junta de brida. Las herramientas de la serie FSH\/FSM vienen est\u00e1ndar con mangos giratorios, cuerdas de seguridad y accesorios de bloque escalonado, y estas herramientas se pueden usar durante la construcci\u00f3n de tuber\u00edas, la puesta en servicio o el mantenimiento de rutina. Si desea conocer el precio de los separadores de bridas mec\u00e1nicos e hidr\u00e1ulicos, cont\u00e1ctenos por correo. TorcStark le proporcionar\u00e1 el mejor precio en separadores de bridas y un excelente servicio al cliente.<\/p>\n\t<\/div>\n<\/div>\n\n\t\t<\/div>\n\t\t\t<\/div>\n<\/div>\t<\/div>\n\t\t<\/div><div class=\"vc_row wpb_row vc_row-fluid vc_column-gap-24\" >\n\t<div class=\"container et-clearfix\">\n\t\t<div class=\"wpb_column vc_column_container vc_col-sm-12 text-align-none\" >\n\t<div class=\"vc_column-inner\" >\n\t\t<div class=\"wpb_wrapper\">\n\t\t\t<h3 class=\"et-heading text-align-left tablet-text-align-inherit mobile-text-align-inherit animate-false no-animation-type\" id=\"et-heading-784421\" data-delay=\"0\" data-mobile-font=\"inherit\" data-mobile-line-height=\"inherit\" data-tablet-landscape-font=\"inherit\" data-tablet-portrait-font=\"inherit\" data-tablet-landscape-line-height=\"inherit\" data-tablet-portrait-line-height=\"inherit\" data-parallax=\"false\" data-move=\"false\" data-coordinatex=\"0\" data-coordinatey=\"0\" data-speed=\"10\"><span class=\"text-wrapper\"><span class=\"text\">Ponerse en contacto<\/span><\/span><\/h3>\n<div class=\"wpb_text_column wpb_content_element\"  data-animation-delay=\"0\">\n\t<div class=\"wpb_wrapper\">\n\t\t<p>Para todas las consultas de servicio, complete el formulario y nos pondremos en contacto con usted lo antes posible.<\/p>\n\t<\/div>\n<\/div>\n\n<div class=\"vc_row wpb_row vc_inner vc_row-fluid vc_column-gap-48 vc-row-670903\"><div class=\"wpb_column vc_column_container vc_col-sm-6\"><div class=\"vc_column-inner\"><div class=\"wpb_wrapper\"><div class=\"wpcf7 no-js\" id=\"wpcf7-f10615-o1\" lang=\"en-US\" dir=\"ltr\" data-wpcf7-id=\"10615\"><div class=\"screen-reader-response\"><p role=\"status\" aria-live=\"polite\" aria-atomic=\"true\"><\/p><ul><\/ul><\/div><form action=\"\/es\/wp-json\/wp\/v2\/pages\/18902#wpcf7-f10615-o1\" method=\"post\" class=\"wpcf7-form init\" aria-label=\"Formulario de contacto\" novalidate=\"novalidate\" data-status=\"init\" data-trp-original-action=\"\/es\/wp-json\/wp\/v2\/pages\/18902#wpcf7-f10615-o1\"><fieldset class=\"hidden-fields-container\"><input type=\"hidden\" name=\"_wpcf7\" value=\"10615\" \/><input type=\"hidden\" name=\"_wpcf7_version\" value=\"6.1.5\" \/><input type=\"hidden\" name=\"_wpcf7_locale\" value=\"en_US\" \/><input type=\"hidden\" name=\"_wpcf7_unit_tag\" value=\"wpcf7-f10615-o1\" \/><input type=\"hidden\" name=\"_wpcf7_container_post\" value=\"0\" \/><input type=\"hidden\" name=\"_wpcf7_posted_data_hash\" value=\"\" \/><\/fieldset><!-- \u7b2c\u4e00\u884c\uff1aFull Name + Email --><div style=\"display:flex; gap:4%; flex-direction: row; margin-bottom: -20px;\"><p><label> Full Name <span class=\"required-star\">*<\/span><br \/><span class=\"wpcf7-form-control-wrap\" data-name=\"full-name\"><input size=\"40\" maxlength=\"400\" class=\"wpcf7-form-control wpcf7-text wpcf7-validates-as-required\" aria-required=\"true\" aria-invalid=\"false\" placeholder=\"Robert Evans\" value=\"\" type=\"text\" name=\"full-name\" \/><\/span><\/label><\/p><p><label> Email Address <span class=\"required-star\">*<\/span><br \/><span class=\"wpcf7-form-control-wrap\" data-name=\"email\"><input size=\"40\" maxlength=\"400\" class=\"wpcf7-form-control wpcf7-email wpcf7-validates-as-required wpcf7-text wpcf7-validates-as-email\" aria-required=\"true\" aria-invalid=\"false\" placeholder=\"robert@example.com\" value=\"\" type=\"email\" name=\"email\" \/><\/span><\/label><\/p><\/div><div style=\"display:flex; gap:4%; flex-direction: row; margin-bottom: -20px;\"><p><label> Phone Number<br \/><span class=\"wpcf7-form-control-wrap\" data-name=\"phone\"><input size=\"40\" maxlength=\"400\" class=\"wpcf7-form-control wpcf7-tel wpcf7-text wpcf7-validates-as-tel\" aria-invalid=\"false\" placeholder=\"+1 (123) 456-7890\" value=\"\" type=\"tel\" name=\"phone\" \/><\/span><\/label><\/p><p><label> Pa\u00eds<br \/><span class=\"wpcf7-form-control-wrap\" data-name=\"country\"><input size=\"40\" maxlength=\"400\" class=\"wpcf7-form-control wpcf7-text\" aria-invalid=\"false\" placeholder=\"ABC inc.\" value=\"\" type=\"text\" name=\"country\" \/><\/span><\/label><\/p><\/div><!-- \u7b2c\u4e09\u884c\uff1aCompany Name --><p><label> Company Name<br \/><span class=\"wpcf7-form-control-wrap\" data-name=\"company\"><input size=\"40\" maxlength=\"400\" class=\"wpcf7-form-control wpcf7-text\" aria-invalid=\"false\" placeholder=\"Acme Inc\" value=\"\" type=\"text\" name=\"company\" \/><\/span><\/label><\/p><!-- \u7b2c\u56db\u884c\uff1aMessage --><p><label> Message <span class=\"required-star\">*<\/span><br \/><span class=\"wpcf7-form-control-wrap\" data-name=\"message\"><textarea cols=\"40\" rows=\"10\" maxlength=\"2000\" class=\"wpcf7-form-control wpcf7-textarea wpcf7-validates-as-required\" aria-required=\"true\" aria-invalid=\"false\" placeholder=\"Tell us about your inquiry...\" name=\"message\"><\/textarea><\/span><\/label><\/p><!-- \u7b2c\u4e94\u884c\uff1aPreferred Contact Method --><p>Preferred Contact Method<br \/><span class=\"wpcf7-form-control-wrap\" data-name=\"contact-method\"><span class=\"wpcf7-form-control wpcf7-radio\"><span class=\"wpcf7-list-item first\"><input type=\"radio\" name=\"contact-method\" value=\"email\" checked=\"checked\" \/><span class=\"wpcf7-list-item-label\">email<\/span><\/span><span class=\"wpcf7-list-item last\"><input type=\"radio\" name=\"contact-method\" value=\"phone\" \/><span class=\"wpcf7-list-item-label\">phone<\/span><\/span><\/span><\/span><\/p><!-- \u7b2c\u516d\u884c\uff1aSubmit --><p><input class=\"wpcf7-form-control wpcf7-submit has-spinner\" type=\"submit\" value=\"Send Message\" \/><\/p><div class=\"wpcf7-response-output\" aria-hidden=\"true\"><\/div><input type=\"hidden\" name=\"trp-form-language\" value=\"es\"\/><\/form><\/div><\/div><\/div><\/div><div class=\"wpb_column vc_column_container vc_col-sm-6\"><div class=\"vc_column-inner\"><div class=\"wpb_wrapper\"><div class=\"wpb_text_column wpb_content_element\"  data-animation-delay=\"0\"><div class=\"wpb_wrapper\"><ul><li>Todos los productos est\u00e1n dise\u00f1ados para superar los est\u00e1ndares de datos globales para equipos hidr\u00e1ulicos de alta presi\u00f3n.<\/li><li>Cada producto se someter\u00e1 a rigurosas pruebas f\u00edsicas antes del env\u00edo para garantizar la calidad del producto.<\/li><li>Todos los productos han pasado la inspecci\u00f3n de calidad de ISO9001 y EU CE y otras instituciones.<\/li><li>Proporcione herramientas seguras y confiables y un servicio posventa l\u00edder en la industria, todos los productos vienen con un servicio de garant\u00eda integral de 12 meses.<\/li><li>El stock es suficiente y se puede entregar r\u00e1pidamente despu\u00e9s de que el usuario realiza un pedido.<\/li><li>Se utiliza un inventario suficiente de piezas de repuesto para un mantenimiento r\u00e1pido y una operaci\u00f3n del producto a largo plazo.<\/li><\/ul><\/div><\/div><\/div><\/div><\/div><\/div>\t\t<\/div>\n\t\t\t<\/div>\n<\/div>\t<\/div>\n\t\t<\/div><div class=\"vc_row wpb_row vc_row-fluid vc_column-gap-24\" >\n\t<div class=\"container et-clearfix\">\n\t\t<div class=\"wpb_column vc_column_container vc_col-sm-12 text-align-none\" >\n\t<div class=\"vc_column-inner\" >\n\t\t<div class=\"wpb_wrapper\">\n\t\t\t<span class=\"et-gap et-clearfix et-gap-78325\"><\/span>\t\t<\/div>\n\t\t\t<\/div>\n<\/div>\t<\/div>\n\t\t<\/div>","protected":false},"excerpt":{"rendered":"FSH\/FSM series Tip thickness \/ maximum separation distance: 6mm\/81mm Maximum separation force: 8-14 tons Maximum working pressure: 70MPa Features Ideal for maintenance, service, testing and valve replacement applications. Integral separation wedge, frictionless, parallel and smooth movement, eliminating the risk of flange damage and separation wedge failure. Unique interlocking wedge design \u2013 first stage no bending [...]","protected":false},"author":1,"featured_media":0,"parent":0,"menu_order":0,"comment_status":"closed","ping_status":"closed","template":"page-vc.php","meta":{"footnotes":""},"class_list":["post-18902","page","type-page","status-publish","hentry"],"_links":{"self":[{"href":"https:\/\/marx-power.com\/es\/wp-json\/wp\/v2\/pages\/18902","targetHints":{"allow":["GET"]}}],"collection":[{"href":"https:\/\/marx-power.com\/es\/wp-json\/wp\/v2\/pages"}],"about":[{"href":"https:\/\/marx-power.com\/es\/wp-json\/wp\/v2\/types\/page"}],"author":[{"embeddable":true,"href":"https:\/\/marx-power.com\/es\/wp-json\/wp\/v2\/users\/1"}],"replies":[{"embeddable":true,"href":"https:\/\/marx-power.com\/es\/wp-json\/wp\/v2\/comments?post=18902"}],"version-history":[{"count":0,"href":"https:\/\/marx-power.com\/es\/wp-json\/wp\/v2\/pages\/18902\/revisions"}],"wp:attachment":[{"href":"https:\/\/marx-power.com\/es\/wp-json\/wp\/v2\/media?parent=18902"}],"curies":[{"name":"wp","href":"https:\/\/api.w.org\/{rel}","templated":true}]}}