{"id":19049,"date":"2022-08-09T07:08:57","date_gmt":"2022-08-09T07:08:57","guid":{"rendered":"http:\/\/demo.torcstark.com\/?page_id=19049"},"modified":"2022-10-08T05:24:46","modified_gmt":"2022-10-08T05:24:46","slug":"resources-download","status":"publish","type":"page","link":"https:\/\/marx-power.com\/es\/descargar-recursos\/","title":{"rendered":"Descarga de recursos"},"content":{"rendered":"<div class=\"vc_row wpb_row vc_row-fluid vc_column-gap-24\" >\n\t<div class=\"container et-clearfix\">\n\t\t<div class=\"wpb_column vc_column_container vc_col-sm-12 text-align-none\" >\n\t<div class=\"vc_column-inner\" >\n\t\t<div class=\"wpb_wrapper\">\n\t\t\t<h3 class=\"et-heading text-align-center tablet-text-align-inherit mobile-text-align-inherit animate-false no-animation-type\" id=\"et-heading-146985\" data-delay=\"0\" data-mobile-font=\"inherit\" data-mobile-line-height=\"inherit\" data-tablet-landscape-font=\"inherit\" data-tablet-portrait-font=\"inherit\" data-tablet-landscape-line-height=\"inherit\" data-tablet-portrait-line-height=\"inherit\" data-parallax=\"false\" data-move=\"false\" data-coordinatex=\"0\" data-coordinatey=\"0\" data-speed=\"10\"><span class=\"text-wrapper\"><span class=\"text\">Cat\u00e1logo de herramientas de atornillado TorcStark 2022<\/span><\/span><\/h3>\n<div class=\"wpb_text_column wpb_content_element\"  data-animation-delay=\"0\">\n\t<div class=\"wpb_wrapper\">\n\t\t\n\t<\/div>\n<\/div>\n\n\t\t<\/div>\n\t\t\t<\/div>\n<\/div>\t<\/div>\n\t\t<\/div><div class=\"vc_row wpb_row vc_row-fluid vc_column-gap-24\" >\n\t<div class=\"container et-clearfix\">\n\t\t<div class=\"wpb_column vc_column_container vc_col-sm-12 text-align-none\" >\n\t<div class=\"vc_column-inner\" >\n\t\t<div class=\"wpb_wrapper\">\n\t\t\t<h3 class=\"et-heading text-align-center tablet-text-align-inherit mobile-text-align-inherit animate-false no-animation-type\" id=\"et-heading-812819\" data-delay=\"0\" data-mobile-font=\"inherit\" data-mobile-line-height=\"inherit\" data-tablet-landscape-font=\"inherit\" data-tablet-portrait-font=\"inherit\" data-tablet-landscape-line-height=\"inherit\" data-tablet-portrait-line-height=\"inherit\" data-parallax=\"false\" data-move=\"false\" data-coordinatex=\"0\" data-coordinatey=\"0\" data-speed=\"10\"><span class=\"text-wrapper\"><span class=\"text\">Manual de usuario de herramientas hidr\u00e1ulicas<\/span><\/span><\/h3>\t\t<\/div>\n\t\t\t<\/div>\n<\/div>\t<\/div>\n\t\t<\/div><div class=\"vc_row wpb_row vc_row-fluid vc_column-gap-2 vc-row-575887\" >\n\t<div class=\"container et-clearfix\">\n\t\t<div class=\"wpb_column vc_column_container vc_col-sm-6 text-align-none\" >\n\t<div class=\"vc_column-inner\" >\n\t\t<div class=\"wpb_wrapper\">\n\t\t\t<a id=\"et-button-155947\" class=\"et-button icon-position-right modal-false large hover-glint click-none has-icon\" target=\"_self\" href=\"http:\/\/marx-power.com\/wp-content\/uploads\/2022\/03\/Cylinder-and-synchronous-lifting-system.pdf\" data-animation-delay=\"0\" data-parallax=\"false\" data-move=\"false\" data-coordinatex=\"0\" data-coordinatey=\"0\" data-speed=\"10\"><span class=\"hover\"><\/span><span class=\"regular\"><\/span><span class=\"glint\"><\/span><span class=\"text\">Cilindro Y Sistema De Elevaci\u00f3n Sincr\u00f3nica.pdf<\/span><span class=\"icon fas fa-cloud-download-alt\"><\/span><\/a><span class=\"et-gap et-clearfix et-gap-356567\"><\/span><a id=\"et-button-637025\" class=\"et-button icon-position-right modal-false large hover-glint click-none has-icon\" target=\"_self\" href=\"http:\/\/marx-power.com\/wp-content\/uploads\/2021\/09\/Manual-of-3MXTD-hydraulic-torque-wrench.pdf\" data-animation-delay=\"0\" data-parallax=\"false\" data-move=\"false\" data-coordinatex=\"0\" data-coordinatey=\"0\" data-speed=\"10\"><span class=\"hover\"><\/span><span class=\"regular\"><\/span><span class=\"glint\"><\/span><span class=\"text\">Manual de usuario de llave dinamom\u00e9trica hidr\u00e1ulica de accionamiento cuadrado 3MXTD.pdf<\/span><span class=\"icon fas fa-cloud-download-alt\"><\/span><\/a><span class=\"et-gap et-clearfix et-gap-356567\"><\/span><a id=\"et-button-324793\" class=\"et-button icon-position-right modal-false large hover-glint click-none has-icon\" target=\"_self\" href=\"http:\/\/marx-power.com\/wp-content\/uploads\/2021\/09\/Manual-of-5MXTD-hydraulic-torque-wrench.pdf\" data-animation-delay=\"0\" data-parallax=\"false\" data-move=\"false\" data-coordinatex=\"0\" data-coordinatey=\"0\" data-speed=\"10\"><span class=\"hover\"><\/span><span class=\"regular\"><\/span><span class=\"glint\"><\/span><span class=\"text\">Manual de usuario de llave dinamom\u00e9trica hidr\u00e1ulica de accionamiento cuadrado 5MXTD.pdf<\/span><span class=\"icon fas fa-cloud-download-alt\"><\/span><\/a><span class=\"et-gap et-clearfix et-gap-356567\"><\/span><a id=\"et-button-643125\" class=\"et-button icon-position-right modal-false large hover-glint click-none has-icon\" target=\"_self\" href=\"http:\/\/marx-power.com\/wp-content\/uploads\/2021\/09\/Manual-of-8MXTD-hydraulic-torque-wrench.pdf\" data-animation-delay=\"0\" data-parallax=\"false\" data-move=\"false\" data-coordinatex=\"0\" data-coordinatey=\"0\" data-speed=\"10\"><span class=\"hover\"><\/span><span class=\"regular\"><\/span><span class=\"glint\"><\/span><span class=\"text\">Manual de usuario de llave dinamom\u00e9trica hidr\u00e1ulica de accionamiento cuadrado 8MXTD.pdf<\/span><span class=\"icon fas fa-cloud-download-alt\"><\/span><\/a><span class=\"et-gap et-clearfix et-gap-356567\"><\/span><a id=\"et-button-893046\" class=\"et-button icon-position-right modal-false large hover-glint click-none has-icon\" target=\"_self\" href=\"http:\/\/marx-power.com\/wp-content\/uploads\/2021\/09\/Manual-of-20KLCD-Hydraulic-Torque-Wrench.pdf\" data-animation-delay=\"0\" data-parallax=\"false\" data-move=\"false\" data-coordinatex=\"0\" data-coordinatey=\"0\" data-speed=\"10\"><span class=\"hover\"><\/span><span class=\"regular\"><\/span><span class=\"glint\"><\/span><span class=\"text\">Manual de usuario de llave dinamom\u00e9trica hidr\u00e1ulica de perfil bajo 20KLCD.pdf<\/span><span class=\"icon fas fa-cloud-download-alt\"><\/span><\/a><span class=\"et-gap et-clearfix et-gap-356567\"><\/span><a id=\"et-button-98612\" class=\"et-button icon-position-right modal-false large hover-glint click-none has-icon\" target=\"_self\" href=\"http:\/\/marx-power.com\/wp-content\/uploads\/2021\/09\/Manual-of-1WHCD-hydraulic-torque-wrench.pdf\" data-animation-delay=\"0\" data-parallax=\"false\" data-move=\"false\" data-coordinatex=\"0\" data-coordinatey=\"0\" data-speed=\"10\"><span class=\"hover\"><\/span><span class=\"regular\"><\/span><span class=\"glint\"><\/span><span class=\"text\">Manual de usuario de llave dinamom\u00e9trica hidr\u00e1ulica hueca 1WHCD.pdf<\/span><span class=\"icon fas fa-cloud-download-alt\"><\/span><\/a><span class=\"et-gap et-clearfix et-gap-356567\"><\/span><a id=\"et-button-207493\" class=\"et-button icon-position-right modal-false large hover-glint click-none has-icon\" target=\"_self\" href=\"http:\/\/marx-power.com\/wp-content\/uploads\/2021\/09\/Manual-of-25WHCD-Hydraulic-Torque-Wrench.pdf\" data-animation-delay=\"0\" data-parallax=\"false\" data-move=\"false\" data-coordinatex=\"0\" data-coordinatey=\"0\" data-speed=\"10\"><span class=\"hover\"><\/span><span class=\"regular\"><\/span><span class=\"glint\"><\/span><span class=\"text\">Manual de usuario de llave hidr\u00e1ulica de perfil bajo 25WHCD.pdf<\/span><span class=\"icon fas fa-cloud-download-alt\"><\/span><\/a><span class=\"et-gap et-clearfix et-gap-356567\"><\/span><a id=\"et-button-426081\" class=\"et-button icon-position-right modal-false large hover-glint click-none has-icon\" target=\"_self\" href=\"http:\/\/marx-power.com\/wp-content\/uploads\/2021\/09\/AXT-hydraulic-wrench-user-manual.pdf\" data-animation-delay=\"0\" data-parallax=\"false\" data-move=\"false\" data-coordinatex=\"0\" data-coordinatey=\"0\" data-speed=\"10\"><span class=\"hover\"><\/span><span class=\"regular\"><\/span><span class=\"glint\"><\/span><span class=\"text\">Manual de usuario de llave dinamom\u00e9trica hidr\u00e1ulica serie AXT.pdf<\/span><span class=\"icon fas fa-cloud-download-alt\"><\/span><\/a><span class=\"et-gap et-clearfix et-gap-356567\"><\/span><a id=\"et-button-669980\" class=\"et-button icon-position-right modal-false large hover-glint click-none has-icon\" target=\"_self\" href=\"http:\/\/marx-power.com\/wp-content\/uploads\/2021\/09\/MSD48.2.122.pdf\" data-animation-delay=\"0\" data-parallax=\"false\" data-move=\"false\" data-coordinatex=\"0\" data-coordinatey=\"0\" data-speed=\"10\"><span class=\"hover\"><\/span><span class=\"regular\"><\/span><span class=\"glint\"><\/span><span class=\"text\">Manual de usuario del tensor de perno hidr\u00e1ulico MSD.pdf<\/span><span class=\"icon fas fa-cloud-download-alt\"><\/span><\/a><span class=\"et-gap et-clearfix et-gap-356567\"><\/span><a id=\"et-button-153968\" class=\"et-button icon-position-right modal-false large hover-glint click-none has-icon\" target=\"_self\" href=\"http:\/\/marx-power.com\/wp-content\/uploads\/2019\/02\/ISP304-User-Manual.pdf\" data-animation-delay=\"0\" data-parallax=\"false\" data-move=\"false\" data-coordinatex=\"0\" data-coordinatey=\"0\" data-speed=\"10\"><span class=\"hover\"><\/span><span class=\"regular\"><\/span><span class=\"glint\"><\/span><span class=\"text\">Manual de usuario de la bomba hidr\u00e1ulica ISP304.pdf<\/span><span class=\"icon fas fa-cloud-download-alt\"><\/span><\/a><span class=\"et-gap et-clearfix et-gap-356567\"><\/span>\t\t<\/div>\n\t\t\t<\/div>\n<\/div><div class=\"wpb_column vc_column_container vc_col-sm-6 text-align-none\" >\n\t<div class=\"vc_column-inner\" >\n\t\t<div class=\"wpb_wrapper\">\n\t\t\t<a id=\"et-button-800230\" class=\"et-button icon-position-right modal-false large hover-glint click-none has-icon\" target=\"_self\" href=\"http:\/\/marx-power.com\/wp-content\/uploads\/2021\/09\/HLD3.pdf\" data-animation-delay=\"0\" data-parallax=\"false\" data-move=\"false\" data-coordinatex=\"0\" data-coordinatey=\"0\" data-speed=\"10\"><span class=\"hover\"><\/span><span class=\"regular\"><\/span><span class=\"glint\"><\/span><span class=\"text\">Manual de usuario del tensor de perno hidr\u00e1ulico HLD3.pdf<\/span><span class=\"icon fas fa-cloud-download-alt\"><\/span><\/a><span class=\"et-gap et-clearfix et-gap-356567\"><\/span><a id=\"et-button-618427\" class=\"et-button icon-position-right modal-false large hover-glint click-none has-icon\" target=\"_self\" href=\"http:\/\/marx-power.com\/wp-content\/uploads\/2021\/09\/PLD.pdf\" data-animation-delay=\"0\" data-parallax=\"false\" data-move=\"false\" data-coordinatex=\"0\" data-coordinatey=\"0\" data-speed=\"10\"><span class=\"hover\"><\/span><span class=\"regular\"><\/span><span class=\"glint\"><\/span><span class=\"text\">Manual de usuario del tensor de perno hidr\u00e1ulico PLD.pdf<\/span><span class=\"icon fas fa-cloud-download-alt\"><\/span><\/a><span class=\"et-gap et-clearfix et-gap-356567\"><\/span><a id=\"et-button-966168\" class=\"et-button icon-position-right modal-false large hover-glint click-none has-icon\" target=\"_self\" href=\"http:\/\/marx-power.com\/wp-content\/uploads\/2021\/09\/EMP304-user-manual.pdf\" data-animation-delay=\"0\" data-parallax=\"false\" data-move=\"false\" data-coordinatex=\"0\" data-coordinatey=\"0\" data-speed=\"10\"><span class=\"hover\"><\/span><span class=\"regular\"><\/span><span class=\"glint\"><\/span><span class=\"text\">Manual de usuario de la bomba de par hidr\u00e1ulica el\u00e9ctrica EMP304.pdf<\/span><span class=\"icon fas fa-cloud-download-alt\"><\/span><\/a><span class=\"et-gap et-clearfix et-gap-356567\"><\/span><a id=\"et-button-242689\" class=\"et-button icon-position-right modal-false large hover-glint click-none has-icon\" target=\"_self\" href=\"http:\/\/marx-power.com\/wp-content\/uploads\/2021\/09\/EMP204X.pdf\" data-animation-delay=\"0\" data-parallax=\"false\" data-move=\"false\" data-coordinatex=\"0\" data-coordinatey=\"0\" data-speed=\"10\"><span class=\"hover\"><\/span><span class=\"regular\"><\/span><span class=\"glint\"><\/span><span class=\"text\">Manual de usuario de la bomba de par hidr\u00e1ulica el\u00e9ctrica EMP204X.pdf<\/span><span class=\"icon fas fa-cloud-download-alt\"><\/span><\/a><span class=\"et-gap et-clearfix et-gap-356567\"><\/span><a id=\"et-button-18668\" class=\"et-button icon-position-right modal-false large hover-glint click-none has-icon\" target=\"_self\" href=\"http:\/\/marx-power.com\/wp-content\/uploads\/2021\/09\/QMP304-user-manual.pdf\" data-animation-delay=\"0\" data-parallax=\"false\" data-move=\"false\" data-coordinatex=\"0\" data-coordinatey=\"0\" data-speed=\"10\"><span class=\"hover\"><\/span><span class=\"regular\"><\/span><span class=\"glint\"><\/span><span class=\"text\">Manual de usuario de la bomba de par hidr\u00e1ulica neum\u00e1tica QMP304.pdf<\/span><span class=\"icon fas fa-cloud-download-alt\"><\/span><\/a><span class=\"et-gap et-clearfix et-gap-356567\"><\/span><a id=\"et-button-95569\" class=\"et-button icon-position-right modal-false large hover-glint click-none has-icon\" target=\"_self\" href=\"http:\/\/marx-power.com\/wp-content\/uploads\/2021\/09\/AMP-user-manual.pdf\" data-animation-delay=\"0\" data-parallax=\"false\" data-move=\"false\" data-coordinatex=\"0\" data-coordinatey=\"0\" data-speed=\"10\"><span class=\"hover\"><\/span><span class=\"regular\"><\/span><span class=\"glint\"><\/span><span class=\"text\">Manual de usuario de la bomba de par hidr\u00e1ulica AMP304.pdf<\/span><span class=\"icon fas fa-cloud-download-alt\"><\/span><\/a><span class=\"et-gap et-clearfix et-gap-356567\"><\/span><a id=\"et-button-830277\" class=\"et-button icon-position-right modal-false large hover-glint click-none has-icon\" target=\"_self\" href=\"http:\/\/marx-power.com\/wp-content\/uploads\/2021\/09\/The-manual-of-FB204-explosion-proof-pump-station-2.pdf\" data-animation-delay=\"0\" data-parallax=\"false\" data-move=\"false\" data-coordinatex=\"0\" data-coordinatey=\"0\" data-speed=\"10\"><span class=\"hover\"><\/span><span class=\"regular\"><\/span><span class=\"glint\"><\/span><span class=\"text\">FB204 Manual de usuario de bomba hidr\u00e1ulica a prueba de explosiones.pdf<\/span><span class=\"icon fas fa-cloud-download-alt\"><\/span><\/a><span class=\"et-gap et-clearfix et-gap-356567\"><\/span><a id=\"et-button-547780\" class=\"et-button icon-position-right modal-false large hover-glint click-none has-icon\" target=\"_self\" href=\"http:\/\/marx-power.com\/wp-content\/uploads\/2021\/09\/EPX2000.pdf\" data-animation-delay=\"0\" data-parallax=\"false\" data-move=\"false\" data-coordinatex=\"0\" data-coordinatey=\"0\" data-speed=\"10\"><span class=\"hover\"><\/span><span class=\"regular\"><\/span><span class=\"glint\"><\/span><span class=\"text\">Manual de usuario de la bomba de par hidr\u00e1ulica el\u00e9ctrica EPX2000.pdf<\/span><span class=\"icon fas fa-cloud-download-alt\"><\/span><\/a><span class=\"et-gap et-clearfix et-gap-356567\"><\/span><a id=\"et-button-355382\" class=\"et-button icon-position-right modal-false large hover-glint click-none has-icon\" target=\"_self\" href=\"http:\/\/marx-power.com\/wp-content\/uploads\/2021\/09\/SP2004-User-Manual.pdf\" data-animation-delay=\"0\" data-parallax=\"false\" data-move=\"false\" data-coordinatex=\"0\" data-coordinatey=\"0\" data-speed=\"10\"><span class=\"hover\"><\/span><span class=\"regular\"><\/span><span class=\"glint\"><\/span><span class=\"text\">Manual de usuario de bomba el\u00e9ctrica de ultra alta presi\u00f3n SP2004.pdf<\/span><span class=\"icon fas fa-cloud-download-alt\"><\/span><\/a><span class=\"et-gap et-clearfix et-gap-356567\"><\/span><a id=\"et-button-920017\" class=\"et-button icon-position-right modal-false large hover-glint click-none has-icon\" target=\"_self\" href=\"http:\/\/marx-power.com\/wp-content\/uploads\/2021\/09\/HAC100-En.pdf\" data-animation-delay=\"0\" data-parallax=\"false\" data-move=\"false\" data-coordinatex=\"0\" data-coordinatey=\"0\" data-speed=\"10\"><span class=\"hover\"><\/span><span class=\"regular\"><\/span><span class=\"glint\"><\/span><span class=\"text\">Manual de usuario de funcionamiento del extractor hidr\u00e1ulico HAC100.pdf<\/span><span class=\"icon fas fa-cloud-download-alt\"><\/span><\/a>\t\t<\/div>\n\t\t\t<\/div>\n<\/div>\t<\/div>\n\t\t<\/div><div class=\"vc_row wpb_row vc_row-fluid vc_column-gap-24\" >\n\t<div class=\"container et-clearfix\">\n\t\t<div class=\"wpb_column vc_column_container vc_col-sm-12 text-align-none\" >\n\t<div class=\"vc_column-inner\" >\n\t\t<div class=\"wpb_wrapper\">\n\t\t\t<h3 class=\"et-heading text-align-center tablet-text-align-inherit mobile-text-align-inherit animate-false no-animation-type\" id=\"et-heading-736543\" data-delay=\"0\" data-mobile-font=\"inherit\" data-mobile-line-height=\"inherit\" data-tablet-landscape-font=\"inherit\" data-tablet-portrait-font=\"inherit\" data-tablet-landscape-line-height=\"inherit\" data-tablet-portrait-line-height=\"inherit\" data-parallax=\"false\" data-move=\"false\" data-coordinatex=\"0\" data-coordinatey=\"0\" data-speed=\"10\"><span class=\"text-wrapper\"><span class=\"text\">Tabla de Presi\u00f3n y Torque<\/span><\/span><\/h3>\t\t<\/div>\n\t\t\t<\/div>\n<\/div>\t<\/div>\n\t\t<\/div><div class=\"vc_row wpb_row vc_row-fluid vc_column-gap-2 vc-row-575887\" >\n\t<div class=\"container et-clearfix\">\n\t\t<div class=\"wpb_column vc_column_container vc_col-sm-6 text-align-none\" >\n\t<div class=\"vc_column-inner\" >\n\t\t<div class=\"wpb_wrapper\">\n\t\t\t<a id=\"et-button-486985\" class=\"et-button icon-position-right modal-false large hover-glint click-none has-icon\" target=\"_self\" href=\"http:\/\/marx-power.com\/wp-content\/uploads\/2019\/02\/AXT-Series-Hydraulic-Torque-Wrenches-Chart-of-Pressure-and-Torque.pdf\" data-animation-delay=\"0\" data-parallax=\"false\" data-move=\"false\" data-coordinatex=\"0\" data-coordinatey=\"0\" data-speed=\"10\"><span class=\"hover\"><\/span><span class=\"regular\"><\/span><span class=\"glint\"><\/span><span class=\"text\">Llaves dinamom\u00e9tricas hidr\u00e1ulicas serie AXT.pdf<\/span><span class=\"icon fas fa-cloud-download-alt\"><\/span><\/a><span class=\"et-gap et-clearfix et-gap-356567\"><\/span><a id=\"et-button-365905\" class=\"et-button icon-position-right modal-false large hover-glint click-none has-icon\" target=\"_self\" href=\"http:\/\/marx-power.com\/wp-content\/uploads\/2019\/02\/KLCD-Series-Hydraulic-Torque-Wrenches-Chart-of-Pressure-and-Torque.pdf\" data-animation-delay=\"0\" data-parallax=\"false\" data-move=\"false\" data-coordinatex=\"0\" data-coordinatey=\"0\" data-speed=\"10\"><span class=\"hover\"><\/span><span class=\"regular\"><\/span><span class=\"glint\"><\/span><span class=\"text\">Llaves dinamom\u00e9tricas hidr\u00e1ulicas serie KLCD.pdf<\/span><span class=\"icon fas fa-cloud-download-alt\"><\/span><\/a><span class=\"et-gap et-clearfix et-gap-356567\"><\/span><a id=\"et-button-253700\" class=\"et-button icon-position-right modal-false large hover-glint click-none has-icon\" target=\"_self\" href=\"http:\/\/marx-power.com\/wp-content\/uploads\/2019\/02\/WHCD-Series-Hydraulic-Torque-Wrenches-Chart-of-Pressure-and-Torque.pdf\" data-animation-delay=\"0\" data-parallax=\"false\" data-move=\"false\" data-coordinatex=\"0\" data-coordinatey=\"0\" data-speed=\"10\"><span class=\"hover\"><\/span><span class=\"regular\"><\/span><span class=\"glint\"><\/span><span class=\"text\">Llaves dinamom\u00e9tricas hidr\u00e1ulicas serie WHCD.pdf<\/span><span class=\"icon fas fa-cloud-download-alt\"><\/span><\/a><span class=\"et-gap et-clearfix et-gap-356567\"><\/span>\t\t<\/div>\n\t\t\t<\/div>\n<\/div><div class=\"wpb_column vc_column_container vc_col-sm-6 text-align-none\" >\n\t<div class=\"vc_column-inner\" >\n\t\t<div class=\"wpb_wrapper\">\n\t\t\t<a id=\"et-button-280035\" class=\"et-button icon-position-right modal-false large hover-glint click-none has-icon\" target=\"_self\" href=\"http:\/\/marx-power.com\/wp-content\/uploads\/2019\/02\/BXTD-Series-Hydraulic-Torque-Wrenches-Chart-of-Pressure-and-Torque.pdf\" data-animation-delay=\"0\" data-parallax=\"false\" data-move=\"false\" data-coordinatex=\"0\" data-coordinatey=\"0\" data-speed=\"10\"><span class=\"hover\"><\/span><span class=\"regular\"><\/span><span class=\"glint\"><\/span><span class=\"text\">Llaves dinamom\u00e9tricas hidr\u00e1ulicas serie BXTD.pdf<\/span><span class=\"icon fas fa-cloud-download-alt\"><\/span><\/a><span class=\"et-gap et-clearfix et-gap-356567\"><\/span><a id=\"et-button-471348\" class=\"et-button icon-position-right modal-false large hover-glint click-none has-icon\" target=\"_self\" href=\"http:\/\/marx-power.com\/wp-content\/uploads\/2019\/02\/MXTD-Series-Hydraulic-Torque-Wrenches-Chart-of-Pressure-and-Torque.pdf\" data-animation-delay=\"0\" data-parallax=\"false\" data-move=\"false\" data-coordinatex=\"0\" data-coordinatey=\"0\" data-speed=\"10\"><span class=\"hover\"><\/span><span class=\"regular\"><\/span><span class=\"glint\"><\/span><span class=\"text\">Llaves dinamom\u00e9tricas hidr\u00e1ulicas serie MXTD.pdf<\/span><span class=\"icon fas fa-cloud-download-alt\"><\/span><\/a>\t\t<\/div>\n\t\t\t<\/div>\n<\/div>\t<\/div>\n\t\t<\/div><div class=\"vc_row wpb_row vc_row-fluid vc_column-gap-24\" >\n\t<div class=\"container et-clearfix\">\n\t\t<div class=\"wpb_column vc_column_container vc_col-sm-12 text-align-none\" >\n\t<div class=\"vc_column-inner\" >\n\t\t<div class=\"wpb_wrapper\">\n\t\t\t<h3 class=\"et-heading text-align-center tablet-text-align-inherit mobile-text-align-inherit animate-false no-animation-type\" id=\"et-heading-287533\" data-delay=\"0\" data-mobile-font=\"inherit\" data-mobile-line-height=\"inherit\" data-tablet-landscape-font=\"inherit\" data-tablet-portrait-font=\"inherit\" data-tablet-landscape-line-height=\"inherit\" data-tablet-portrait-line-height=\"inherit\" data-parallax=\"false\" data-move=\"false\" data-coordinatex=\"0\" data-coordinatey=\"0\" data-speed=\"10\"><span class=\"text-wrapper\"><span class=\"text\">Gr\u00e1fico de presi\u00f3n y fuerza de tracci\u00f3n<\/span><\/span><\/h3>\t\t<\/div>\n\t\t\t<\/div>\n<\/div>\t<\/div>\n\t\t<\/div><div class=\"vc_row wpb_row vc_row-fluid vc_custom_1661242963696 vc_column-gap-2 vc-row-687668\" >\n\t<div class=\"container et-clearfix\">\n\t\t<div class=\"wpb_column vc_column_container vc_col-sm-6 text-align-none\" >\n\t<div class=\"vc_column-inner\" >\n\t\t<div class=\"wpb_wrapper\">\n\t\t\t<a id=\"et-button-172042\" class=\"et-button icon-position-right modal-false large hover-glint click-none has-icon\" target=\"_self\" href=\"http:\/\/marx-power.com\/wp-content\/uploads\/2019\/02\/DLD-Series-Hydraulic-Bolt-Tensioner-Chart-of-Pressure-and-Tensile-Force.pdf\" data-animation-delay=\"0\" data-parallax=\"false\" data-move=\"false\" data-coordinatex=\"0\" data-coordinatey=\"0\" data-speed=\"10\"><span class=\"hover\"><\/span><span class=\"regular\"><\/span><span class=\"glint\"><\/span><span class=\"text\">Tensor de perno hidr\u00e1ulico serie DLD.pdf<\/span><span class=\"icon fas fa-cloud-download-alt\"><\/span><\/a><span class=\"et-gap et-clearfix et-gap-356567\"><\/span><a id=\"et-button-314800\" class=\"et-button icon-position-right modal-false large hover-glint click-none has-icon\" target=\"_self\" href=\"http:\/\/marx-power.com\/wp-content\/uploads\/2019\/02\/MSD-Series-Hydraulic-Bolt-Tensioner-Chart-of-Pressure-and-Tensile-Force.pdf\" data-animation-delay=\"0\" data-parallax=\"false\" data-move=\"false\" data-coordinatex=\"0\" data-coordinatey=\"0\" data-speed=\"10\"><span class=\"hover\"><\/span><span class=\"regular\"><\/span><span class=\"glint\"><\/span><span class=\"text\">Tensor de perno hidr\u00e1ulico serie MSD.pdf<\/span><span class=\"icon fas fa-cloud-download-alt\"><\/span><\/a><span class=\"et-gap et-clearfix et-gap-356567\"><\/span>\t\t<\/div>\n\t\t\t<\/div>\n<\/div><div class=\"wpb_column vc_column_container vc_col-sm-6 text-align-none\" >\n\t<div class=\"vc_column-inner\" >\n\t\t<div class=\"wpb_wrapper\">\n\t\t\t<a id=\"et-button-512510\" class=\"et-button icon-position-right modal-false large hover-glint click-none has-icon\" target=\"_self\" href=\"http:\/\/marx-power.com\/wp-content\/uploads\/2019\/02\/HLD-Series-Hydraulic-Bolt-Tensioner-Chart-of-Pressure-and-Tensile-Force.pdf\" data-animation-delay=\"0\" data-parallax=\"false\" data-move=\"false\" data-coordinatex=\"0\" data-coordinatey=\"0\" data-speed=\"10\"><span class=\"hover\"><\/span><span class=\"regular\"><\/span><span class=\"glint\"><\/span><span class=\"text\">Tensor de perno hidr\u00e1ulico serie HLD.pdf<\/span><span class=\"icon fas fa-cloud-download-alt\"><\/span><\/a>\t\t<\/div>\n\t\t\t<\/div>\n<\/div>\t<\/div>\n\t\t<\/div>","protected":false},"excerpt":{"rendered":"2022 TorcStark Bolting Tools Catalogue Hydraulic Tools User Manual Cylinder And Synchronous Lifting System.pdf3MXTD Square Drive Hydraulic Torque Wrench User Manual.pdf5MXTD Square Drive Hydraulic Torque Wrench User Manual.pdf8MXTD Square Drive Hydraulic Torque Wrench User Manual.pdf20KLCD Low Profile Hydraulic Torque Wrench User Manual.pdf1WHCD Hollow Hydraulic Torque Wrench User Manual.pdf25WHCD Low Profile Hydraulic Wrench User Manual.pdfAXT Series [...]","protected":false},"author":1,"featured_media":0,"parent":0,"menu_order":0,"comment_status":"closed","ping_status":"closed","template":"page-vc.php","meta":{"footnotes":""},"class_list":["post-19049","page","type-page","status-publish","hentry"],"_links":{"self":[{"href":"https:\/\/marx-power.com\/es\/wp-json\/wp\/v2\/pages\/19049","targetHints":{"allow":["GET"]}}],"collection":[{"href":"https:\/\/marx-power.com\/es\/wp-json\/wp\/v2\/pages"}],"about":[{"href":"https:\/\/marx-power.com\/es\/wp-json\/wp\/v2\/types\/page"}],"author":[{"embeddable":true,"href":"https:\/\/marx-power.com\/es\/wp-json\/wp\/v2\/users\/1"}],"replies":[{"embeddable":true,"href":"https:\/\/marx-power.com\/es\/wp-json\/wp\/v2\/comments?post=19049"}],"version-history":[{"count":0,"href":"https:\/\/marx-power.com\/es\/wp-json\/wp\/v2\/pages\/19049\/revisions"}],"wp:attachment":[{"href":"https:\/\/marx-power.com\/es\/wp-json\/wp\/v2\/media?parent=19049"}],"curies":[{"name":"wp","href":"https:\/\/api.w.org\/{rel}","templated":true}]}}