{"id":19265,"date":"2022-08-15T01:52:29","date_gmt":"2022-08-15T01:52:29","guid":{"rendered":"https:\/\/torcstark.com\/?page_id=19265"},"modified":"2022-08-15T01:53:56","modified_gmt":"2022-08-15T01:53:56","slug":"automatic-3-jaw-hydraulic-bearing-puller","status":"publish","type":"page","link":"https:\/\/marx-power.com\/es\/extractor-de-cojinetes-hidraulico-de-3-mordazas-automatico\/","title":{"rendered":"Extractor de rodamientos hidr\u00e1ulico autom\u00e1tico de 3 mordazas"},"content":{"rendered":"<div class=\"vc_row wpb_row vc_row-fluid vc_column-gap-24 vc_row-o-content-middle vc_row-flex vc-row-130386\" >\n\t<div class=\"container et-clearfix\">\n\t\t<div class=\"wpb_column vc_column_container vc_col-sm-6 text-align-none\" >\n\t<div class=\"vc_column-inner\" >\n\t\t<div class=\"wpb_wrapper\">\n\t\t\t<div id=\"et-image-796513\" class=\"et-image alignnone curtain-left\" data-curtain=\"false\" data-animation-delay=\"0\" data-parallax=\"false\" data-move=\"false\" data-coordinatex=\"0\" data-coordinatey=\"0\" data-speed=\"10\"><img decoding=\"async\" width=\"t\" height=\"t\" src=\"https:\/\/marx-power.com\/wp-content\/uploads\/2022\/02\/Automatic-3-Jaw-Hydraulic-Bearing-Puller-1.jpg\" alt=\"Marx Power\u00ae\"><\/div>\t\t<\/div>\n\t\t\t<\/div>\n<\/div><div class=\"wpb_column vc_column_container vc_col-sm-6 text-align-none\" >\n\t<div class=\"vc_column-inner\" >\n\t\t<div class=\"wpb_wrapper\">\n\t\t\t\n<div class=\"wpb_text_column wpb_content_element\"  data-animation-delay=\"0\">\n\t<div class=\"wpb_wrapper\">\n\t\t<p>\u00b7 Extractor hidr\u00e1ulico autom\u00e1tico montado en veh\u00edculo de la serie HAC, dise\u00f1o hidr\u00e1ulico autom\u00e1tico, elevaci\u00f3n hidr\u00e1ulica autom\u00e1tica, herramientas de sujeci\u00f3n autom\u00e1tica, tracci\u00f3n autom\u00e1tica.<\/p>\n<p>\u00b7La estructura de la rueda de tracci\u00f3n tiene un dise\u00f1o de tres mordazas. El brazo de tracci\u00f3n\/garra de tracci\u00f3n est\u00e1 hecho de acero aleado de ultra alta resistencia. Dise\u00f1o de cilindro hidr\u00e1ulico de doble efecto.<\/p>\n<p>\u00b7V\u00e1lvula de seguridad incorporada en la estaci\u00f3n de bombeo hidr\u00e1ulico, la presi\u00f3n m\u00e1xima de trabajo es de 70 MPa.<\/p>\n<p>\u00b7Carro con ruedas para facilitar la movilidad.<\/p>\n<p>\u00b7Se puede configurar con un cabezal de extensi\u00f3n para aumentar la longitud del pist\u00f3n<\/p>\n\t<\/div>\n<\/div>\n\n\t\t<\/div>\n\t\t\t<\/div>\n<\/div>\t<\/div>\n\t\t<\/div><div class=\"vc_row wpb_row vc_row-fluid vc_column-gap-24\" >\n\t<div class=\"container et-clearfix\">\n\t\t<div class=\"wpb_column vc_column_container vc_col-sm-12 text-align-none\" >\n\t<div class=\"vc_column-inner\" >\n\t\t<div class=\"wpb_wrapper\">\n\t\t\t<h3 class=\"et-heading text-align-left tablet-text-align-inherit mobile-text-align-inherit animate-false no-animation-type\" id=\"et-heading-683940\" data-delay=\"0\" data-mobile-font=\"inherit\" data-mobile-line-height=\"inherit\" data-tablet-landscape-font=\"inherit\" data-tablet-portrait-font=\"inherit\" data-tablet-landscape-line-height=\"inherit\" data-tablet-portrait-line-height=\"inherit\" data-parallax=\"false\" data-move=\"false\" data-coordinatex=\"0\" data-coordinatey=\"0\" data-speed=\"10\"><span class=\"text-wrapper\"><span class=\"text\">Dibujo dimensional<\/span><\/span><\/h3><div id=\"et-image-769899\" class=\"et-image aligncenter curtain-left\" data-curtain=\"false\" data-animation-delay=\"0\" data-parallax=\"false\" data-move=\"false\" data-coordinatex=\"0\" data-coordinatey=\"0\" data-speed=\"10\"><img decoding=\"async\" width=\"t\" height=\"t\" src=\"https:\/\/marx-power.com\/wp-content\/uploads\/2022\/02\/Automatic-3-Jaw-Hydraulic-Bearing-Puller-1.png\" alt=\"Marx Power\u00ae\"><\/div><h3 class=\"et-heading text-align-left tablet-text-align-inherit mobile-text-align-inherit animate-false no-animation-type\" id=\"et-heading-917179\" data-delay=\"0\" data-mobile-font=\"inherit\" data-mobile-line-height=\"inherit\" data-tablet-landscape-font=\"inherit\" data-tablet-portrait-font=\"inherit\" data-tablet-landscape-line-height=\"inherit\" data-tablet-portrait-line-height=\"inherit\" data-parallax=\"false\" data-move=\"false\" data-coordinatex=\"0\" data-coordinatey=\"0\" data-speed=\"10\"><span class=\"text-wrapper\"><span class=\"text\">Especificaciones de la palanca de compensaci\u00f3n<\/span><\/span><\/h3><div class=\"vc_row wpb_row vc_inner vc_row-fluid vc_column-gap-24\"><div class=\"wpb_column vc_column_container vc_col-sm-6\"><div class=\"vc_column-inner\"><div class=\"wpb_wrapper\"><div id=\"et-image-223961\" class=\"et-image alignnone curtain-left\" data-curtain=\"false\" data-animation-delay=\"0\" data-parallax=\"false\" data-move=\"false\" data-coordinatex=\"0\" data-coordinatey=\"0\" data-speed=\"10\"><img decoding=\"async\" width=\"t\" height=\"t\" src=\"https:\/\/marx-power.com\/wp-content\/uploads\/2022\/02\/Automatic-3-Jaw-Hydraulic-Bearing-Puller-2.png\" alt=\"Marx Power\u00ae\"><\/div><\/div><\/div><\/div><div class=\"wpb_column vc_column_container vc_col-sm-6\"><div class=\"vc_column-inner\"><div class=\"wpb_wrapper\"><div class=\"wpb_text_column wpb_content_element\"  data-animation-delay=\"0\"><div class=\"wpb_wrapper\"><table><tbody><tr><td>Modelo<\/td><td>HAC50<\/td><td>HAC100<\/td><td>HAC150<\/td><\/tr><tr><td>Un (mm)<\/td><td>150<\/td><td>100<\/td><td>100<\/td><\/tr><tr><td>B (mm)<\/td><td>250<\/td><td>150<\/td><td width=\"23.3000%\">150<\/td><\/tr><tr><td>C (mm)<\/td><td>70<\/td><td>100<\/td><td>115<\/td><\/tr><\/tbody><\/table><\/div><\/div><\/div><\/div><\/div><\/div>\t\t<\/div>\n\t\t\t<\/div>\n<\/div>\t<\/div>\n\t\t<\/div><div class=\"vc_row wpb_row vc_row-fluid vc_column-gap-24\" >\n\t<div class=\"container et-clearfix\">\n\t\t<div class=\"wpb_column vc_column_container vc_col-sm-12 text-align-none\" >\n\t<div class=\"vc_column-inner\" >\n\t\t<div class=\"wpb_wrapper\">\n\t\t\t<h3 class=\"et-heading text-align-left tablet-text-align-inherit mobile-text-align-inherit animate-false no-animation-type\" id=\"et-heading-858543\" data-delay=\"0\" data-mobile-font=\"inherit\" data-mobile-line-height=\"inherit\" data-tablet-landscape-font=\"inherit\" data-tablet-portrait-font=\"inherit\" data-tablet-landscape-line-height=\"inherit\" data-tablet-portrait-line-height=\"inherit\" data-parallax=\"false\" data-move=\"false\" data-coordinatex=\"0\" data-coordinatey=\"0\" data-speed=\"10\"><span class=\"text-wrapper\"><span class=\"text\">Tabla de especificaciones<\/span><\/span><\/h3>\n<div class=\"wpb_text_column wpb_content_element\"  data-animation-delay=\"0\">\n\t<div class=\"wpb_wrapper\">\n\t\t<table>\n<tbody>\n<tr>\n<td width=\"45\">Modelo<\/td>\n<td width=\"55\">Capacidad del extractor T (Ton)<\/td>\n<td width=\"55\">Carrera del cilindro (mm)<\/td>\n<td width=\"48\">Longitud L(mm)<\/td>\n<td width=\"44\">Ancho (mm)<\/td>\n<td width=\"67\">Altura ajustable del centro del extractor H (mm)<\/td>\n<td width=\"60\">Longitud m\u00ednima de apertura mm<\/td>\n<td width=\"59\">Profundidad m\u00ednima de extracci\u00f3n mm<\/td>\n<td width=\"64\">Longitud m\u00e1xima de apertura mm<\/td>\n<td width=\"64\">Profundidad m\u00e1xima de extracci\u00f3n mm<\/td>\n<td width=\"47\">Fuente de alimentaci\u00f3n<\/td>\n<\/tr>\n<tr>\n<td width=\"45\">HAC 50<\/td>\n<td width=\"55\">50<\/td>\n<td width=\"55\">337<\/td>\n<td width=\"48\">2170<\/td>\n<td width=\"44\">824<\/td>\n<td width=\"67\">590-1165<\/td>\n<td width=\"60\">150<\/td>\n<td width=\"59\">675<\/td>\n<td width=\"64\">1100<\/td>\n<td width=\"64\">530<\/td>\n<td rowspan=\"3\" width=\"47\">380v\/ 50Hz<\/td>\n<\/tr>\n<tr>\n<td width=\"45\">HAC 100<\/td>\n<td width=\"55\">100<\/td>\n<td width=\"55\">250<\/td>\n<td width=\"48\">2295<\/td>\n<td width=\"44\">824<\/td>\n<td width=\"67\">730-1228<\/td>\n<td width=\"60\">150<\/td>\n<td width=\"59\">510<\/td>\n<td width=\"64\">1100<\/td>\n<td width=\"64\">425<\/td>\n<\/tr>\n<tr>\n<td width=\"45\">HAC 150<\/td>\n<td width=\"55\">150<\/td>\n<td width=\"55\">250<\/td>\n<td width=\"48\">2573<\/td>\n<td width=\"44\">1150<\/td>\n<td width=\"67\">820-1315<\/td>\n<td width=\"60\">200<\/td>\n<td width=\"59\">630<\/td>\n<td width=\"64\">1100<\/td>\n<td width=\"64\">473<\/td>\n<\/tr>\n<\/tbody>\n<\/table>\n\t<\/div>\n<\/div>\n\n\t\t<\/div>\n\t\t\t<\/div>\n<\/div>\t<\/div>\n\t\t<\/div><div class=\"vc_row wpb_row vc_row-fluid vc_column-gap-24\" >\n\t<div class=\"container et-clearfix\">\n\t\t<div class=\"wpb_column vc_column_container vc_col-sm-12 text-align-none\" >\n\t<div class=\"vc_column-inner\" >\n\t\t<div class=\"wpb_wrapper\">\n\t\t\t<h3 class=\"et-heading text-align-left tablet-text-align-inherit mobile-text-align-inherit animate-false no-animation-type\" id=\"et-heading-784421\" data-delay=\"0\" data-mobile-font=\"inherit\" data-mobile-line-height=\"inherit\" data-tablet-landscape-font=\"inherit\" data-tablet-portrait-font=\"inherit\" data-tablet-landscape-line-height=\"inherit\" data-tablet-portrait-line-height=\"inherit\" data-parallax=\"false\" data-move=\"false\" data-coordinatex=\"0\" data-coordinatey=\"0\" data-speed=\"10\"><span class=\"text-wrapper\"><span class=\"text\">Ponerse en contacto<\/span><\/span><\/h3>\n<div class=\"wpb_text_column wpb_content_element\"  data-animation-delay=\"0\">\n\t<div class=\"wpb_wrapper\">\n\t\t<p>Para todas las consultas de servicio, complete el formulario y nos pondremos en contacto con usted lo antes posible.<\/p>\n\t<\/div>\n<\/div>\n\n<div class=\"vc_row wpb_row vc_inner vc_row-fluid vc_column-gap-48 vc-row-670903\"><div class=\"wpb_column vc_column_container vc_col-sm-6\"><div class=\"vc_column-inner\"><div class=\"wpb_wrapper\"><div class=\"wpcf7 no-js\" id=\"wpcf7-f10615-o1\" lang=\"en-US\" dir=\"ltr\" data-wpcf7-id=\"10615\"><div class=\"screen-reader-response\"><p role=\"status\" aria-live=\"polite\" aria-atomic=\"true\"><\/p><ul><\/ul><\/div><form action=\"\/es\/wp-json\/wp\/v2\/pages\/19265#wpcf7-f10615-o1\" method=\"post\" class=\"wpcf7-form init\" aria-label=\"Formulario de contacto\" novalidate=\"novalidate\" data-status=\"init\" data-trp-original-action=\"\/es\/wp-json\/wp\/v2\/pages\/19265#wpcf7-f10615-o1\"><fieldset class=\"hidden-fields-container\"><input type=\"hidden\" name=\"_wpcf7\" value=\"10615\" \/><input type=\"hidden\" name=\"_wpcf7_version\" value=\"6.1.5\" \/><input type=\"hidden\" name=\"_wpcf7_locale\" value=\"en_US\" \/><input type=\"hidden\" name=\"_wpcf7_unit_tag\" value=\"wpcf7-f10615-o1\" \/><input type=\"hidden\" name=\"_wpcf7_container_post\" value=\"0\" \/><input type=\"hidden\" name=\"_wpcf7_posted_data_hash\" value=\"\" \/><\/fieldset><!-- \u7b2c\u4e00\u884c\uff1aFull Name + Email --><div style=\"display:flex; gap:4%; flex-direction: row; margin-bottom: -20px;\"><p><label> Full Name <span class=\"required-star\">*<\/span><br \/><span class=\"wpcf7-form-control-wrap\" data-name=\"full-name\"><input size=\"40\" maxlength=\"400\" class=\"wpcf7-form-control wpcf7-text wpcf7-validates-as-required\" aria-required=\"true\" aria-invalid=\"false\" placeholder=\"Robert Evans\" value=\"\" type=\"text\" name=\"full-name\" \/><\/span><\/label><\/p><p><label> Email Address <span class=\"required-star\">*<\/span><br \/><span class=\"wpcf7-form-control-wrap\" data-name=\"email\"><input size=\"40\" maxlength=\"400\" class=\"wpcf7-form-control wpcf7-email wpcf7-validates-as-required wpcf7-text wpcf7-validates-as-email\" aria-required=\"true\" aria-invalid=\"false\" placeholder=\"robert@example.com\" value=\"\" type=\"email\" name=\"email\" \/><\/span><\/label><\/p><\/div><div style=\"display:flex; gap:4%; flex-direction: row; margin-bottom: -20px;\"><p><label> Phone Number<br \/><span class=\"wpcf7-form-control-wrap\" data-name=\"phone\"><input size=\"40\" maxlength=\"400\" class=\"wpcf7-form-control wpcf7-tel wpcf7-text wpcf7-validates-as-tel\" aria-invalid=\"false\" placeholder=\"+1 (123) 456-7890\" value=\"\" type=\"tel\" name=\"phone\" \/><\/span><\/label><\/p><p><label> Pa\u00eds<br \/><span class=\"wpcf7-form-control-wrap\" data-name=\"country\"><input size=\"40\" maxlength=\"400\" class=\"wpcf7-form-control wpcf7-text\" aria-invalid=\"false\" placeholder=\"ABC inc.\" value=\"\" type=\"text\" name=\"country\" \/><\/span><\/label><\/p><\/div><!-- \u7b2c\u4e09\u884c\uff1aCompany Name --><p><label> Company Name<br \/><span class=\"wpcf7-form-control-wrap\" data-name=\"company\"><input size=\"40\" maxlength=\"400\" class=\"wpcf7-form-control wpcf7-text\" aria-invalid=\"false\" placeholder=\"Acme Inc\" value=\"\" type=\"text\" name=\"company\" \/><\/span><\/label><\/p><!-- \u7b2c\u56db\u884c\uff1aMessage --><p><label> Message <span class=\"required-star\">*<\/span><br \/><span class=\"wpcf7-form-control-wrap\" data-name=\"message\"><textarea cols=\"40\" rows=\"10\" maxlength=\"2000\" class=\"wpcf7-form-control wpcf7-textarea wpcf7-validates-as-required\" aria-required=\"true\" aria-invalid=\"false\" placeholder=\"Tell us about your inquiry...\" name=\"message\"><\/textarea><\/span><\/label><\/p><!-- \u7b2c\u4e94\u884c\uff1aPreferred Contact Method --><p>Preferred Contact Method<br \/><span class=\"wpcf7-form-control-wrap\" data-name=\"contact-method\"><span class=\"wpcf7-form-control wpcf7-radio\"><span class=\"wpcf7-list-item first\"><input type=\"radio\" name=\"contact-method\" value=\"email\" checked=\"checked\" \/><span class=\"wpcf7-list-item-label\">email<\/span><\/span><span class=\"wpcf7-list-item last\"><input type=\"radio\" name=\"contact-method\" value=\"phone\" \/><span class=\"wpcf7-list-item-label\">phone<\/span><\/span><\/span><\/span><\/p><!-- \u7b2c\u516d\u884c\uff1aSubmit --><p><input class=\"wpcf7-form-control wpcf7-submit has-spinner\" type=\"submit\" value=\"Send Message\" \/><\/p><div class=\"wpcf7-response-output\" aria-hidden=\"true\"><\/div><input type=\"hidden\" name=\"trp-form-language\" value=\"es\"\/><\/form><\/div><\/div><\/div><\/div><div class=\"wpb_column vc_column_container vc_col-sm-6\"><div class=\"vc_column-inner\"><div class=\"wpb_wrapper\"><div class=\"wpb_text_column wpb_content_element\"  data-animation-delay=\"0\"><div class=\"wpb_wrapper\"><ul><li>Todos los productos est\u00e1n dise\u00f1ados para superar los est\u00e1ndares de datos globales para equipos hidr\u00e1ulicos de alta presi\u00f3n.<\/li><li>Cada producto se someter\u00e1 a rigurosas pruebas f\u00edsicas antes del env\u00edo para garantizar la calidad del producto.<\/li><li>Todos los productos han pasado la inspecci\u00f3n de calidad de ISO9001 y EU CE y otras instituciones.<\/li><li>Proporcione herramientas seguras y confiables y un servicio posventa l\u00edder en la industria, todos los productos vienen con un servicio de garant\u00eda integral de 12 meses.<\/li><li>El stock es suficiente y se puede entregar r\u00e1pidamente despu\u00e9s de que el usuario realiza un pedido.<\/li><li>Se utiliza un inventario suficiente de piezas de repuesto para un mantenimiento r\u00e1pido y una operaci\u00f3n del producto a largo plazo.<\/li><\/ul><\/div><\/div><\/div><\/div><\/div><\/div>\t\t<\/div>\n\t\t\t<\/div>\n<\/div>\t<\/div>\n\t\t<\/div><div class=\"vc_row wpb_row vc_row-fluid vc_column-gap-24\" >\n\t<div class=\"container et-clearfix\">\n\t\t<div class=\"wpb_column vc_column_container vc_col-sm-12 text-align-none\" >\n\t<div class=\"vc_column-inner\" >\n\t\t<div class=\"wpb_wrapper\">\n\t\t\t<span class=\"et-gap et-clearfix et-gap-78325\"><\/span>\t\t<\/div>\n\t\t\t<\/div>\n<\/div>\t<\/div>\n\t\t<\/div>","protected":false},"excerpt":{"rendered":"\u00b7HAC-series automatic vehicle-mounted hydraulic puller, automatic hydraulic design, automatic hydraulic lifting, automatic clamping tooling, automatic pulling. \u00b7Pulling wheel structure is with three-jaw design. Pull arm\/pull claw is made of ultra-high-strength alloy steel. Double-acting hydraulic cylinder design. \u00b7Hydraulic pump station built-in safety valve, maximum working pressure is 70MPa. \u00b7Wheeled trolley for easy mobility. \u00b7Can be configured [...]","protected":false},"author":1,"featured_media":0,"parent":0,"menu_order":0,"comment_status":"closed","ping_status":"closed","template":"page-vc.php","meta":{"footnotes":""},"class_list":["post-19265","page","type-page","status-publish","hentry"],"_links":{"self":[{"href":"https:\/\/marx-power.com\/es\/wp-json\/wp\/v2\/pages\/19265","targetHints":{"allow":["GET"]}}],"collection":[{"href":"https:\/\/marx-power.com\/es\/wp-json\/wp\/v2\/pages"}],"about":[{"href":"https:\/\/marx-power.com\/es\/wp-json\/wp\/v2\/types\/page"}],"author":[{"embeddable":true,"href":"https:\/\/marx-power.com\/es\/wp-json\/wp\/v2\/users\/1"}],"replies":[{"embeddable":true,"href":"https:\/\/marx-power.com\/es\/wp-json\/wp\/v2\/comments?post=19265"}],"version-history":[{"count":0,"href":"https:\/\/marx-power.com\/es\/wp-json\/wp\/v2\/pages\/19265\/revisions"}],"wp:attachment":[{"href":"https:\/\/marx-power.com\/es\/wp-json\/wp\/v2\/media?parent=19265"}],"curies":[{"name":"wp","href":"https:\/\/api.w.org\/{rel}","templated":true}]}}