{"id":18856,"date":"2022-08-03T05:19:19","date_gmt":"2022-08-03T05:19:19","guid":{"rendered":"http:\/\/demo.torcstark.com\/?page_id=18856"},"modified":"2022-08-12T05:55:51","modified_gmt":"2022-08-12T05:55:51","slug":"3dcs-series-three-dimensional-lifting-system","status":"publish","type":"page","link":"https:\/\/marx-power.com\/fr\/systeme-de-levage-tridimensionnel-de-la-serie-3dcs\/","title":{"rendered":"Syst\u00e8me de levage tridimensionnel s\u00e9rie 3DCS"},"content":{"rendered":"<div class=\"vc_row wpb_row vc_row-fluid vc_column-gap-24 vc_row-o-content-middle vc_row-flex vc-row-795433\" >\n\t<div class=\"container et-clearfix\">\n\t\t<div class=\"wpb_column vc_column_container vc_col-sm-6 text-align-none\" >\n\t<div class=\"vc_column-inner\" >\n\t\t<div class=\"wpb_wrapper\">\n\t\t\t<div id=\"et-image-683366\" class=\"et-image alignnone curtain-left\" data-curtain=\"false\" data-animation-delay=\"0\" data-parallax=\"false\" data-move=\"false\" data-coordinatex=\"0\" data-coordinatey=\"0\" data-speed=\"10\"><img decoding=\"async\" width=\"t\" height=\"t\" src=\"https:\/\/marx-power.com\/wp-content\/uploads\/2022\/01\/3DCS-series-three-dimensional-lifting-system.jpg\" alt=\"Marx Power\u00ae\"><\/div>\t\t<\/div>\n\t\t\t<\/div>\n<\/div><div class=\"wpb_column vc_column_container vc_col-sm-6 text-align-none\" >\n\t<div class=\"vc_column-inner\" >\n\t\t<div class=\"wpb_wrapper\">\n\t\t\t\n<div class=\"wpb_text_column wpb_content_element\"  data-animation-delay=\"0\">\n\t<div class=\"wpb_wrapper\">\n\t\t<p>Ce syst\u00e8me est principalement utilis\u00e9 pour les d\u00e9placements verticaux \u00e0 courte distance (Y) et les d\u00e9placements horizontaux (X) \u00e0 faible hauteur.<br \/>\net d\u00e9placement longitudinal (Z) dans les domaines de la soudure de coque, pont de chemin de fer, pont routier ou poutre similaire<br \/>\ntype charge lourde. Les paires de friction coulissantes sont constitu\u00e9es d&#039;une base de cylindre, d&#039;une plaque coulissante en acier inoxydable de cylindre vertical<br \/>\nbase et plaque en PTFE au bas de la base du cylindre vertical, faible coefficient de frottement et mouvement stable.<\/p>\n<p>\u2022Grande capacit\u00e9 de chargement, capable de travailler pour une charge lourde de 100 tonnes \u00e0 6000 tonnes.<br \/>\n\u2022Haute pr\u00e9cision jusqu&#039;\u00e0 0,5\u00a0mm, le levage et l&#039;abaissement synchrones sont sous contr\u00f4le.<br \/>\n\u2022 Contr\u00f4le flexible en fonction des conditions de travail, de la capacit\u00e9 et du nombre de cylindres, de la pr\u00e9cision, etc.<br \/>\n\u2022Chaque point de commande est ind\u00e9pendant, capable de contr\u00f4ler un ou plusieurs d&#039;entre eux s\u00e9par\u00e9ment.<br \/>\n\u2022Conception de module, capable de contr\u00f4ler 4, 8, 12 et 16 points, jusqu&#039;\u00e0 99 points pour le contr\u00f4le en ligne.<br \/>\n\u2022Avec la fonction de stockage et d&#039;enregistrement des donn\u00e9es, il est facile de g\u00e9n\u00e9rer un rapport.<br \/>\n\u2022Interface humaine simple, op\u00e9ration facile, haut niveau d&#039;automatisation.<\/p>\n\t<\/div>\n<\/div>\n\n\t\t<\/div>\n\t\t\t<\/div>\n<\/div>\t<\/div>\n\t\t<\/div><div class=\"vc_row wpb_row vc_row-fluid vc_column-gap-24\" >\n\t<div class=\"container et-clearfix\">\n\t\t<div class=\"wpb_column vc_column_container vc_col-sm-12 text-align-none\" >\n\t<div class=\"vc_column-inner\" >\n\t\t<div class=\"wpb_wrapper\">\n\t\t\t<h3 class=\"et-heading text-align-left tablet-text-align-inherit mobile-text-align-inherit animate-false no-animation-type\" id=\"et-heading-872537\" data-delay=\"0\" data-mobile-font=\"inherit\" data-mobile-line-height=\"inherit\" data-tablet-landscape-font=\"inherit\" data-tablet-portrait-font=\"inherit\" data-tablet-landscape-line-height=\"inherit\" data-tablet-portrait-line-height=\"inherit\" data-parallax=\"false\" data-move=\"false\" data-coordinatex=\"0\" data-coordinatey=\"0\" data-speed=\"10\"><span class=\"text-wrapper\"><span class=\"text\">Dessin dimensionnel<br \/>\n<\/span><\/span><\/h3><div class=\"vc_row wpb_row vc_inner vc_row-fluid vc_column-gap-24\"><div class=\"wpb_column vc_column_container vc_col-sm-6\"><div class=\"vc_column-inner\"><div class=\"wpb_wrapper\"><div id=\"et-image-75167\" class=\"et-image aligncenter curtain-left\" data-curtain=\"false\" data-animation-delay=\"0\" data-parallax=\"false\" data-move=\"false\" data-coordinatex=\"0\" data-coordinatey=\"0\" data-speed=\"10\"><img decoding=\"async\" width=\"t\" height=\"t\" src=\"https:\/\/marx-power.com\/wp-content\/uploads\/2022\/01\/3DCS-series-three-dimensional-lifting-system-2.jpg\" alt=\"Marx Power\u00ae\"><\/div><\/div><\/div><\/div><div class=\"wpb_column vc_column_container vc_col-sm-6\"><div class=\"vc_column-inner\"><div class=\"wpb_wrapper\"><div id=\"et-image-803904\" class=\"et-image aligncenter curtain-left\" data-curtain=\"false\" data-animation-delay=\"0\" data-parallax=\"false\" data-move=\"false\" data-coordinatex=\"0\" data-coordinatey=\"0\" data-speed=\"10\"><img decoding=\"async\" width=\"t\" height=\"t\" src=\"https:\/\/marx-power.com\/wp-content\/uploads\/2022\/01\/3DCS-series-three-dimensional-lifting-system-application.jpg\" alt=\"Marx Power\u00ae\"><\/div><\/div><\/div><\/div><\/div><h3 class=\"et-heading text-align-left tablet-text-align-inherit mobile-text-align-inherit animate-false no-animation-type\" id=\"et-heading-599475\" data-delay=\"0\" data-mobile-font=\"inherit\" data-mobile-line-height=\"inherit\" data-tablet-landscape-font=\"inherit\" data-tablet-portrait-font=\"inherit\" data-tablet-landscape-line-height=\"inherit\" data-tablet-portrait-line-height=\"inherit\" data-parallax=\"false\" data-move=\"false\" data-coordinatex=\"0\" data-coordinatey=\"0\" data-speed=\"10\"><span class=\"text-wrapper\"><span class=\"text\">Tableau de sp\u00e9cifications<\/span><\/span><\/h3>\n<div class=\"wpb_text_column wpb_content_element\"  data-animation-delay=\"0\">\n\t<div class=\"wpb_wrapper\">\n\t\t<table class=\"table\">\n<tbody>\n<tr>\n<td>Mod\u00e8le<\/td>\n<td>Direction<\/td>\n<td>Capacit\u00e9 (T)<\/td>\n<td>Pression nominale (MPa)<\/td>\n<td>Course (mm)<\/td>\n<td>Surface efficace (cm2)<\/td>\n<td>Capacit\u00e9 d&#039;huile (cm3)<\/td>\n<td>Poids (kg)<\/td>\n<\/tr>\n<tr>\n<td rowspan=\"3\">3DCS100<\/td>\n<td>Oui<\/td>\n<td>100<\/td>\n<td rowspan=\"3\">70<\/td>\n<td>200<\/td>\n<td>132.7<\/td>\n<td>2655<\/td>\n<td rowspan=\"3\">312<\/td>\n<\/tr>\n<tr>\n<td>X<\/td>\n<td>30<\/td>\n<td>100<\/td>\n<td>42.1<\/td>\n<td>400<\/td>\n<\/tr>\n<tr>\n<td>Z<\/td>\n<td>30<\/td>\n<td>100<\/td>\n<td>42.1<\/td>\n<td>400<\/td>\n<\/tr>\n<tr>\n<td rowspan=\"3\">3DCS200<\/td>\n<td>Oui<\/td>\n<td>200<\/td>\n<td rowspan=\"3\">70<\/td>\n<td>200<\/td>\n<td>256.9<\/td>\n<td>5318<\/td>\n<td rowspan=\"3\">519<\/td>\n<\/tr>\n<tr>\n<td>X<\/td>\n<td>50<\/td>\n<td>100<\/td>\n<td>77<\/td>\n<td>770<\/td>\n<\/tr>\n<tr>\n<td>Z<\/td>\n<td>50<\/td>\n<td>100<\/td>\n<td>77<\/td>\n<td>770<\/td>\n<\/tr>\n<tr>\n<td rowspan=\"3\">3DCS300<\/td>\n<td>Oui<\/td>\n<td>300<\/td>\n<td rowspan=\"3\">70<\/td>\n<td>200<\/td>\n<td>456.2<\/td>\n<td>9124<\/td>\n<td rowspan=\"3\">738<\/td>\n<\/tr>\n<tr>\n<td>X<\/td>\n<td>75<\/td>\n<td>100<\/td>\n<td>102.6<\/td>\n<td>1067<\/td>\n<\/tr>\n<tr>\n<td>Z<\/td>\n<td>75<\/td>\n<td>100<\/td>\n<td>102.6<\/td>\n<td>1067<\/td>\n<\/tr>\n<tr>\n<td rowspan=\"3\">3DCS500<\/td>\n<td>Oui<\/td>\n<td>500<\/td>\n<td rowspan=\"3\">70<\/td>\n<td>200<\/td>\n<td>730.6<\/td>\n<td>14612<\/td>\n<td rowspan=\"3\">1904<\/td>\n<\/tr>\n<tr>\n<td>X<\/td>\n<td>150<\/td>\n<td>100<\/td>\n<td>198.6<\/td>\n<td>1986<\/td>\n<\/tr>\n<tr>\n<td>Z<\/td>\n<td>150<\/td>\n<td>100<\/td>\n<td>198.6<\/td>\n<td>1986<\/td>\n<\/tr>\n<tr>\n<td rowspan=\"3\">3DCS800<\/td>\n<td>Oui<\/td>\n<td>800<\/td>\n<td rowspan=\"3\">70<\/td>\n<td>200<\/td>\n<td>1176.3<\/td>\n<td>23524<\/td>\n<td rowspan=\"3\">3858<\/td>\n<\/tr>\n<tr>\n<td>X<\/td>\n<td>200<\/td>\n<td>100<\/td>\n<td>256.9<\/td>\n<td>2660<\/td>\n<\/tr>\n<tr>\n<td>Z<\/td>\n<td>200<\/td>\n<td>100<\/td>\n<td>256.9<\/td>\n<td>2660<\/td>\n<\/tr>\n<tr>\n<td rowspan=\"3\">3DCS1000<\/td>\n<td>Oui<\/td>\n<td>1000<\/td>\n<td rowspan=\"3\">70<\/td>\n<td>200<\/td>\n<td>1465.7<\/td>\n<td>29316<\/td>\n<td rowspan=\"3\">5366<\/td>\n<\/tr>\n<tr>\n<td>X<\/td>\n<td>300<\/td>\n<td>100<\/td>\n<td>456.2<\/td>\n<td>4562<\/td>\n<\/tr>\n<tr>\n<td>Z<\/td>\n<td>300<\/td>\n<td>100<\/td>\n<td>456.2<\/td>\n<td>4562<\/td>\n<\/tr>\n<\/tbody>\n<\/table>\n\t<\/div>\n<\/div>\n\n\t\t<\/div>\n\t\t\t<\/div>\n<\/div>\t<\/div>\n\t\t<\/div><div class=\"vc_row wpb_row vc_row-fluid vc_column-gap-24\" >\n\t<div class=\"container et-clearfix\">\n\t\t<div class=\"wpb_column vc_column_container vc_col-sm-12 text-align-none\" >\n\t<div class=\"vc_column-inner\" >\n\t\t<div class=\"wpb_wrapper\">\n\t\t\t<h3 class=\"et-heading text-align-left tablet-text-align-inherit mobile-text-align-inherit animate-false no-animation-type\" id=\"et-heading-784421\" data-delay=\"0\" data-mobile-font=\"inherit\" data-mobile-line-height=\"inherit\" data-tablet-landscape-font=\"inherit\" data-tablet-portrait-font=\"inherit\" data-tablet-landscape-line-height=\"inherit\" data-tablet-portrait-line-height=\"inherit\" data-parallax=\"false\" data-move=\"false\" data-coordinatex=\"0\" data-coordinatey=\"0\" data-speed=\"10\"><span class=\"text-wrapper\"><span class=\"text\">Entrer en contact<\/span><\/span><\/h3>\n<div class=\"wpb_text_column wpb_content_element\"  data-animation-delay=\"0\">\n\t<div class=\"wpb_wrapper\">\n\t\t<p>Pour toute demande de service, veuillez remplir le formulaire et nous vous r\u00e9pondrons dans les plus brefs d\u00e9lais.<\/p>\n\t<\/div>\n<\/div>\n\n<div class=\"vc_row wpb_row vc_inner vc_row-fluid vc_column-gap-48 vc-row-670903\"><div class=\"wpb_column vc_column_container vc_col-sm-6\"><div class=\"vc_column-inner\"><div class=\"wpb_wrapper\"><div class=\"wpcf7 no-js\" id=\"wpcf7-f10615-o1\" lang=\"en-US\" dir=\"ltr\" data-wpcf7-id=\"10615\"><div class=\"screen-reader-response\"><p role=\"status\" aria-live=\"polite\" aria-atomic=\"true\"><\/p><ul><\/ul><\/div><form action=\"\/fr\/wp-json\/wp\/v2\/pages\/18856#wpcf7-f10615-o1\" method=\"post\" class=\"wpcf7-form init\" aria-label=\"Formulaire de contact\" novalidate=\"novalidate\" data-status=\"init\" data-trp-original-action=\"\/fr\/wp-json\/wp\/v2\/pages\/18856#wpcf7-f10615-o1\"><fieldset class=\"hidden-fields-container\"><input type=\"hidden\" name=\"_wpcf7\" value=\"10615\" \/><input type=\"hidden\" name=\"_wpcf7_version\" value=\"6.1.5\" \/><input type=\"hidden\" name=\"_wpcf7_locale\" value=\"en_US\" \/><input type=\"hidden\" name=\"_wpcf7_unit_tag\" value=\"wpcf7-f10615-o1\" \/><input type=\"hidden\" name=\"_wpcf7_container_post\" value=\"0\" \/><input type=\"hidden\" name=\"_wpcf7_posted_data_hash\" value=\"\" \/><\/fieldset><!-- \u7b2c\u4e00\u884c\uff1aFull Name + Email --><div style=\"display:flex; gap:4%; flex-direction: row; margin-bottom: -20px;\"><p><label> Full Name <span class=\"required-star\">*<\/span><br \/><span class=\"wpcf7-form-control-wrap\" data-name=\"full-name\"><input size=\"40\" maxlength=\"400\" class=\"wpcf7-form-control wpcf7-text wpcf7-validates-as-required\" aria-required=\"true\" aria-invalid=\"false\" placeholder=\"Robert Evans\" value=\"\" type=\"text\" name=\"full-name\" \/><\/span><\/label><\/p><p><label> Email Address <span class=\"required-star\">*<\/span><br \/><span class=\"wpcf7-form-control-wrap\" data-name=\"email\"><input size=\"40\" maxlength=\"400\" class=\"wpcf7-form-control wpcf7-email wpcf7-validates-as-required wpcf7-text wpcf7-validates-as-email\" aria-required=\"true\" aria-invalid=\"false\" placeholder=\"robert@example.com\" value=\"\" type=\"email\" name=\"email\" \/><\/span><\/label><\/p><\/div><div style=\"display:flex; gap:4%; flex-direction: row; margin-bottom: -20px;\"><p><label> Phone Number<br \/><span class=\"wpcf7-form-control-wrap\" data-name=\"phone\"><input size=\"40\" maxlength=\"400\" class=\"wpcf7-form-control wpcf7-tel wpcf7-text wpcf7-validates-as-tel\" aria-invalid=\"false\" placeholder=\"+1 (123) 456-7890\" value=\"\" type=\"tel\" name=\"phone\" \/><\/span><\/label><\/p><p><label> Pays<br \/><span class=\"wpcf7-form-control-wrap\" data-name=\"country\"><input size=\"40\" maxlength=\"400\" class=\"wpcf7-form-control wpcf7-text\" aria-invalid=\"false\" placeholder=\"ABC inc.\" value=\"\" type=\"text\" name=\"country\" \/><\/span><\/label><\/p><\/div><!-- \u7b2c\u4e09\u884c\uff1aCompany Name --><p><label> Company Name<br \/><span class=\"wpcf7-form-control-wrap\" data-name=\"company\"><input size=\"40\" maxlength=\"400\" class=\"wpcf7-form-control wpcf7-text\" aria-invalid=\"false\" placeholder=\"Acme Inc\" value=\"\" type=\"text\" name=\"company\" \/><\/span><\/label><\/p><!-- \u7b2c\u56db\u884c\uff1aMessage --><p><label> Message <span class=\"required-star\">*<\/span><br \/><span class=\"wpcf7-form-control-wrap\" data-name=\"message\"><textarea cols=\"40\" rows=\"10\" maxlength=\"2000\" class=\"wpcf7-form-control wpcf7-textarea wpcf7-validates-as-required\" aria-required=\"true\" aria-invalid=\"false\" placeholder=\"Tell us about your inquiry...\" name=\"message\"><\/textarea><\/span><\/label><\/p><!-- \u7b2c\u4e94\u884c\uff1aPreferred Contact Method --><p>Preferred Contact Method<br \/><span class=\"wpcf7-form-control-wrap\" data-name=\"contact-method\"><span class=\"wpcf7-form-control wpcf7-radio\"><span class=\"wpcf7-list-item first\"><input type=\"radio\" name=\"contact-method\" value=\"email\" checked=\"checked\" \/><span class=\"wpcf7-list-item-label\">email<\/span><\/span><span class=\"wpcf7-list-item last\"><input type=\"radio\" name=\"contact-method\" value=\"phone\" \/><span class=\"wpcf7-list-item-label\">phone<\/span><\/span><\/span><\/span><\/p><!-- \u7b2c\u516d\u884c\uff1aSubmit --><p><input class=\"wpcf7-form-control wpcf7-submit has-spinner\" type=\"submit\" value=\"Send Message\" \/><\/p><div class=\"wpcf7-response-output\" aria-hidden=\"true\"><\/div><input type=\"hidden\" name=\"trp-form-language\" value=\"fr\"\/><\/form><\/div><\/div><\/div><\/div><div class=\"wpb_column vc_column_container vc_col-sm-6\"><div class=\"vc_column-inner\"><div class=\"wpb_wrapper\"><div class=\"wpb_text_column wpb_content_element\"  data-animation-delay=\"0\"><div class=\"wpb_wrapper\"><ul><li>Tous les produits sont con\u00e7us pour d\u00e9passer les normes de donn\u00e9es mondiales pour les \u00e9quipements hydrauliques haute pression.<\/li><li>Chaque produit sera soumis \u00e0 des tests physiques rigoureux avant l&#039;exp\u00e9dition pour garantir la qualit\u00e9 du produit.<\/li><li>Tous les produits ont pass\u00e9 l&#039;inspection de qualit\u00e9 ISO9001 et EU CE et d&#039;autres institutions.<\/li><li>Fournissez des outils s\u00fbrs et fiables et un service apr\u00e8s-vente de pointe, tous les produits sont livr\u00e9s avec un service de garantie complet de 12 mois.<\/li><li>Le stock est suffisant et peut \u00eatre livr\u00e9 rapidement apr\u00e8s la commande de l&#039;utilisateur.<\/li><li>Un stock suffisant de pi\u00e8ces de rechange est utilis\u00e9 pour une maintenance rapide et un fonctionnement \u00e0 long terme du produit.<\/li><\/ul><\/div><\/div><\/div><\/div><\/div><\/div>\t\t<\/div>\n\t\t\t<\/div>\n<\/div>\t<\/div>\n\t\t<\/div><div class=\"vc_row wpb_row vc_row-fluid vc_column-gap-24\" >\n\t<div class=\"container et-clearfix\">\n\t\t<div class=\"wpb_column vc_column_container vc_col-sm-12 text-align-none\" >\n\t<div class=\"vc_column-inner\" >\n\t\t<div class=\"wpb_wrapper\">\n\t\t\t<span class=\"et-gap et-clearfix et-gap-78325\"><\/span>\t\t<\/div>\n\t\t\t<\/div>\n<\/div>\t<\/div>\n\t\t<\/div>","protected":false},"excerpt":{"rendered":"This system is mainly used for low height short distance vertical displacement (Y), horizontal displacement (X) and longitudinal displacement (Z) in the fields of hull welding, railway bridge, highway bridge or similar beam type heavy load. The sliding friction pairs are made of cylinder base, stainless slide plate of vertical cylinder base and PTFE plate [...]","protected":false},"author":1,"featured_media":0,"parent":0,"menu_order":0,"comment_status":"closed","ping_status":"closed","template":"page-vc.php","meta":{"footnotes":""},"class_list":["post-18856","page","type-page","status-publish","hentry"],"_links":{"self":[{"href":"https:\/\/marx-power.com\/fr\/wp-json\/wp\/v2\/pages\/18856","targetHints":{"allow":["GET"]}}],"collection":[{"href":"https:\/\/marx-power.com\/fr\/wp-json\/wp\/v2\/pages"}],"about":[{"href":"https:\/\/marx-power.com\/fr\/wp-json\/wp\/v2\/types\/page"}],"author":[{"embeddable":true,"href":"https:\/\/marx-power.com\/fr\/wp-json\/wp\/v2\/users\/1"}],"replies":[{"embeddable":true,"href":"https:\/\/marx-power.com\/fr\/wp-json\/wp\/v2\/comments?post=18856"}],"version-history":[{"count":0,"href":"https:\/\/marx-power.com\/fr\/wp-json\/wp\/v2\/pages\/18856\/revisions"}],"wp:attachment":[{"href":"https:\/\/marx-power.com\/fr\/wp-json\/wp\/v2\/media?parent=18856"}],"curies":[{"name":"wp","href":"https:\/\/api.w.org\/{rel}","templated":true}]}}