{"id":18861,"date":"2022-08-03T05:51:17","date_gmt":"2022-08-03T05:51:17","guid":{"rendered":"http:\/\/demo.torcstark.com\/?page_id=18861"},"modified":"2022-08-03T05:51:17","modified_gmt":"2022-08-03T05:51:17","slug":"intelligent-lifting-hydraulic-system","status":"publish","type":"page","link":"https:\/\/marx-power.com\/fr\/systeme-hydraulique-de-levage-intelligent\/","title":{"rendered":"Syst\u00e8me hydraulique de levage intelligent"},"content":{"rendered":"<div class=\"vc_row wpb_row vc_row-fluid vc_column-gap-24\" >\n\t<div class=\"container et-clearfix\">\n\t\t<div class=\"wpb_column vc_column_container vc_col-sm-6 text-align-none\" >\n\t<div class=\"vc_column-inner\" >\n\t\t<div class=\"wpb_wrapper\">\n\t\t\t<div id=\"et-image-251236\" class=\"et-image alignnone curtain-left\" data-curtain=\"false\" data-animation-delay=\"0\" data-parallax=\"false\" data-move=\"false\" data-coordinatex=\"0\" data-coordinatey=\"0\" data-speed=\"10\"><img decoding=\"async\" width=\"t\" height=\"t\" src=\"https:\/\/marx-power.com\/wp-content\/uploads\/2022\/02\/Intelligent-lifting-hydraulic-system-1.jpg\" alt=\"Marx Power\u00ae\"><\/div>\t\t<\/div>\n\t\t\t<\/div>\n<\/div><div class=\"wpb_column vc_column_container vc_col-sm-6 text-align-none\" >\n\t<div class=\"vc_column-inner\" >\n\t\t<div class=\"wpb_wrapper\">\n\t\t\t\n<div class=\"wpb_text_column wpb_content_element\"  data-animation-delay=\"0\">\n\t<div class=\"wpb_wrapper\">\n\t\t<p>\ufe61 Le syst\u00e8me hydraulique de levage intelligent est un syst\u00e8me de levage et d&#039;abaissement global command\u00e9 par ordinateur. La technologie adopte un roulement \u00e0 torons en acier flexible, un groupe de v\u00e9rins hydrauliques \u00e0 torons en acier de levage, une commande par ordinateur, un principe de levage synchrone hydraulique, combin\u00e9 \u00e0 une technologie de construction moderne, pour obtenir un tonnage important, une grande port\u00e9e et une grande surface de composants super larges \u00e0 haute altitude<br \/>\nLa synchronisation globale monte et descend.<br \/>\n\ufe61 En \u00e9tendant la combinaison d&#039;\u00e9quipements de levage, le poids, la port\u00e9e et la surface de levage ne sont pas limit\u00e9s\u00a0;<br \/>\n\ufe61 Le toron en acier flexible est utilis\u00e9 pour le support de charge, tant qu&#039;il existe des points de levage porteurs raisonnables, la hauteur de levage n&#039;est pas limit\u00e9e\u00a0;<br \/>\n\ufe61 L&#039;ancre de levage a un mouvement inverse autobloquant, ce qui rend le processus de levage tr\u00e8s s\u00fbr, et les composants peuvent \u00eatre verrouill\u00e9s de mani\u00e8re fiable pendant une longue p\u00e9riode \u00e0 n&#039;importe quelle position pendant le processus de levage\u00a0;<br \/>\n\ufe61 L&#039;\u00e9quipement est de petite taille, l\u00e9ger et de grande capacit\u00e9 de charge, particuli\u00e8rement adapt\u00e9 au levage de composants de gros tonnage dans de petits espaces ou \u00e0 l&#039;int\u00e9rieur\u00a0;<\/p>\n\t<\/div>\n<\/div>\n\n\t\t<\/div>\n\t\t\t<\/div>\n<\/div>\t<\/div>\n\t\t<\/div><div class=\"vc_row wpb_row vc_row-fluid vc_column-gap-24\" >\n\t<div class=\"container et-clearfix\">\n\t\t<div class=\"wpb_column vc_column_container vc_col-sm-12 text-align-none\" >\n\t<div class=\"vc_column-inner\" >\n\t\t<div class=\"wpb_wrapper\">\n\t\t\t\n<div class=\"wpb_text_column wpb_content_element\"  data-animation-delay=\"0\">\n\t<div class=\"wpb_wrapper\">\n\t\t<p><strong>Principe de fonctionnement<\/strong><\/p>\n<p>\ufe61La technologie de levage du v\u00e9rin de levage est d\u00e9riv\u00e9e du principe de tension de la colonne de b\u00e9ton. Consid\u00e9rez les v\u00e9rins de levage comme un ensemble de treuils lin\u00e9aires. Dans le v\u00e9rin de levage, un faisceau de c\u00e2bles m\u00e9talliques ou de torons est pass\u00e9 \u00e0 travers un v\u00e9rin hydraulique, au-dessus et en dessous du v\u00e9rin se trouve un syst\u00e8me d&#039;ancrage qui utilise des cales pour serrer les torons. Lorsque le clip est ancr\u00e9, le levage ou la r\u00e9traction du v\u00e9rin est effectu\u00e9 pour monter ou descendre.<br \/>\n\ufe61Le v\u00e9rin est entra\u00een\u00e9 par un groupe hydraulique (\u00e9lectrique ou diesel). Le logiciel du syst\u00e8me de levage synchronise les mouvements des v\u00e9rins de levage et ajuste les ajustements au mouvement de la charge.<br \/>\n\ufe61Il existe deux types de c\u00e2bles m\u00e9talliques pour le cric de levage\u00a0: un c\u00e2ble m\u00e9tallique standard de 15,2\u00a0mm et un c\u00e2ble m\u00e9tallique dense de 17,8\u00a0mm. La charge dynamique du c\u00e2ble en acier de 15,2 mm peut atteindre 110 kN, la charge dynamique du c\u00e2ble en acier de 17,8 mm peut atteindre 155 kN lors du travail. La quantit\u00e9 et le type de fil utilis\u00e9 par le cric d\u00e9terminent la charge avec laquelle il peut fonctionner en toute s\u00e9curit\u00e9. Pour les applications de levage, le facteur de s\u00e9curit\u00e9 (rapport de la charge de rupture \u00e0 la charge de travail) des v\u00e9rins de levage est de 2,5.<\/p>\n\t<\/div>\n<\/div>\n\n\t\t<\/div>\n\t\t\t<\/div>\n<\/div>\t<\/div>\n\t\t<\/div><div class=\"vc_row wpb_row vc_row-fluid vc_column-gap-24\" >\n\t<div class=\"container et-clearfix\">\n\t\t<div class=\"wpb_column vc_column_container vc_col-sm-12 text-align-none\" >\n\t<div class=\"vc_column-inner\" >\n\t\t<div class=\"wpb_wrapper\">\n\t\t\t<h3 class=\"et-heading text-align-left tablet-text-align-inherit mobile-text-align-inherit animate-false no-animation-type\" id=\"et-heading-319490\" data-delay=\"0\" data-mobile-font=\"inherit\" data-mobile-line-height=\"inherit\" data-tablet-landscape-font=\"inherit\" data-tablet-portrait-font=\"inherit\" data-tablet-landscape-line-height=\"inherit\" data-tablet-portrait-line-height=\"inherit\" data-parallax=\"false\" data-move=\"false\" data-coordinatex=\"0\" data-coordinatey=\"0\" data-speed=\"10\"><span class=\"text-wrapper\"><span class=\"text\">Tableau de sp\u00e9cifications<\/span><\/span><\/h3>\n<div class=\"wpb_text_column wpb_content_element\"  data-animation-delay=\"0\">\n\t<div class=\"wpb_wrapper\">\n\t\t<table class=\"table\">\n<tbody>\n<tr>\n<td width=\"127\" height=\"19\">Diam\u00e8tre du fil d&#039;acier(mm)<\/td>\n<td width=\"103\">Force de levage(KN)<\/td>\n<td width=\"208\">Mod\u00e8le<\/td>\n<td width=\"89\">Nombre de brins d&#039;acier<\/td>\n<td width=\"72\">Course(mm)<\/td>\n<td width=\"106\">Diam\u00e8tre du trou de per\u00e7age (mm)<\/td>\n<td width=\"72\">Poids (kg)<\/td>\n<td width=\"103\">Dimension(mm)<\/td>\n<\/tr>\n<tr>\n<td class=\"et2\" rowspan=\"3\" height=\"57\">15.2<\/td>\n<td align=\"right\">1000<\/td>\n<td>JK-TSD-100C<\/td>\n<td align=\"right\">10<\/td>\n<td align=\"right\">300<\/td>\n<td>\u03c6160<\/td>\n<td align=\"right\">927<\/td>\n<td>\u03c6435\u00d72280<\/td>\n<\/tr>\n<tr>\n<td align=\"right\">2040<\/td>\n<td>JK-TSD-2000F<\/td>\n<td align=\"right\">19<\/td>\n<td align=\"right\">300<\/td>\n<td>\u03c6176<\/td>\n<td align=\"right\">1300<\/td>\n<td>480\u00d7480\u00d72460<\/td>\n<\/tr>\n<tr>\n<td align=\"right\">3500<\/td>\n<td>JK-TSD-3500A<\/td>\n<td align=\"right\">31<\/td>\n<td align=\"right\">300<\/td>\n<td>\u03c6225<\/td>\n<td align=\"right\">2000<\/td>\n<td>\u03c6620\u00d72580<\/td>\n<\/tr>\n<tr>\n<td rowspan=\"10\" align=\"right\" height=\"190\">17.8<\/td>\n<td align=\"right\">618<\/td>\n<td>JK-TSD-600B<\/td>\n<td align=\"right\">4<\/td>\n<td align=\"right\">500<\/td>\n<td>\u03c6110<\/td>\n<td align=\"right\">720<\/td>\n<td>415\u00d7480\u00d72670<\/td>\n<\/tr>\n<tr>\n<td align=\"right\">750<\/td>\n<td>JK-TSD-750<\/td>\n<td align=\"right\">5<\/td>\n<td align=\"right\">500<\/td>\n<td>\u03c6125<\/td>\n<td align=\"right\">925<\/td>\n<td>520\u00d7450\u00d72780<\/td>\n<\/tr>\n<tr>\n<td align=\"right\">1700<\/td>\n<td>JK-TSD-1700<\/td>\n<td align=\"right\">12<\/td>\n<td align=\"right\">500<\/td>\n<td>\u03c6195<\/td>\n<td align=\"right\">1800<\/td>\n<td>625\u00d7625\u00d72220<\/td>\n<\/tr>\n<tr>\n<td align=\"right\">2000<\/td>\n<td>JK-TSD-2000H<\/td>\n<td align=\"right\">16<\/td>\n<td align=\"right\">500<\/td>\n<td>\u03c6240<\/td>\n<td align=\"right\">2250<\/td>\n<td>740\u00d7700\u00d72980<\/td>\n<\/tr>\n<tr>\n<td align=\"right\">2300<\/td>\n<td>JK-TSD-2300<\/td>\n<td align=\"right\">16<\/td>\n<td align=\"right\">500<\/td>\n<td>\u03c6240<\/td>\n<td align=\"right\">2180<\/td>\n<td>\u03c6590\u00d72800<\/td>\n<\/tr>\n<tr>\n<td align=\"right\">2500<\/td>\n<td>JK-TSD-2500<\/td>\n<td align=\"right\">18<\/td>\n<td align=\"right\">500<\/td>\n<td>\u03c6240<\/td>\n<td align=\"right\">2460<\/td>\n<td>765\u00d7710\u00d73000<\/td>\n<\/tr>\n<tr>\n<td align=\"right\">3500<\/td>\n<td>JK-TSD-3500C<\/td>\n<td align=\"right\">23<\/td>\n<td align=\"right\">500<\/td>\n<td>\u03c6290<\/td>\n<td align=\"right\">3600<\/td>\n<td>\u03c6620\u00d72580<\/td>\n<\/tr>\n<tr>\n<td align=\"right\">4500<\/td>\n<td>JK-TSD-4500A<\/td>\n<td align=\"right\">31<\/td>\n<td align=\"right\">400<\/td>\n<td>\u03c6300<\/td>\n<td align=\"right\">3980<\/td>\n<td>\u03c6820\u00d72860<\/td>\n<\/tr>\n<tr>\n<td align=\"right\">6120<\/td>\n<td>JK-TSD-6000A<\/td>\n<td align=\"right\">42<\/td>\n<td align=\"right\">400<\/td>\n<td>\u03c6405<\/td>\n<td align=\"right\">6830<\/td>\n<td>\u03c6920\u00d73300<\/td>\n<\/tr>\n<tr>\n<td align=\"right\">9110<\/td>\n<td>JK-TSD-9000<\/td>\n<td align=\"right\">66<\/td>\n<td align=\"right\">500<\/td>\n<td>\u03c6480<\/td>\n<td align=\"right\">15000<\/td>\n<td>1370\u00d71560\u00d73810<\/td>\n<\/tr>\n<\/tbody>\n<\/table>\n\t<\/div>\n<\/div>\n\n<h3 class=\"et-heading text-align-left tablet-text-align-inherit mobile-text-align-inherit animate-false no-animation-type\" id=\"et-heading-190455\" data-delay=\"0\" data-mobile-font=\"inherit\" data-mobile-line-height=\"inherit\" data-tablet-landscape-font=\"inherit\" data-tablet-portrait-font=\"inherit\" data-tablet-landscape-line-height=\"inherit\" data-tablet-portrait-line-height=\"inherit\" data-parallax=\"false\" data-move=\"false\" data-coordinatex=\"0\" data-coordinatey=\"0\" data-speed=\"10\"><span class=\"text-wrapper\"><span class=\"text\">Cas<\/span><\/span><\/h3><div class=\"vc_row wpb_row vc_inner vc_row-fluid vc_column-gap-24\"><div class=\"wpb_column vc_column_container vc_col-sm-6\"><div class=\"vc_column-inner\"><div class=\"wpb_wrapper\"><div id=\"et-image-19169\" class=\"et-image aligncenter curtain-left\" data-curtain=\"false\" data-animation-delay=\"0\" data-parallax=\"false\" data-move=\"false\" data-coordinatex=\"0\" data-coordinatey=\"0\" data-speed=\"10\"><img decoding=\"async\" width=\"t\" height=\"t\" src=\"https:\/\/marx-power.com\/wp-content\/uploads\/2022\/02\/Intelligent-lifting-hydraulic-system-3.jpg\" alt=\"Marx Power\u00ae\"><\/div><\/div><\/div><\/div><div class=\"wpb_column vc_column_container vc_col-sm-6\"><div class=\"vc_column-inner\"><div class=\"wpb_wrapper\"><div id=\"et-image-586452\" class=\"et-image aligncenter curtain-left\" data-curtain=\"false\" data-animation-delay=\"0\" data-parallax=\"false\" data-move=\"false\" data-coordinatex=\"0\" data-coordinatey=\"0\" data-speed=\"10\"><img decoding=\"async\" width=\"t\" height=\"t\" src=\"https:\/\/marx-power.com\/wp-content\/uploads\/2022\/02\/Intelligent-lifting-hydraulic-system-2.jpg\" alt=\"Marx Power\u00ae\"><\/div><\/div><\/div><\/div><\/div>\t\t<\/div>\n\t\t\t<\/div>\n<\/div>\t<\/div>\n\t\t<\/div><div class=\"vc_row wpb_row vc_row-fluid vc_column-gap-24\" >\n\t<div class=\"container et-clearfix\">\n\t\t<div class=\"wpb_column vc_column_container vc_col-sm-12 text-align-none\" >\n\t<div class=\"vc_column-inner\" >\n\t\t<div class=\"wpb_wrapper\">\n\t\t\t<h3 class=\"et-heading text-align-left tablet-text-align-inherit mobile-text-align-inherit animate-false no-animation-type\" id=\"et-heading-784421\" data-delay=\"0\" data-mobile-font=\"inherit\" data-mobile-line-height=\"inherit\" data-tablet-landscape-font=\"inherit\" data-tablet-portrait-font=\"inherit\" data-tablet-landscape-line-height=\"inherit\" data-tablet-portrait-line-height=\"inherit\" data-parallax=\"false\" data-move=\"false\" data-coordinatex=\"0\" data-coordinatey=\"0\" data-speed=\"10\"><span class=\"text-wrapper\"><span class=\"text\">Entrer en contact<\/span><\/span><\/h3>\n<div class=\"wpb_text_column wpb_content_element\"  data-animation-delay=\"0\">\n\t<div class=\"wpb_wrapper\">\n\t\t<p>Pour toute demande de service, veuillez remplir le formulaire et nous vous r\u00e9pondrons dans les plus brefs d\u00e9lais.<\/p>\n\t<\/div>\n<\/div>\n\n<div class=\"vc_row wpb_row vc_inner vc_row-fluid vc_column-gap-48 vc-row-670903\"><div class=\"wpb_column vc_column_container vc_col-sm-6\"><div class=\"vc_column-inner\"><div class=\"wpb_wrapper\"><div class=\"wpcf7 no-js\" id=\"wpcf7-f10615-o1\" lang=\"en-US\" dir=\"ltr\" data-wpcf7-id=\"10615\"><div class=\"screen-reader-response\"><p role=\"status\" aria-live=\"polite\" aria-atomic=\"true\"><\/p><ul><\/ul><\/div><form action=\"\/fr\/wp-json\/wp\/v2\/pages\/18861#wpcf7-f10615-o1\" method=\"post\" class=\"wpcf7-form init\" aria-label=\"Formulaire de contact\" novalidate=\"novalidate\" data-status=\"init\" data-trp-original-action=\"\/fr\/wp-json\/wp\/v2\/pages\/18861#wpcf7-f10615-o1\"><fieldset class=\"hidden-fields-container\"><input type=\"hidden\" name=\"_wpcf7\" value=\"10615\" \/><input type=\"hidden\" name=\"_wpcf7_version\" value=\"6.1.5\" \/><input type=\"hidden\" name=\"_wpcf7_locale\" value=\"en_US\" \/><input type=\"hidden\" name=\"_wpcf7_unit_tag\" value=\"wpcf7-f10615-o1\" \/><input type=\"hidden\" name=\"_wpcf7_container_post\" value=\"0\" \/><input type=\"hidden\" name=\"_wpcf7_posted_data_hash\" value=\"\" \/><\/fieldset><!-- \u7b2c\u4e00\u884c\uff1aFull Name + Email --><div style=\"display:flex; gap:4%; flex-direction: row; margin-bottom: -20px;\"><p><label> Full Name <span class=\"required-star\">*<\/span><br \/><span class=\"wpcf7-form-control-wrap\" data-name=\"full-name\"><input size=\"40\" maxlength=\"400\" class=\"wpcf7-form-control wpcf7-text wpcf7-validates-as-required\" aria-required=\"true\" aria-invalid=\"false\" placeholder=\"Robert Evans\" value=\"\" type=\"text\" name=\"full-name\" \/><\/span><\/label><\/p><p><label> Email Address <span class=\"required-star\">*<\/span><br \/><span class=\"wpcf7-form-control-wrap\" data-name=\"email\"><input size=\"40\" maxlength=\"400\" class=\"wpcf7-form-control wpcf7-email wpcf7-validates-as-required wpcf7-text wpcf7-validates-as-email\" aria-required=\"true\" aria-invalid=\"false\" placeholder=\"robert@example.com\" value=\"\" type=\"email\" name=\"email\" \/><\/span><\/label><\/p><\/div><div style=\"display:flex; gap:4%; flex-direction: row; margin-bottom: -20px;\"><p><label> Phone Number<br \/><span class=\"wpcf7-form-control-wrap\" data-name=\"phone\"><input size=\"40\" maxlength=\"400\" class=\"wpcf7-form-control wpcf7-tel wpcf7-text wpcf7-validates-as-tel\" aria-invalid=\"false\" placeholder=\"+1 (123) 456-7890\" value=\"\" type=\"tel\" name=\"phone\" \/><\/span><\/label><\/p><p><label> Pays<br \/><span class=\"wpcf7-form-control-wrap\" data-name=\"country\"><input size=\"40\" maxlength=\"400\" class=\"wpcf7-form-control wpcf7-text\" aria-invalid=\"false\" placeholder=\"ABC inc.\" value=\"\" type=\"text\" name=\"country\" \/><\/span><\/label><\/p><\/div><!-- \u7b2c\u4e09\u884c\uff1aCompany Name --><p><label> Company Name<br \/><span class=\"wpcf7-form-control-wrap\" data-name=\"company\"><input size=\"40\" maxlength=\"400\" class=\"wpcf7-form-control wpcf7-text\" aria-invalid=\"false\" placeholder=\"Acme Inc\" value=\"\" type=\"text\" name=\"company\" \/><\/span><\/label><\/p><!-- \u7b2c\u56db\u884c\uff1aMessage --><p><label> Message <span class=\"required-star\">*<\/span><br \/><span class=\"wpcf7-form-control-wrap\" data-name=\"message\"><textarea cols=\"40\" rows=\"10\" maxlength=\"2000\" class=\"wpcf7-form-control wpcf7-textarea wpcf7-validates-as-required\" aria-required=\"true\" aria-invalid=\"false\" placeholder=\"Tell us about your inquiry...\" name=\"message\"><\/textarea><\/span><\/label><\/p><!-- \u7b2c\u4e94\u884c\uff1aPreferred Contact Method --><p>Preferred Contact Method<br \/><span class=\"wpcf7-form-control-wrap\" data-name=\"contact-method\"><span class=\"wpcf7-form-control wpcf7-radio\"><span class=\"wpcf7-list-item first\"><input type=\"radio\" name=\"contact-method\" value=\"email\" checked=\"checked\" \/><span class=\"wpcf7-list-item-label\">email<\/span><\/span><span class=\"wpcf7-list-item last\"><input type=\"radio\" name=\"contact-method\" value=\"phone\" \/><span class=\"wpcf7-list-item-label\">phone<\/span><\/span><\/span><\/span><\/p><!-- \u7b2c\u516d\u884c\uff1aSubmit --><p><input class=\"wpcf7-form-control wpcf7-submit has-spinner\" type=\"submit\" value=\"Send Message\" \/><\/p><div class=\"wpcf7-response-output\" aria-hidden=\"true\"><\/div><input type=\"hidden\" name=\"trp-form-language\" value=\"fr\"\/><\/form><\/div><\/div><\/div><\/div><div class=\"wpb_column vc_column_container vc_col-sm-6\"><div class=\"vc_column-inner\"><div class=\"wpb_wrapper\"><div class=\"wpb_text_column wpb_content_element\"  data-animation-delay=\"0\"><div class=\"wpb_wrapper\"><ul><li>Tous les produits sont con\u00e7us pour d\u00e9passer les normes de donn\u00e9es mondiales pour les \u00e9quipements hydrauliques haute pression.<\/li><li>Chaque produit sera soumis \u00e0 des tests physiques rigoureux avant l&#039;exp\u00e9dition pour garantir la qualit\u00e9 du produit.<\/li><li>Tous les produits ont pass\u00e9 l&#039;inspection de qualit\u00e9 ISO9001 et EU CE et d&#039;autres institutions.<\/li><li>Fournissez des outils s\u00fbrs et fiables et un service apr\u00e8s-vente de pointe, tous les produits sont livr\u00e9s avec un service de garantie complet de 12 mois.<\/li><li>Le stock est suffisant et peut \u00eatre livr\u00e9 rapidement apr\u00e8s la commande de l&#039;utilisateur.<\/li><li>Un stock suffisant de pi\u00e8ces de rechange est utilis\u00e9 pour une maintenance rapide et un fonctionnement \u00e0 long terme du produit.<\/li><\/ul><\/div><\/div><\/div><\/div><\/div><\/div>\t\t<\/div>\n\t\t\t<\/div>\n<\/div>\t<\/div>\n\t\t<\/div><div class=\"vc_row wpb_row vc_row-fluid vc_column-gap-24\" >\n\t<div class=\"container et-clearfix\">\n\t\t<div class=\"wpb_column vc_column_container vc_col-sm-12 text-align-none\" >\n\t<div class=\"vc_column-inner\" >\n\t\t<div class=\"wpb_wrapper\">\n\t\t\t<span class=\"et-gap et-clearfix et-gap-78325\"><\/span>\t\t<\/div>\n\t\t\t<\/div>\n<\/div>\t<\/div>\n\t\t<\/div>","protected":false},"excerpt":{"rendered":"\ufe61 The intelligent lifting hydraulic system is computer-controlled overall lifting and lowering. The technology adopts flexible steel strand bearing, lifting steel strand hydraulic jack cluster, Computer control, hydraulic synchronous lifting principle, combined with modern construction technology, to achieve large tonnage, large span and large area of super large components at high altitude The overall synchronization [...]","protected":false},"author":1,"featured_media":0,"parent":0,"menu_order":0,"comment_status":"closed","ping_status":"closed","template":"page-vc.php","meta":{"footnotes":""},"class_list":["post-18861","page","type-page","status-publish","hentry"],"_links":{"self":[{"href":"https:\/\/marx-power.com\/fr\/wp-json\/wp\/v2\/pages\/18861","targetHints":{"allow":["GET"]}}],"collection":[{"href":"https:\/\/marx-power.com\/fr\/wp-json\/wp\/v2\/pages"}],"about":[{"href":"https:\/\/marx-power.com\/fr\/wp-json\/wp\/v2\/types\/page"}],"author":[{"embeddable":true,"href":"https:\/\/marx-power.com\/fr\/wp-json\/wp\/v2\/users\/1"}],"replies":[{"embeddable":true,"href":"https:\/\/marx-power.com\/fr\/wp-json\/wp\/v2\/comments?post=18861"}],"version-history":[{"count":0,"href":"https:\/\/marx-power.com\/fr\/wp-json\/wp\/v2\/pages\/18861\/revisions"}],"wp:attachment":[{"href":"https:\/\/marx-power.com\/fr\/wp-json\/wp\/v2\/media?parent=18861"}],"curies":[{"name":"wp","href":"https:\/\/api.w.org\/{rel}","templated":true}]}}