{"id":18897,"date":"2022-08-04T02:37:16","date_gmt":"2022-08-04T02:37:16","guid":{"rendered":"http:\/\/demo.torcstark.com\/?page_id=18897"},"modified":"2024-10-29T06:53:59","modified_gmt":"2024-10-29T06:53:59","slug":"etw-series-electric-torque-wrenches","status":"publish","type":"page","link":"https:\/\/marx-power.com\/fr\/cles-dynamometriques-electriques-serie-etw\/","title":{"rendered":"Cl\u00e9s dynamom\u00e9triques \u00e9lectriques s\u00e9rie ETW"},"content":{"rendered":"<div class=\"vc_row wpb_row vc_row-fluid vc_column-gap-24 vc_row-o-content-middle vc_row-flex vc-row-90652\" >\n\t<div class=\"container et-clearfix\">\n\t\t<div class=\"wpb_column vc_column_container vc_col-sm-6 text-align-none\" >\n\t<div class=\"vc_column-inner\" >\n\t\t<div class=\"wpb_wrapper\">\n\t\t\t<div id=\"et-gallery-244842\" class=\"et-gallery et-item-set carousel-thumbs effect-none navigation-only-arrows\" data-autoplay=\"false\"><ul id=\"carousel-thumbs-244842\" class=\"carousel-thumbs\"><li class=\"et-item et-gallery-item\"><div class=\"et-item-inner\"><div class=\"image-container\"><div class=\"image-preloader\"><\/div><img decoding=\"async\" alt=\"Marx Power\u00ae\" width=\"1000\" height=\"1000\" src=\"https:\/\/marx-power.com\/wp-content\/uploads\/2024\/07\/ETW-Series-Electric-Torque-Wrenches-7-31.jpg\"><\/div><\/div><\/li><\/ul><ul id=\"carousel-navs-244842\" class=\"carousel-navs slick-thumbnail-navigation\"><li class=\"et-item et-gallery-item\"><img decoding=\"async\" alt=\"Marx Power\u00ae\" width=\"150\" height=\"150\" src=\"https:\/\/marx-power.com\/wp-content\/uploads\/2024\/07\/ETW-Series-Electric-Torque-Wrenches-7-31-150x150.jpg\"><\/li><\/ul><\/div>\t\t<\/div>\n\t\t\t<\/div>\n<\/div><div class=\"wpb_column vc_column_container vc_col-sm-6 text-align-none\" >\n\t<div class=\"vc_column-inner\" >\n\t\t<div class=\"wpb_wrapper\">\n\t\t\t\n<div class=\"wpb_text_column wpb_content_element\"  data-animation-delay=\"0\">\n\t<div class=\"wpb_wrapper\">\n\t\t<p>1. Aliment\u00e9 par le Metabo allemand fiable, standard sans balais, 220-240V, 110V disponible<br \/>\n2. Conception l\u00e9g\u00e8re et compacte, adapt\u00e9e \u00e0 une vari\u00e9t\u00e9 d&#039;applications<br \/>\n3. Syst\u00e8me de contr\u00f4le de couple intelligent \u00e0 puce unique avec \u00e9cran LCD<br \/>\n4. S\u00e9lection de deux modes de fonctionnement : basse vitesse et haute vitesse<br \/>\n5. Bo\u00eete de vitesses robuste pour une dur\u00e9e de vie plus longue<br \/>\n6. Manipulation facile et s\u00fbre, technologie sans vibration et silencieuse<br \/>\n7. La sortie de couple est constamment reproductible<br \/>\n8. Pr\u00e9cision : meilleure que \u00b15%<br \/>\n9. Vari\u00e9t\u00e9 de bras de r\u00e9action personnalis\u00e9s disponibles selon les exigences des clients<br \/>\n10. 12 mois de garantie<\/p>\n\t<\/div>\n<\/div>\n\n\t\t<\/div>\n\t\t\t<\/div>\n<\/div>\t<\/div>\n\t\t<\/div><div class=\"vc_row wpb_row vc_row-fluid vc_column-gap-24\" >\n\t<div class=\"container et-clearfix\">\n\t\t<div class=\"wpb_column vc_column_container vc_col-sm-12 text-align-none\" >\n\t<div class=\"vc_column-inner\" >\n\t\t<div class=\"wpb_wrapper\">\n\t\t\t<div class=\"vc_row wpb_row vc_inner vc_row-fluid vc_column-gap-24\"><div class=\"wpb_column vc_column_container vc_col-sm-12\"><div class=\"vc_column-inner\"><div class=\"wpb_wrapper\"><h2 class=\"et-heading text-align-left tablet-text-align-inherit mobile-text-align-inherit animate-false no-animation-type\" id=\"et-heading-43667\" data-delay=\"0\" data-mobile-font=\"inherit\" data-mobile-line-height=\"inherit\" data-tablet-landscape-font=\"inherit\" data-tablet-portrait-font=\"inherit\" data-tablet-landscape-line-height=\"inherit\" data-tablet-portrait-line-height=\"inherit\" data-parallax=\"false\" data-move=\"false\" data-coordinatex=\"0\" data-coordinatey=\"0\" data-speed=\"10\"><span class=\"text-wrapper\"><span class=\"text\">Dessin dimensionnel<br \/><\/span><\/span><\/h2><div id=\"et-image-177128\" class=\"et-image aligncenter curtain-left\" data-curtain=\"false\" data-animation-delay=\"0\" data-parallax=\"false\" data-move=\"false\" data-coordinatex=\"0\" data-coordinatey=\"0\" data-speed=\"10\"><img decoding=\"async\" width=\"t\" height=\"t\" src=\"https:\/\/marx-power.com\/wp-content\/uploads\/2022\/06\/ETW-Series-Electric-Torque-Wrenches-11.png\" alt=\"Marx Power\u00ae\"><\/div><\/div><\/div><\/div><\/div><h2 class=\"et-heading text-align-left tablet-text-align-inherit mobile-text-align-inherit animate-false no-animation-type\" id=\"et-heading-50136\" data-delay=\"0\" data-mobile-font=\"inherit\" data-mobile-line-height=\"inherit\" data-tablet-landscape-font=\"inherit\" data-tablet-portrait-font=\"inherit\" data-tablet-landscape-line-height=\"inherit\" data-tablet-portrait-line-height=\"inherit\" data-parallax=\"false\" data-move=\"false\" data-coordinatex=\"0\" data-coordinatey=\"0\" data-speed=\"10\"><span class=\"text-wrapper\"><span class=\"text\">Tableau de sp\u00e9cifications<br \/>\n<\/span><\/span><\/h2>\n<div class=\"wpb_text_column wpb_content_element\"  data-animation-delay=\"0\">\n\t<div class=\"wpb_wrapper\">\n\t\t<table class=\"table\">\n<tbody>\n<tr>\n<td>Mod\u00e8le<\/td>\n<td>ETW-10S<\/td>\n<td>ETW-20S<\/td>\n<td>ETW-30S<\/td>\n<td>ETW-40S<\/td>\n<td>ETW-60S<\/td>\n<td>ETW-80S<\/td>\n<td>ETW-100S<\/td>\n<td>ETW-120S<\/td>\n<\/tr>\n<tr>\n<td>Couple mini (Nm)<\/td>\n<td>100<\/td>\n<td>200<\/td>\n<td>400<\/td>\n<td>700<\/td>\n<td>1000<\/td>\n<td>1200<\/td>\n<td>2000<\/td>\n<td>3000<\/td>\n<\/tr>\n<tr>\n<td>Couple maxi (Nm)<\/td>\n<td>1000<\/td>\n<td>2000<\/td>\n<td>3000<\/td>\n<td>4000<\/td>\n<td>6000<\/td>\n<td>8000<\/td>\n<td>10000<\/td>\n<td>12000<\/td>\n<\/tr>\n<tr>\n<td>Disques<\/td>\n<td>3\/4&quot;<\/td>\n<td>1&quot;<\/td>\n<td>1&quot;<\/td>\n<td>1&quot;&amp; 1 1\/2&quot;<\/td>\n<td>1 1\/2&quot;<\/td>\n<td>1 1\/2&quot;<\/td>\n<td>1 1\/2&quot;<\/td>\n<td>1 1\/2&quot;<\/td>\n<\/tr>\n<tr>\n<td>D(mm)<\/td>\n<td>65<\/td>\n<td>74<\/td>\n<td>78.5<\/td>\n<td>88<\/td>\n<td>113<\/td>\n<td>120<\/td>\n<td>128<\/td>\n<td>128<\/td>\n<\/tr>\n<tr>\n<td>L(mm)<\/td>\n<td>420<\/td>\n<td>460<\/td>\n<td>480<\/td>\n<td>500<\/td>\n<td>529<\/td>\n<td>539<\/td>\n<td>555<\/td>\n<td>555<\/td>\n<\/tr>\n<tr>\n<td>K(mm)<\/td>\n<td>205<\/td>\n<td>205<\/td>\n<td>205<\/td>\n<td>205<\/td>\n<td>205<\/td>\n<td>205<\/td>\n<td>205<\/td>\n<td>205<\/td>\n<\/tr>\n<tr>\n<td>M(mm)<\/td>\n<td>145<\/td>\n<td>195<\/td>\n<td>215<\/td>\n<td>235<\/td>\n<td>264<\/td>\n<td>274<\/td>\n<td>290<\/td>\n<td>290<\/td>\n<\/tr>\n<tr>\n<td>Poids sans bras(Kg)<\/td>\n<td>5<\/td>\n<td>6.5<\/td>\n<td>8.2<\/td>\n<td>9.5<\/td>\n<td>14.9<\/td>\n<td>16.8<\/td>\n<td>18.3<\/td>\n<td>18.5<\/td>\n<\/tr>\n<tr>\n<td>RPM<\/td>\n<td>30<\/td>\n<td>12.2<\/td>\n<td>6.3<\/td>\n<td>5.1<\/td>\n<td>2.6<\/td>\n<td>1.8<\/td>\n<td>1.5<\/td>\n<td>1.5<\/td>\n<\/tr>\n<\/tbody>\n<\/table>\n\t<\/div>\n<\/div>\n\n\t\t<\/div>\n\t\t\t<\/div>\n<\/div>\t<\/div>\n\t\t<\/div><div class=\"vc_row wpb_row vc_row-fluid vc_column-gap-24\" >\n\t<div class=\"container et-clearfix\">\n\t\t<div class=\"wpb_column vc_column_container vc_col-sm-12 text-align-none\" >\n\t<div class=\"vc_column-inner\" >\n\t\t<div class=\"wpb_wrapper\">\n\t\t\t<h2 class=\"et-heading text-align-left tablet-text-align-inherit mobile-text-align-inherit animate-false no-animation-type\" id=\"et-heading-977708\" data-delay=\"0\" data-mobile-font=\"inherit\" data-mobile-line-height=\"inherit\" data-tablet-landscape-font=\"inherit\" data-tablet-portrait-font=\"inherit\" data-tablet-landscape-line-height=\"inherit\" data-tablet-portrait-line-height=\"inherit\" data-parallax=\"false\" data-move=\"false\" data-coordinatex=\"0\" data-coordinatey=\"0\" data-speed=\"10\"><span class=\"text-wrapper\"><span class=\"text\">Introduction \u00e0 la cl\u00e9 dynamom\u00e9trique \u00e9lectrique \u00e0 couple r\u00e9glable<\/span><\/span><\/h2>\n<div class=\"wpb_text_column wpb_content_element\"  data-animation-delay=\"0\">\n\t<div class=\"wpb_wrapper\">\n\t\t<p>La cl\u00e9 dynamom\u00e9trique \u00e9lectrique enfichable fait r\u00e9f\u00e9rence \u00e0 un type de cl\u00e9 qui n\u00e9cessite une alimentation \u00e9lectrique fixe. <a href=\"http:\/\/marx-power.com\/fr\/btw-series-rechargeable-electric-torque-wrench\/\">cl\u00e9s dynamom\u00e9triques \u00e0 batterie<\/a>, leur principale diff\u00e9rence r\u00e9side dans les deux modes d&#039;alimentation, batterie et prise. Les autres fonctions et pi\u00e8ces sont les m\u00eames.<\/p>\n<p>Bien que ce type de cl\u00e9 dynamom\u00e9trique \u00e9lectrique \u00e0 couple r\u00e9glable filaire soit peu pratique \u00e0 d\u00e9placer et n\u00e9cessite une alimentation \u00e9lectrique stable, elle peut effectuer des travaux de serrage et de d\u00e9montage de boulons plus stables et plus durables.<\/p>\n\t<\/div>\n<\/div>\n\n<h2 class=\"et-heading text-align-left tablet-text-align-inherit mobile-text-align-inherit animate-false no-animation-type\" id=\"et-heading-747511\" data-delay=\"0\" data-mobile-font=\"inherit\" data-mobile-line-height=\"inherit\" data-tablet-landscape-font=\"inherit\" data-tablet-portrait-font=\"inherit\" data-tablet-landscape-line-height=\"inherit\" data-tablet-portrait-line-height=\"inherit\" data-parallax=\"false\" data-move=\"false\" data-coordinatex=\"0\" data-coordinatey=\"0\" data-speed=\"10\"><span class=\"text-wrapper\"><span class=\"text\">Application de la cl\u00e9 dynamom\u00e9trique \u00e9lectrique enfichable<\/span><\/span><\/h2>\n<div class=\"wpb_text_column wpb_content_element\"  data-animation-delay=\"0\">\n\t<div class=\"wpb_wrapper\">\n\t\t<p>Ce type de cl\u00e9 dynamom\u00e9trique filaire a de nombreuses utilisations, de la vie quotidienne \u00e0 la production industrielle. La liste suivante r\u00e9pertorie les applications sp\u00e9cifiques des cl\u00e9s dynamom\u00e9triques enfichables dans divers secteurs.<\/p>\n<ul>\n<li>Maintenance et montage m\u00e9canique<\/li>\n<li>Construction de ponts<\/li>\n<li>Installation d&#039;\u00e9quipements et d&#039;installations<\/li>\n<li>Assemblage de grandes machines et de v\u00e9hicules<\/li>\n<li>R\u00e9glage d&#039;\u00e9quipements m\u00e9caniques de haute pr\u00e9cision<\/li>\n<li>. . .<\/li>\n<\/ul>\n<p>La plage de couple de ce type de cl\u00e9 \u00e9lectrique \u00e0 couple r\u00e9glable est comprise entre 100 et 12 000 Nm, donc en th\u00e9orie, elle convient au serrage de divers boulons avec des couples compris entre 100 et 12 000 Nm.<\/p>\n\t<\/div>\n<\/div>\n\n<h2 class=\"et-heading text-align-left tablet-text-align-inherit mobile-text-align-inherit animate-false no-animation-type\" id=\"et-heading-290724\" data-delay=\"0\" data-mobile-font=\"inherit\" data-mobile-line-height=\"inherit\" data-tablet-landscape-font=\"inherit\" data-tablet-portrait-font=\"inherit\" data-tablet-landscape-line-height=\"inherit\" data-tablet-portrait-line-height=\"inherit\" data-parallax=\"false\" data-move=\"false\" data-coordinatex=\"0\" data-coordinatey=\"0\" data-speed=\"10\"><span class=\"text-wrapper\"><span class=\"text\">Tutoriel : Comment utiliser la cl\u00e9 dynamom\u00e9trique \u00e9lectrique enfichable TorcStark ?<\/span><\/span><\/h2><div id=\"et-video-1\" class=\"et-video\"><div class=\"plyr__video-embed plyr-element\"><iframe allowfullscreen=\"allowfullscreen\" frameborder=\"0\" src=\"https:\/\/www.youtube.com\/embed\/H2srVJZxbqA\" class=\"iframevideo\"><\/iframe><\/div><\/div><h2 class=\"et-heading text-align-left tablet-text-align-inherit mobile-text-align-inherit animate-false no-animation-type\" id=\"et-heading-227759\" data-delay=\"0\" data-mobile-font=\"inherit\" data-mobile-line-height=\"inherit\" data-tablet-landscape-font=\"inherit\" data-tablet-portrait-font=\"inherit\" data-tablet-landscape-line-height=\"inherit\" data-tablet-portrait-line-height=\"inherit\" data-parallax=\"false\" data-move=\"false\" data-coordinatex=\"0\" data-coordinatey=\"0\" data-speed=\"10\"><span class=\"text-wrapper\"><span class=\"text\">Avantages de la cl\u00e9 \u00e9lectrique \u00e0 couple r\u00e9glable filaire<\/span><\/span><\/h2>\n<div class=\"wpb_text_column wpb_content_element\"  data-animation-delay=\"0\">\n\t<div class=\"wpb_wrapper\">\n\t\t<ul>\n<li>\u00c9tat de fonctionnement stable<\/li>\n<li>Couple de sortie continu de haute pr\u00e9cision<\/li>\n<li>L\u00e9ger, facile \u00e0 d\u00e9placer<\/li>\n<li>Prix bon march\u00e9<\/li>\n<\/ul>\n<p><strong>D\u00e9savantages<\/strong><\/p>\n<ul>\n<li>N\u00e9cessite une alimentation \u00e9lectrique fixe<\/li>\n<\/ul>\n\t<\/div>\n<\/div>\n\n<h2 class=\"et-heading text-align-left tablet-text-align-inherit mobile-text-align-inherit animate-false no-animation-type\" id=\"et-heading-533802\" data-delay=\"0\" data-mobile-font=\"inherit\" data-mobile-line-height=\"inherit\" data-tablet-landscape-font=\"inherit\" data-tablet-portrait-font=\"inherit\" data-tablet-landscape-line-height=\"inherit\" data-tablet-portrait-line-height=\"inherit\" data-parallax=\"false\" data-move=\"false\" data-coordinatex=\"0\" data-coordinatey=\"0\" data-speed=\"10\"><span class=\"text-wrapper\"><span class=\"text\">Achat d&#039;une cl\u00e9 dynamom\u00e9trique \u00e9lectrique r\u00e9glable enfichable<\/span><\/span><\/h2>\n<div class=\"wpb_text_column wpb_content_element\"  data-animation-delay=\"0\">\n\t<div class=\"wpb_wrapper\">\n\t\t<p>Lorsque vous achetez une cl\u00e9 dynamom\u00e9trique \u00e9lectrique filaire, vous devez l&#039;acheter aupr\u00e8s d&#039;un fabricant ou d&#039;un fournisseur de haute qualit\u00e9. Pour garantir que votre projet puisse se d\u00e9rouler sans probl\u00e8me.<\/p>\n<p>TorcStark poss\u00e8de une vaste exp\u00e9rience dans la fabrication de cl\u00e9s dynamom\u00e9triques \u00e9lectriques enfichables. Ses cl\u00e9s sont fiables, avec une pr\u00e9cision de couple \u00e9lev\u00e9e et une fonction de couple r\u00e9glable. En tant que l&#039;un des principaux fabricants de cl\u00e9s \u00e9lectriques filaires en Chine, avec plus de 20 ans d&#039;exp\u00e9rience dans la fabrication, vous pouvez lui faire enti\u00e8rement confiance.<\/p>\n<p>TorcStark promet 12 mois de r\u00e9parations gratuites, afin que vous puissiez utiliser nos cl\u00e9s en toute confiance. Contactez-nous d\u00e8s maintenant et vous pourrez obtenir un meilleur prix !<\/p>\n\t<\/div>\n<\/div>\n\n\t\t<\/div>\n\t\t\t<\/div>\n<\/div>\t<\/div>\n\t\t<\/div><div class=\"vc_row wpb_row vc_row-fluid vc_column-gap-24\" >\n\t<div class=\"container et-clearfix\">\n\t\t<div class=\"wpb_column vc_column_container vc_col-sm-12 text-align-none\" >\n\t<div class=\"vc_column-inner\" >\n\t\t<div class=\"wpb_wrapper\">\n\t\t\t<h2 class=\"et-heading text-align-left tablet-text-align-inherit mobile-text-align-inherit animate-false no-animation-type\" id=\"et-heading-842195\" data-delay=\"0\" data-mobile-font=\"inherit\" data-mobile-line-height=\"inherit\" data-tablet-landscape-font=\"inherit\" data-tablet-portrait-font=\"inherit\" data-tablet-landscape-line-height=\"inherit\" data-tablet-portrait-line-height=\"inherit\" data-parallax=\"false\" data-move=\"false\" data-coordinatex=\"0\" data-coordinatey=\"0\" data-speed=\"10\"><span class=\"text-wrapper\"><span class=\"text\">Entrer en contact<\/span><\/span><\/h2>\n<div class=\"wpb_text_column wpb_content_element\"  data-animation-delay=\"0\">\n\t<div class=\"wpb_wrapper\">\n\t\t<p>Pour toute demande de service, veuillez remplir le formulaire et nous vous r\u00e9pondrons dans les plus brefs d\u00e9lais.<\/p>\n\t<\/div>\n<\/div>\n\n<div class=\"vc_row wpb_row vc_inner vc_row-fluid vc_column-gap-48 vc-row-670903\"><div class=\"wpb_column vc_column_container vc_col-sm-6\"><div class=\"vc_column-inner\"><div class=\"wpb_wrapper\"><div class=\"wpcf7 no-js\" id=\"wpcf7-f10615-o1\" lang=\"en-US\" dir=\"ltr\" data-wpcf7-id=\"10615\"><div class=\"screen-reader-response\"><p role=\"status\" aria-live=\"polite\" aria-atomic=\"true\"><\/p><ul><\/ul><\/div><form action=\"\/fr\/wp-json\/wp\/v2\/pages\/18897#wpcf7-f10615-o1\" method=\"post\" class=\"wpcf7-form init\" aria-label=\"Formulaire de contact\" novalidate=\"novalidate\" data-status=\"init\" data-trp-original-action=\"\/fr\/wp-json\/wp\/v2\/pages\/18897#wpcf7-f10615-o1\"><fieldset class=\"hidden-fields-container\"><input type=\"hidden\" name=\"_wpcf7\" value=\"10615\" \/><input type=\"hidden\" name=\"_wpcf7_version\" value=\"6.1.5\" \/><input type=\"hidden\" name=\"_wpcf7_locale\" value=\"en_US\" \/><input type=\"hidden\" name=\"_wpcf7_unit_tag\" value=\"wpcf7-f10615-o1\" \/><input type=\"hidden\" name=\"_wpcf7_container_post\" value=\"0\" \/><input type=\"hidden\" name=\"_wpcf7_posted_data_hash\" value=\"\" \/><\/fieldset><!-- \u7b2c\u4e00\u884c\uff1aFull Name + Email --><div style=\"display:flex; gap:4%; flex-direction: row; margin-bottom: -20px;\"><p><label> Full Name <span class=\"required-star\">*<\/span><br \/><span class=\"wpcf7-form-control-wrap\" data-name=\"full-name\"><input size=\"40\" maxlength=\"400\" class=\"wpcf7-form-control wpcf7-text wpcf7-validates-as-required\" aria-required=\"true\" aria-invalid=\"false\" placeholder=\"Robert Evans\" value=\"\" type=\"text\" name=\"full-name\" \/><\/span><\/label><\/p><p><label> Email Address <span class=\"required-star\">*<\/span><br \/><span class=\"wpcf7-form-control-wrap\" data-name=\"email\"><input size=\"40\" maxlength=\"400\" class=\"wpcf7-form-control wpcf7-email wpcf7-validates-as-required wpcf7-text wpcf7-validates-as-email\" aria-required=\"true\" aria-invalid=\"false\" placeholder=\"robert@example.com\" value=\"\" type=\"email\" name=\"email\" \/><\/span><\/label><\/p><\/div><div style=\"display:flex; gap:4%; flex-direction: row; margin-bottom: -20px;\"><p><label> Phone Number<br \/><span class=\"wpcf7-form-control-wrap\" data-name=\"phone\"><input size=\"40\" maxlength=\"400\" class=\"wpcf7-form-control wpcf7-tel wpcf7-text wpcf7-validates-as-tel\" aria-invalid=\"false\" placeholder=\"+1 (123) 456-7890\" value=\"\" type=\"tel\" name=\"phone\" \/><\/span><\/label><\/p><p><label> Pays<br \/><span class=\"wpcf7-form-control-wrap\" data-name=\"country\"><input size=\"40\" maxlength=\"400\" class=\"wpcf7-form-control wpcf7-text\" aria-invalid=\"false\" placeholder=\"ABC inc.\" value=\"\" type=\"text\" name=\"country\" \/><\/span><\/label><\/p><\/div><!-- \u7b2c\u4e09\u884c\uff1aCompany Name --><p><label> Company Name<br \/><span class=\"wpcf7-form-control-wrap\" data-name=\"company\"><input size=\"40\" maxlength=\"400\" class=\"wpcf7-form-control wpcf7-text\" aria-invalid=\"false\" placeholder=\"Acme Inc\" value=\"\" type=\"text\" name=\"company\" \/><\/span><\/label><\/p><!-- \u7b2c\u56db\u884c\uff1aMessage --><p><label> Message <span class=\"required-star\">*<\/span><br \/><span class=\"wpcf7-form-control-wrap\" data-name=\"message\"><textarea cols=\"40\" rows=\"10\" maxlength=\"2000\" class=\"wpcf7-form-control wpcf7-textarea wpcf7-validates-as-required\" aria-required=\"true\" aria-invalid=\"false\" placeholder=\"Tell us about your inquiry...\" name=\"message\"><\/textarea><\/span><\/label><\/p><!-- \u7b2c\u4e94\u884c\uff1aPreferred Contact Method --><p>Preferred Contact Method<br \/><span class=\"wpcf7-form-control-wrap\" data-name=\"contact-method\"><span class=\"wpcf7-form-control wpcf7-radio\"><span class=\"wpcf7-list-item first\"><input type=\"radio\" name=\"contact-method\" value=\"email\" checked=\"checked\" \/><span class=\"wpcf7-list-item-label\">email<\/span><\/span><span class=\"wpcf7-list-item last\"><input type=\"radio\" name=\"contact-method\" value=\"phone\" \/><span class=\"wpcf7-list-item-label\">phone<\/span><\/span><\/span><\/span><\/p><!-- \u7b2c\u516d\u884c\uff1aSubmit --><p><input class=\"wpcf7-form-control wpcf7-submit has-spinner\" type=\"submit\" value=\"Send Message\" \/><\/p><div class=\"wpcf7-response-output\" aria-hidden=\"true\"><\/div><input type=\"hidden\" name=\"trp-form-language\" value=\"fr\"\/><\/form><\/div><\/div><\/div><\/div><div class=\"wpb_column vc_column_container vc_col-sm-6\"><div class=\"vc_column-inner\"><div class=\"wpb_wrapper\"><div class=\"wpb_text_column wpb_content_element\"  data-animation-delay=\"0\"><div class=\"wpb_wrapper\"><ul><li>Tous les produits sont con\u00e7us pour d\u00e9passer les normes de donn\u00e9es mondiales pour les \u00e9quipements hydrauliques haute pression.<\/li><li>Chaque produit sera soumis \u00e0 des tests physiques rigoureux avant l&#039;exp\u00e9dition pour garantir la qualit\u00e9 du produit.<\/li><li>Tous les produits ont pass\u00e9 l&#039;inspection de qualit\u00e9 ISO9001 et EU CE et d&#039;autres institutions.<\/li><li>Fournissez des outils s\u00fbrs et fiables et un service apr\u00e8s-vente de pointe, tous les produits sont livr\u00e9s avec un service de garantie complet de 12 mois.<\/li><li>Le stock est suffisant et peut \u00eatre livr\u00e9 rapidement apr\u00e8s la commande de l&#039;utilisateur.<\/li><li>Un stock suffisant de pi\u00e8ces de rechange est utilis\u00e9 pour une maintenance rapide et un fonctionnement \u00e0 long terme du produit.<\/li><\/ul><\/div><\/div><\/div><\/div><\/div><\/div>\t\t<\/div>\n\t\t\t<\/div>\n<\/div>\t<\/div>\n\t\t<\/div><div class=\"vc_row wpb_row vc_row-fluid vc_column-gap-24\" >\n\t<div class=\"container et-clearfix\">\n\t\t<div class=\"wpb_column vc_column_container vc_col-sm-12 text-align-none\" >\n\t<div class=\"vc_column-inner\" >\n\t\t<div class=\"wpb_wrapper\">\n\t\t\t<span class=\"et-gap et-clearfix et-gap-78325\"><\/span>\t\t<\/div>\n\t\t\t<\/div>\n<\/div>\t<\/div>\n\t\t<\/div>","protected":false},"excerpt":{"rendered":"1. Powered by the reliable Germany Metabo, brushless, 220-240V standard,110V available 2. Light and Compact Design, Suitable for a Variety of Applications 3. Single-chip intelligent torque control system with LCD display 4. Two working mode selection: low speed and high speed 5. Heavy Duty Gear Box for Longer Operational Life 6. Easy and safe handling, [...]","protected":false},"author":1,"featured_media":0,"parent":0,"menu_order":0,"comment_status":"closed","ping_status":"closed","template":"page-vc.php","meta":{"footnotes":""},"class_list":["post-18897","page","type-page","status-publish","hentry"],"_links":{"self":[{"href":"https:\/\/marx-power.com\/fr\/wp-json\/wp\/v2\/pages\/18897","targetHints":{"allow":["GET"]}}],"collection":[{"href":"https:\/\/marx-power.com\/fr\/wp-json\/wp\/v2\/pages"}],"about":[{"href":"https:\/\/marx-power.com\/fr\/wp-json\/wp\/v2\/types\/page"}],"author":[{"embeddable":true,"href":"https:\/\/marx-power.com\/fr\/wp-json\/wp\/v2\/users\/1"}],"replies":[{"embeddable":true,"href":"https:\/\/marx-power.com\/fr\/wp-json\/wp\/v2\/comments?post=18897"}],"version-history":[{"count":0,"href":"https:\/\/marx-power.com\/fr\/wp-json\/wp\/v2\/pages\/18897\/revisions"}],"wp:attachment":[{"href":"https:\/\/marx-power.com\/fr\/wp-json\/wp\/v2\/media?parent=18897"}],"curies":[{"name":"wp","href":"https:\/\/api.w.org\/{rel}","templated":true}]}}