{"id":18899,"date":"2022-08-04T02:54:00","date_gmt":"2022-08-04T02:54:00","guid":{"rendered":"http:\/\/demo.torcstark.com\/?page_id=18899"},"modified":"2023-04-27T08:33:22","modified_gmt":"2023-04-27T08:33:22","slug":"torque-multiplier","status":"publish","type":"page","link":"https:\/\/marx-power.com\/fr\/multiplicateur-de-couple\/","title":{"rendered":"Multiplicateur de couple"},"content":{"rendered":"<div class=\"vc_row wpb_row vc_row-fluid vc_column-gap-24 vc_row-o-content-middle vc_row-flex vc-row-65212\" >\n\t<div class=\"container et-clearfix\">\n\t\t<div class=\"wpb_column vc_column_container vc_col-sm-6 text-align-none\" >\n\t<div class=\"vc_column-inner\" >\n\t\t<div class=\"wpb_wrapper\">\n\t\t\t<div id=\"et-image-156836\" class=\"et-image alignnone curtain-left\" data-curtain=\"false\" data-animation-delay=\"0\" data-parallax=\"false\" data-move=\"false\" data-coordinatex=\"0\" data-coordinatey=\"0\" data-speed=\"10\"><img decoding=\"async\" width=\"t\" height=\"t\" src=\"https:\/\/marx-power.com\/wp-content\/uploads\/2023\/04\/Torque-Multiplier-torcstark.jpg\" alt=\"Marx Power\u00ae\"><\/div>\t\t<\/div>\n\t\t\t<\/div>\n<\/div><div class=\"wpb_column vc_column_container vc_col-sm-6 text-align-none\" >\n\t<div class=\"vc_column-inner\" >\n\t\t<div class=\"wpb_wrapper\">\n\t\t\t\n<div class=\"wpb_text_column wpb_content_element\"  data-animation-delay=\"0\">\n\t<div class=\"wpb_wrapper\">\n\t\t<p>Corps en aluminium l\u00e9ger<\/p>\n<p>Livr\u00e9 avec bras de r\u00e9action<\/p>\n<p>Valeurs de couple jusqu&#039;\u00e0 10000Nm<br \/>\nR\u00e9ducteurs plan\u00e9taires \u00e0 un \u00e9tage avec des valeurs de couple jusqu&#039;\u00e0 2800 Nm<\/p>\n<p>Mod\u00e8les avec r\u00e9ducteurs plan\u00e9taires \u00e0 deux \u00e9tages avec des valeurs de couple jusqu&#039;\u00e0 10 000 Nm<\/p>\n\t<\/div>\n<\/div>\n\n\t\t<\/div>\n\t\t\t<\/div>\n<\/div>\t<\/div>\n\t\t<\/div><div class=\"vc_row wpb_row vc_row-fluid vc_column-gap-24\" >\n\t<div class=\"container et-clearfix\">\n\t\t<div class=\"wpb_column vc_column_container vc_col-sm-12 text-align-none\" >\n\t<div class=\"vc_column-inner\" >\n\t\t<div class=\"wpb_wrapper\">\n\t\t\t<h3 class=\"et-heading text-align-left tablet-text-align-inherit mobile-text-align-inherit animate-false no-animation-type\" id=\"et-heading-412822\" data-delay=\"0\" data-mobile-font=\"inherit\" data-mobile-line-height=\"inherit\" data-tablet-landscape-font=\"inherit\" data-tablet-portrait-font=\"inherit\" data-tablet-landscape-line-height=\"inherit\" data-tablet-portrait-line-height=\"inherit\" data-parallax=\"false\" data-move=\"false\" data-coordinatex=\"0\" data-coordinatey=\"0\" data-speed=\"10\"><span class=\"text-wrapper\"><span class=\"text\">Dessin dimensionnel<br \/>\n<\/span><\/span><\/h3><div id=\"et-image-323814\" class=\"et-image aligncenter curtain-left\" data-curtain=\"false\" data-animation-delay=\"0\" data-parallax=\"false\" data-move=\"false\" data-coordinatex=\"0\" data-coordinatey=\"0\" data-speed=\"10\"><img decoding=\"async\" width=\"t\" height=\"t\" src=\"https:\/\/marx-power.com\/wp-content\/uploads\/2023\/04\/MDNF-series-torque-multiplier-dimensional-drawing.png\" alt=\"Marx Power\u00ae\"><\/div><h3 class=\"et-heading text-align-left tablet-text-align-inherit mobile-text-align-inherit animate-false no-animation-type\" id=\"et-heading-719326\" data-delay=\"0\" data-mobile-font=\"inherit\" data-mobile-line-height=\"inherit\" data-tablet-landscape-font=\"inherit\" data-tablet-portrait-font=\"inherit\" data-tablet-landscape-line-height=\"inherit\" data-tablet-portrait-line-height=\"inherit\" data-parallax=\"false\" data-move=\"false\" data-coordinatex=\"0\" data-coordinatey=\"0\" data-speed=\"10\"><span class=\"text-wrapper\"><span class=\"text\">Tableau de sp\u00e9cifications<br \/>\n<\/span><\/span><\/h3>\n<div class=\"wpb_text_column wpb_content_element\"  data-animation-delay=\"0\">\n\t<div class=\"wpb_wrapper\">\n\t\t<table>\n<tbody>\n<tr>\n<td>Mod\u00e8le<\/td>\n<td>MDNF-10<\/td>\n<td>MDNF-20<\/td>\n<td>MDNF-35<\/td>\n<td>MDNF-55<\/td>\n<td>MDNF-75<\/td>\n<td>MDNF-100<\/td>\n<\/tr>\n<tr>\n<td>D(mm)<\/td>\n<td>80.5<\/td>\n<td>80.5<\/td>\n<td>96.5<\/td>\n<td>117<\/td>\n<td>121<\/td>\n<td>143<\/td>\n<\/tr>\n<tr>\n<td>Hmm)<\/td>\n<td>88<\/td>\n<td>105<\/td>\n<td>163<\/td>\n<td>187<\/td>\n<td>195<\/td>\n<td>205<\/td>\n<\/tr>\n<tr>\n<td>Hmm)<\/td>\n<td>49<\/td>\n<td>76<\/td>\n<td>94<\/td>\n<td>107<\/td>\n<td>107<\/td>\n<td>115<\/td>\n<\/tr>\n<tr>\n<td>Carr\u00e9 d&#039;entr\u00e9e<\/td>\n<td>1\/2&#8221;<\/td>\n<td>1\/2&#8221;<\/td>\n<td>1\/2&#8221;<\/td>\n<td>1\/2&#8221;<\/td>\n<td>1\/2&#8221;<\/td>\n<td>1\/2&#8221;<\/td>\n<\/tr>\n<tr>\n<td>Entra\u00eenement carr\u00e9 de sortie(B)<\/td>\n<td>1&#8221;<\/td>\n<td>1&#8221;<\/td>\n<td>1&#8221;<\/td>\n<td>1 1\/2&#8221;<\/td>\n<td>1 1\/2&#8221;<\/td>\n<td>1 1\/2&#8221;<\/td>\n<\/tr>\n<tr>\n<td>Rapport de multiplication<\/td>\n<td>1:4<\/td>\n<td>1:13.<\/td>\n<td>1:16<\/td>\n<td>1:21<\/td>\n<td>1:23<\/td>\n<td>1:28<\/td>\n<\/tr>\n<tr>\n<td>Poids (kg)<\/td>\n<td>2.2<\/td>\n<td>3.3<\/td>\n<td>5.9<\/td>\n<td>8.9<\/td>\n<td>11.9<\/td>\n<td>15.2<\/td>\n<\/tr>\n<tr>\n<td>Couple maximal(Nm)<\/td>\n<td>1000<\/td>\n<td>2000<\/td>\n<td>4000<\/td>\n<td>6000<\/td>\n<td>7500<\/td>\n<td>10000<\/td>\n<\/tr>\n<\/tbody>\n<\/table>\n<h3>Avantages de la cl\u00e9 \u00e0 outil multiplicateur\u00a0:<\/h3>\n<p>Multiplicateur de couple : Une cl\u00e9 manuelle avec un booster de couple. Offre une gamme de couples de sortie saisis manuellement que l&#039;op\u00e9rateur peut facilement atteindre pour fournir une multiplication de couple pr\u00e9cise et efficace pour engager ou d\u00e9monter les fixations de joint. Ou vous pourriez l&#039;appeler une cl\u00e9 d&#039;\u00e9conomie de main-d&#039;\u0153uvre.<\/p>\n<p>Le multiplicateur de couple se compose d&#039;un train d&#039;engrenages plan\u00e9taires qui augmente la force appliqu\u00e9e \u00e0 chaque \u00e9tape de la gamme d&#039;engrenages. Bien que la disposition des engrenages soit assez simple, la cl\u00e9 \u00e0 amplificateur de couple r\u00e9duit la force requise et augmente la productivit\u00e9 et la s\u00e9curit\u00e9 des travailleurs. Les outils multiplicateurs sont essentiels dans les travaux de service lourds. L&#039;installation de boulons, d&#039;\u00e9crous et de vis est une t\u00e2che quotidienne dans la plupart des installations de production et d&#039;assemblage, et l&#039;utilisation d&#039;une cl\u00e9 \u00e0 multiplicateur de couple facilite le travail sans perdre de temps et d&#039;efforts pr\u00e9cieux.<\/p>\n<p>Quelle que soit la m\u00e9thode de serrage, les multiplicateurs de couple manuels facilitent le travail et demandent moins de main-d&#039;\u0153uvre, ce qui augmente la productivit\u00e9.<\/p>\n<p><strong>Voici d&#039;autres raisons d&#039;utiliser une cl\u00e9 multiplicatrice\u00a0:<\/strong><\/p>\n<p>Ils sont plus s\u00fbrs que les poign\u00e9es allong\u00e9es.<br \/>\nLe multiplicateur de cl\u00e9 peut r\u00e9duire la longueur des leviers n\u00e9cessaires pour desserrer ou serrer les fixations par un facteur de 5, 25 ou m\u00eame 125, selon le type de multiplicateur. Par exemple, cl\u00e9 multiplicatrice de couple robuste, multiplicateur de couple d&#039;\u00e9crou de roue, mini multiplicateur de couple, etc.<br \/>\nParticuli\u00e8rement utile pour desserrer les boulons tenaces.<br \/>\nPeut \u00eatre utilis\u00e9 pour appliquer la bonne quantit\u00e9 de couple \u00e0 l&#039;application.<br \/>\nIls \u00e9liminent la majeure partie du travail manuel des t\u00e2ches de serrage.<\/p>\n<p>La cl\u00e9 multiplicatrice offre un processus de serrage plus lent et plus pr\u00e9cis, garantissant que les fixations ne sont ni trop serr\u00e9es ni trop l\u00e2ches. En cons\u00e9quence, ils r\u00e9duisent le besoin de r\u00e9parations et de r\u00e9ajustements futurs, augmentant ainsi l&#039;efficacit\u00e9 et la productivit\u00e9 des travailleurs.<\/p>\n<h3>Lors de l&#039;utilisation d&#039;une cl\u00e9 multiplicatrice de couple\u00a0:<\/h3>\n<p>Absence de source d&#039;alimentation\u00a0: tels que les endroits o\u00f9 il n&#039;y a pas de syst\u00e8me de compression d&#039;air ou d&#039;alimentation \u00e9lectrique, tels que\u00a0: l&#039;ing\u00e9nierie ext\u00e9rieure (pose de rails, construction de pyl\u00f4nes, etc.).<br \/>\nLorsque l&#039;espace est limit\u00e9 et que les rallonges ne peuvent pas \u00eatre utilis\u00e9es.<br \/>\nO\u00f9 les outils de taraudage ne peuvent pas \u00eatre utilis\u00e9s.<\/p>\n<h3>FAQ<\/h3>\n<p><strong>Une cl\u00e9 dynamom\u00e9trique et un multiplicateur de couple peuvent-ils \u00eatre utilis\u00e9s ensemble ?<\/strong><\/p>\n<p>Oui, mais veuillez ne pas utiliser la cl\u00e9 dynamom\u00e9trique comme r\u00e9glage d&#039;entr\u00e9e pr\u00e9cis, ce qui entra\u00eenera des tol\u00e9rances accumul\u00e9es.<\/p>\n<p><strong>Pourquoi ne pas utiliser une cl\u00e9 dynamom\u00e9trique comme consigne pr\u00e9cise ?<\/strong><\/p>\n<p>De nombreux clients confondent les outils multiplicateurs avec les cl\u00e9s dynamom\u00e9triques, ce qui est une id\u00e9e fausse. Bien que la pr\u00e9cision de sortie du multiplicateur de couple soit de 5%, il doit avoir une valeur d&#039;entr\u00e9e pr\u00e9cise \u00e0 l&#039;extr\u00e9mit\u00e9 d&#039;entr\u00e9e au lieu de la r\u00e9gler avec une cl\u00e9 dynamom\u00e9trique. La cl\u00e9 dynamom\u00e9trique elle-m\u00eame a une tol\u00e9rance de 4%, plus la tol\u00e9rance du multiplicateur de couple, elle est d&#039;environ 9% ou plus, donc lors de l&#039;utilisation du multiplicateur, l&#039;extr\u00e9mit\u00e9 d&#039;entr\u00e9e doit \u00eatre une entr\u00e9e de couple pr\u00e9cise, plut\u00f4t que d&#039;utiliser la cl\u00e9 dynamom\u00e9trique comme standard.<\/p>\n<p><strong>Le multiplicateur de couple peut-il \u00eatre utilis\u00e9 comme cl\u00e9 dynamom\u00e9trique ?<\/strong><\/p>\n<p>La cl\u00e9 dynamom\u00e9trique a une pr\u00e9cision de 5% et il n&#039;y a aucune restriction quant \u00e0 son utilisation, tandis que la tol\u00e9rance de la cl\u00e9 dynamom\u00e9trique est de 4%. Dans l&#039;application d&#039;exigences de pr\u00e9cision inf\u00e9rieures, un multiplicateur de couple m\u00e9canique peut \u00eatre utilis\u00e9 \u00e0 la place d&#039;une cl\u00e9 dynamom\u00e9trique.<\/p>\n\t<\/div>\n<\/div>\n\n\t\t<\/div>\n\t\t\t<\/div>\n<\/div>\t<\/div>\n\t\t<\/div><div class=\"vc_row wpb_row vc_row-fluid vc_column-gap-24\" >\n\t<div class=\"container et-clearfix\">\n\t\t<div class=\"wpb_column vc_column_container vc_col-sm-12 text-align-none\" >\n\t<div class=\"vc_column-inner\" >\n\t\t<div class=\"wpb_wrapper\">\n\t\t\t<h3 class=\"et-heading text-align-left tablet-text-align-inherit mobile-text-align-inherit animate-false no-animation-type\" id=\"et-heading-784421\" data-delay=\"0\" data-mobile-font=\"inherit\" data-mobile-line-height=\"inherit\" data-tablet-landscape-font=\"inherit\" data-tablet-portrait-font=\"inherit\" data-tablet-landscape-line-height=\"inherit\" data-tablet-portrait-line-height=\"inherit\" data-parallax=\"false\" data-move=\"false\" data-coordinatex=\"0\" data-coordinatey=\"0\" data-speed=\"10\"><span class=\"text-wrapper\"><span class=\"text\">Entrer en contact<\/span><\/span><\/h3>\n<div class=\"wpb_text_column wpb_content_element\"  data-animation-delay=\"0\">\n\t<div class=\"wpb_wrapper\">\n\t\t<p>Pour toute demande de service, veuillez remplir le formulaire et nous vous r\u00e9pondrons dans les plus brefs d\u00e9lais.<\/p>\n\t<\/div>\n<\/div>\n\n<div class=\"vc_row wpb_row vc_inner vc_row-fluid vc_column-gap-48 vc-row-670903\"><div class=\"wpb_column vc_column_container vc_col-sm-6\"><div class=\"vc_column-inner\"><div class=\"wpb_wrapper\"><div class=\"wpcf7 no-js\" id=\"wpcf7-f10615-o1\" lang=\"en-US\" dir=\"ltr\" data-wpcf7-id=\"10615\"><div class=\"screen-reader-response\"><p role=\"status\" aria-live=\"polite\" aria-atomic=\"true\"><\/p><ul><\/ul><\/div><form action=\"\/fr\/wp-json\/wp\/v2\/pages\/18899#wpcf7-f10615-o1\" method=\"post\" class=\"wpcf7-form init\" aria-label=\"Formulaire de contact\" novalidate=\"novalidate\" data-status=\"init\" data-trp-original-action=\"\/fr\/wp-json\/wp\/v2\/pages\/18899#wpcf7-f10615-o1\"><fieldset class=\"hidden-fields-container\"><input type=\"hidden\" name=\"_wpcf7\" value=\"10615\" \/><input type=\"hidden\" name=\"_wpcf7_version\" value=\"6.1.5\" \/><input type=\"hidden\" name=\"_wpcf7_locale\" value=\"en_US\" \/><input type=\"hidden\" name=\"_wpcf7_unit_tag\" value=\"wpcf7-f10615-o1\" \/><input type=\"hidden\" name=\"_wpcf7_container_post\" value=\"0\" \/><input type=\"hidden\" name=\"_wpcf7_posted_data_hash\" value=\"\" \/><\/fieldset><!-- \u7b2c\u4e00\u884c\uff1aFull Name + Email --><div style=\"display:flex; gap:4%; flex-direction: row; margin-bottom: -20px;\"><p><label> Full Name <span class=\"required-star\">*<\/span><br \/><span class=\"wpcf7-form-control-wrap\" data-name=\"full-name\"><input size=\"40\" maxlength=\"400\" class=\"wpcf7-form-control wpcf7-text wpcf7-validates-as-required\" aria-required=\"true\" aria-invalid=\"false\" placeholder=\"Robert Evans\" value=\"\" type=\"text\" name=\"full-name\" \/><\/span><\/label><\/p><p><label> Email Address <span class=\"required-star\">*<\/span><br \/><span class=\"wpcf7-form-control-wrap\" data-name=\"email\"><input size=\"40\" maxlength=\"400\" class=\"wpcf7-form-control wpcf7-email wpcf7-validates-as-required wpcf7-text wpcf7-validates-as-email\" aria-required=\"true\" aria-invalid=\"false\" placeholder=\"robert@example.com\" value=\"\" type=\"email\" name=\"email\" \/><\/span><\/label><\/p><\/div><div style=\"display:flex; gap:4%; flex-direction: row; margin-bottom: -20px;\"><p><label> Phone Number<br \/><span class=\"wpcf7-form-control-wrap\" data-name=\"phone\"><input size=\"40\" maxlength=\"400\" class=\"wpcf7-form-control wpcf7-tel wpcf7-text wpcf7-validates-as-tel\" aria-invalid=\"false\" placeholder=\"+1 (123) 456-7890\" value=\"\" type=\"tel\" name=\"phone\" \/><\/span><\/label><\/p><p><label> Pays<br \/><span class=\"wpcf7-form-control-wrap\" data-name=\"country\"><input size=\"40\" maxlength=\"400\" class=\"wpcf7-form-control wpcf7-text\" aria-invalid=\"false\" placeholder=\"ABC inc.\" value=\"\" type=\"text\" name=\"country\" \/><\/span><\/label><\/p><\/div><!-- \u7b2c\u4e09\u884c\uff1aCompany Name --><p><label> Company Name<br \/><span class=\"wpcf7-form-control-wrap\" data-name=\"company\"><input size=\"40\" maxlength=\"400\" class=\"wpcf7-form-control wpcf7-text\" aria-invalid=\"false\" placeholder=\"Acme Inc\" value=\"\" type=\"text\" name=\"company\" \/><\/span><\/label><\/p><!-- \u7b2c\u56db\u884c\uff1aMessage --><p><label> Message <span class=\"required-star\">*<\/span><br \/><span class=\"wpcf7-form-control-wrap\" data-name=\"message\"><textarea cols=\"40\" rows=\"10\" maxlength=\"2000\" class=\"wpcf7-form-control wpcf7-textarea wpcf7-validates-as-required\" aria-required=\"true\" aria-invalid=\"false\" placeholder=\"Tell us about your inquiry...\" name=\"message\"><\/textarea><\/span><\/label><\/p><!-- \u7b2c\u4e94\u884c\uff1aPreferred Contact Method --><p>Preferred Contact Method<br \/><span class=\"wpcf7-form-control-wrap\" data-name=\"contact-method\"><span class=\"wpcf7-form-control wpcf7-radio\"><span class=\"wpcf7-list-item first\"><input type=\"radio\" name=\"contact-method\" value=\"email\" checked=\"checked\" \/><span class=\"wpcf7-list-item-label\">email<\/span><\/span><span class=\"wpcf7-list-item last\"><input type=\"radio\" name=\"contact-method\" value=\"phone\" \/><span class=\"wpcf7-list-item-label\">phone<\/span><\/span><\/span><\/span><\/p><!-- \u7b2c\u516d\u884c\uff1aSubmit --><p><input class=\"wpcf7-form-control wpcf7-submit has-spinner\" type=\"submit\" value=\"Send Message\" \/><\/p><div class=\"wpcf7-response-output\" aria-hidden=\"true\"><\/div><input type=\"hidden\" name=\"trp-form-language\" value=\"fr\"\/><\/form><\/div><\/div><\/div><\/div><div class=\"wpb_column vc_column_container vc_col-sm-6\"><div class=\"vc_column-inner\"><div class=\"wpb_wrapper\"><div class=\"wpb_text_column wpb_content_element\"  data-animation-delay=\"0\"><div class=\"wpb_wrapper\"><ul><li>Tous les produits sont con\u00e7us pour d\u00e9passer les normes de donn\u00e9es mondiales pour les \u00e9quipements hydrauliques haute pression.<\/li><li>Chaque produit sera soumis \u00e0 des tests physiques rigoureux avant l&#039;exp\u00e9dition pour garantir la qualit\u00e9 du produit.<\/li><li>Tous les produits ont pass\u00e9 l&#039;inspection de qualit\u00e9 ISO9001 et EU CE et d&#039;autres institutions.<\/li><li>Fournissez des outils s\u00fbrs et fiables et un service apr\u00e8s-vente de pointe, tous les produits sont livr\u00e9s avec un service de garantie complet de 12 mois.<\/li><li>Le stock est suffisant et peut \u00eatre livr\u00e9 rapidement apr\u00e8s la commande de l&#039;utilisateur.<\/li><li>Un stock suffisant de pi\u00e8ces de rechange est utilis\u00e9 pour une maintenance rapide et un fonctionnement \u00e0 long terme du produit.<\/li><\/ul><\/div><\/div><\/div><\/div><\/div><\/div>\t\t<\/div>\n\t\t\t<\/div>\n<\/div>\t<\/div>\n\t\t<\/div><div class=\"vc_row wpb_row vc_row-fluid vc_column-gap-24\" >\n\t<div class=\"container et-clearfix\">\n\t\t<div class=\"wpb_column vc_column_container vc_col-sm-12 text-align-none\" >\n\t<div class=\"vc_column-inner\" >\n\t\t<div class=\"wpb_wrapper\">\n\t\t\t<span class=\"et-gap et-clearfix et-gap-78325\"><\/span>\t\t<\/div>\n\t\t\t<\/div>\n<\/div>\t<\/div>\n\t\t<\/div>","protected":false},"excerpt":{"rendered":"Lightweight aluminum body Supplied with reaction arm Torque values up to 10000Nm Single-stage planetary gear units with torque values up to 2800Nm Models with two-stage planetary gear units with torque values up to 10,000Nm Dimensional Drawing Specification Table Model MDNF-10 MDNF-20 MDNF-35 MDNF-55 MDNF-75 MDNF-100 D(mm) 80.5 80.5 96.5 117 121 143 H(mm) 88 105 [...]","protected":false},"author":1,"featured_media":0,"parent":0,"menu_order":0,"comment_status":"closed","ping_status":"closed","template":"page-vc.php","meta":{"footnotes":""},"class_list":["post-18899","page","type-page","status-publish","hentry"],"_links":{"self":[{"href":"https:\/\/marx-power.com\/fr\/wp-json\/wp\/v2\/pages\/18899","targetHints":{"allow":["GET"]}}],"collection":[{"href":"https:\/\/marx-power.com\/fr\/wp-json\/wp\/v2\/pages"}],"about":[{"href":"https:\/\/marx-power.com\/fr\/wp-json\/wp\/v2\/types\/page"}],"author":[{"embeddable":true,"href":"https:\/\/marx-power.com\/fr\/wp-json\/wp\/v2\/users\/1"}],"replies":[{"embeddable":true,"href":"https:\/\/marx-power.com\/fr\/wp-json\/wp\/v2\/comments?post=18899"}],"version-history":[{"count":0,"href":"https:\/\/marx-power.com\/fr\/wp-json\/wp\/v2\/pages\/18899\/revisions"}],"wp:attachment":[{"href":"https:\/\/marx-power.com\/fr\/wp-json\/wp\/v2\/media?parent=18899"}],"curies":[{"name":"wp","href":"https:\/\/api.w.org\/{rel}","templated":true}]}}