{"id":18902,"date":"2022-08-04T03:17:40","date_gmt":"2022-08-04T03:17:40","guid":{"rendered":"http:\/\/demo.torcstark.com\/?page_id=18902"},"modified":"2022-08-04T03:17:40","modified_gmt":"2022-08-04T03:17:40","slug":"flange-spreaders","status":"publish","type":"page","link":"https:\/\/marx-power.com\/fr\/ecarteurs-de-bride\/","title":{"rendered":"\u00c9carteurs de bride"},"content":{"rendered":"<div class=\"vc_row wpb_row vc_row-fluid vc_column-gap-24 vc_row-o-content-middle vc_row-flex vc-row-394942\" >\n\t<div class=\"container et-clearfix\">\n\t\t<div class=\"wpb_column vc_column_container vc_col-sm-6 text-align-none\" >\n\t<div class=\"vc_column-inner\" >\n\t\t<div class=\"wpb_wrapper\">\n\t\t\t<div id=\"et-image-799329\" class=\"et-image alignnone curtain-left\" data-curtain=\"false\" data-animation-delay=\"0\" data-parallax=\"false\" data-move=\"false\" data-coordinatex=\"0\" data-coordinatey=\"0\" data-speed=\"10\"><img decoding=\"async\" width=\"t\" height=\"t\" src=\"https:\/\/marx-power.com\/wp-content\/uploads\/2022\/05\/Hydraulic-and-Mechanical-Flange-Separator-10.jpg\" alt=\"Marx Power\u00ae\"><\/div>\t\t<\/div>\n\t\t\t<\/div>\n<\/div><div class=\"wpb_column vc_column_container vc_col-sm-6 text-align-none\" >\n\t<div class=\"vc_column-inner\" >\n\t\t<div class=\"wpb_wrapper\">\n\t\t\t\n<div class=\"wpb_text_column wpb_content_element\"  data-animation-delay=\"0\">\n\t<div class=\"wpb_wrapper\">\n\t\t<p><strong>S\u00e9rie FSH\/FSM<\/strong><\/p>\n<ol>\n<li>\u00c9paisseur de la pointe \/ distance de s\u00e9paration maximale : 6 mm\/81 mm<\/li>\n<li>Force de s\u00e9paration maximale : 8-14 tonnes<\/li>\n<li>Pression de service maximale\u00a0: 70\u00a0MPa<\/li>\n<\/ol>\n<p><strong>Fonctionnalit\u00e9s<\/strong><\/p>\n<ol>\n<li>Id\u00e9al pour les applications de maintenance, d&#039;entretien, de test et de remplacement de vannes.<\/li>\n<li>Cale de s\u00e9paration int\u00e9grale, mouvement sans frottement, parall\u00e8le et fluide, \u00e9liminant le risque d&#039;endommagement de la bride et de d\u00e9faillance de la cale de s\u00e9paration.<\/li>\n<li>Conception unique de coins \u00e0 embo\u00eetement - premi\u00e8re \u00e9tape sans flexion ni risque de glissement.<\/li>\n<li>La taille requise du port d&#039;insertion n&#039;est que de 6 mm.<\/li>\n<li>Conception de bras en forme de marche, de sorte que chaque marche puisse supporter une charge compl\u00e8te.<\/li>\n<li>Moins de pi\u00e8ces mobiles, durables et faciles \u00e0 entretenir.<\/li>\n<li>Le bloc de s\u00e9curit\u00e9 SB-1 et la cl\u00e9 \u00e0 cliquet SW-25 sont inclus avec le s\u00e9parateur m\u00e9canique FSM-8.<\/li>\n<\/ol>\n\t<\/div>\n<\/div>\n\n\t\t<\/div>\n\t\t\t<\/div>\n<\/div>\t<\/div>\n\t\t<\/div><div class=\"vc_row wpb_row vc_row-fluid vc_column-gap-24\" >\n\t<div class=\"container et-clearfix\">\n\t\t<div class=\"wpb_column vc_column_container vc_col-sm-12 text-align-none\" >\n\t<div class=\"vc_column-inner\" >\n\t\t<div class=\"wpb_wrapper\">\n\t\t\t<h3 class=\"et-heading text-align-left tablet-text-align-inherit mobile-text-align-inherit animate-false no-animation-type\" id=\"et-heading-140137\" data-delay=\"0\" data-mobile-font=\"inherit\" data-mobile-line-height=\"inherit\" data-tablet-landscape-font=\"inherit\" data-tablet-portrait-font=\"inherit\" data-tablet-landscape-line-height=\"inherit\" data-tablet-portrait-line-height=\"inherit\" data-parallax=\"false\" data-move=\"false\" data-coordinatex=\"0\" data-coordinatey=\"0\" data-speed=\"10\"><span class=\"text-wrapper\"><span class=\"text\">Dessin dimensionnel<br \/>\n<\/span><\/span><\/h3><div id=\"et-image-718111\" class=\"et-image aligncenter curtain-left\" data-curtain=\"false\" data-animation-delay=\"0\" data-parallax=\"false\" data-move=\"false\" data-coordinatex=\"0\" data-coordinatey=\"0\" data-speed=\"10\"><img decoding=\"async\" width=\"t\" height=\"t\" src=\"https:\/\/marx-power.com\/wp-content\/uploads\/2022\/05\/Hydraulic-and-Mechanical-Flange-Separator-2.jpg\" alt=\"Marx Power\u00ae\"><\/div><h3 class=\"et-heading text-align-left tablet-text-align-inherit mobile-text-align-inherit animate-false no-animation-type\" id=\"et-heading-718439\" data-delay=\"0\" data-mobile-font=\"inherit\" data-mobile-line-height=\"inherit\" data-tablet-landscape-font=\"inherit\" data-tablet-portrait-font=\"inherit\" data-tablet-landscape-line-height=\"inherit\" data-tablet-portrait-line-height=\"inherit\" data-parallax=\"false\" data-move=\"false\" data-coordinatex=\"0\" data-coordinatey=\"0\" data-speed=\"10\"><span class=\"text-wrapper\"><span class=\"text\">Tableau de sp\u00e9cifications<br \/>\n<\/span><\/span><\/h3>\n<div class=\"wpb_text_column wpb_content_element\"  data-animation-delay=\"0\">\n\t<div class=\"wpb_wrapper\">\n\t\t<table class=\"table\">\n<tbody>\n<tr>\n<td>Mod\u00e8le<\/td>\n<td>Force de s\u00e9paration maximale T(KN)<\/td>\n<td>\u00c9paisseur de pointe (mm)<\/td>\n<td>Distance de s\u00e9paration maximale (mm)<\/td>\n<td>Taper<\/td>\n<td>Capacit\u00e9 d&#039;huile (cm\u00b3)<\/td>\n<td>Poids (kg)<\/td>\n<\/tr>\n<tr>\n<td>FSH-14<\/td>\n<td>12(125)<\/td>\n<td>6<\/td>\n<td>81<\/td>\n<td>Hydraulique<\/td>\n<td>78<\/td>\n<td>7.1<\/td>\n<\/tr>\n<tr>\n<td>FSM-8<\/td>\n<td>7(72)<\/td>\n<td>6<\/td>\n<td>81<\/td>\n<td>M\u00e9canique<\/td>\n<td>\u2014<\/td>\n<td>6.5<\/td>\n<\/tr>\n<\/tbody>\n<\/table>\n<p>Les \u00e9carteurs de bride, \u00e9galement appel\u00e9s \u00e9carteurs de bride de tuyau ou \u00e9carteurs de coin, sont disponibles dans diff\u00e9rents styles et configurations. Il peut contenir des joints \u00e0 brides petits, moyens ou grands, y compris ceux sans d\u00e9gagement de canal. Les \u00e9carteurs \u00e0 coin sont notre principal outil de s\u00e9paration de brides pour les brides de tuyaux de toutes tailles.<\/p>\n<p>Les \u00e9pandeurs \u00e0 bride sont divis\u00e9s en \u00e9pandeurs \u00e0 coin\/bride hydrauliques et en \u00e9pandeurs \u00e0 coin\/bride m\u00e9caniques selon diff\u00e9rentes sources d&#039;alimentation. Il est principalement utilis\u00e9 dans l&#039;entretien des pipelines, la construction et les essais de pipelines, le remplacement des brides, les joints d&#039;entretien, les r\u00e9cipients sous pression, l&#039;ouverture de la culasse, les centrales \u00e9lectriques, le d\u00e9montage des roulements, le forage ol\u00e9o-\u00e9lectrique, le d\u00e9montage du rotor du moteur, les plates-formes offshore et les travaux de levage, la construction navale, \u00e9quipements industriels, mouvement horizontal de pi\u00e8ces et autres industries.<\/p>\n<h3>Comment choisir les outils d&#039;\u00e9cartement de bride\u00a0?<\/h3>\n<p>Lors du choix d&#039;un \u00e9pandeur \u00e0 coin hydraulique pour votre application, vous devez vous concentrer sur quatre caract\u00e9ristiques principales\u00a0:<br \/>\n1. La largeur de l&#039;\u00e9cart du canal entre les brides \u00e0 s\u00e9parer<br \/>\n2. Force d&#039;expansion minimale requise pour s\u00e9parer les brides<br \/>\n3. Type de fonctionnement m\u00e9canique et hydraulique requis (des options manuelles sont \u00e9galement disponibles pour la plupart des s\u00e9parateurs hydrauliques)<br \/>\n4. Taille de bride et plage de travail requise<\/p>\n<p>Consultez notre tableau de s\u00e9lection de s\u00e9parateurs \u00e0 bride bas\u00e9 sur les param\u00e8tres ci-dessus pour trouver le produit le plus appropri\u00e9. Vous pouvez nous fournir les param\u00e8tres et nous laisser vous recommander celui qui vous convient le mieux.<\/p>\n<h3>Alors, comment devriez-vous utiliser un s\u00e9parateur de bride\u00a0?<\/h3>\n<p>Ouvre-bride hydraulique\u00a0: ins\u00e9rez d&#039;abord les m\u00e2choires de l&#039;\u00e9pandeur entre les deux brides. Dans la plupart des cas, vous aurez besoin d&#039;au moins deux ou de pr\u00e9f\u00e9rence trois \u00e9pandeurs de brides pour effectuer les gros travaux. Ils doivent \u00eatre plac\u00e9s \u00e0 \u00e9gale distance les uns des autres. Ensuite, chaque pompe hydraulique connect\u00e9e \u00e0 ces \u00e9carteurs de brides peut \u00eatre utilis\u00e9e pour s\u00e9parer les deux brides de mani\u00e8re coh\u00e9rente, s\u00fbre et unifi\u00e9e jusqu&#039;\u00e0 ce qu&#039;il y ait suffisamment d&#039;espace pour les op\u00e9rations de maintenance et de remplacement n\u00e9cessaires.<\/p>\n<p>\u00c9pandeur de bride m\u00e9canique : Les premi\u00e8res \u00e9tapes pour un \u00e9pandeur de bride m\u00e9canique sont \u00e0 peu pr\u00e8s les m\u00eames que pour un \u00e9pandeur de bride hydraulique. Utilisez plusieurs \u00e9l\u00e9ments et placez les m\u00e2choires de l&#039;\u00e9pandeur \u00e0 \u00e9gale distance entre les brides. Mais ces unit\u00e9s n&#039;ont pas de pompe et incluent \u00e0 la place une poign\u00e9e \u00e0 cliquet pour activer et contr\u00f4ler la vitesse et la force de la propagation. La poign\u00e9e peut \u00eatre commut\u00e9e sur un r\u00e9glage dans le sens inverse des aiguilles d&#039;une montre pour r\u00e9tracter les m\u00e2choires et ramener la bride \u00e0 un r\u00e9glage de travail.<\/p>\n<p>Les choses dont vous devez \u00eatre conscient lorsque vous utilisez un outil de s\u00e9paration de bride incluent des m\u00e2choires anti-pincement pour maintenir l&#039;outil en place jusqu&#039;\u00e0 ce que la pression soit rel\u00e2ch\u00e9e, la capacit\u00e9 des m\u00e2choires \u00e0 s&#039;ouvrir \u00e0 la largeur souhait\u00e9e (la plupart des ordinateurs de poche \u00e0 usage g\u00e9n\u00e9ral ont une capacit\u00e9 de largeur jusqu&#039;\u00e0 3 pouces) et une vanne de r\u00e9duction de charge (pour l&#039;hydraulique) pour contr\u00f4ler le taux de fermeture.<\/p>\n<p>TorcStark propose d\u00e9sormais la s\u00e9rie FSH\/FSM d&#039;\u00e9carteurs de brides hydrauliques portables. Les outils de s\u00e9paration de bride de la s\u00e9rie FSH\/FSM ont un jeu d&#039;insertion minimum de 6,0 mm (0,25 in) et augmentent la distance d&#039;expansion par \u00e9tape tout en facilitant l&#039;acc\u00e8s aux goujons restants dans le joint de bride. Les outils de la s\u00e9rie FSH\/FSM sont livr\u00e9s en standard avec des poign\u00e9es rotatives, des cordons de s\u00e9curit\u00e9 et des fixations de blocs \u00e9tag\u00e9s, et ces outils peuvent \u00eatre utilis\u00e9s pendant la construction de la canalisation, la mise en service ou l&#039;entretien de routine. Si vous souhaitez conna\u00eetre le prix des \u00e9carteurs de brides m\u00e9caniques et hydrauliques, merci de nous contacter par mail. TorcStark vous fournira le meilleur prix d&#039;\u00e9pandage de bride et un excellent service client.<\/p>\n\t<\/div>\n<\/div>\n\n\t\t<\/div>\n\t\t\t<\/div>\n<\/div>\t<\/div>\n\t\t<\/div><div class=\"vc_row wpb_row vc_row-fluid vc_column-gap-24\" >\n\t<div class=\"container et-clearfix\">\n\t\t<div class=\"wpb_column vc_column_container vc_col-sm-12 text-align-none\" >\n\t<div class=\"vc_column-inner\" >\n\t\t<div class=\"wpb_wrapper\">\n\t\t\t<h3 class=\"et-heading text-align-left tablet-text-align-inherit mobile-text-align-inherit animate-false no-animation-type\" id=\"et-heading-784421\" data-delay=\"0\" data-mobile-font=\"inherit\" data-mobile-line-height=\"inherit\" data-tablet-landscape-font=\"inherit\" data-tablet-portrait-font=\"inherit\" data-tablet-landscape-line-height=\"inherit\" data-tablet-portrait-line-height=\"inherit\" data-parallax=\"false\" data-move=\"false\" data-coordinatex=\"0\" data-coordinatey=\"0\" data-speed=\"10\"><span class=\"text-wrapper\"><span class=\"text\">Entrer en contact<\/span><\/span><\/h3>\n<div class=\"wpb_text_column wpb_content_element\"  data-animation-delay=\"0\">\n\t<div class=\"wpb_wrapper\">\n\t\t<p>Pour toute demande de service, veuillez remplir le formulaire et nous vous r\u00e9pondrons dans les plus brefs d\u00e9lais.<\/p>\n\t<\/div>\n<\/div>\n\n<div class=\"vc_row wpb_row vc_inner vc_row-fluid vc_column-gap-48 vc-row-670903\"><div class=\"wpb_column vc_column_container vc_col-sm-6\"><div class=\"vc_column-inner\"><div class=\"wpb_wrapper\"><div class=\"wpcf7 no-js\" id=\"wpcf7-f10615-o1\" lang=\"en-US\" dir=\"ltr\" data-wpcf7-id=\"10615\"><div class=\"screen-reader-response\"><p role=\"status\" aria-live=\"polite\" aria-atomic=\"true\"><\/p><ul><\/ul><\/div><form action=\"\/fr\/wp-json\/wp\/v2\/pages\/18902#wpcf7-f10615-o1\" method=\"post\" class=\"wpcf7-form init\" aria-label=\"Formulaire de contact\" novalidate=\"novalidate\" data-status=\"init\" data-trp-original-action=\"\/fr\/wp-json\/wp\/v2\/pages\/18902#wpcf7-f10615-o1\"><fieldset class=\"hidden-fields-container\"><input type=\"hidden\" name=\"_wpcf7\" value=\"10615\" \/><input type=\"hidden\" name=\"_wpcf7_version\" value=\"6.1.5\" \/><input type=\"hidden\" name=\"_wpcf7_locale\" value=\"en_US\" \/><input type=\"hidden\" name=\"_wpcf7_unit_tag\" value=\"wpcf7-f10615-o1\" \/><input type=\"hidden\" name=\"_wpcf7_container_post\" value=\"0\" \/><input type=\"hidden\" name=\"_wpcf7_posted_data_hash\" value=\"\" \/><\/fieldset><!-- \u7b2c\u4e00\u884c\uff1aFull Name + Email --><div style=\"display:flex; gap:4%; flex-direction: row; margin-bottom: -20px;\"><p><label> Full Name <span class=\"required-star\">*<\/span><br \/><span class=\"wpcf7-form-control-wrap\" data-name=\"full-name\"><input size=\"40\" maxlength=\"400\" class=\"wpcf7-form-control wpcf7-text wpcf7-validates-as-required\" aria-required=\"true\" aria-invalid=\"false\" placeholder=\"Robert Evans\" value=\"\" type=\"text\" name=\"full-name\" \/><\/span><\/label><\/p><p><label> Email Address <span class=\"required-star\">*<\/span><br \/><span class=\"wpcf7-form-control-wrap\" data-name=\"email\"><input size=\"40\" maxlength=\"400\" class=\"wpcf7-form-control wpcf7-email wpcf7-validates-as-required wpcf7-text wpcf7-validates-as-email\" aria-required=\"true\" aria-invalid=\"false\" placeholder=\"robert@example.com\" value=\"\" type=\"email\" name=\"email\" \/><\/span><\/label><\/p><\/div><div style=\"display:flex; gap:4%; flex-direction: row; margin-bottom: -20px;\"><p><label> Phone Number<br \/><span class=\"wpcf7-form-control-wrap\" data-name=\"phone\"><input size=\"40\" maxlength=\"400\" class=\"wpcf7-form-control wpcf7-tel wpcf7-text wpcf7-validates-as-tel\" aria-invalid=\"false\" placeholder=\"+1 (123) 456-7890\" value=\"\" type=\"tel\" name=\"phone\" \/><\/span><\/label><\/p><p><label> Pays<br \/><span class=\"wpcf7-form-control-wrap\" data-name=\"country\"><input size=\"40\" maxlength=\"400\" class=\"wpcf7-form-control wpcf7-text\" aria-invalid=\"false\" placeholder=\"ABC inc.\" value=\"\" type=\"text\" name=\"country\" \/><\/span><\/label><\/p><\/div><!-- \u7b2c\u4e09\u884c\uff1aCompany Name --><p><label> Company Name<br \/><span class=\"wpcf7-form-control-wrap\" data-name=\"company\"><input size=\"40\" maxlength=\"400\" class=\"wpcf7-form-control wpcf7-text\" aria-invalid=\"false\" placeholder=\"Acme Inc\" value=\"\" type=\"text\" name=\"company\" \/><\/span><\/label><\/p><!-- \u7b2c\u56db\u884c\uff1aMessage --><p><label> Message <span class=\"required-star\">*<\/span><br \/><span class=\"wpcf7-form-control-wrap\" data-name=\"message\"><textarea cols=\"40\" rows=\"10\" maxlength=\"2000\" class=\"wpcf7-form-control wpcf7-textarea wpcf7-validates-as-required\" aria-required=\"true\" aria-invalid=\"false\" placeholder=\"Tell us about your inquiry...\" name=\"message\"><\/textarea><\/span><\/label><\/p><!-- \u7b2c\u4e94\u884c\uff1aPreferred Contact Method --><p>Preferred Contact Method<br \/><span class=\"wpcf7-form-control-wrap\" data-name=\"contact-method\"><span class=\"wpcf7-form-control wpcf7-radio\"><span class=\"wpcf7-list-item first\"><input type=\"radio\" name=\"contact-method\" value=\"email\" checked=\"checked\" \/><span class=\"wpcf7-list-item-label\">email<\/span><\/span><span class=\"wpcf7-list-item last\"><input type=\"radio\" name=\"contact-method\" value=\"phone\" \/><span class=\"wpcf7-list-item-label\">phone<\/span><\/span><\/span><\/span><\/p><!-- \u7b2c\u516d\u884c\uff1aSubmit --><p><input class=\"wpcf7-form-control wpcf7-submit has-spinner\" type=\"submit\" value=\"Send Message\" \/><\/p><div class=\"wpcf7-response-output\" aria-hidden=\"true\"><\/div><input type=\"hidden\" name=\"trp-form-language\" value=\"fr\"\/><\/form><\/div><\/div><\/div><\/div><div class=\"wpb_column vc_column_container vc_col-sm-6\"><div class=\"vc_column-inner\"><div class=\"wpb_wrapper\"><div class=\"wpb_text_column wpb_content_element\"  data-animation-delay=\"0\"><div class=\"wpb_wrapper\"><ul><li>Tous les produits sont con\u00e7us pour d\u00e9passer les normes de donn\u00e9es mondiales pour les \u00e9quipements hydrauliques haute pression.<\/li><li>Chaque produit sera soumis \u00e0 des tests physiques rigoureux avant l&#039;exp\u00e9dition pour garantir la qualit\u00e9 du produit.<\/li><li>Tous les produits ont pass\u00e9 l&#039;inspection de qualit\u00e9 ISO9001 et EU CE et d&#039;autres institutions.<\/li><li>Fournissez des outils s\u00fbrs et fiables et un service apr\u00e8s-vente de pointe, tous les produits sont livr\u00e9s avec un service de garantie complet de 12 mois.<\/li><li>Le stock est suffisant et peut \u00eatre livr\u00e9 rapidement apr\u00e8s la commande de l&#039;utilisateur.<\/li><li>Un stock suffisant de pi\u00e8ces de rechange est utilis\u00e9 pour une maintenance rapide et un fonctionnement \u00e0 long terme du produit.<\/li><\/ul><\/div><\/div><\/div><\/div><\/div><\/div>\t\t<\/div>\n\t\t\t<\/div>\n<\/div>\t<\/div>\n\t\t<\/div><div class=\"vc_row wpb_row vc_row-fluid vc_column-gap-24\" >\n\t<div class=\"container et-clearfix\">\n\t\t<div class=\"wpb_column vc_column_container vc_col-sm-12 text-align-none\" >\n\t<div class=\"vc_column-inner\" >\n\t\t<div class=\"wpb_wrapper\">\n\t\t\t<span class=\"et-gap et-clearfix et-gap-78325\"><\/span>\t\t<\/div>\n\t\t\t<\/div>\n<\/div>\t<\/div>\n\t\t<\/div>","protected":false},"excerpt":{"rendered":"FSH\/FSM series Tip thickness \/ maximum separation distance: 6mm\/81mm Maximum separation force: 8-14 tons Maximum working pressure: 70MPa Features Ideal for maintenance, service, testing and valve replacement applications. Integral separation wedge, frictionless, parallel and smooth movement, eliminating the risk of flange damage and separation wedge failure. Unique interlocking wedge design \u2013 first stage no bending [...]","protected":false},"author":1,"featured_media":0,"parent":0,"menu_order":0,"comment_status":"closed","ping_status":"closed","template":"page-vc.php","meta":{"footnotes":""},"class_list":["post-18902","page","type-page","status-publish","hentry"],"_links":{"self":[{"href":"https:\/\/marx-power.com\/fr\/wp-json\/wp\/v2\/pages\/18902","targetHints":{"allow":["GET"]}}],"collection":[{"href":"https:\/\/marx-power.com\/fr\/wp-json\/wp\/v2\/pages"}],"about":[{"href":"https:\/\/marx-power.com\/fr\/wp-json\/wp\/v2\/types\/page"}],"author":[{"embeddable":true,"href":"https:\/\/marx-power.com\/fr\/wp-json\/wp\/v2\/users\/1"}],"replies":[{"embeddable":true,"href":"https:\/\/marx-power.com\/fr\/wp-json\/wp\/v2\/comments?post=18902"}],"version-history":[{"count":0,"href":"https:\/\/marx-power.com\/fr\/wp-json\/wp\/v2\/pages\/18902\/revisions"}],"wp:attachment":[{"href":"https:\/\/marx-power.com\/fr\/wp-json\/wp\/v2\/media?parent=18902"}],"curies":[{"name":"wp","href":"https:\/\/api.w.org\/{rel}","templated":true}]}}