{"id":19269,"date":"2022-08-15T02:05:41","date_gmt":"2022-08-15T02:05:41","guid":{"rendered":"https:\/\/torcstark.com\/?page_id=19269"},"modified":"2022-08-15T02:05:41","modified_gmt":"2022-08-15T02:05:41","slug":"2-jaw-hydraulic-bearing-puller","status":"publish","type":"page","link":"https:\/\/marx-power.com\/fr\/extracteur-de-roulement-hydraulique-a-2-machoires\/","title":{"rendered":"Extracteur de roulement hydraulique \u00e0 2 m\u00e2choires"},"content":{"rendered":"<div class=\"vc_row wpb_row vc_row-fluid vc_column-gap-24 vc_row-o-content-middle vc_row-flex vc-row-346243\" >\n\t<div class=\"container et-clearfix\">\n\t\t<div class=\"wpb_column vc_column_container vc_col-sm-6 text-align-none\" >\n\t<div class=\"vc_column-inner\" >\n\t\t<div class=\"wpb_wrapper\">\n\t\t\t<div id=\"et-image-628362\" class=\"et-image alignnone curtain-left\" data-curtain=\"false\" data-animation-delay=\"0\" data-parallax=\"false\" data-move=\"false\" data-coordinatex=\"0\" data-coordinatey=\"0\" data-speed=\"10\"><img decoding=\"async\" width=\"t\" height=\"t\" src=\"https:\/\/marx-power.com\/wp-content\/uploads\/2022\/02\/2-Jaw-Hydraulic-Bearing-Puller-1-2.jpg\" alt=\"Marx Power\u00ae\"><\/div>\t\t<\/div>\n\t\t\t<\/div>\n<\/div><div class=\"wpb_column vc_column_container vc_col-sm-6 text-align-none\" >\n\t<div class=\"vc_column-inner\" >\n\t\t<div class=\"wpb_wrapper\">\n\t\t\t\n<div class=\"wpb_text_column wpb_content_element\"  data-animation-delay=\"0\">\n\t<div class=\"wpb_wrapper\">\n\t\t<p>\u2022 Extracteur hydraulique mont\u00e9 sur v\u00e9hicule automatique de la s\u00e9rie HCP, la structure de l&#039;extracteur avec une conception \u00e0 deux griffes est simple et pratique \u00e0 utiliser\u00a0;<\/p>\n<p>\u2022 Le bras de traction\/griffe de traction est fabriqu\u00e9 en acier alli\u00e9 \u00e0 tr\u00e8s haute r\u00e9sistance. Conception de v\u00e9rin hydraulique \u00e0 double effet.<\/p>\n<p>\u2022 Soupape de s\u00e9curit\u00e9 int\u00e9gr\u00e9e \u00e0 la station de pompage hydraulique, la pression de service maximale est de 70\u00a0MPa.<\/p>\n<p>\u2022 Chariot \u00e0 roulettes pour une mobilit\u00e9 ais\u00e9e.<\/p>\n<p>\u2022Peut \u00eatre configur\u00e9 avec une t\u00eate d&#039;extension pour augmenter la longueur du piston.<\/p>\n\t<\/div>\n<\/div>\n\n\t\t<\/div>\n\t\t\t<\/div>\n<\/div>\t<\/div>\n\t\t<\/div><div class=\"vc_row wpb_row vc_row-fluid vc_column-gap-24\" >\n\t<div class=\"container et-clearfix\">\n\t\t<div class=\"wpb_column vc_column_container vc_col-sm-12 text-align-none\" >\n\t<div class=\"vc_column-inner\" >\n\t\t<div class=\"wpb_wrapper\">\n\t\t\t<h3 class=\"et-heading text-align-left tablet-text-align-inherit mobile-text-align-inherit animate-false no-animation-type\" id=\"et-heading-120216\" data-delay=\"0\" data-mobile-font=\"inherit\" data-mobile-line-height=\"inherit\" data-tablet-landscape-font=\"inherit\" data-tablet-portrait-font=\"inherit\" data-tablet-landscape-line-height=\"inherit\" data-tablet-portrait-line-height=\"inherit\" data-parallax=\"false\" data-move=\"false\" data-coordinatex=\"0\" data-coordinatey=\"0\" data-speed=\"10\"><span class=\"text-wrapper\"><span class=\"text\">Dessin dimensionnel<\/span><\/span><\/h3><div id=\"et-image-2855\" class=\"et-image aligncenter curtain-left\" data-curtain=\"false\" data-animation-delay=\"0\" data-parallax=\"false\" data-move=\"false\" data-coordinatex=\"0\" data-coordinatey=\"0\" data-speed=\"10\"><img decoding=\"async\" width=\"t\" height=\"t\" src=\"https:\/\/marx-power.com\/wp-content\/uploads\/2022\/02\/2-Jaw-Hydraulic-Bearing-Puller-1.png\" alt=\"Marx Power\u00ae\"><\/div><h3 class=\"et-heading text-align-left tablet-text-align-inherit mobile-text-align-inherit animate-false no-animation-type\" id=\"et-heading-623254\" data-delay=\"0\" data-mobile-font=\"inherit\" data-mobile-line-height=\"inherit\" data-tablet-landscape-font=\"inherit\" data-tablet-portrait-font=\"inherit\" data-tablet-landscape-line-height=\"inherit\" data-tablet-portrait-line-height=\"inherit\" data-parallax=\"false\" data-move=\"false\" data-coordinatex=\"0\" data-coordinatey=\"0\" data-speed=\"10\"><span class=\"text-wrapper\"><span class=\"text\">Sp\u00e9cifications du levier de compensation<\/span><\/span><\/h3><div class=\"vc_row wpb_row vc_inner vc_row-fluid vc_column-gap-24\"><div class=\"wpb_column vc_column_container vc_col-sm-6\"><div class=\"vc_column-inner\"><div class=\"wpb_wrapper\"><div id=\"et-image-612086\" class=\"et-image alignnone curtain-left\" data-curtain=\"false\" data-animation-delay=\"0\" data-parallax=\"false\" data-move=\"false\" data-coordinatex=\"0\" data-coordinatey=\"0\" data-speed=\"10\"><img decoding=\"async\" width=\"t\" height=\"t\" src=\"https:\/\/marx-power.com\/wp-content\/uploads\/2022\/02\/2-Jaw-Hydraulic-Bearing-Puller-2.png\" alt=\"Marx Power\u00ae\"><\/div><\/div><\/div><\/div><div class=\"wpb_column vc_column_container vc_col-sm-6\"><div class=\"vc_column-inner\"><div class=\"wpb_wrapper\"><div class=\"wpb_text_column wpb_content_element\"  data-animation-delay=\"0\"><div class=\"wpb_wrapper\"><table><tbody><tr><td>Mod\u00e8le<\/td><td>HCP60<\/td><td>HCP100<\/td><td>HCP200<\/td><td>HCP250<\/td><td>HCP300<\/td><\/tr><tr><td>Un (mm)<\/td><td>80<\/td><td>80<\/td><td>80<\/td><td>100<\/td><td>120<\/td><\/tr><tr><td>B (mm)<\/td><td>205<\/td><td>205<\/td><td>205<\/td><td>250<\/td><td>280<\/td><\/tr><tr><td>C (mm)<\/td><td>345<\/td><td>345<\/td><td>345<\/td><td>300<\/td><td>350<\/td><\/tr><tr><td>D (mm)<\/td><td>80<\/td><td>105<\/td><td>150<\/td><td>150<\/td><td>190<\/td><\/tr><\/tbody><\/table><\/div><\/div><\/div><\/div><\/div><\/div>\t\t<\/div>\n\t\t\t<\/div>\n<\/div>\t<\/div>\n\t\t<\/div><div class=\"vc_row wpb_row vc_row-fluid vc_column-gap-24\" >\n\t<div class=\"container et-clearfix\">\n\t\t<div class=\"wpb_column vc_column_container vc_col-sm-12 text-align-none\" >\n\t<div class=\"vc_column-inner\" >\n\t\t<div class=\"wpb_wrapper\">\n\t\t\t<h3 class=\"et-heading text-align-left tablet-text-align-inherit mobile-text-align-inherit animate-false no-animation-type\" id=\"et-heading-351205\" data-delay=\"0\" data-mobile-font=\"inherit\" data-mobile-line-height=\"inherit\" data-tablet-landscape-font=\"inherit\" data-tablet-portrait-font=\"inherit\" data-tablet-landscape-line-height=\"inherit\" data-tablet-portrait-line-height=\"inherit\" data-parallax=\"false\" data-move=\"false\" data-coordinatex=\"0\" data-coordinatey=\"0\" data-speed=\"10\"><span class=\"text-wrapper\"><span class=\"text\">Tableau de sp\u00e9cifications<\/span><\/span><\/h3>\n<div class=\"wpb_text_column wpb_content_element\"  data-animation-delay=\"0\">\n\t<div class=\"wpb_wrapper\">\n\t\t<table>\n<tbody>\n<tr>\n<td width=\"43\">Mod\u00e8le<\/td>\n<td width=\"53\">Capacit\u00e9 de l&#039;extracteur T (tonne)<\/td>\n<td width=\"53\">Course du v\u00e9rin (mm)<\/td>\n<td width=\"47\">Longueur L(mm)<\/td>\n<td width=\"43\">Largeur (mm)<\/td>\n<td width=\"65\">Hauteur r\u00e9glable du centre de l&#039;extracteur H(mm)<\/td>\n<td width=\"58\">Longueur d&#039;ouverture minimale mm<\/td>\n<td width=\"57\">Profondeur minimale d&#039;extraction mm<\/td>\n<td width=\"61\">Longueur d&#039;ouverture maximale mm<\/td>\n<td width=\"62\">Profondeur maximale d&#039;extraction mm<\/td>\n<td width=\"46\">Source d&#039;\u00e9nergie<\/td>\n<\/tr>\n<tr>\n<td width=\"43\">HCP<br \/>\n60<\/td>\n<td width=\"53\">60<\/td>\n<td width=\"53\">250<\/td>\n<td width=\"47\">2220<\/td>\n<td width=\"43\">838<\/td>\n<td width=\"65\">280-915<\/td>\n<td width=\"58\">140<\/td>\n<td width=\"57\">790<\/td>\n<td width=\"61\">1000<\/td>\n<td width=\"62\">650<\/td>\n<td rowspan=\"5\" width=\"46\">380v\/ 50Hz<\/td>\n<\/tr>\n<tr>\n<td width=\"43\">HCP 100<\/td>\n<td width=\"53\">100<\/td>\n<td width=\"53\">250<\/td>\n<td width=\"47\">2220<\/td>\n<td width=\"43\">838<\/td>\n<td width=\"65\">300-915<\/td>\n<td width=\"58\">380<\/td>\n<td width=\"57\">1066<\/td>\n<td width=\"61\">1220<\/td>\n<td width=\"62\">863<\/td>\n<\/tr>\n<tr>\n<td width=\"43\">HCP 200<\/td>\n<td width=\"53\">200<\/td>\n<td width=\"53\">250<\/td>\n<td width=\"47\">2429<\/td>\n<td width=\"43\">905<\/td>\n<td width=\"65\">340-876<\/td>\n<td width=\"58\">380<\/td>\n<td width=\"57\">1160<\/td>\n<td width=\"61\">1045<\/td>\n<td width=\"62\">1039<\/td>\n<\/tr>\n<tr>\n<td width=\"43\">HCP<br \/>\n250<\/td>\n<td width=\"53\">250<\/td>\n<td width=\"53\">250<\/td>\n<td width=\"47\">2450<\/td>\n<td width=\"43\">986<\/td>\n<td width=\"65\">340-876<\/td>\n<td width=\"58\">380<\/td>\n<td width=\"57\">1160<\/td>\n<td width=\"61\">1220<\/td>\n<td width=\"62\">970<\/td>\n<\/tr>\n<tr>\n<td width=\"43\">HCP<br \/>\n300<\/td>\n<td width=\"53\">300<\/td>\n<td width=\"53\">250<\/td>\n<td width=\"47\">2503<\/td>\n<td width=\"43\">1047<\/td>\n<td width=\"65\">390-876<\/td>\n<td width=\"58\">380<\/td>\n<td width=\"57\">1160<\/td>\n<td width=\"61\">1385<\/td>\n<td width=\"62\">970<\/td>\n<\/tr>\n<\/tbody>\n<\/table>\n\t<\/div>\n<\/div>\n\n\t\t<\/div>\n\t\t\t<\/div>\n<\/div>\t<\/div>\n\t\t<\/div><div class=\"vc_row wpb_row vc_row-fluid vc_column-gap-24\" >\n\t<div class=\"container et-clearfix\">\n\t\t<div class=\"wpb_column vc_column_container vc_col-sm-12 text-align-none\" >\n\t<div class=\"vc_column-inner\" >\n\t\t<div class=\"wpb_wrapper\">\n\t\t\t<h3 class=\"et-heading text-align-left tablet-text-align-inherit mobile-text-align-inherit animate-false no-animation-type\" id=\"et-heading-784421\" data-delay=\"0\" data-mobile-font=\"inherit\" data-mobile-line-height=\"inherit\" data-tablet-landscape-font=\"inherit\" data-tablet-portrait-font=\"inherit\" data-tablet-landscape-line-height=\"inherit\" data-tablet-portrait-line-height=\"inherit\" data-parallax=\"false\" data-move=\"false\" data-coordinatex=\"0\" data-coordinatey=\"0\" data-speed=\"10\"><span class=\"text-wrapper\"><span class=\"text\">Entrer en contact<\/span><\/span><\/h3>\n<div class=\"wpb_text_column wpb_content_element\"  data-animation-delay=\"0\">\n\t<div class=\"wpb_wrapper\">\n\t\t<p>Pour toute demande de service, veuillez remplir le formulaire et nous vous r\u00e9pondrons dans les plus brefs d\u00e9lais.<\/p>\n\t<\/div>\n<\/div>\n\n<div class=\"vc_row wpb_row vc_inner vc_row-fluid vc_column-gap-48 vc-row-670903\"><div class=\"wpb_column vc_column_container vc_col-sm-6\"><div class=\"vc_column-inner\"><div class=\"wpb_wrapper\"><div class=\"wpcf7 no-js\" id=\"wpcf7-f10615-o1\" lang=\"en-US\" dir=\"ltr\" data-wpcf7-id=\"10615\"><div class=\"screen-reader-response\"><p role=\"status\" aria-live=\"polite\" aria-atomic=\"true\"><\/p><ul><\/ul><\/div><form action=\"\/fr\/wp-json\/wp\/v2\/pages\/19269#wpcf7-f10615-o1\" method=\"post\" class=\"wpcf7-form init\" aria-label=\"Formulaire de contact\" novalidate=\"novalidate\" data-status=\"init\" data-trp-original-action=\"\/fr\/wp-json\/wp\/v2\/pages\/19269#wpcf7-f10615-o1\"><fieldset class=\"hidden-fields-container\"><input type=\"hidden\" name=\"_wpcf7\" value=\"10615\" \/><input type=\"hidden\" name=\"_wpcf7_version\" value=\"6.1.5\" \/><input type=\"hidden\" name=\"_wpcf7_locale\" value=\"en_US\" \/><input type=\"hidden\" name=\"_wpcf7_unit_tag\" value=\"wpcf7-f10615-o1\" \/><input type=\"hidden\" name=\"_wpcf7_container_post\" value=\"0\" \/><input type=\"hidden\" name=\"_wpcf7_posted_data_hash\" value=\"\" \/><\/fieldset><!-- \u7b2c\u4e00\u884c\uff1aFull Name + Email --><div style=\"display:flex; gap:4%; flex-direction: row; margin-bottom: -20px;\"><p><label> Full Name <span class=\"required-star\">*<\/span><br \/><span class=\"wpcf7-form-control-wrap\" data-name=\"full-name\"><input size=\"40\" maxlength=\"400\" class=\"wpcf7-form-control wpcf7-text wpcf7-validates-as-required\" aria-required=\"true\" aria-invalid=\"false\" placeholder=\"Robert Evans\" value=\"\" type=\"text\" name=\"full-name\" \/><\/span><\/label><\/p><p><label> Email Address <span class=\"required-star\">*<\/span><br \/><span class=\"wpcf7-form-control-wrap\" data-name=\"email\"><input size=\"40\" maxlength=\"400\" class=\"wpcf7-form-control wpcf7-email wpcf7-validates-as-required wpcf7-text wpcf7-validates-as-email\" aria-required=\"true\" aria-invalid=\"false\" placeholder=\"robert@example.com\" value=\"\" type=\"email\" name=\"email\" \/><\/span><\/label><\/p><\/div><div style=\"display:flex; gap:4%; flex-direction: row; margin-bottom: -20px;\"><p><label> Phone Number<br \/><span class=\"wpcf7-form-control-wrap\" data-name=\"phone\"><input size=\"40\" maxlength=\"400\" class=\"wpcf7-form-control wpcf7-tel wpcf7-text wpcf7-validates-as-tel\" aria-invalid=\"false\" placeholder=\"+1 (123) 456-7890\" value=\"\" type=\"tel\" name=\"phone\" \/><\/span><\/label><\/p><p><label> Pays<br \/><span class=\"wpcf7-form-control-wrap\" data-name=\"country\"><input size=\"40\" maxlength=\"400\" class=\"wpcf7-form-control wpcf7-text\" aria-invalid=\"false\" placeholder=\"ABC inc.\" value=\"\" type=\"text\" name=\"country\" \/><\/span><\/label><\/p><\/div><!-- \u7b2c\u4e09\u884c\uff1aCompany Name --><p><label> Company Name<br \/><span class=\"wpcf7-form-control-wrap\" data-name=\"company\"><input size=\"40\" maxlength=\"400\" class=\"wpcf7-form-control wpcf7-text\" aria-invalid=\"false\" placeholder=\"Acme Inc\" value=\"\" type=\"text\" name=\"company\" \/><\/span><\/label><\/p><!-- \u7b2c\u56db\u884c\uff1aMessage --><p><label> Message <span class=\"required-star\">*<\/span><br \/><span class=\"wpcf7-form-control-wrap\" data-name=\"message\"><textarea cols=\"40\" rows=\"10\" maxlength=\"2000\" class=\"wpcf7-form-control wpcf7-textarea wpcf7-validates-as-required\" aria-required=\"true\" aria-invalid=\"false\" placeholder=\"Tell us about your inquiry...\" name=\"message\"><\/textarea><\/span><\/label><\/p><!-- \u7b2c\u4e94\u884c\uff1aPreferred Contact Method --><p>Preferred Contact Method<br \/><span class=\"wpcf7-form-control-wrap\" data-name=\"contact-method\"><span class=\"wpcf7-form-control wpcf7-radio\"><span class=\"wpcf7-list-item first\"><input type=\"radio\" name=\"contact-method\" value=\"email\" checked=\"checked\" \/><span class=\"wpcf7-list-item-label\">email<\/span><\/span><span class=\"wpcf7-list-item last\"><input type=\"radio\" name=\"contact-method\" value=\"phone\" \/><span class=\"wpcf7-list-item-label\">phone<\/span><\/span><\/span><\/span><\/p><!-- \u7b2c\u516d\u884c\uff1aSubmit --><p><input class=\"wpcf7-form-control wpcf7-submit has-spinner\" type=\"submit\" value=\"Send Message\" \/><\/p><div class=\"wpcf7-response-output\" aria-hidden=\"true\"><\/div><input type=\"hidden\" name=\"trp-form-language\" value=\"fr\"\/><\/form><\/div><\/div><\/div><\/div><div class=\"wpb_column vc_column_container vc_col-sm-6\"><div class=\"vc_column-inner\"><div class=\"wpb_wrapper\"><div class=\"wpb_text_column wpb_content_element\"  data-animation-delay=\"0\"><div class=\"wpb_wrapper\"><ul><li>Tous les produits sont con\u00e7us pour d\u00e9passer les normes de donn\u00e9es mondiales pour les \u00e9quipements hydrauliques haute pression.<\/li><li>Chaque produit sera soumis \u00e0 des tests physiques rigoureux avant l&#039;exp\u00e9dition pour garantir la qualit\u00e9 du produit.<\/li><li>Tous les produits ont pass\u00e9 l&#039;inspection de qualit\u00e9 ISO9001 et EU CE et d&#039;autres institutions.<\/li><li>Fournissez des outils s\u00fbrs et fiables et un service apr\u00e8s-vente de pointe, tous les produits sont livr\u00e9s avec un service de garantie complet de 12 mois.<\/li><li>Le stock est suffisant et peut \u00eatre livr\u00e9 rapidement apr\u00e8s la commande de l&#039;utilisateur.<\/li><li>Un stock suffisant de pi\u00e8ces de rechange est utilis\u00e9 pour une maintenance rapide et un fonctionnement \u00e0 long terme du produit.<\/li><\/ul><\/div><\/div><\/div><\/div><\/div><\/div>\t\t<\/div>\n\t\t\t<\/div>\n<\/div>\t<\/div>\n\t\t<\/div><div class=\"vc_row wpb_row vc_row-fluid vc_column-gap-24\" >\n\t<div class=\"container et-clearfix\">\n\t\t<div class=\"wpb_column vc_column_container vc_col-sm-12 text-align-none\" >\n\t<div class=\"vc_column-inner\" >\n\t\t<div class=\"wpb_wrapper\">\n\t\t\t<span class=\"et-gap et-clearfix et-gap-78325\"><\/span>\t\t<\/div>\n\t\t\t<\/div>\n<\/div>\t<\/div>\n\t\t<\/div>","protected":false},"excerpt":{"rendered":"\u2022HCP-series automatic vehicle-mounted hydraulic puller, the puller structure with two-claw design is simple and convenient to operate; \u2022Pull arm\/pull claw is made of ultra-high-strength alloy steel. Double-acting hydraulic cylinder design. \u2022Hydraulic pump station built-in safety valve, maximum working pressure is 70MPa. \u2022Wheeled trolley for easy mobility. \u2022Can be configured with an extension head to increase [...]","protected":false},"author":1,"featured_media":0,"parent":0,"menu_order":0,"comment_status":"closed","ping_status":"closed","template":"page-vc.php","meta":{"footnotes":""},"class_list":["post-19269","page","type-page","status-publish","hentry"],"_links":{"self":[{"href":"https:\/\/marx-power.com\/fr\/wp-json\/wp\/v2\/pages\/19269","targetHints":{"allow":["GET"]}}],"collection":[{"href":"https:\/\/marx-power.com\/fr\/wp-json\/wp\/v2\/pages"}],"about":[{"href":"https:\/\/marx-power.com\/fr\/wp-json\/wp\/v2\/types\/page"}],"author":[{"embeddable":true,"href":"https:\/\/marx-power.com\/fr\/wp-json\/wp\/v2\/users\/1"}],"replies":[{"embeddable":true,"href":"https:\/\/marx-power.com\/fr\/wp-json\/wp\/v2\/comments?post=19269"}],"version-history":[{"count":0,"href":"https:\/\/marx-power.com\/fr\/wp-json\/wp\/v2\/pages\/19269\/revisions"}],"wp:attachment":[{"href":"https:\/\/marx-power.com\/fr\/wp-json\/wp\/v2\/media?parent=19269"}],"curies":[{"name":"wp","href":"https:\/\/api.w.org\/{rel}","templated":true}]}}