{"id":21546,"date":"2025-08-28T07:39:36","date_gmt":"2025-08-28T07:39:36","guid":{"rendered":"https:\/\/marx-power.com\/?page_id=21546"},"modified":"2025-12-23T07:02:29","modified_gmt":"2025-12-23T07:02:29","slug":"kts","status":"publish","type":"page","link":"https:\/\/marx-power.com\/fr\/cles-dynamometriques-hydrauliques\/kts\/","title":{"rendered":"KTS Series &#8211; Low Profile Hydraulic Torque Wrench"},"content":{"rendered":"<div class=\"vc_row wpb_row vc_row-fluid vc_custom_1754386639090 vc_column-gap-24 vc-row-749794\" >\n\t<div class=\"container et-clearfix\">\n\t\t<div class=\"wpb_animate_when_almost_visible wpb_fadeInRight fadeInRight wpb_column vc_column_container vc_col-sm-3 text-align-none vc-column-508181\" data-animation-delay=\"0\" >\n\t<div class=\"vc_column-inner\" >\n\t\t<div class=\"wpb_wrapper\">\n\t\t\t<div  class=\"vc_wp_custommenu wpb_content_element\"><div class=\"widget widget_nav_menu\"><h2 class=\"widgettitle\">cat\u00e9gories de produits<\/h2><div class=\"menu-bolting-tools-container\"><ul id=\"menu-bolting-tools\" class=\"menu\"><li id=\"menu-item-10724\" class=\"menu-item menu-item-type-custom menu-item-object-custom menu-item-has-children menu-item-10724\"><a href=\"https:\/\/marx-power.com\/fr\/wrenches\/\">Wrench<\/a>\n<ul class=\"sub-menu\">\n\t<li id=\"menu-item-19165\" class=\"menu-item menu-item-type-post_type menu-item-object-page menu-item-19165\"><a href=\"https:\/\/marx-power.com\/fr\/cles-dynamometriques-hydrauliques\/\">\u00b7 Hydraulic<\/a><\/li>\n\t<li id=\"menu-item-20512\" class=\"menu-item menu-item-type-post_type menu-item-object-page menu-item-20512\"><a href=\"https:\/\/marx-power.com\/fr\/pneumatique\/\">\u00b7 Pneumatic<\/a><\/li>\n\t<li id=\"menu-item-20517\" class=\"menu-item menu-item-type-post_type menu-item-object-page menu-item-20517\"><a href=\"https:\/\/marx-power.com\/fr\/electrique\/\">\u00b7 Electric<\/a><\/li>\n\t<li id=\"menu-item-20518\" class=\"menu-item menu-item-type-post_type menu-item-object-page menu-item-20518\"><a href=\"https:\/\/marx-power.com\/fr\/manual\/\">\u00b7 Manual<\/a><\/li>\n<\/ul>\n<\/li>\n<li id=\"menu-item-10721\" class=\"menu-item menu-item-type-custom menu-item-object-custom menu-item-has-children menu-item-10721\"><a href=\"https:\/\/marx-power.com\/fr\/tensioning\/\">Tensioning<\/a>\n<ul class=\"sub-menu\">\n\t<li id=\"menu-item-20514\" class=\"menu-item menu-item-type-post_type menu-item-object-page menu-item-20514\"><a href=\"https:\/\/marx-power.com\/fr\/single\/\">\u00b7 Single Stage<\/a><\/li>\n\t<li id=\"menu-item-20516\" class=\"menu-item menu-item-type-post_type menu-item-object-page menu-item-20516\"><a href=\"https:\/\/marx-power.com\/fr\/tendeur-de-boulon\/\">\u00b7 Multistage<\/a><\/li>\n\t<li id=\"menu-item-20515\" class=\"menu-item menu-item-type-post_type menu-item-object-page menu-item-20515\"><a href=\"https:\/\/marx-power.com\/fr\/nuts\/\">\u00b7 Nuts<\/a><\/li>\n<\/ul>\n<\/li>\n<li id=\"menu-item-10722\" class=\"menu-item menu-item-type-custom menu-item-object-custom menu-item-has-children menu-item-10722\"><a href=\"https:\/\/marx-power.com\/fr\/pump\/\">Pump<\/a>\n<ul class=\"sub-menu\">\n\t<li id=\"menu-item-20510\" class=\"menu-item menu-item-type-post_type menu-item-object-page menu-item-20510\"><a href=\"https:\/\/marx-power.com\/fr\/pompe-couple-hydraulique\/\">\u00b7 Electric<\/a><\/li>\n\t<li id=\"menu-item-20513\" class=\"menu-item menu-item-type-post_type menu-item-object-page menu-item-20513\"><a href=\"https:\/\/marx-power.com\/fr\/pneumatic-torque-pump\/\">\u00b7 Pneumatic<\/a><\/li>\n\t<li id=\"menu-item-20746\" class=\"menu-item menu-item-type-post_type menu-item-object-page menu-item-20746\"><a href=\"https:\/\/marx-power.com\/fr\/manual-torque-pump\/\">\u00b7 Manual<\/a><\/li>\n<\/ul>\n<\/li>\n<li id=\"menu-item-20324\" class=\"menu-item menu-item-type-custom menu-item-object-custom menu-item-has-children menu-item-20324\"><a href=\"https:\/\/marx-power.com\/fr\/verin-hydraulique\/\">Cylinders<\/a>\n<ul class=\"sub-menu\">\n\t<li id=\"menu-item-20509\" class=\"menu-item menu-item-type-post_type menu-item-object-page menu-item-20509\"><a href=\"https:\/\/marx-power.com\/fr\/verin-hydraulique\/\">\u00b7 Cylinders<\/a><\/li>\n<\/ul>\n<\/li>\n<li id=\"menu-item-20326\" class=\"menu-item menu-item-type-custom menu-item-object-custom menu-item-has-children menu-item-20326\"><a href=\"https:\/\/marx-power.com\/fr\/pullers-flange\/\">Pullers&#038;Flange<\/a>\n<ul class=\"sub-menu\">\n\t<li id=\"menu-item-20507\" class=\"menu-item menu-item-type-post_type menu-item-object-page menu-item-20507\"><a href=\"https:\/\/marx-power.com\/fr\/puller\/\">\u00b7 Puller<\/a><\/li>\n\t<li id=\"menu-item-20506\" class=\"menu-item menu-item-type-post_type menu-item-object-page menu-item-20506\"><a href=\"https:\/\/marx-power.com\/fr\/vehicle-puller\/\">\u00b7 Vehicle Puller<\/a><\/li>\n\t<li id=\"menu-item-20508\" class=\"menu-item menu-item-type-post_type menu-item-object-page menu-item-20508\"><a href=\"https:\/\/marx-power.com\/fr\/flange-tools\/\">\u00b7 Flange Tools<\/a><\/li>\n<\/ul>\n<\/li>\n<li id=\"menu-item-20331\" class=\"menu-item menu-item-type-custom menu-item-object-custom menu-item-has-children menu-item-20331\"><a href=\"https:\/\/marx-power.com\/fr\/accessoires-2\/\">Accessoires<\/a>\n<ul class=\"sub-menu\">\n\t<li id=\"menu-item-21539\" class=\"menu-item menu-item-type-post_type menu-item-object-page menu-item-21539\"><a href=\"https:\/\/marx-power.com\/fr\/pressure-gauge\/\">\u00b7 Pressure Gauge<\/a><\/li>\n\t<li id=\"menu-item-20505\" class=\"menu-item menu-item-type-post_type menu-item-object-page menu-item-20505\"><a href=\"https:\/\/marx-power.com\/fr\/accessoires\/\">\u00b7 Calibrator<\/a><\/li>\n\t<li id=\"menu-item-21538\" class=\"menu-item menu-item-type-post_type menu-item-object-page menu-item-21538\"><a href=\"https:\/\/marx-power.com\/fr\/hose-adapters\/\">\u00b7 Hose&#038;Adapters<\/a><\/li>\n\t<li id=\"menu-item-20504\" class=\"menu-item menu-item-type-post_type menu-item-object-page menu-item-20504\"><a href=\"https:\/\/marx-power.com\/fr\/socket\/\">\u00b7 Socket<\/a><\/li>\n<\/ul>\n<\/li>\n<\/ul><\/div><\/div><\/div><h2 class=\"et-heading text-align-left tablet-text-align-inherit mobile-text-align-inherit animate-false no-animation-type\" id=\"et-heading-84162\" data-delay=\"0\" data-mobile-font=\"inherit\" data-mobile-line-height=\"inherit\" data-tablet-landscape-font=\"inherit\" data-tablet-portrait-font=\"inherit\" data-tablet-landscape-line-height=\"inherit\" data-tablet-portrait-line-height=\"inherit\" data-parallax=\"false\" data-move=\"false\" data-coordinatex=\"0\" data-coordinatey=\"0\" data-speed=\"10\"><span class=\"text-wrapper\"><span class=\"text\">Related Accessories<\/span><\/span><\/h2><div id=\"et-carousel-1\" class=\"et-carousel owl-carousel et-item-set effect-none navigation-both\" data-autoplay=\"true\" data-columns=\"1\" data-gap=\"0\"><div class=\"et-carousel-item et-item et-clearfix\"><div id=\"et-image-13904\" class=\"et-image alignnone curtain-left\" data-curtain=\"false\" data-animation-delay=\"0\" data-parallax=\"false\" data-move=\"false\" data-coordinatex=\"0\" data-coordinatey=\"0\" data-speed=\"10\"><img decoding=\"async\" width=\"t\" height=\"t\" src=\"https:\/\/marx-power.com\/wp-content\/uploads\/2025\/08\/\u914d\u4ef6-1.jpg\" alt=\"Marx Power\u00ae\"><\/div><a id=\"et-button-925045\" class=\"et-button icon-position-right modal-false small hover-fill click-none has-icon button-width-100\" target=\"_self\" href=\"https:\/\/marx-power.com\/fr\/cles-dynamometriques-hydrauliques\/kts\/\" data-animation-delay=\"0\" data-parallax=\"false\" data-move=\"false\" data-coordinatex=\"0\" data-coordinatey=\"0\" data-speed=\"10\"><span class=\"hover\"><\/span><span class=\"regular\"><\/span><span class=\"text\">Apprendre encore plus<\/span><span class=\"icon ien ien-earrow-3\"><\/span><\/a><\/div><div class=\"et-carousel-item et-item et-clearfix\"><div id=\"et-image-128762\" class=\"et-image alignnone curtain-left\" data-curtain=\"false\" data-animation-delay=\"0\" data-parallax=\"false\" data-move=\"false\" data-coordinatex=\"0\" data-coordinatey=\"0\" data-speed=\"10\"><img decoding=\"async\" width=\"t\" height=\"t\" src=\"https:\/\/marx-power.com\/wp-content\/uploads\/2025\/08\/\u914d\u4ef6-2.png\" alt=\"Marx Power\u00ae\"><\/div><a id=\"et-button-656340\" class=\"et-button icon-position-right modal-false small hover-fill click-none has-icon button-width-100\" target=\"_self\" href=\"https:\/\/marx-power.com\/fr\/socket\/sk\/\" data-animation-delay=\"0\" data-parallax=\"false\" data-move=\"false\" data-coordinatex=\"0\" data-coordinatey=\"0\" data-speed=\"10\"><span class=\"hover\"><\/span><span class=\"regular\"><\/span><span class=\"text\">Apprendre encore plus<\/span><span class=\"icon ien ien-earrow-3\"><\/span><\/a><\/div><div class=\"et-carousel-item et-item et-clearfix\"><div id=\"et-image-163495\" class=\"et-image alignnone curtain-left\" data-curtain=\"false\" data-animation-delay=\"0\" data-parallax=\"false\" data-move=\"false\" data-coordinatex=\"0\" data-coordinatey=\"0\" data-speed=\"10\"><img decoding=\"async\" width=\"t\" height=\"t\" src=\"https:\/\/marx-power.com\/wp-content\/uploads\/2025\/08\/\u914d\u4ef6.png\" alt=\"Marx Power\u00ae\"><\/div><a id=\"et-button-542721\" class=\"et-button icon-position-right modal-false small hover-fill click-none has-icon button-width-100\" target=\"_self\" href=\"https:\/\/marx-power.com\/fr\/cles-dynamometriques-hydrauliques\/kts\/\" data-animation-delay=\"0\" data-parallax=\"false\" data-move=\"false\" data-coordinatex=\"0\" data-coordinatey=\"0\" data-speed=\"10\"><span class=\"hover\"><\/span><span class=\"regular\"><\/span><span class=\"text\">Apprendre encore plus<\/span><span class=\"icon ien ien-earrow-3\"><\/span><\/a><\/div><\/div>\t\t<\/div>\n\t\t\t<\/div>\n<\/div><div class=\"wpb_column vc_column_container vc_col-sm-9 text-align-none\" >\n\t<div class=\"vc_column-inner\" >\n\t\t<div class=\"wpb_wrapper\">\n\t\t\t<div id=\"overview\" class=\"vc_row wpb_row vc_inner vc_row-fluid vc_column-gap-24 vc-row-779358\"><div class=\"wpb_column vc_column_container vc_col-sm-6\"><div class=\"vc_column-inner\"><div class=\"wpb_wrapper\"><div id=\"et-gallery-808904\" class=\"et-gallery et-item-set carousel-thumbs effect-none navigation-only-arrows\" data-autoplay=\"true\"><ul id=\"carousel-thumbs-808904\" class=\"carousel-thumbs\"><li class=\"et-item et-gallery-item\"><div class=\"et-item-inner\"><div class=\"image-container\"><div class=\"image-preloader\"><\/div><img decoding=\"async\" alt=\"Marx Power\u00ae\" width=\"800\" height=\"800\" src=\"https:\/\/marx-power.com\/wp-content\/uploads\/2025\/08\/0e3a0cfebdca93bb6e6ea72a220797dc.jpg\"><\/div><\/div><\/li><li class=\"et-item et-gallery-item\"><div class=\"et-item-inner\"><div class=\"image-container\"><div class=\"image-preloader\"><\/div><img decoding=\"async\" alt=\"Marx Power\u00ae\" width=\"800\" height=\"800\" src=\"https:\/\/marx-power.com\/wp-content\/uploads\/2025\/08\/1-2.png\"><\/div><\/div><\/li><\/ul><ul id=\"carousel-navs-808904\" class=\"carousel-navs slick-thumbnail-navigation\"><li class=\"et-item et-gallery-item\"><img decoding=\"async\" alt=\"Marx Power\u00ae\" width=\"150\" height=\"150\" src=\"https:\/\/marx-power.com\/wp-content\/uploads\/2025\/08\/0e3a0cfebdca93bb6e6ea72a220797dc-150x150.jpg\"><\/li><li class=\"et-item et-gallery-item\"><img decoding=\"async\" alt=\"Marx Power\u00ae\" width=\"150\" height=\"150\" src=\"https:\/\/marx-power.com\/wp-content\/uploads\/2025\/08\/1-2-150x150.png\"><\/li><\/ul><\/div><\/div><\/div><\/div><div class=\"wpb_column vc_column_container vc_col-sm-6\"><div class=\"vc_column-inner\"><div class=\"wpb_wrapper\"><h1 class=\"et-heading text-align-left tablet-text-align-inherit mobile-text-align-inherit animate-false no-animation-type\" id=\"et-heading-434044\" data-delay=\"0\" data-mobile-font=\"inherit\" data-mobile-line-height=\"inherit\" data-tablet-landscape-font=\"inherit\" data-tablet-portrait-font=\"inherit\" data-tablet-landscape-line-height=\"inherit\" data-tablet-portrait-line-height=\"inherit\" data-parallax=\"false\" data-move=\"false\" data-coordinatex=\"0\" data-coordinatey=\"0\" data-speed=\"10\"><span class=\"text-wrapper\"><span class=\"text\">KTS Series &#8211; Low Profile Hydraulic Torque Wrench<\/span><\/span><\/h1><div class=\"vc_empty_space  vc_custom_1754387359489\"   style=\"height: 20px\"><span class=\"vc_empty_space_inner\"><\/span><\/div><div class=\"wpb_text_column wpb_content_element\"  data-animation-delay=\"0\"><div class=\"wpb_wrapper\"><ul><li>Pression de service maximale de 70 MPa<\/li><li>R\u00e9p\u00e9tabilit\u00e9 du couple jusqu&#039;\u00e0 3%<\/li><li>7 models with the ranges from 232-41882Nm<\/li><li>360&#215;180\u00b0 swivel joint, no space limitation<\/li><li>Al-Ti alloy material, Integral design, high strength, and high toughness<\/li><li>Une t\u00eate motrice peut correspondre \u00e0 diff\u00e9rents maillons \u00e0 cliquet.<\/li><\/ul><\/div><\/div><div class=\"vc_empty_space\"   style=\"height: 20px\"><span class=\"vc_empty_space_inner\"><\/span><\/div><a id=\"et-button-588088\" class=\"et-button icon-position-right modal-false small hover-none click-none has-icon button-width-100\" target=\"_self\" href=\"https:\/\/marx-power.com\/fr\/contactez-nous\/\" data-animation-delay=\"0\" data-parallax=\"false\" data-move=\"false\" data-coordinatex=\"0\" data-coordinatey=\"0\" data-speed=\"10\"><span class=\"hover\"><\/span><span class=\"regular\"><\/span><span class=\"text\">Nous contacter<\/span><span class=\"icon ien ien-earrow-3\"><\/span><\/a><\/div><\/div><\/div><\/div><div class=\"vc_row wpb_row vc_inner vc_row-fluid vc_custom_1754382991676 vc_column-gap-24 vc-row-675956\"><div class=\"wpb_column vc_column_container vc_col-sm-12 vc_col-has-fill\"><div class=\"vc_column-inner vc_custom_1754382196891\"><div class=\"wpb_wrapper\"><nav id=\"header-menu-container-188674\" class=\"header-menu-container hbe hbe-none one-page-true one-page-offset-0 hide-default-false hide-sticky-false menu-hover-underline submenu-appear-none submenu-hover-none submenu-shadow-false tl-submenu-ind-false sl-submenu-ind-false separator-false top-separator-false\"><ul id=\"header-menu-188674\" class=\"header-menu hbe-inner et-clearfix\"><li id=\"menu-item-20796\" class=\"menu-item menu-item-type-custom menu-item-object-custom depth-0\" ><a href=\"#overview\" class=\"mi-link\"><span class=\"txt\">Overview<\/span><span class=\"arrow-down\"><\/span><\/a><\/li><li id=\"menu-item-20797\" class=\"menu-item menu-item-type-custom menu-item-object-custom depth-0\" ><a href=\"#product-dimensions\" class=\"mi-link\"><span class=\"txt\">Product Dimensions<\/span><span class=\"arrow-down\"><\/span><\/a><\/li><li id=\"menu-item-20798\" class=\"menu-item menu-item-type-custom menu-item-object-custom depth-0\" ><a href=\"#downloads\" class=\"mi-link\"><span class=\"txt\">Downloads<\/span><span class=\"arrow-down\"><\/span><\/a><\/li><li id=\"menu-item-20799\" class=\"menu-item menu-item-type-custom menu-item-object-custom depth-0\" ><a href=\"#related-products\" class=\"mi-link\"><span class=\"txt\">Related Products<\/span><span class=\"arrow-down\"><\/span><\/a><\/li><\/ul><\/nav><\/div><\/div><\/div><\/div><div id=\"product-dimensions\" class=\"vc_row wpb_row vc_inner vc_row-fluid vc_column-gap-24 vc-row-223849\"><div class=\"wpb_column vc_column_container vc_col-sm-12\"><div class=\"vc_column-inner\"><div class=\"wpb_wrapper\"><h3 class=\"et-heading text-align-left tablet-text-align-inherit mobile-text-align-inherit animate-false no-animation-type\" id=\"et-heading-246866\" data-delay=\"0\" data-mobile-font=\"inherit\" data-mobile-line-height=\"inherit\" data-tablet-landscape-font=\"inherit\" data-tablet-portrait-font=\"inherit\" data-tablet-landscape-line-height=\"inherit\" data-tablet-portrait-line-height=\"inherit\" data-parallax=\"false\" data-move=\"false\" data-coordinatex=\"0\" data-coordinatey=\"0\" data-speed=\"10\"><span class=\"text-wrapper\"><span class=\"text\">Product Dimensions<\/span><\/span><\/h3><div class=\"vc_empty_space  vc_custom_1754383508785\"   style=\"height: 20px\"><span class=\"vc_empty_space_inner\"><\/span><\/div><div id=\"et-image-828821\" class=\"et-image aligncenter curtain-left\" data-curtain=\"false\" data-animation-delay=\"0\" data-parallax=\"false\" data-move=\"false\" data-coordinatex=\"0\" data-coordinatey=\"0\" data-speed=\"10\"><img decoding=\"async\" width=\"t\" height=\"t\" src=\"https:\/\/marx-power.com\/wp-content\/uploads\/2025\/12\/45a35eb6-3b6d-42a9-b55a-0633e8d10466-scaled.jpg\" alt=\"Marx Power\u00ae\"><\/div><div class=\"wpb_text_column wpb_content_element\"  data-animation-delay=\"0\"><div class=\"wpb_wrapper\"><table><tbody><tr><td width=\"119\">Mod\u00e8le<\/td><td width=\"185\">Torque\u00a0\u00a0Range(Nm)<\/td><td width=\"133\">Noix<\/p><p>Size(mm)<\/td><td width=\"133\">Power Head\u00a0Weight(kg)<\/td><td width=\"134\">Cassette<\/p><p>Poids (kg)<\/td><td width=\"146\">L(mm)<\/td><td width=\"135\">H1(mm)<\/td><td width=\"117\">H2(mm)<\/td><td width=\"117\">W1(mm)<\/td><td width=\"120\">W2(mm)<\/td><\/tr><tr><td width=\"119\">2KTS<\/td><td width=\"185\">232-2414<\/td><td width=\"133\">19-60<\/td><td width=\"133\">0.9<\/td><td width=\"134\">1.5<\/td><td width=\"146\">196<\/td><td width=\"135\">126<\/td><td width=\"117\">102<\/td><td width=\"117\">32<\/td><td width=\"120\">51<\/td><\/tr><tr><td width=\"119\">3KTS<\/td><td width=\"185\">348-3487<\/td><td width=\"133\">41-65<\/td><td width=\"133\">1.4<\/td><td width=\"134\">2.6<\/td><td width=\"146\">221<\/td><td width=\"135\">145<\/td><td width=\"117\">118<\/td><td width=\"117\">36<\/td><td width=\"120\">57<\/td><\/tr><tr><td width=\"119\">4KTS<\/td><td width=\"185\">585-5858<\/td><td width=\"133\">34-80<\/td><td width=\"133\">1.7<\/td><td width=\"134\">3.4<\/td><td width=\"146\">258<\/td><td width=\"135\">163<\/td><td width=\"117\">136<\/td><td width=\"117\">42<\/td><td width=\"120\">66<\/td><\/tr><tr><td width=\"119\">8KTS<\/td><td width=\"185\">1094-10941<\/td><td width=\"133\">41-105<\/td><td width=\"133\">3.1<\/td><td width=\"134\">6.3<\/td><td width=\"146\">311<\/td><td width=\"135\">192<\/td><td width=\"117\">168<\/td><td width=\"117\">53<\/td><td width=\"120\">83<\/td><\/tr><tr><td width=\"119\">14KTS<\/td><td width=\"185\">1852-18521<\/td><td width=\"133\">50-117<\/td><td width=\"133\">4.6<\/td><td width=\"134\">11.4<\/td><td width=\"146\">360<\/td><td width=\"135\">225<\/td><td width=\"117\">204<\/td><td width=\"117\">64<\/td><td width=\"120\">99<\/td><\/tr><tr><td width=\"119\">18KTS<\/td><td width=\"185\">2695-26958<\/td><td width=\"133\">65-130<\/td><td width=\"133\">6.5<\/td><td width=\"134\">14.3<\/td><td width=\"146\">388<\/td><td width=\"135\">264<\/td><td width=\"117\">231<\/td><td width=\"117\">71<\/td><td width=\"120\">109<\/td><\/tr><tr><td width=\"119\">30KTS<\/td><td width=\"185\">4188-41882<\/td><td width=\"133\">110-175<\/td><td width=\"133\">10.4<\/td><td width=\"134\">20.5<\/td><td width=\"146\">430<\/td><td width=\"135\">303<\/td><td width=\"117\">272<\/td><td width=\"117\">85<\/td><td width=\"120\">131<\/td><\/tr><\/tbody><\/table><\/div><\/div><\/div><\/div><\/div><\/div><div id=\"downloads\" class=\"vc_row wpb_row vc_inner vc_row-fluid vc_column-gap-24 vc-row-590191\"><div class=\"wpb_column vc_column_container vc_col-sm-12\"><div class=\"vc_column-inner\"><div class=\"wpb_wrapper\"><h3 class=\"et-heading text-align-left tablet-text-align-inherit mobile-text-align-inherit animate-false no-animation-type\" id=\"et-heading-684613\" data-delay=\"0\" data-mobile-font=\"inherit\" data-mobile-line-height=\"inherit\" data-tablet-landscape-font=\"inherit\" data-tablet-portrait-font=\"inherit\" data-tablet-landscape-line-height=\"inherit\" data-tablet-portrait-line-height=\"inherit\" data-parallax=\"false\" data-move=\"false\" data-coordinatex=\"0\" data-coordinatey=\"0\" data-speed=\"10\"><span class=\"text-wrapper\"><span class=\"text\">Downloads<\/span><\/span><\/h3><div class=\"vc_empty_space  vc_custom_1754383521077\"   style=\"height: 20px\"><span class=\"vc_empty_space_inner\"><\/span><\/div><div class=\"wpb_text_column wpb_content_element\"  data-animation-delay=\"0\"><div class=\"wpb_wrapper\"><p>I am text block. Click edit button to change this text. Lorem ipsum dolor sit amet, consectetur adipiscing elit. Ut elit tellus, luctus nec ullamcorper mattis, pulvinar dapibus leo.<\/p><\/div><\/div><\/div><\/div><\/div><\/div><div id=\"related-products\" class=\"vc_row wpb_row vc_inner vc_row-fluid vc_column-gap-24 vc-row-111551\"><div class=\"wpb_column vc_column_container vc_col-sm-12\"><div class=\"vc_column-inner\"><div class=\"wpb_wrapper\"><h3 class=\"et-heading text-align-left tablet-text-align-inherit mobile-text-align-inherit animate-false no-animation-type\" id=\"et-heading-430773\" data-delay=\"0\" data-mobile-font=\"inherit\" data-mobile-line-height=\"inherit\" data-tablet-landscape-font=\"inherit\" data-tablet-portrait-font=\"inherit\" data-tablet-landscape-line-height=\"inherit\" data-tablet-portrait-line-height=\"inherit\" data-parallax=\"false\" data-move=\"false\" data-coordinatex=\"0\" data-coordinatey=\"0\" data-speed=\"10\"><span class=\"text-wrapper\"><span class=\"text\">Related Products<\/span><\/span><\/h3><div class=\"vc_empty_space  vc_custom_1754383526387\"   style=\"height: 20px\"><span class=\"vc_empty_space_inner\"><\/span><\/div><div id=\"et-carousel-2\" class=\"et-carousel owl-carousel et-item-set effect-none navigation-only-arrows\" data-autoplay=\"true\" data-columns=\"3\" data-gap=\"16\"><div class=\"et-carousel-item et-item et-clearfix\"><div id=\"et-image-253819\" class=\"et-image alignnone curtain-left\" data-curtain=\"false\" data-animation-delay=\"0\" data-parallax=\"false\" data-move=\"false\" data-coordinatex=\"0\" data-coordinatey=\"0\" data-speed=\"10\"><img decoding=\"async\" width=\"t\" height=\"t\" src=\"https:\/\/marx-power.com\/wp-content\/uploads\/2025\/08\/HTP-3.jpg\" alt=\"Marx Power\u00ae\"><\/div><a id=\"et-button-826335\" class=\"et-button icon-position-right modal-false small hover-fill click-none has-icon button-width-100\" target=\"_self\" href=\"https:\/\/marx-power.com\/fr\/pompe-couple-hydraulique\/htp-3\/\" data-animation-delay=\"0\" data-parallax=\"false\" data-move=\"false\" data-coordinatex=\"0\" data-coordinatey=\"0\" data-speed=\"10\"><span class=\"hover\"><\/span><span class=\"regular\"><\/span><span class=\"text\">Apprendre encore plus<\/span><span class=\"icon ien ien-earrow-3\"><\/span><\/a><\/div><div class=\"et-carousel-item et-item et-clearfix\"><div id=\"et-image-867963\" class=\"et-image alignnone curtain-left\" data-curtain=\"false\" data-animation-delay=\"0\" data-parallax=\"false\" data-move=\"false\" data-coordinatex=\"0\" data-coordinatey=\"0\" data-speed=\"10\"><img decoding=\"async\" width=\"t\" height=\"t\" src=\"https:\/\/marx-power.com\/wp-content\/uploads\/2025\/04\/12.sockets.jpg\" alt=\"Marx Power\u00ae\"><\/div><a id=\"et-button-670040\" class=\"et-button icon-position-right modal-false small hover-fill click-none has-icon button-width-100\" target=\"_self\" href=\"https:\/\/marx-power.com\/fr\/socket\/sk\/\" data-animation-delay=\"0\" data-parallax=\"false\" data-move=\"false\" data-coordinatex=\"0\" data-coordinatey=\"0\" data-speed=\"10\"><span class=\"hover\"><\/span><span class=\"regular\"><\/span><span class=\"text\">Apprendre encore plus<\/span><span class=\"icon ien ien-earrow-3\"><\/span><\/a><\/div><div class=\"et-carousel-item et-item et-clearfix\"><div id=\"et-image-663768\" class=\"et-image alignnone curtain-left\" data-curtain=\"false\" data-animation-delay=\"0\" data-parallax=\"false\" data-move=\"false\" data-coordinatex=\"0\" data-coordinatey=\"0\" data-speed=\"10\"><img decoding=\"async\" width=\"t\" height=\"t\" src=\"https:\/\/marx-power.com\/wp-content\/uploads\/2025\/09\/1.MTS_.jpg\" alt=\"Marx Power\u00ae\"><\/div><a id=\"et-button-975637\" class=\"et-button icon-position-right modal-false small hover-fill click-none has-icon button-width-100\" target=\"_self\" href=\"https:\/\/marx-power.com\/fr\/cles-dynamometriques-hydrauliques\/mxtd\/\" data-animation-delay=\"0\" data-parallax=\"false\" data-move=\"false\" data-coordinatex=\"0\" data-coordinatey=\"0\" data-speed=\"10\"><span class=\"hover\"><\/span><span class=\"regular\"><\/span><span class=\"text\">Apprendre encore plus<\/span><span class=\"icon ien ien-earrow-3\"><\/span><\/a><\/div><\/div><\/div><\/div><\/div><\/div>\t\t<\/div>\n\t\t\t<\/div>\n<\/div>\t<\/div>\n\t\t<\/div><div class=\"vc_row wpb_row vc_row-fluid vc_column-gap-24\" >\n\t<div class=\"container et-clearfix\">\n\t\t<div class=\"wpb_column vc_column_container vc_col-sm-12 text-align-none\" >\n\t<div class=\"vc_column-inner\" >\n\t\t<div class=\"wpb_wrapper\">\n\t\t\t<span class=\"et-gap et-clearfix et-gap-78325\"><\/span>\t\t<\/div>\n\t\t\t<\/div>\n<\/div>\t<\/div>\n\t\t<\/div>","protected":false},"excerpt":{"rendered":"Product CategoriesWrench \u00b7 Hydraulic \u00b7 Pneumatic \u00b7 Electric \u00b7 Manual Tensioning \u00b7 Single Stage \u00b7 Multistage \u00b7 Nuts Pump \u00b7 Electric \u00b7 Pneumatic \u00b7 Manual Cylinders \u00b7 Cylinders Pullers&#038;Flange \u00b7 Puller \u00b7 Vehicle Puller \u00b7 Flange Tools Accessories \u00b7 Pressure Gauge \u00b7 Calibrator \u00b7 Hose&#038;Adapters \u00b7 Socket Related AccessoriesLearn MoreLearn MoreLearn More KTS Series - [...]","protected":false},"author":1,"featured_media":0,"parent":17901,"menu_order":0,"comment_status":"closed","ping_status":"closed","template":"page-vc.php","meta":{"footnotes":""},"class_list":["post-21546","page","type-page","status-publish","hentry"],"_links":{"self":[{"href":"https:\/\/marx-power.com\/fr\/wp-json\/wp\/v2\/pages\/21546","targetHints":{"allow":["GET"]}}],"collection":[{"href":"https:\/\/marx-power.com\/fr\/wp-json\/wp\/v2\/pages"}],"about":[{"href":"https:\/\/marx-power.com\/fr\/wp-json\/wp\/v2\/types\/page"}],"author":[{"embeddable":true,"href":"https:\/\/marx-power.com\/fr\/wp-json\/wp\/v2\/users\/1"}],"replies":[{"embeddable":true,"href":"https:\/\/marx-power.com\/fr\/wp-json\/wp\/v2\/comments?post=21546"}],"version-history":[{"count":0,"href":"https:\/\/marx-power.com\/fr\/wp-json\/wp\/v2\/pages\/21546\/revisions"}],"up":[{"embeddable":true,"href":"https:\/\/marx-power.com\/fr\/wp-json\/wp\/v2\/pages\/17901"}],"wp:attachment":[{"href":"https:\/\/marx-power.com\/fr\/wp-json\/wp\/v2\/media?parent=21546"}],"curies":[{"name":"wp","href":"https:\/\/api.w.org\/{rel}","templated":true}]}}