{"id":18847,"date":"2022-08-03T02:31:30","date_gmt":"2022-08-03T02:31:30","guid":{"rendered":"http:\/\/demo.torcstark.com\/?page_id=18847"},"modified":"2022-08-03T02:31:30","modified_gmt":"2022-08-03T02:31:30","slug":"rmcd-series-volume-synchronous-lifting-system","status":"publish","type":"page","link":"https:\/\/marx-power.com\/pt\/rmcd-series-volume-sistema-de-levantamento-sincrono\/","title":{"rendered":"Sistema de eleva\u00e7\u00e3o s\u00edncrona de volume da s\u00e9rie RMCD"},"content":{"rendered":"<div class=\"vc_row wpb_row vc_row-fluid vc_column-gap-24 vc_row-o-content-middle vc_row-flex vc-row-909199\" >\n\t<div class=\"container et-clearfix\">\n\t\t<div class=\"wpb_column vc_column_container vc_col-sm-6 text-align-none\" >\n\t<div class=\"vc_column-inner\" >\n\t\t<div class=\"wpb_wrapper\">\n\t\t\t<div id=\"et-gallery-251974\" class=\"et-gallery et-item-set carousel-thumbs effect-none navigation-only-arrows\" data-autoplay=\"false\"><ul id=\"carousel-thumbs-251974\" class=\"carousel-thumbs\"><li class=\"et-item et-gallery-item\"><div class=\"et-item-inner\"><div class=\"image-container\"><div class=\"image-preloader\"><\/div><img decoding=\"async\" alt=\"Marx Power\u00ae\" width=\"800\" height=\"800\" src=\"https:\/\/marx-power.com\/wp-content\/uploads\/2022\/01\/RMCD-series-volume-synchronous-lifting-system-1.jpg\"><\/div><\/div><\/li><li class=\"et-item et-gallery-item\"><div class=\"et-item-inner\"><div class=\"image-container\"><div class=\"image-preloader\"><\/div><img decoding=\"async\" alt=\"Marx Power\u00ae\" width=\"800\" height=\"800\" src=\"https:\/\/marx-power.com\/wp-content\/uploads\/2022\/01\/RMCD-series-volume-synchronous-lifting-system-2.jpg\"><\/div><\/div><\/li><\/ul><ul id=\"carousel-navs-251974\" class=\"carousel-navs slick-thumbnail-navigation\"><li class=\"et-item et-gallery-item\"><img decoding=\"async\" alt=\"Marx Power\u00ae\" width=\"150\" height=\"150\" src=\"https:\/\/marx-power.com\/wp-content\/uploads\/2022\/01\/RMCD-series-volume-synchronous-lifting-system-1-150x150.jpg\"><\/li><li class=\"et-item et-gallery-item\"><img decoding=\"async\" alt=\"Marx Power\u00ae\" width=\"150\" height=\"150\" src=\"https:\/\/marx-power.com\/wp-content\/uploads\/2022\/01\/RMCD-series-volume-synchronous-lifting-system-2-150x150.jpg\"><\/li><\/ul><\/div>\t\t<\/div>\n\t\t\t<\/div>\n<\/div><div class=\"wpb_column vc_column_container vc_col-sm-6 text-align-none\" >\n\t<div class=\"vc_column-inner\" >\n\t\t<div class=\"wpb_wrapper\">\n\t\t\t\n<div class=\"wpb_text_column wpb_content_element\"  data-animation-delay=\"0\">\n\t<div class=\"wpb_wrapper\">\n\t\t<p>\u2022Adote sistema de bomba de \u00eambolo duplo, nivelamento r\u00e1pido e eleva\u00e7\u00e3o est\u00e1vel de carga pesada.<br \/>\n\u2022Alta precis\u00e3o de at\u00e9 0,5 mm, levantamento e abaixamento s\u00edncronos est\u00e3o sob controle.<br \/>\n\u2022 Controle flex\u00edvel de acordo com a condi\u00e7\u00e3o de trabalho, capacidade e n\u00famero do cilindro, precis\u00e3o, etc.<br \/>\n\u2022Cada ponto de controle \u00e9 independente, podendo controlar um ou v\u00e1rios deles separadamente.<br \/>\n\u2022Design do m\u00f3dulo, capaz de controlar 4, 8, 12 e 16 pontos, at\u00e9 99 pontos para controle online.<br \/>\n\u2022 De acordo com as condi\u00e7\u00f5es de trabalho, sensores de deslocamento e sensores de press\u00e3o s\u00e3o opcionais para tempo real<br \/>\nmonitoramento.<\/p>\n\t<\/div>\n<\/div>\n\n\t\t<\/div>\n\t\t\t<\/div>\n<\/div>\t<\/div>\n\t\t<\/div><div class=\"vc_row wpb_row vc_row-fluid vc_column-gap-24\" >\n\t<div class=\"container et-clearfix\">\n\t\t<div class=\"wpb_column vc_column_container vc_col-sm-12 text-align-none\" >\n\t<div class=\"vc_column-inner\" >\n\t\t<div class=\"wpb_wrapper\">\n\t\t\t<h3 class=\"et-heading text-align-left tablet-text-align-inherit mobile-text-align-inherit animate-false no-animation-type\" id=\"et-heading-876037\" data-delay=\"0\" data-mobile-font=\"inherit\" data-mobile-line-height=\"inherit\" data-tablet-landscape-font=\"inherit\" data-tablet-portrait-font=\"inherit\" data-tablet-landscape-line-height=\"inherit\" data-tablet-portrait-line-height=\"inherit\" data-parallax=\"false\" data-move=\"false\" data-coordinatex=\"0\" data-coordinatey=\"0\" data-speed=\"10\"><span class=\"text-wrapper\"><span class=\"text\">Tabela de Especifica\u00e7\u00f5es<br \/>\n<\/span><\/span><\/h3>\n<div class=\"wpb_text_column wpb_content_element\"  data-animation-delay=\"0\">\n\t<div class=\"wpb_wrapper\">\n\t\t<table class=\"table\">\n<tbody>\n<tr>\n<td>Modelo<\/td>\n<td>Pontos de sincroniza\u00e7\u00e3o<\/td>\n<td>Press\u00e3o nominal (MPa)<\/td>\n<td>Fluxo nominal (L\/min)<\/td>\n<td>Tanque de \u00f3leo (L)<\/td>\n<td>Pot\u00eancia (380V 50Hz)<\/td>\n<td>Peso (KG)<\/td>\n<\/tr>\n<tr>\n<td>RMCD02D<\/td>\n<td>2<\/td>\n<td>70<\/td>\n<td>0,5X2<\/td>\n<td>100<\/td>\n<td>1,5KW<\/td>\n<td>125<\/td>\n<\/tr>\n<tr>\n<td>RMCD02S<\/td>\n<td>2<\/td>\n<td>70<\/td>\n<td>0,5X2<\/td>\n<td>100<\/td>\n<td>1,5KW<\/td>\n<td>125<\/td>\n<\/tr>\n<tr>\n<td>RMCD04D<\/td>\n<td>4<\/td>\n<td>70<\/td>\n<td>0,5X4<\/td>\n<td>100<\/td>\n<td>2,2KW<\/td>\n<td>125<\/td>\n<\/tr>\n<tr>\n<td>RMCD04S<\/td>\n<td>4<\/td>\n<td>70<\/td>\n<td>0,5X4<\/td>\n<td>100<\/td>\n<td>2,2KW<\/td>\n<td>125<\/td>\n<\/tr>\n<tr>\n<td>RMCD08D<\/td>\n<td>8<\/td>\n<td>70<\/td>\n<td>0,5X8<\/td>\n<td>100<\/td>\n<td>5,5KW<\/td>\n<td>125<\/td>\n<\/tr>\n<tr>\n<td>RMCD08S<\/td>\n<td>8<\/td>\n<td>70<\/td>\n<td>0,5X8<\/td>\n<td>100<\/td>\n<td>5,5KW<\/td>\n<td>125<\/td>\n<\/tr>\n<tr>\n<td>RMCD12D<\/td>\n<td>12<\/td>\n<td>70<\/td>\n<td>0,5X12<\/td>\n<td>100<\/td>\n<td>11KW<\/td>\n<td>150<\/td>\n<\/tr>\n<tr>\n<td>RMCD12S<\/td>\n<td>12<\/td>\n<td>70<\/td>\n<td>0,5X12<\/td>\n<td>100<\/td>\n<td>11KW<\/td>\n<td>150<\/td>\n<\/tr>\n<\/tbody>\n<\/table>\n<p>O fluxo de taxa pode ser personalizado conforme solicita\u00e7\u00e3o.<br \/>\nA capacidade do tanque de \u00f3leo pode ser personalizada conforme solicita\u00e7\u00e3o.<br \/>\nMotor de frequ\u00eancia vari\u00e1vel com velocidade ajust\u00e1vel (VFDM) pode ser selecionado conforme solicita\u00e7\u00e3o.<\/p>\n\t<\/div>\n<\/div>\n\n<h3 class=\"et-heading text-align-left tablet-text-align-inherit mobile-text-align-inherit animate-false no-animation-type\" id=\"et-heading-718118\" data-delay=\"0\" data-mobile-font=\"inherit\" data-mobile-line-height=\"inherit\" data-tablet-landscape-font=\"inherit\" data-tablet-portrait-font=\"inherit\" data-tablet-landscape-line-height=\"inherit\" data-tablet-portrait-line-height=\"inherit\" data-parallax=\"false\" data-move=\"false\" data-coordinatex=\"0\" data-coordinatey=\"0\" data-speed=\"10\"><span class=\"text-wrapper\"><span class=\"text\">Caso<br \/>\n<\/span><\/span><\/h3><div class=\"vc_row wpb_row vc_inner vc_row-fluid vc_column-gap-24\"><div class=\"wpb_column vc_column_container vc_col-sm-6\"><div class=\"vc_column-inner\"><div class=\"wpb_wrapper\"><div id=\"et-image-392298\" class=\"et-image alignnone curtain-left\" data-curtain=\"false\" data-animation-delay=\"0\" data-parallax=\"false\" data-move=\"false\" data-coordinatex=\"0\" data-coordinatey=\"0\" data-speed=\"10\"><img decoding=\"async\" width=\"t\" height=\"t\" src=\"https:\/\/marx-power.com\/wp-content\/uploads\/2022\/01\/RMCD-series-volume-synchronous-lifting-system-application-2.jpg\" alt=\"Marx Power\u00ae\"><\/div><\/div><\/div><\/div><div class=\"wpb_column vc_column_container vc_col-sm-6\"><div class=\"vc_column-inner\"><div class=\"wpb_wrapper\"><div id=\"et-image-299588\" class=\"et-image alignnone curtain-left\" data-curtain=\"false\" data-animation-delay=\"0\" data-parallax=\"false\" data-move=\"false\" data-coordinatex=\"0\" data-coordinatey=\"0\" data-speed=\"10\"><img decoding=\"async\" width=\"t\" height=\"t\" src=\"https:\/\/marx-power.com\/wp-content\/uploads\/2022\/01\/RMCD-series-volume-synchronous-lifting-system-application-1.jpg\" alt=\"Marx Power\u00ae\"><\/div><\/div><\/div><\/div><\/div>\t\t<\/div>\n\t\t\t<\/div>\n<\/div>\t<\/div>\n\t\t<\/div><div class=\"vc_row wpb_row vc_row-fluid vc_column-gap-24\" >\n\t<div class=\"container et-clearfix\">\n\t\t<div class=\"wpb_column vc_column_container vc_col-sm-12 text-align-none\" >\n\t<div class=\"vc_column-inner\" >\n\t\t<div class=\"wpb_wrapper\">\n\t\t\t<h3 class=\"et-heading text-align-left tablet-text-align-inherit mobile-text-align-inherit animate-false no-animation-type\" id=\"et-heading-784421\" data-delay=\"0\" data-mobile-font=\"inherit\" data-mobile-line-height=\"inherit\" data-tablet-landscape-font=\"inherit\" data-tablet-portrait-font=\"inherit\" data-tablet-landscape-line-height=\"inherit\" data-tablet-portrait-line-height=\"inherit\" data-parallax=\"false\" data-move=\"false\" data-coordinatex=\"0\" data-coordinatey=\"0\" data-speed=\"10\"><span class=\"text-wrapper\"><span class=\"text\">Entrar em contato<\/span><\/span><\/h3>\n<div class=\"wpb_text_column wpb_content_element\"  data-animation-delay=\"0\">\n\t<div class=\"wpb_wrapper\">\n\t\t<p>Para todas as consultas de servi\u00e7o, preencha o formul\u00e1rio e entraremos em contato com voc\u00ea o mais breve poss\u00edvel.<\/p>\n\t<\/div>\n<\/div>\n\n<div class=\"vc_row wpb_row vc_inner vc_row-fluid vc_column-gap-48 vc-row-670903\"><div class=\"wpb_column vc_column_container vc_col-sm-6\"><div class=\"vc_column-inner\"><div class=\"wpb_wrapper\"><div class=\"wpcf7 no-js\" id=\"wpcf7-f10615-o1\" lang=\"en-US\" dir=\"ltr\" data-wpcf7-id=\"10615\"><div class=\"screen-reader-response\"><p role=\"status\" aria-live=\"polite\" aria-atomic=\"true\"><\/p><ul><\/ul><\/div><form action=\"\/pt\/wp-json\/wp\/v2\/pages\/18847#wpcf7-f10615-o1\" method=\"post\" class=\"wpcf7-form init\" aria-label=\"Formul\u00e1rio de Contato\" novalidate=\"novalidate\" data-status=\"init\" data-trp-original-action=\"\/pt\/wp-json\/wp\/v2\/pages\/18847#wpcf7-f10615-o1\"><fieldset class=\"hidden-fields-container\"><input type=\"hidden\" name=\"_wpcf7\" value=\"10615\" \/><input type=\"hidden\" name=\"_wpcf7_version\" value=\"6.1.5\" \/><input type=\"hidden\" name=\"_wpcf7_locale\" value=\"en_US\" \/><input type=\"hidden\" name=\"_wpcf7_unit_tag\" value=\"wpcf7-f10615-o1\" \/><input type=\"hidden\" name=\"_wpcf7_container_post\" value=\"0\" \/><input type=\"hidden\" name=\"_wpcf7_posted_data_hash\" value=\"\" \/><\/fieldset><!-- \u7b2c\u4e00\u884c\uff1aFull Name + Email --><div style=\"display:flex; gap:4%; flex-direction: row; margin-bottom: -20px;\"><p><label> Full Name <span class=\"required-star\">*<\/span><br \/><span class=\"wpcf7-form-control-wrap\" data-name=\"full-name\"><input size=\"40\" maxlength=\"400\" class=\"wpcf7-form-control wpcf7-text wpcf7-validates-as-required\" aria-required=\"true\" aria-invalid=\"false\" placeholder=\"Robert Evans\" value=\"\" type=\"text\" name=\"full-name\" \/><\/span><\/label><\/p><p><label> Email Address <span class=\"required-star\">*<\/span><br \/><span class=\"wpcf7-form-control-wrap\" data-name=\"email\"><input size=\"40\" maxlength=\"400\" class=\"wpcf7-form-control wpcf7-email wpcf7-validates-as-required wpcf7-text wpcf7-validates-as-email\" aria-required=\"true\" aria-invalid=\"false\" placeholder=\"robert@example.com\" value=\"\" type=\"email\" name=\"email\" \/><\/span><\/label><\/p><\/div><div style=\"display:flex; gap:4%; flex-direction: row; margin-bottom: -20px;\"><p><label> Phone Number<br \/><span class=\"wpcf7-form-control-wrap\" data-name=\"phone\"><input size=\"40\" maxlength=\"400\" class=\"wpcf7-form-control wpcf7-tel wpcf7-text wpcf7-validates-as-tel\" aria-invalid=\"false\" placeholder=\"+1 (123) 456-7890\" value=\"\" type=\"tel\" name=\"phone\" \/><\/span><\/label><\/p><p><label> Pa\u00eds<br \/><span class=\"wpcf7-form-control-wrap\" data-name=\"country\"><input size=\"40\" maxlength=\"400\" class=\"wpcf7-form-control wpcf7-text\" aria-invalid=\"false\" placeholder=\"ABC inc.\" value=\"\" type=\"text\" name=\"country\" \/><\/span><\/label><\/p><\/div><!-- \u7b2c\u4e09\u884c\uff1aCompany Name --><p><label> Company Name<br \/><span class=\"wpcf7-form-control-wrap\" data-name=\"company\"><input size=\"40\" maxlength=\"400\" class=\"wpcf7-form-control wpcf7-text\" aria-invalid=\"false\" placeholder=\"Acme Inc\" value=\"\" type=\"text\" name=\"company\" \/><\/span><\/label><\/p><!-- \u7b2c\u56db\u884c\uff1aMessage --><p><label> Message <span class=\"required-star\">*<\/span><br \/><span class=\"wpcf7-form-control-wrap\" data-name=\"message\"><textarea cols=\"40\" rows=\"10\" maxlength=\"2000\" class=\"wpcf7-form-control wpcf7-textarea wpcf7-validates-as-required\" aria-required=\"true\" aria-invalid=\"false\" placeholder=\"Tell us about your inquiry...\" name=\"message\"><\/textarea><\/span><\/label><\/p><!-- \u7b2c\u4e94\u884c\uff1aPreferred Contact Method --><p>Preferred Contact Method<br \/><span class=\"wpcf7-form-control-wrap\" data-name=\"contact-method\"><span class=\"wpcf7-form-control wpcf7-radio\"><span class=\"wpcf7-list-item first\"><input type=\"radio\" name=\"contact-method\" value=\"email\" checked=\"checked\" \/><span class=\"wpcf7-list-item-label\">email<\/span><\/span><span class=\"wpcf7-list-item last\"><input type=\"radio\" name=\"contact-method\" value=\"phone\" \/><span class=\"wpcf7-list-item-label\">phone<\/span><\/span><\/span><\/span><\/p><!-- \u7b2c\u516d\u884c\uff1aSubmit --><p><input class=\"wpcf7-form-control wpcf7-submit has-spinner\" type=\"submit\" value=\"Send Message\" \/><\/p><div class=\"wpcf7-response-output\" aria-hidden=\"true\"><\/div><input type=\"hidden\" name=\"trp-form-language\" value=\"pt\"\/><\/form><\/div><\/div><\/div><\/div><div class=\"wpb_column vc_column_container vc_col-sm-6\"><div class=\"vc_column-inner\"><div class=\"wpb_wrapper\"><div class=\"wpb_text_column wpb_content_element\"  data-animation-delay=\"0\"><div class=\"wpb_wrapper\"><ul><li>Todos os produtos s\u00e3o projetados para exceder os padr\u00f5es globais de dados para equipamentos hidr\u00e1ulicos de alta press\u00e3o.<\/li><li>Cada produto passar\u00e1 por rigorosos testes f\u00edsicos antes do envio para garantir a qualidade do produto.<\/li><li>Todos os produtos passaram pela inspe\u00e7\u00e3o de qualidade ISO9001 e CE da UE e outras institui\u00e7\u00f5es.<\/li><li>Forne\u00e7a ferramentas seguras e confi\u00e1veis e servi\u00e7o p\u00f3s-venda l\u00edder do setor, todos os produtos v\u00eam com um servi\u00e7o de garantia abrangente de 12 meses.<\/li><li>O estoque \u00e9 suficiente e pode ser entregue rapidamente ap\u00f3s o usu\u00e1rio fazer um pedido.<\/li><li>Um estoque suficiente de pe\u00e7as de reposi\u00e7\u00e3o \u00e9 usado para manuten\u00e7\u00e3o r\u00e1pida e opera\u00e7\u00e3o do produto a longo prazo.<\/li><\/ul><\/div><\/div><\/div><\/div><\/div><\/div>\t\t<\/div>\n\t\t\t<\/div>\n<\/div>\t<\/div>\n\t\t<\/div><div class=\"vc_row wpb_row vc_row-fluid vc_column-gap-24\" >\n\t<div class=\"container et-clearfix\">\n\t\t<div class=\"wpb_column vc_column_container vc_col-sm-12 text-align-none\" >\n\t<div class=\"vc_column-inner\" >\n\t\t<div class=\"wpb_wrapper\">\n\t\t\t<span class=\"et-gap et-clearfix et-gap-78325\"><\/span>\t\t<\/div>\n\t\t\t<\/div>\n<\/div>\t<\/div>\n\t\t<\/div>","protected":false},"excerpt":{"rendered":"\u2022Adopt double plunger pump system, fast leveling and stable lifting of heavy load. \u2022High precision up to 0.5mm, synchronous lifting and lowering are under control. \u2022Flexible control according to working condition, cylinder capacity and number, precision, etc. \u2022Each control point is independent, able to control one or several of them separately. \u2022Module design, able to [...]","protected":false},"author":1,"featured_media":0,"parent":0,"menu_order":0,"comment_status":"closed","ping_status":"closed","template":"page-vc.php","meta":{"footnotes":""},"class_list":["post-18847","page","type-page","status-publish","hentry"],"_links":{"self":[{"href":"https:\/\/marx-power.com\/pt\/wp-json\/wp\/v2\/pages\/18847","targetHints":{"allow":["GET"]}}],"collection":[{"href":"https:\/\/marx-power.com\/pt\/wp-json\/wp\/v2\/pages"}],"about":[{"href":"https:\/\/marx-power.com\/pt\/wp-json\/wp\/v2\/types\/page"}],"author":[{"embeddable":true,"href":"https:\/\/marx-power.com\/pt\/wp-json\/wp\/v2\/users\/1"}],"replies":[{"embeddable":true,"href":"https:\/\/marx-power.com\/pt\/wp-json\/wp\/v2\/comments?post=18847"}],"version-history":[{"count":0,"href":"https:\/\/marx-power.com\/pt\/wp-json\/wp\/v2\/pages\/18847\/revisions"}],"wp:attachment":[{"href":"https:\/\/marx-power.com\/pt\/wp-json\/wp\/v2\/media?parent=18847"}],"curies":[{"name":"wp","href":"https:\/\/api.w.org\/{rel}","templated":true}]}}