{"id":18856,"date":"2022-08-03T05:19:19","date_gmt":"2022-08-03T05:19:19","guid":{"rendered":"http:\/\/demo.torcstark.com\/?page_id=18856"},"modified":"2022-08-12T05:55:51","modified_gmt":"2022-08-12T05:55:51","slug":"3dcs-series-three-dimensional-lifting-system","status":"publish","type":"page","link":"https:\/\/marx-power.com\/pt\/sistema-de-elevacao-tridimensional-da-serie-3dcs\/","title":{"rendered":"Sistema de Eleva\u00e7\u00e3o Tridimensional S\u00e9rie 3DCS"},"content":{"rendered":"<div class=\"vc_row wpb_row vc_row-fluid vc_column-gap-24 vc_row-o-content-middle vc_row-flex vc-row-795433\" >\n\t<div class=\"container et-clearfix\">\n\t\t<div class=\"wpb_column vc_column_container vc_col-sm-6 text-align-none\" >\n\t<div class=\"vc_column-inner\" >\n\t\t<div class=\"wpb_wrapper\">\n\t\t\t<div id=\"et-image-683366\" class=\"et-image alignnone curtain-left\" data-curtain=\"false\" data-animation-delay=\"0\" data-parallax=\"false\" data-move=\"false\" data-coordinatex=\"0\" data-coordinatey=\"0\" data-speed=\"10\"><img decoding=\"async\" width=\"t\" height=\"t\" src=\"https:\/\/marx-power.com\/wp-content\/uploads\/2022\/01\/3DCS-series-three-dimensional-lifting-system.jpg\" alt=\"Marx Power\u00ae\"><\/div>\t\t<\/div>\n\t\t\t<\/div>\n<\/div><div class=\"wpb_column vc_column_container vc_col-sm-6 text-align-none\" >\n\t<div class=\"vc_column-inner\" >\n\t\t<div class=\"wpb_wrapper\">\n\t\t\t\n<div class=\"wpb_text_column wpb_content_element\"  data-animation-delay=\"0\">\n\t<div class=\"wpb_wrapper\">\n\t\t<p>Este sistema \u00e9 usado principalmente para deslocamento vertical de curta dist\u00e2ncia de baixa altura (Y), deslocamento horizontal (X)<br \/>\ne deslocamento longitudinal (Z) nas \u00e1reas de soldagem de casco, ponte ferrovi\u00e1ria, ponte rodovi\u00e1ria ou viga similar<br \/>\ntipo carga pesada. Os pares de fric\u00e7\u00e3o deslizante s\u00e3o feitos de base de cilindro, placa deslizante inoxid\u00e1vel de cilindro vertical<br \/>\nbase e placa de PTFE na parte inferior da base do cilindro vertical, baixo coeficiente de atrito e movimento est\u00e1vel.<\/p>\n<p>\u2022Grande capacidade de carga, capaz de trabalhar para cargas pesadas de 100 ton a 6000 ton.<br \/>\n\u2022Alta precis\u00e3o de at\u00e9 0,5 mm, levantamento e abaixamento s\u00edncronos est\u00e3o sob controle.<br \/>\n\u2022 Controle flex\u00edvel de acordo com a condi\u00e7\u00e3o de trabalho, capacidade e n\u00famero do cilindro, precis\u00e3o etc.<br \/>\n\u2022Cada ponto de controle \u00e9 independente, podendo controlar um ou v\u00e1rios deles separadamente.<br \/>\n\u2022Design do m\u00f3dulo, capaz de controlar 4, 8, 12 e 16 pontos, at\u00e9 99 pontos para controle online.<br \/>\n\u2022 Com armazenamento de dados e fun\u00e7\u00e3o de grava\u00e7\u00e3o, f\u00e1cil de gerar um relat\u00f3rio.<br \/>\n\u2022Interface humana simples, f\u00e1cil opera\u00e7\u00e3o, alto n\u00edvel de automa\u00e7\u00e3o.<\/p>\n\t<\/div>\n<\/div>\n\n\t\t<\/div>\n\t\t\t<\/div>\n<\/div>\t<\/div>\n\t\t<\/div><div class=\"vc_row wpb_row vc_row-fluid vc_column-gap-24\" >\n\t<div class=\"container et-clearfix\">\n\t\t<div class=\"wpb_column vc_column_container vc_col-sm-12 text-align-none\" >\n\t<div class=\"vc_column-inner\" >\n\t\t<div class=\"wpb_wrapper\">\n\t\t\t<h3 class=\"et-heading text-align-left tablet-text-align-inherit mobile-text-align-inherit animate-false no-animation-type\" id=\"et-heading-872537\" data-delay=\"0\" data-mobile-font=\"inherit\" data-mobile-line-height=\"inherit\" data-tablet-landscape-font=\"inherit\" data-tablet-portrait-font=\"inherit\" data-tablet-landscape-line-height=\"inherit\" data-tablet-portrait-line-height=\"inherit\" data-parallax=\"false\" data-move=\"false\" data-coordinatex=\"0\" data-coordinatey=\"0\" data-speed=\"10\"><span class=\"text-wrapper\"><span class=\"text\">Desenho dimensional<br \/>\n<\/span><\/span><\/h3><div class=\"vc_row wpb_row vc_inner vc_row-fluid vc_column-gap-24\"><div class=\"wpb_column vc_column_container vc_col-sm-6\"><div class=\"vc_column-inner\"><div class=\"wpb_wrapper\"><div id=\"et-image-75167\" class=\"et-image aligncenter curtain-left\" data-curtain=\"false\" data-animation-delay=\"0\" data-parallax=\"false\" data-move=\"false\" data-coordinatex=\"0\" data-coordinatey=\"0\" data-speed=\"10\"><img decoding=\"async\" width=\"t\" height=\"t\" src=\"https:\/\/marx-power.com\/wp-content\/uploads\/2022\/01\/3DCS-series-three-dimensional-lifting-system-2.jpg\" alt=\"Marx Power\u00ae\"><\/div><\/div><\/div><\/div><div class=\"wpb_column vc_column_container vc_col-sm-6\"><div class=\"vc_column-inner\"><div class=\"wpb_wrapper\"><div id=\"et-image-803904\" class=\"et-image aligncenter curtain-left\" data-curtain=\"false\" data-animation-delay=\"0\" data-parallax=\"false\" data-move=\"false\" data-coordinatex=\"0\" data-coordinatey=\"0\" data-speed=\"10\"><img decoding=\"async\" width=\"t\" height=\"t\" src=\"https:\/\/marx-power.com\/wp-content\/uploads\/2022\/01\/3DCS-series-three-dimensional-lifting-system-application.jpg\" alt=\"Marx Power\u00ae\"><\/div><\/div><\/div><\/div><\/div><h3 class=\"et-heading text-align-left tablet-text-align-inherit mobile-text-align-inherit animate-false no-animation-type\" id=\"et-heading-599475\" data-delay=\"0\" data-mobile-font=\"inherit\" data-mobile-line-height=\"inherit\" data-tablet-landscape-font=\"inherit\" data-tablet-portrait-font=\"inherit\" data-tablet-landscape-line-height=\"inherit\" data-tablet-portrait-line-height=\"inherit\" data-parallax=\"false\" data-move=\"false\" data-coordinatex=\"0\" data-coordinatey=\"0\" data-speed=\"10\"><span class=\"text-wrapper\"><span class=\"text\">Tabela de Especifica\u00e7\u00f5es<\/span><\/span><\/h3>\n<div class=\"wpb_text_column wpb_content_element\"  data-animation-delay=\"0\">\n\t<div class=\"wpb_wrapper\">\n\t\t<table class=\"table\">\n<tbody>\n<tr>\n<td>Modelo<\/td>\n<td>Dire\u00e7\u00e3o<\/td>\n<td>Capacidade (T)<\/td>\n<td>Press\u00e3o nominal (MPa)<\/td>\n<td>Curso (mm)<\/td>\n<td>\u00c1rea efetiva (cm2)<\/td>\n<td>Capacidade de \u00f3leo (cm3)<\/td>\n<td>Peso (KG)<\/td>\n<\/tr>\n<tr>\n<td rowspan=\"3\">3DCS100<\/td>\n<td>Y<\/td>\n<td>100<\/td>\n<td rowspan=\"3\">70<\/td>\n<td>200<\/td>\n<td>132.7<\/td>\n<td>2655<\/td>\n<td rowspan=\"3\">312<\/td>\n<\/tr>\n<tr>\n<td>x<\/td>\n<td>30<\/td>\n<td>100<\/td>\n<td>42.1<\/td>\n<td>400<\/td>\n<\/tr>\n<tr>\n<td>Z<\/td>\n<td>30<\/td>\n<td>100<\/td>\n<td>42.1<\/td>\n<td>400<\/td>\n<\/tr>\n<tr>\n<td rowspan=\"3\">3DCS200<\/td>\n<td>Y<\/td>\n<td>200<\/td>\n<td rowspan=\"3\">70<\/td>\n<td>200<\/td>\n<td>256.9<\/td>\n<td>5318<\/td>\n<td rowspan=\"3\">519<\/td>\n<\/tr>\n<tr>\n<td>x<\/td>\n<td>50<\/td>\n<td>100<\/td>\n<td>77<\/td>\n<td>770<\/td>\n<\/tr>\n<tr>\n<td>Z<\/td>\n<td>50<\/td>\n<td>100<\/td>\n<td>77<\/td>\n<td>770<\/td>\n<\/tr>\n<tr>\n<td rowspan=\"3\">3DCS300<\/td>\n<td>Y<\/td>\n<td>300<\/td>\n<td rowspan=\"3\">70<\/td>\n<td>200<\/td>\n<td>456.2<\/td>\n<td>9124<\/td>\n<td rowspan=\"3\">738<\/td>\n<\/tr>\n<tr>\n<td>x<\/td>\n<td>75<\/td>\n<td>100<\/td>\n<td>102.6<\/td>\n<td>1067<\/td>\n<\/tr>\n<tr>\n<td>Z<\/td>\n<td>75<\/td>\n<td>100<\/td>\n<td>102.6<\/td>\n<td>1067<\/td>\n<\/tr>\n<tr>\n<td rowspan=\"3\">3DCS500<\/td>\n<td>Y<\/td>\n<td>500<\/td>\n<td rowspan=\"3\">70<\/td>\n<td>200<\/td>\n<td>730.6<\/td>\n<td>14612<\/td>\n<td rowspan=\"3\">1904<\/td>\n<\/tr>\n<tr>\n<td>x<\/td>\n<td>150<\/td>\n<td>100<\/td>\n<td>198.6<\/td>\n<td>1986<\/td>\n<\/tr>\n<tr>\n<td>Z<\/td>\n<td>150<\/td>\n<td>100<\/td>\n<td>198.6<\/td>\n<td>1986<\/td>\n<\/tr>\n<tr>\n<td rowspan=\"3\">3DCS800<\/td>\n<td>Y<\/td>\n<td>800<\/td>\n<td rowspan=\"3\">70<\/td>\n<td>200<\/td>\n<td>1176.3<\/td>\n<td>23524<\/td>\n<td rowspan=\"3\">3858<\/td>\n<\/tr>\n<tr>\n<td>x<\/td>\n<td>200<\/td>\n<td>100<\/td>\n<td>256.9<\/td>\n<td>2660<\/td>\n<\/tr>\n<tr>\n<td>Z<\/td>\n<td>200<\/td>\n<td>100<\/td>\n<td>256.9<\/td>\n<td>2660<\/td>\n<\/tr>\n<tr>\n<td rowspan=\"3\">3DCS1000<\/td>\n<td>Y<\/td>\n<td>1000<\/td>\n<td rowspan=\"3\">70<\/td>\n<td>200<\/td>\n<td>1465.7<\/td>\n<td>29316<\/td>\n<td rowspan=\"3\">5366<\/td>\n<\/tr>\n<tr>\n<td>x<\/td>\n<td>300<\/td>\n<td>100<\/td>\n<td>456.2<\/td>\n<td>4562<\/td>\n<\/tr>\n<tr>\n<td>Z<\/td>\n<td>300<\/td>\n<td>100<\/td>\n<td>456.2<\/td>\n<td>4562<\/td>\n<\/tr>\n<\/tbody>\n<\/table>\n\t<\/div>\n<\/div>\n\n\t\t<\/div>\n\t\t\t<\/div>\n<\/div>\t<\/div>\n\t\t<\/div><div class=\"vc_row wpb_row vc_row-fluid vc_column-gap-24\" >\n\t<div class=\"container et-clearfix\">\n\t\t<div class=\"wpb_column vc_column_container vc_col-sm-12 text-align-none\" >\n\t<div class=\"vc_column-inner\" >\n\t\t<div class=\"wpb_wrapper\">\n\t\t\t<h3 class=\"et-heading text-align-left tablet-text-align-inherit mobile-text-align-inherit animate-false no-animation-type\" id=\"et-heading-784421\" data-delay=\"0\" data-mobile-font=\"inherit\" data-mobile-line-height=\"inherit\" data-tablet-landscape-font=\"inherit\" data-tablet-portrait-font=\"inherit\" data-tablet-landscape-line-height=\"inherit\" data-tablet-portrait-line-height=\"inherit\" data-parallax=\"false\" data-move=\"false\" data-coordinatex=\"0\" data-coordinatey=\"0\" data-speed=\"10\"><span class=\"text-wrapper\"><span class=\"text\">Entrar em contato<\/span><\/span><\/h3>\n<div class=\"wpb_text_column wpb_content_element\"  data-animation-delay=\"0\">\n\t<div class=\"wpb_wrapper\">\n\t\t<p>Para todas as consultas de servi\u00e7o, preencha o formul\u00e1rio e entraremos em contato com voc\u00ea o mais breve poss\u00edvel.<\/p>\n\t<\/div>\n<\/div>\n\n<div class=\"vc_row wpb_row vc_inner vc_row-fluid vc_column-gap-48 vc-row-670903\"><div class=\"wpb_column vc_column_container vc_col-sm-6\"><div class=\"vc_column-inner\"><div class=\"wpb_wrapper\"><div class=\"wpcf7 no-js\" id=\"wpcf7-f10615-o1\" lang=\"en-US\" dir=\"ltr\" data-wpcf7-id=\"10615\"><div class=\"screen-reader-response\"><p role=\"status\" aria-live=\"polite\" aria-atomic=\"true\"><\/p><ul><\/ul><\/div><form action=\"\/pt\/wp-json\/wp\/v2\/pages\/18856#wpcf7-f10615-o1\" method=\"post\" class=\"wpcf7-form init\" aria-label=\"Formul\u00e1rio de Contato\" novalidate=\"novalidate\" data-status=\"init\" data-trp-original-action=\"\/pt\/wp-json\/wp\/v2\/pages\/18856#wpcf7-f10615-o1\"><fieldset class=\"hidden-fields-container\"><input type=\"hidden\" name=\"_wpcf7\" value=\"10615\" \/><input type=\"hidden\" name=\"_wpcf7_version\" value=\"6.1.5\" \/><input type=\"hidden\" name=\"_wpcf7_locale\" value=\"en_US\" \/><input type=\"hidden\" name=\"_wpcf7_unit_tag\" value=\"wpcf7-f10615-o1\" \/><input type=\"hidden\" name=\"_wpcf7_container_post\" value=\"0\" \/><input type=\"hidden\" name=\"_wpcf7_posted_data_hash\" value=\"\" \/><\/fieldset><!-- \u7b2c\u4e00\u884c\uff1aFull Name + Email --><div style=\"display:flex; gap:4%; flex-direction: row; margin-bottom: -20px;\"><p><label> Full Name <span class=\"required-star\">*<\/span><br \/><span class=\"wpcf7-form-control-wrap\" data-name=\"full-name\"><input size=\"40\" maxlength=\"400\" class=\"wpcf7-form-control wpcf7-text wpcf7-validates-as-required\" aria-required=\"true\" aria-invalid=\"false\" placeholder=\"Robert Evans\" value=\"\" type=\"text\" name=\"full-name\" \/><\/span><\/label><\/p><p><label> Email Address <span class=\"required-star\">*<\/span><br \/><span class=\"wpcf7-form-control-wrap\" data-name=\"email\"><input size=\"40\" maxlength=\"400\" class=\"wpcf7-form-control wpcf7-email wpcf7-validates-as-required wpcf7-text wpcf7-validates-as-email\" aria-required=\"true\" aria-invalid=\"false\" placeholder=\"robert@example.com\" value=\"\" type=\"email\" name=\"email\" \/><\/span><\/label><\/p><\/div><div style=\"display:flex; gap:4%; flex-direction: row; margin-bottom: -20px;\"><p><label> Phone Number<br \/><span class=\"wpcf7-form-control-wrap\" data-name=\"phone\"><input size=\"40\" maxlength=\"400\" class=\"wpcf7-form-control wpcf7-tel wpcf7-text wpcf7-validates-as-tel\" aria-invalid=\"false\" placeholder=\"+1 (123) 456-7890\" value=\"\" type=\"tel\" name=\"phone\" \/><\/span><\/label><\/p><p><label> Pa\u00eds<br \/><span class=\"wpcf7-form-control-wrap\" data-name=\"country\"><input size=\"40\" maxlength=\"400\" class=\"wpcf7-form-control wpcf7-text\" aria-invalid=\"false\" placeholder=\"ABC inc.\" value=\"\" type=\"text\" name=\"country\" \/><\/span><\/label><\/p><\/div><!-- \u7b2c\u4e09\u884c\uff1aCompany Name --><p><label> Company Name<br \/><span class=\"wpcf7-form-control-wrap\" data-name=\"company\"><input size=\"40\" maxlength=\"400\" class=\"wpcf7-form-control wpcf7-text\" aria-invalid=\"false\" placeholder=\"Acme Inc\" value=\"\" type=\"text\" name=\"company\" \/><\/span><\/label><\/p><!-- \u7b2c\u56db\u884c\uff1aMessage --><p><label> Message <span class=\"required-star\">*<\/span><br \/><span class=\"wpcf7-form-control-wrap\" data-name=\"message\"><textarea cols=\"40\" rows=\"10\" maxlength=\"2000\" class=\"wpcf7-form-control wpcf7-textarea wpcf7-validates-as-required\" aria-required=\"true\" aria-invalid=\"false\" placeholder=\"Tell us about your inquiry...\" name=\"message\"><\/textarea><\/span><\/label><\/p><!-- \u7b2c\u4e94\u884c\uff1aPreferred Contact Method --><p>Preferred Contact Method<br \/><span class=\"wpcf7-form-control-wrap\" data-name=\"contact-method\"><span class=\"wpcf7-form-control wpcf7-radio\"><span class=\"wpcf7-list-item first\"><input type=\"radio\" name=\"contact-method\" value=\"email\" checked=\"checked\" \/><span class=\"wpcf7-list-item-label\">email<\/span><\/span><span class=\"wpcf7-list-item last\"><input type=\"radio\" name=\"contact-method\" value=\"phone\" \/><span class=\"wpcf7-list-item-label\">phone<\/span><\/span><\/span><\/span><\/p><!-- \u7b2c\u516d\u884c\uff1aSubmit --><p><input class=\"wpcf7-form-control wpcf7-submit has-spinner\" type=\"submit\" value=\"Send Message\" \/><\/p><div class=\"wpcf7-response-output\" aria-hidden=\"true\"><\/div><input type=\"hidden\" name=\"trp-form-language\" value=\"pt\"\/><\/form><\/div><\/div><\/div><\/div><div class=\"wpb_column vc_column_container vc_col-sm-6\"><div class=\"vc_column-inner\"><div class=\"wpb_wrapper\"><div class=\"wpb_text_column wpb_content_element\"  data-animation-delay=\"0\"><div class=\"wpb_wrapper\"><ul><li>Todos os produtos s\u00e3o projetados para exceder os padr\u00f5es globais de dados para equipamentos hidr\u00e1ulicos de alta press\u00e3o.<\/li><li>Cada produto passar\u00e1 por rigorosos testes f\u00edsicos antes do envio para garantir a qualidade do produto.<\/li><li>Todos os produtos passaram pela inspe\u00e7\u00e3o de qualidade ISO9001 e CE da UE e outras institui\u00e7\u00f5es.<\/li><li>Forne\u00e7a ferramentas seguras e confi\u00e1veis e servi\u00e7o p\u00f3s-venda l\u00edder do setor, todos os produtos v\u00eam com um servi\u00e7o de garantia abrangente de 12 meses.<\/li><li>O estoque \u00e9 suficiente e pode ser entregue rapidamente ap\u00f3s o usu\u00e1rio fazer um pedido.<\/li><li>Um estoque suficiente de pe\u00e7as de reposi\u00e7\u00e3o \u00e9 usado para manuten\u00e7\u00e3o r\u00e1pida e opera\u00e7\u00e3o do produto a longo prazo.<\/li><\/ul><\/div><\/div><\/div><\/div><\/div><\/div>\t\t<\/div>\n\t\t\t<\/div>\n<\/div>\t<\/div>\n\t\t<\/div><div class=\"vc_row wpb_row vc_row-fluid vc_column-gap-24\" >\n\t<div class=\"container et-clearfix\">\n\t\t<div class=\"wpb_column vc_column_container vc_col-sm-12 text-align-none\" >\n\t<div class=\"vc_column-inner\" >\n\t\t<div class=\"wpb_wrapper\">\n\t\t\t<span class=\"et-gap et-clearfix et-gap-78325\"><\/span>\t\t<\/div>\n\t\t\t<\/div>\n<\/div>\t<\/div>\n\t\t<\/div>","protected":false},"excerpt":{"rendered":"This system is mainly used for low height short distance vertical displacement (Y), horizontal displacement (X) and longitudinal displacement (Z) in the fields of hull welding, railway bridge, highway bridge or similar beam type heavy load. The sliding friction pairs are made of cylinder base, stainless slide plate of vertical cylinder base and PTFE plate [...]","protected":false},"author":1,"featured_media":0,"parent":0,"menu_order":0,"comment_status":"closed","ping_status":"closed","template":"page-vc.php","meta":{"footnotes":""},"class_list":["post-18856","page","type-page","status-publish","hentry"],"_links":{"self":[{"href":"https:\/\/marx-power.com\/pt\/wp-json\/wp\/v2\/pages\/18856","targetHints":{"allow":["GET"]}}],"collection":[{"href":"https:\/\/marx-power.com\/pt\/wp-json\/wp\/v2\/pages"}],"about":[{"href":"https:\/\/marx-power.com\/pt\/wp-json\/wp\/v2\/types\/page"}],"author":[{"embeddable":true,"href":"https:\/\/marx-power.com\/pt\/wp-json\/wp\/v2\/users\/1"}],"replies":[{"embeddable":true,"href":"https:\/\/marx-power.com\/pt\/wp-json\/wp\/v2\/comments?post=18856"}],"version-history":[{"count":0,"href":"https:\/\/marx-power.com\/pt\/wp-json\/wp\/v2\/pages\/18856\/revisions"}],"wp:attachment":[{"href":"https:\/\/marx-power.com\/pt\/wp-json\/wp\/v2\/media?parent=18856"}],"curies":[{"name":"wp","href":"https:\/\/api.w.org\/{rel}","templated":true}]}}