{"id":18861,"date":"2022-08-03T05:51:17","date_gmt":"2022-08-03T05:51:17","guid":{"rendered":"http:\/\/demo.torcstark.com\/?page_id=18861"},"modified":"2022-08-03T05:51:17","modified_gmt":"2022-08-03T05:51:17","slug":"intelligent-lifting-hydraulic-system","status":"publish","type":"page","link":"https:\/\/marx-power.com\/pt\/sistema-hidraulico-de-elevacao-inteligente\/","title":{"rendered":"Sistema Hidr\u00e1ulico de Eleva\u00e7\u00e3o Inteligente"},"content":{"rendered":"<div class=\"vc_row wpb_row vc_row-fluid vc_column-gap-24\" >\n\t<div class=\"container et-clearfix\">\n\t\t<div class=\"wpb_column vc_column_container vc_col-sm-6 text-align-none\" >\n\t<div class=\"vc_column-inner\" >\n\t\t<div class=\"wpb_wrapper\">\n\t\t\t<div id=\"et-image-251236\" class=\"et-image alignnone curtain-left\" data-curtain=\"false\" data-animation-delay=\"0\" data-parallax=\"false\" data-move=\"false\" data-coordinatex=\"0\" data-coordinatey=\"0\" data-speed=\"10\"><img decoding=\"async\" width=\"t\" height=\"t\" src=\"https:\/\/marx-power.com\/wp-content\/uploads\/2022\/02\/Intelligent-lifting-hydraulic-system-1.jpg\" alt=\"Marx Power\u00ae\"><\/div>\t\t<\/div>\n\t\t\t<\/div>\n<\/div><div class=\"wpb_column vc_column_container vc_col-sm-6 text-align-none\" >\n\t<div class=\"vc_column-inner\" >\n\t\t<div class=\"wpb_wrapper\">\n\t\t\t\n<div class=\"wpb_text_column wpb_content_element\"  data-animation-delay=\"0\">\n\t<div class=\"wpb_wrapper\">\n\t\t<p>\ufe61 O sistema hidr\u00e1ulico de eleva\u00e7\u00e3o inteligente \u00e9 o levantamento e abaixamento geral controlado por computador. A tecnologia adota rolamento de a\u00e7o flex\u00edvel, conjunto de macaco hidr\u00e1ulico de fio de a\u00e7o de eleva\u00e7\u00e3o, controle por computador, princ\u00edpio de eleva\u00e7\u00e3o s\u00edncrona hidr\u00e1ulica, combinado com tecnologia de constru\u00e7\u00e3o moderna, para alcan\u00e7ar grande tonelagem, grande extens\u00e3o e grande \u00e1rea de componentes super grandes em alta altitude<br \/>\nA sincroniza\u00e7\u00e3o geral aumenta e diminui.<br \/>\n\ufe61 Ao estender a combina\u00e7\u00e3o de equipamentos de i\u00e7amento, o peso de i\u00e7amento, extens\u00e3o e \u00e1rea n\u00e3o s\u00e3o limitados;<br \/>\n\ufe61 O cord\u00e3o de a\u00e7o flex\u00edvel \u00e9 usado para suporte de carga, desde que haja pontos de levantamento de suporte de carga razo\u00e1veis, a altura de levantamento n\u00e3o \u00e9 limitada;<br \/>\n\ufe61 A \u00e2ncora do levantador possui autotravamento de movimento reverso, o que torna o processo de i\u00e7amento muito seguro, e os componentes podem ser travados de forma confi\u00e1vel por um longo tempo em qualquer posi\u00e7\u00e3o durante o processo de i\u00e7amento;<br \/>\n\ufe61 O equipamento \u00e9 pequeno em tamanho, leve em peso e grande em capacidade de carga, especialmente adequado para levantar componentes de grande tonelagem em pequenos espa\u00e7os ou em ambientes fechados;<\/p>\n\t<\/div>\n<\/div>\n\n\t\t<\/div>\n\t\t\t<\/div>\n<\/div>\t<\/div>\n\t\t<\/div><div class=\"vc_row wpb_row vc_row-fluid vc_column-gap-24\" >\n\t<div class=\"container et-clearfix\">\n\t\t<div class=\"wpb_column vc_column_container vc_col-sm-12 text-align-none\" >\n\t<div class=\"vc_column-inner\" >\n\t\t<div class=\"wpb_wrapper\">\n\t\t\t\n<div class=\"wpb_text_column wpb_content_element\"  data-animation-delay=\"0\">\n\t<div class=\"wpb_wrapper\">\n\t\t<p><strong>Princ\u00edpio de trabalho<\/strong><\/p>\n<p>\ufe61A tecnologia de eleva\u00e7\u00e3o do macaco de eleva\u00e7\u00e3o \u00e9 derivada do princ\u00edpio da tens\u00e3o da coluna de concreto. Pense nos macacos de i\u00e7amento como um conjunto de guinchos lineares. No macaco de eleva\u00e7\u00e3o, um feixe de cabos de a\u00e7o ou cord\u00f5es \u00e9 passado atrav\u00e9s de um cilindro hidr\u00e1ulico, acima e abaixo do cilindro h\u00e1 um sistema de ancoragem que usa cunhas para prender os cord\u00f5es. Quando o grampo est\u00e1 ancorado, o levantamento ou retra\u00e7\u00e3o do cilindro \u00e9 realizado para levantar ou abaixar.<br \/>\n\ufe61O cilindro \u00e9 acionado por uma unidade hidr\u00e1ulica (el\u00e9trica ou diesel). O programa de software do sistema de eleva\u00e7\u00e3o sincroniza os movimentos dos macacos de eleva\u00e7\u00e3o e ajusta os ajustes ao movimento da carga.<br \/>\n\ufe61Existem dois tipos de cabos de a\u00e7o para o macaco de i\u00e7amento: cabo de a\u00e7o padr\u00e3o de 15,2 mm e cabo de a\u00e7o denso de 17,8 mm. A carga din\u00e2mica do cabo de a\u00e7o de 15,2 mm pode chegar a 110 kN, a carga din\u00e2mica do cabo de a\u00e7o de 17,8 mm pode chegar a 155 kN ao trabalhar. A quantidade e o tipo de fio usado pelo macaco determinam a carga que ele pode trabalhar com seguran\u00e7a com peso. Para aplica\u00e7\u00f5es de eleva\u00e7\u00e3o, o fator de seguran\u00e7a (rela\u00e7\u00e3o entre carga de ruptura e carga de trabalho) para macacos de eleva\u00e7\u00e3o \u00e9 2,5.<\/p>\n\t<\/div>\n<\/div>\n\n\t\t<\/div>\n\t\t\t<\/div>\n<\/div>\t<\/div>\n\t\t<\/div><div class=\"vc_row wpb_row vc_row-fluid vc_column-gap-24\" >\n\t<div class=\"container et-clearfix\">\n\t\t<div class=\"wpb_column vc_column_container vc_col-sm-12 text-align-none\" >\n\t<div class=\"vc_column-inner\" >\n\t\t<div class=\"wpb_wrapper\">\n\t\t\t<h3 class=\"et-heading text-align-left tablet-text-align-inherit mobile-text-align-inherit animate-false no-animation-type\" id=\"et-heading-319490\" data-delay=\"0\" data-mobile-font=\"inherit\" data-mobile-line-height=\"inherit\" data-tablet-landscape-font=\"inherit\" data-tablet-portrait-font=\"inherit\" data-tablet-landscape-line-height=\"inherit\" data-tablet-portrait-line-height=\"inherit\" data-parallax=\"false\" data-move=\"false\" data-coordinatex=\"0\" data-coordinatey=\"0\" data-speed=\"10\"><span class=\"text-wrapper\"><span class=\"text\">Tabela de Especifica\u00e7\u00f5es<\/span><\/span><\/h3>\n<div class=\"wpb_text_column wpb_content_element\"  data-animation-delay=\"0\">\n\t<div class=\"wpb_wrapper\">\n\t\t<table class=\"table\">\n<tbody>\n<tr>\n<td width=\"127\" height=\"19\">Di\u00e2metro do fio de a\u00e7o (mm)<\/td>\n<td width=\"103\">For\u00e7a de eleva\u00e7\u00e3o (KN)<\/td>\n<td width=\"208\">Modelo<\/td>\n<td width=\"89\">N\u00famero de fios de a\u00e7o<\/td>\n<td width=\"72\">Curso (mm)<\/td>\n<td width=\"106\">Di\u00e2metro do furo de perfura\u00e7\u00e3o (mm)<\/td>\n<td width=\"72\">Peso (Kg)<\/td>\n<td width=\"103\">Dimens\u00f5es (mm)<\/td>\n<\/tr>\n<tr>\n<td class=\"et2\" rowspan=\"3\" height=\"57\">15.2<\/td>\n<td align=\"right\">1000<\/td>\n<td>JK-TSD-100C<\/td>\n<td align=\"right\">10<\/td>\n<td align=\"right\">300<\/td>\n<td>\u03c6160<\/td>\n<td align=\"right\">927<\/td>\n<td>\u03c6435\u00d72280<\/td>\n<\/tr>\n<tr>\n<td align=\"right\">2040<\/td>\n<td>JK-TSD-2000F<\/td>\n<td align=\"right\">19<\/td>\n<td align=\"right\">300<\/td>\n<td>\u03c6176<\/td>\n<td align=\"right\">1300<\/td>\n<td>480\u00d7480\u00d72460<\/td>\n<\/tr>\n<tr>\n<td align=\"right\">3500<\/td>\n<td>JK-TSD-3500A<\/td>\n<td align=\"right\">31<\/td>\n<td align=\"right\">300<\/td>\n<td>\u03c6225<\/td>\n<td align=\"right\">2000<\/td>\n<td>\u03c6620\u00d72580<\/td>\n<\/tr>\n<tr>\n<td rowspan=\"10\" align=\"right\" height=\"190\">17.8<\/td>\n<td align=\"right\">618<\/td>\n<td>JK-TSD-600B<\/td>\n<td align=\"right\">4<\/td>\n<td align=\"right\">500<\/td>\n<td>\u03c6110<\/td>\n<td align=\"right\">720<\/td>\n<td>415\u00d7480\u00d72670<\/td>\n<\/tr>\n<tr>\n<td align=\"right\">750<\/td>\n<td>JK-TSD-750<\/td>\n<td align=\"right\">5<\/td>\n<td align=\"right\">500<\/td>\n<td>\u03c6125<\/td>\n<td align=\"right\">925<\/td>\n<td>520\u00d7450\u00d72780<\/td>\n<\/tr>\n<tr>\n<td align=\"right\">1700<\/td>\n<td>JK-TSD-1700<\/td>\n<td align=\"right\">12<\/td>\n<td align=\"right\">500<\/td>\n<td>\u03c6195<\/td>\n<td align=\"right\">1800<\/td>\n<td>625\u00d7625\u00d72220<\/td>\n<\/tr>\n<tr>\n<td align=\"right\">2000<\/td>\n<td>JK-TSD-2000H<\/td>\n<td align=\"right\">16<\/td>\n<td align=\"right\">500<\/td>\n<td>\u03c6240<\/td>\n<td align=\"right\">2250<\/td>\n<td>740\u00d7700\u00d72980<\/td>\n<\/tr>\n<tr>\n<td align=\"right\">2300<\/td>\n<td>JK-TSD-2300<\/td>\n<td align=\"right\">16<\/td>\n<td align=\"right\">500<\/td>\n<td>\u03c6240<\/td>\n<td align=\"right\">2180<\/td>\n<td>\u03c6590\u00d72800<\/td>\n<\/tr>\n<tr>\n<td align=\"right\">2500<\/td>\n<td>JK-TSD-2500<\/td>\n<td align=\"right\">18<\/td>\n<td align=\"right\">500<\/td>\n<td>\u03c6240<\/td>\n<td align=\"right\">2460<\/td>\n<td>765\u00d7710\u00d73000<\/td>\n<\/tr>\n<tr>\n<td align=\"right\">3500<\/td>\n<td>JK-TSD-3500C<\/td>\n<td align=\"right\">23<\/td>\n<td align=\"right\">500<\/td>\n<td>\u03c6290<\/td>\n<td align=\"right\">3600<\/td>\n<td>\u03c6620\u00d72580<\/td>\n<\/tr>\n<tr>\n<td align=\"right\">4500<\/td>\n<td>JK-TSD-4500A<\/td>\n<td align=\"right\">31<\/td>\n<td align=\"right\">400<\/td>\n<td>\u03c6300<\/td>\n<td align=\"right\">3980<\/td>\n<td>\u03c6820\u00d72860<\/td>\n<\/tr>\n<tr>\n<td align=\"right\">6120<\/td>\n<td>JK-TSD-6000A<\/td>\n<td align=\"right\">42<\/td>\n<td align=\"right\">400<\/td>\n<td>\u03c6405<\/td>\n<td align=\"right\">6830<\/td>\n<td>\u03c6920\u00d73300<\/td>\n<\/tr>\n<tr>\n<td align=\"right\">9110<\/td>\n<td>JK-TSD-9000<\/td>\n<td align=\"right\">66<\/td>\n<td align=\"right\">500<\/td>\n<td>\u03c6480<\/td>\n<td align=\"right\">15000<\/td>\n<td>1370\u00d71560\u00d73810<\/td>\n<\/tr>\n<\/tbody>\n<\/table>\n\t<\/div>\n<\/div>\n\n<h3 class=\"et-heading text-align-left tablet-text-align-inherit mobile-text-align-inherit animate-false no-animation-type\" id=\"et-heading-190455\" data-delay=\"0\" data-mobile-font=\"inherit\" data-mobile-line-height=\"inherit\" data-tablet-landscape-font=\"inherit\" data-tablet-portrait-font=\"inherit\" data-tablet-landscape-line-height=\"inherit\" data-tablet-portrait-line-height=\"inherit\" data-parallax=\"false\" data-move=\"false\" data-coordinatex=\"0\" data-coordinatey=\"0\" data-speed=\"10\"><span class=\"text-wrapper\"><span class=\"text\">Caso<\/span><\/span><\/h3><div class=\"vc_row wpb_row vc_inner vc_row-fluid vc_column-gap-24\"><div class=\"wpb_column vc_column_container vc_col-sm-6\"><div class=\"vc_column-inner\"><div class=\"wpb_wrapper\"><div id=\"et-image-19169\" class=\"et-image aligncenter curtain-left\" data-curtain=\"false\" data-animation-delay=\"0\" data-parallax=\"false\" data-move=\"false\" data-coordinatex=\"0\" data-coordinatey=\"0\" data-speed=\"10\"><img decoding=\"async\" width=\"t\" height=\"t\" src=\"https:\/\/marx-power.com\/wp-content\/uploads\/2022\/02\/Intelligent-lifting-hydraulic-system-3.jpg\" alt=\"Marx Power\u00ae\"><\/div><\/div><\/div><\/div><div class=\"wpb_column vc_column_container vc_col-sm-6\"><div class=\"vc_column-inner\"><div class=\"wpb_wrapper\"><div id=\"et-image-586452\" class=\"et-image aligncenter curtain-left\" data-curtain=\"false\" data-animation-delay=\"0\" data-parallax=\"false\" data-move=\"false\" data-coordinatex=\"0\" data-coordinatey=\"0\" data-speed=\"10\"><img decoding=\"async\" width=\"t\" height=\"t\" src=\"https:\/\/marx-power.com\/wp-content\/uploads\/2022\/02\/Intelligent-lifting-hydraulic-system-2.jpg\" alt=\"Marx Power\u00ae\"><\/div><\/div><\/div><\/div><\/div>\t\t<\/div>\n\t\t\t<\/div>\n<\/div>\t<\/div>\n\t\t<\/div><div class=\"vc_row wpb_row vc_row-fluid vc_column-gap-24\" >\n\t<div class=\"container et-clearfix\">\n\t\t<div class=\"wpb_column vc_column_container vc_col-sm-12 text-align-none\" >\n\t<div class=\"vc_column-inner\" >\n\t\t<div class=\"wpb_wrapper\">\n\t\t\t<h3 class=\"et-heading text-align-left tablet-text-align-inherit mobile-text-align-inherit animate-false no-animation-type\" id=\"et-heading-784421\" data-delay=\"0\" data-mobile-font=\"inherit\" data-mobile-line-height=\"inherit\" data-tablet-landscape-font=\"inherit\" data-tablet-portrait-font=\"inherit\" data-tablet-landscape-line-height=\"inherit\" data-tablet-portrait-line-height=\"inherit\" data-parallax=\"false\" data-move=\"false\" data-coordinatex=\"0\" data-coordinatey=\"0\" data-speed=\"10\"><span class=\"text-wrapper\"><span class=\"text\">Entrar em contato<\/span><\/span><\/h3>\n<div class=\"wpb_text_column wpb_content_element\"  data-animation-delay=\"0\">\n\t<div class=\"wpb_wrapper\">\n\t\t<p>Para todas as consultas de servi\u00e7o, preencha o formul\u00e1rio e entraremos em contato com voc\u00ea o mais breve poss\u00edvel.<\/p>\n\t<\/div>\n<\/div>\n\n<div class=\"vc_row wpb_row vc_inner vc_row-fluid vc_column-gap-48 vc-row-670903\"><div class=\"wpb_column vc_column_container vc_col-sm-6\"><div class=\"vc_column-inner\"><div class=\"wpb_wrapper\"><div class=\"wpcf7 no-js\" id=\"wpcf7-f10615-o1\" lang=\"en-US\" dir=\"ltr\" data-wpcf7-id=\"10615\"><div class=\"screen-reader-response\"><p role=\"status\" aria-live=\"polite\" aria-atomic=\"true\"><\/p><ul><\/ul><\/div><form action=\"\/pt\/wp-json\/wp\/v2\/pages\/18861#wpcf7-f10615-o1\" method=\"post\" class=\"wpcf7-form init\" aria-label=\"Formul\u00e1rio de Contato\" novalidate=\"novalidate\" data-status=\"init\" data-trp-original-action=\"\/pt\/wp-json\/wp\/v2\/pages\/18861#wpcf7-f10615-o1\"><fieldset class=\"hidden-fields-container\"><input type=\"hidden\" name=\"_wpcf7\" value=\"10615\" \/><input type=\"hidden\" name=\"_wpcf7_version\" value=\"6.1.5\" \/><input type=\"hidden\" name=\"_wpcf7_locale\" value=\"en_US\" \/><input type=\"hidden\" name=\"_wpcf7_unit_tag\" value=\"wpcf7-f10615-o1\" \/><input type=\"hidden\" name=\"_wpcf7_container_post\" value=\"0\" \/><input type=\"hidden\" name=\"_wpcf7_posted_data_hash\" value=\"\" \/><\/fieldset><!-- \u7b2c\u4e00\u884c\uff1aFull Name + Email --><div style=\"display:flex; gap:4%; flex-direction: row; margin-bottom: -20px;\"><p><label> Full Name <span class=\"required-star\">*<\/span><br \/><span class=\"wpcf7-form-control-wrap\" data-name=\"full-name\"><input size=\"40\" maxlength=\"400\" class=\"wpcf7-form-control wpcf7-text wpcf7-validates-as-required\" aria-required=\"true\" aria-invalid=\"false\" placeholder=\"Robert Evans\" value=\"\" type=\"text\" name=\"full-name\" \/><\/span><\/label><\/p><p><label> Email Address <span class=\"required-star\">*<\/span><br \/><span class=\"wpcf7-form-control-wrap\" data-name=\"email\"><input size=\"40\" maxlength=\"400\" class=\"wpcf7-form-control wpcf7-email wpcf7-validates-as-required wpcf7-text wpcf7-validates-as-email\" aria-required=\"true\" aria-invalid=\"false\" placeholder=\"robert@example.com\" value=\"\" type=\"email\" name=\"email\" \/><\/span><\/label><\/p><\/div><div style=\"display:flex; gap:4%; flex-direction: row; margin-bottom: -20px;\"><p><label> Phone Number<br \/><span class=\"wpcf7-form-control-wrap\" data-name=\"phone\"><input size=\"40\" maxlength=\"400\" class=\"wpcf7-form-control wpcf7-tel wpcf7-text wpcf7-validates-as-tel\" aria-invalid=\"false\" placeholder=\"+1 (123) 456-7890\" value=\"\" type=\"tel\" name=\"phone\" \/><\/span><\/label><\/p><p><label> Pa\u00eds<br \/><span class=\"wpcf7-form-control-wrap\" data-name=\"country\"><input size=\"40\" maxlength=\"400\" class=\"wpcf7-form-control wpcf7-text\" aria-invalid=\"false\" placeholder=\"ABC inc.\" value=\"\" type=\"text\" name=\"country\" \/><\/span><\/label><\/p><\/div><!-- \u7b2c\u4e09\u884c\uff1aCompany Name --><p><label> Company Name<br \/><span class=\"wpcf7-form-control-wrap\" data-name=\"company\"><input size=\"40\" maxlength=\"400\" class=\"wpcf7-form-control wpcf7-text\" aria-invalid=\"false\" placeholder=\"Acme Inc\" value=\"\" type=\"text\" name=\"company\" \/><\/span><\/label><\/p><!-- \u7b2c\u56db\u884c\uff1aMessage --><p><label> Message <span class=\"required-star\">*<\/span><br \/><span class=\"wpcf7-form-control-wrap\" data-name=\"message\"><textarea cols=\"40\" rows=\"10\" maxlength=\"2000\" class=\"wpcf7-form-control wpcf7-textarea wpcf7-validates-as-required\" aria-required=\"true\" aria-invalid=\"false\" placeholder=\"Tell us about your inquiry...\" name=\"message\"><\/textarea><\/span><\/label><\/p><!-- \u7b2c\u4e94\u884c\uff1aPreferred Contact Method --><p>Preferred Contact Method<br \/><span class=\"wpcf7-form-control-wrap\" data-name=\"contact-method\"><span class=\"wpcf7-form-control wpcf7-radio\"><span class=\"wpcf7-list-item first\"><input type=\"radio\" name=\"contact-method\" value=\"email\" checked=\"checked\" \/><span class=\"wpcf7-list-item-label\">email<\/span><\/span><span class=\"wpcf7-list-item last\"><input type=\"radio\" name=\"contact-method\" value=\"phone\" \/><span class=\"wpcf7-list-item-label\">phone<\/span><\/span><\/span><\/span><\/p><!-- \u7b2c\u516d\u884c\uff1aSubmit --><p><input class=\"wpcf7-form-control wpcf7-submit has-spinner\" type=\"submit\" value=\"Send Message\" \/><\/p><div class=\"wpcf7-response-output\" aria-hidden=\"true\"><\/div><input type=\"hidden\" name=\"trp-form-language\" value=\"pt\"\/><\/form><\/div><\/div><\/div><\/div><div class=\"wpb_column vc_column_container vc_col-sm-6\"><div class=\"vc_column-inner\"><div class=\"wpb_wrapper\"><div class=\"wpb_text_column wpb_content_element\"  data-animation-delay=\"0\"><div class=\"wpb_wrapper\"><ul><li>Todos os produtos s\u00e3o projetados para exceder os padr\u00f5es globais de dados para equipamentos hidr\u00e1ulicos de alta press\u00e3o.<\/li><li>Cada produto passar\u00e1 por rigorosos testes f\u00edsicos antes do envio para garantir a qualidade do produto.<\/li><li>Todos os produtos passaram pela inspe\u00e7\u00e3o de qualidade ISO9001 e CE da UE e outras institui\u00e7\u00f5es.<\/li><li>Forne\u00e7a ferramentas seguras e confi\u00e1veis e servi\u00e7o p\u00f3s-venda l\u00edder do setor, todos os produtos v\u00eam com um servi\u00e7o de garantia abrangente de 12 meses.<\/li><li>O estoque \u00e9 suficiente e pode ser entregue rapidamente ap\u00f3s o usu\u00e1rio fazer um pedido.<\/li><li>Um estoque suficiente de pe\u00e7as de reposi\u00e7\u00e3o \u00e9 usado para manuten\u00e7\u00e3o r\u00e1pida e opera\u00e7\u00e3o do produto a longo prazo.<\/li><\/ul><\/div><\/div><\/div><\/div><\/div><\/div>\t\t<\/div>\n\t\t\t<\/div>\n<\/div>\t<\/div>\n\t\t<\/div><div class=\"vc_row wpb_row vc_row-fluid vc_column-gap-24\" >\n\t<div class=\"container et-clearfix\">\n\t\t<div class=\"wpb_column vc_column_container vc_col-sm-12 text-align-none\" >\n\t<div class=\"vc_column-inner\" >\n\t\t<div class=\"wpb_wrapper\">\n\t\t\t<span class=\"et-gap et-clearfix et-gap-78325\"><\/span>\t\t<\/div>\n\t\t\t<\/div>\n<\/div>\t<\/div>\n\t\t<\/div>","protected":false},"excerpt":{"rendered":"\ufe61 The intelligent lifting hydraulic system is computer-controlled overall lifting and lowering. The technology adopts flexible steel strand bearing, lifting steel strand hydraulic jack cluster, Computer control, hydraulic synchronous lifting principle, combined with modern construction technology, to achieve large tonnage, large span and large area of super large components at high altitude The overall synchronization [...]","protected":false},"author":1,"featured_media":0,"parent":0,"menu_order":0,"comment_status":"closed","ping_status":"closed","template":"page-vc.php","meta":{"footnotes":""},"class_list":["post-18861","page","type-page","status-publish","hentry"],"_links":{"self":[{"href":"https:\/\/marx-power.com\/pt\/wp-json\/wp\/v2\/pages\/18861","targetHints":{"allow":["GET"]}}],"collection":[{"href":"https:\/\/marx-power.com\/pt\/wp-json\/wp\/v2\/pages"}],"about":[{"href":"https:\/\/marx-power.com\/pt\/wp-json\/wp\/v2\/types\/page"}],"author":[{"embeddable":true,"href":"https:\/\/marx-power.com\/pt\/wp-json\/wp\/v2\/users\/1"}],"replies":[{"embeddable":true,"href":"https:\/\/marx-power.com\/pt\/wp-json\/wp\/v2\/comments?post=18861"}],"version-history":[{"count":0,"href":"https:\/\/marx-power.com\/pt\/wp-json\/wp\/v2\/pages\/18861\/revisions"}],"wp:attachment":[{"href":"https:\/\/marx-power.com\/pt\/wp-json\/wp\/v2\/media?parent=18861"}],"curies":[{"name":"wp","href":"https:\/\/api.w.org\/{rel}","templated":true}]}}