{"id":18897,"date":"2022-08-04T02:37:16","date_gmt":"2022-08-04T02:37:16","guid":{"rendered":"http:\/\/demo.torcstark.com\/?page_id=18897"},"modified":"2024-10-29T06:53:59","modified_gmt":"2024-10-29T06:53:59","slug":"etw-series-electric-torque-wrenches","status":"publish","type":"page","link":"https:\/\/marx-power.com\/pt\/chaves-de-torque-eletricas-da-serie-etw\/","title":{"rendered":"Chaves de torque el\u00e9tricas da s\u00e9rie ETW"},"content":{"rendered":"<div class=\"vc_row wpb_row vc_row-fluid vc_column-gap-24 vc_row-o-content-middle vc_row-flex vc-row-90652\" >\n\t<div class=\"container et-clearfix\">\n\t\t<div class=\"wpb_column vc_column_container vc_col-sm-6 text-align-none\" >\n\t<div class=\"vc_column-inner\" >\n\t\t<div class=\"wpb_wrapper\">\n\t\t\t<div id=\"et-gallery-244842\" class=\"et-gallery et-item-set carousel-thumbs effect-none navigation-only-arrows\" data-autoplay=\"false\"><ul id=\"carousel-thumbs-244842\" class=\"carousel-thumbs\"><li class=\"et-item et-gallery-item\"><div class=\"et-item-inner\"><div class=\"image-container\"><div class=\"image-preloader\"><\/div><img decoding=\"async\" alt=\"Marx Power\u00ae\" width=\"1000\" height=\"1000\" src=\"https:\/\/marx-power.com\/wp-content\/uploads\/2024\/07\/ETW-Series-Electric-Torque-Wrenches-7-31.jpg\"><\/div><\/div><\/li><\/ul><ul id=\"carousel-navs-244842\" class=\"carousel-navs slick-thumbnail-navigation\"><li class=\"et-item et-gallery-item\"><img decoding=\"async\" alt=\"Marx Power\u00ae\" width=\"150\" height=\"150\" src=\"https:\/\/marx-power.com\/wp-content\/uploads\/2024\/07\/ETW-Series-Electric-Torque-Wrenches-7-31-150x150.jpg\"><\/li><\/ul><\/div>\t\t<\/div>\n\t\t\t<\/div>\n<\/div><div class=\"wpb_column vc_column_container vc_col-sm-6 text-align-none\" >\n\t<div class=\"vc_column-inner\" >\n\t\t<div class=\"wpb_wrapper\">\n\t\t\t\n<div class=\"wpb_text_column wpb_content_element\"  data-animation-delay=\"0\">\n\t<div class=\"wpb_wrapper\">\n\t\t<p>1. Alimentado pela confi\u00e1vel Alemanha Metabo, sem escova, padr\u00e3o 220-240V, 110V dispon\u00edvel<br \/>\n2. Design leve e compacto, adequado para uma variedade de aplica\u00e7\u00f5es<br \/>\n3. Sistema de controle de torque inteligente de chip \u00fanico com display LCD<br \/>\n4. Sele\u00e7\u00e3o de dois modos de trabalho: baixa velocidade e alta velocidade<br \/>\n5. Caixa de engrenagens para servi\u00e7o pesado para maior vida \u00fatil operacional<br \/>\n6. Manuseio f\u00e1cil e seguro, tecnologia sem vibra\u00e7\u00e3o e baixo ru\u00eddo<br \/>\n7. A sa\u00edda de torque \u00e9 consistentemente repet\u00edvel<br \/>\n8. Precis\u00e3o: melhor que \u00b15%<br \/>\n9. Variedade de Bra\u00e7os de Rea\u00e7\u00e3o Personalizados Dispon\u00edveis por Requisito do Cliente<br \/>\n10. 12 Meses de Garantia<\/p>\n\t<\/div>\n<\/div>\n\n\t\t<\/div>\n\t\t\t<\/div>\n<\/div>\t<\/div>\n\t\t<\/div><div class=\"vc_row wpb_row vc_row-fluid vc_column-gap-24\" >\n\t<div class=\"container et-clearfix\">\n\t\t<div class=\"wpb_column vc_column_container vc_col-sm-12 text-align-none\" >\n\t<div class=\"vc_column-inner\" >\n\t\t<div class=\"wpb_wrapper\">\n\t\t\t<div class=\"vc_row wpb_row vc_inner vc_row-fluid vc_column-gap-24\"><div class=\"wpb_column vc_column_container vc_col-sm-12\"><div class=\"vc_column-inner\"><div class=\"wpb_wrapper\"><h2 class=\"et-heading text-align-left tablet-text-align-inherit mobile-text-align-inherit animate-false no-animation-type\" id=\"et-heading-43667\" data-delay=\"0\" data-mobile-font=\"inherit\" data-mobile-line-height=\"inherit\" data-tablet-landscape-font=\"inherit\" data-tablet-portrait-font=\"inherit\" data-tablet-landscape-line-height=\"inherit\" data-tablet-portrait-line-height=\"inherit\" data-parallax=\"false\" data-move=\"false\" data-coordinatex=\"0\" data-coordinatey=\"0\" data-speed=\"10\"><span class=\"text-wrapper\"><span class=\"text\">Desenho dimensional<br \/><\/span><\/span><\/h2><div id=\"et-image-177128\" class=\"et-image aligncenter curtain-left\" data-curtain=\"false\" data-animation-delay=\"0\" data-parallax=\"false\" data-move=\"false\" data-coordinatex=\"0\" data-coordinatey=\"0\" data-speed=\"10\"><img decoding=\"async\" width=\"t\" height=\"t\" src=\"https:\/\/marx-power.com\/wp-content\/uploads\/2022\/06\/ETW-Series-Electric-Torque-Wrenches-11.png\" alt=\"Marx Power\u00ae\"><\/div><\/div><\/div><\/div><\/div><h2 class=\"et-heading text-align-left tablet-text-align-inherit mobile-text-align-inherit animate-false no-animation-type\" id=\"et-heading-50136\" data-delay=\"0\" data-mobile-font=\"inherit\" data-mobile-line-height=\"inherit\" data-tablet-landscape-font=\"inherit\" data-tablet-portrait-font=\"inherit\" data-tablet-landscape-line-height=\"inherit\" data-tablet-portrait-line-height=\"inherit\" data-parallax=\"false\" data-move=\"false\" data-coordinatex=\"0\" data-coordinatey=\"0\" data-speed=\"10\"><span class=\"text-wrapper\"><span class=\"text\">Tabela de Especifica\u00e7\u00f5es<br \/>\n<\/span><\/span><\/h2>\n<div class=\"wpb_text_column wpb_content_element\"  data-animation-delay=\"0\">\n\t<div class=\"wpb_wrapper\">\n\t\t<table class=\"table\">\n<tbody>\n<tr>\n<td>Modelo<\/td>\n<td>ETW-10S<\/td>\n<td>ETW-20S<\/td>\n<td>ETW-30S<\/td>\n<td>ETW-40S<\/td>\n<td>ETW-60S<\/td>\n<td>ETW-80S<\/td>\n<td>ETW-100S<\/td>\n<td>ETW-120S<\/td>\n<\/tr>\n<tr>\n<td>Torque m\u00ednimo (Nm)<\/td>\n<td>100<\/td>\n<td>200<\/td>\n<td>400<\/td>\n<td>700<\/td>\n<td>1000<\/td>\n<td>1200<\/td>\n<td>2000<\/td>\n<td>3000<\/td>\n<\/tr>\n<tr>\n<td>Torque m\u00e1ximo (Nm)<\/td>\n<td>1000<\/td>\n<td>2000<\/td>\n<td>3000<\/td>\n<td>4000<\/td>\n<td>6000<\/td>\n<td>8000<\/td>\n<td>10000<\/td>\n<td>12000<\/td>\n<\/tr>\n<tr>\n<td>Unidade S<\/td>\n<td>3\/4&quot;<\/td>\n<td>1&quot;<\/td>\n<td>1&quot;<\/td>\n<td>1\u201d e 1 1\/2\u201d<\/td>\n<td>1 1\/2&quot;<\/td>\n<td>1 1\/2&quot;<\/td>\n<td>1 1\/2&quot;<\/td>\n<td>1 1\/2&quot;<\/td>\n<\/tr>\n<tr>\n<td>D(mm)<\/td>\n<td>65<\/td>\n<td>74<\/td>\n<td>78.5<\/td>\n<td>88<\/td>\n<td>113<\/td>\n<td>120<\/td>\n<td>128<\/td>\n<td>128<\/td>\n<\/tr>\n<tr>\n<td>L(mm)<\/td>\n<td>420<\/td>\n<td>460<\/td>\n<td>480<\/td>\n<td>500<\/td>\n<td>529<\/td>\n<td>539<\/td>\n<td>555<\/td>\n<td>555<\/td>\n<\/tr>\n<tr>\n<td>K(mm)<\/td>\n<td>205<\/td>\n<td>205<\/td>\n<td>205<\/td>\n<td>205<\/td>\n<td>205<\/td>\n<td>205<\/td>\n<td>205<\/td>\n<td>205<\/td>\n<\/tr>\n<tr>\n<td>M(mm)<\/td>\n<td>145<\/td>\n<td>195<\/td>\n<td>215<\/td>\n<td>235<\/td>\n<td>264<\/td>\n<td>274<\/td>\n<td>290<\/td>\n<td>290<\/td>\n<\/tr>\n<tr>\n<td>Peso sem bra\u00e7o (Kg)<\/td>\n<td>5<\/td>\n<td>6.5<\/td>\n<td>8.2<\/td>\n<td>9.5<\/td>\n<td>14.9<\/td>\n<td>16.8<\/td>\n<td>18.3<\/td>\n<td>18.5<\/td>\n<\/tr>\n<tr>\n<td>RPM<\/td>\n<td>30<\/td>\n<td>12.2<\/td>\n<td>6.3<\/td>\n<td>5.1<\/td>\n<td>2.6<\/td>\n<td>1.8<\/td>\n<td>1.5<\/td>\n<td>1.5<\/td>\n<\/tr>\n<\/tbody>\n<\/table>\n\t<\/div>\n<\/div>\n\n\t\t<\/div>\n\t\t\t<\/div>\n<\/div>\t<\/div>\n\t\t<\/div><div class=\"vc_row wpb_row vc_row-fluid vc_column-gap-24\" >\n\t<div class=\"container et-clearfix\">\n\t\t<div class=\"wpb_column vc_column_container vc_col-sm-12 text-align-none\" >\n\t<div class=\"vc_column-inner\" >\n\t\t<div class=\"wpb_wrapper\">\n\t\t\t<h2 class=\"et-heading text-align-left tablet-text-align-inherit mobile-text-align-inherit animate-false no-animation-type\" id=\"et-heading-977708\" data-delay=\"0\" data-mobile-font=\"inherit\" data-mobile-line-height=\"inherit\" data-tablet-landscape-font=\"inherit\" data-tablet-portrait-font=\"inherit\" data-tablet-landscape-line-height=\"inherit\" data-tablet-portrait-line-height=\"inherit\" data-parallax=\"false\" data-move=\"false\" data-coordinatex=\"0\" data-coordinatey=\"0\" data-speed=\"10\"><span class=\"text-wrapper\"><span class=\"text\">Introdu\u00e7\u00e3o \u00e0 chave de torque el\u00e9trica plug-in de torque ajust\u00e1vel<\/span><\/span><\/h2>\n<div class=\"wpb_text_column wpb_content_element\"  data-animation-delay=\"0\">\n\t<div class=\"wpb_wrapper\">\n\t\t<p>A chave de torque el\u00e9trica plug-in refere-se a um tipo de chave que requer uma fonte de alimenta\u00e7\u00e3o fixa. Comparado com <a href=\"http:\/\/marx-power.com\/pt\/btw-series-rechargeable-electric-torque-wrench\/\">chaves de torque da bateria<\/a>, sua principal diferen\u00e7a s\u00e3o os dois m\u00e9todos de fornecimento de energia de bateria e plug-in. Outras fun\u00e7\u00f5es e pe\u00e7as s\u00e3o as mesmas.<\/p>\n<p>Embora esse tipo de chave de torque el\u00e9trica ajust\u00e1vel com fio seja inconveniente para mover e exija uma fonte de alimenta\u00e7\u00e3o est\u00e1vel, ela pode executar trabalhos de aperto e desmontagem de parafusos mais est\u00e1veis e duradouros.<\/p>\n\t<\/div>\n<\/div>\n\n<h2 class=\"et-heading text-align-left tablet-text-align-inherit mobile-text-align-inherit animate-false no-animation-type\" id=\"et-heading-747511\" data-delay=\"0\" data-mobile-font=\"inherit\" data-mobile-line-height=\"inherit\" data-tablet-landscape-font=\"inherit\" data-tablet-portrait-font=\"inherit\" data-tablet-landscape-line-height=\"inherit\" data-tablet-portrait-line-height=\"inherit\" data-parallax=\"false\" data-move=\"false\" data-coordinatex=\"0\" data-coordinatey=\"0\" data-speed=\"10\"><span class=\"text-wrapper\"><span class=\"text\">Aplica\u00e7\u00e3o de chave de torque el\u00e9trica plug-in<\/span><\/span><\/h2>\n<div class=\"wpb_text_column wpb_content_element\"  data-animation-delay=\"0\">\n\t<div class=\"wpb_wrapper\">\n\t\t<p>Este tipo de chave de torque com fio tem muitos usos, da vida di\u00e1ria \u00e0 produ\u00e7\u00e3o industrial. A seguir, listamos as aplica\u00e7\u00f5es espec\u00edficas de chaves de torque plug-in em v\u00e1rias ind\u00fastrias.<\/p>\n<ul>\n<li>Manuten\u00e7\u00e3o mec\u00e2nica e montagem<\/li>\n<li>Constru\u00e7\u00e3o de pontes<\/li>\n<li>Instala\u00e7\u00e3o de plantas e equipamentos<\/li>\n<li>Montagem de m\u00e1quinas e ve\u00edculos de grande porte<\/li>\n<li>Ajuste de equipamento mec\u00e2nico de alta precis\u00e3o<\/li>\n<li>. . .<\/li>\n<\/ul>\n<p>A faixa de torque desse tipo de chave el\u00e9trica de torque ajust\u00e1vel fica entre 100-12000 Nm, ent\u00e3o, em teoria, ela \u00e9 adequada para apertar v\u00e1rios parafusos com torques entre 100-12000 Nm.<\/p>\n\t<\/div>\n<\/div>\n\n<h2 class=\"et-heading text-align-left tablet-text-align-inherit mobile-text-align-inherit animate-false no-animation-type\" id=\"et-heading-290724\" data-delay=\"0\" data-mobile-font=\"inherit\" data-mobile-line-height=\"inherit\" data-tablet-landscape-font=\"inherit\" data-tablet-portrait-font=\"inherit\" data-tablet-landscape-line-height=\"inherit\" data-tablet-portrait-line-height=\"inherit\" data-parallax=\"false\" data-move=\"false\" data-coordinatex=\"0\" data-coordinatey=\"0\" data-speed=\"10\"><span class=\"text-wrapper\"><span class=\"text\">Tutorial: Como usar o plugue TorcStark em uma chave de torque el\u00e9trica?<\/span><\/span><\/h2><div id=\"et-video-1\" class=\"et-video\"><div class=\"plyr__video-embed plyr-element\"><iframe allowfullscreen=\"allowfullscreen\" frameborder=\"0\" src=\"https:\/\/www.youtube.com\/embed\/H2srVJZxbqA\" class=\"iframevideo\"><\/iframe><\/div><\/div><h2 class=\"et-heading text-align-left tablet-text-align-inherit mobile-text-align-inherit animate-false no-animation-type\" id=\"et-heading-227759\" data-delay=\"0\" data-mobile-font=\"inherit\" data-mobile-line-height=\"inherit\" data-tablet-landscape-font=\"inherit\" data-tablet-portrait-font=\"inherit\" data-tablet-landscape-line-height=\"inherit\" data-tablet-portrait-line-height=\"inherit\" data-parallax=\"false\" data-move=\"false\" data-coordinatex=\"0\" data-coordinatey=\"0\" data-speed=\"10\"><span class=\"text-wrapper\"><span class=\"text\">Vantagens da chave el\u00e9trica de torque ajust\u00e1vel com fio<\/span><\/span><\/h2>\n<div class=\"wpb_text_column wpb_content_element\"  data-animation-delay=\"0\">\n\t<div class=\"wpb_wrapper\">\n\t\t<ul>\n<li>Estado de trabalho est\u00e1vel<\/li>\n<li>Sa\u00edda de torque cont\u00ednua de alta precis\u00e3o<\/li>\n<li>Leve, f\u00e1cil de mover<\/li>\n<li>Pre\u00e7o barato<\/li>\n<\/ul>\n<p><strong>Desvantagens<\/strong><\/p>\n<ul>\n<li>Requer fonte de alimenta\u00e7\u00e3o fixa<\/li>\n<\/ul>\n\t<\/div>\n<\/div>\n\n<h2 class=\"et-heading text-align-left tablet-text-align-inherit mobile-text-align-inherit animate-false no-animation-type\" id=\"et-heading-533802\" data-delay=\"0\" data-mobile-font=\"inherit\" data-mobile-line-height=\"inherit\" data-tablet-landscape-font=\"inherit\" data-tablet-portrait-font=\"inherit\" data-tablet-landscape-line-height=\"inherit\" data-tablet-portrait-line-height=\"inherit\" data-parallax=\"false\" data-move=\"false\" data-coordinatex=\"0\" data-coordinatey=\"0\" data-speed=\"10\"><span class=\"text-wrapper\"><span class=\"text\">Chave de torque el\u00e9trica plug-in ajust\u00e1vel para compra<\/span><\/span><\/h2>\n<div class=\"wpb_text_column wpb_content_element\"  data-animation-delay=\"0\">\n\t<div class=\"wpb_wrapper\">\n\t\t<p>Ao comprar uma chave de torque el\u00e9trica com fio, voc\u00ea precisa comprar de um fabricante ou fornecedor de alta qualidade. Para garantir que seu projeto possa prosseguir sem problemas.<\/p>\n<p>A TorcStark tem ampla experi\u00eancia na fabrica\u00e7\u00e3o de chaves de torque el\u00e9tricas plug-in. Suas chaves s\u00e3o confi\u00e1veis, com alta precis\u00e3o de torque e fun\u00e7\u00e3o de torque ajust\u00e1vel. Como um dos principais fabricantes de chaves el\u00e9tricas com fio na China, com mais de 20 anos de experi\u00eancia em fabrica\u00e7\u00e3o, voc\u00ea pode confiar totalmente nela.<\/p>\n<p>A TorcStark promete fornecer 12 meses de reparos gratuitos, para que voc\u00ea possa usar nossas chaves com confian\u00e7a. Entre em contato conosco agora e voc\u00ea pode obter um pre\u00e7o melhor!<\/p>\n\t<\/div>\n<\/div>\n\n\t\t<\/div>\n\t\t\t<\/div>\n<\/div>\t<\/div>\n\t\t<\/div><div class=\"vc_row wpb_row vc_row-fluid vc_column-gap-24\" >\n\t<div class=\"container et-clearfix\">\n\t\t<div class=\"wpb_column vc_column_container vc_col-sm-12 text-align-none\" >\n\t<div class=\"vc_column-inner\" >\n\t\t<div class=\"wpb_wrapper\">\n\t\t\t<h2 class=\"et-heading text-align-left tablet-text-align-inherit mobile-text-align-inherit animate-false no-animation-type\" id=\"et-heading-842195\" data-delay=\"0\" data-mobile-font=\"inherit\" data-mobile-line-height=\"inherit\" data-tablet-landscape-font=\"inherit\" data-tablet-portrait-font=\"inherit\" data-tablet-landscape-line-height=\"inherit\" data-tablet-portrait-line-height=\"inherit\" data-parallax=\"false\" data-move=\"false\" data-coordinatex=\"0\" data-coordinatey=\"0\" data-speed=\"10\"><span class=\"text-wrapper\"><span class=\"text\">Entrar em contato<\/span><\/span><\/h2>\n<div class=\"wpb_text_column wpb_content_element\"  data-animation-delay=\"0\">\n\t<div class=\"wpb_wrapper\">\n\t\t<p>Para todas as consultas de servi\u00e7o, preencha o formul\u00e1rio e entraremos em contato com voc\u00ea o mais breve poss\u00edvel.<\/p>\n\t<\/div>\n<\/div>\n\n<div class=\"vc_row wpb_row vc_inner vc_row-fluid vc_column-gap-48 vc-row-670903\"><div class=\"wpb_column vc_column_container vc_col-sm-6\"><div class=\"vc_column-inner\"><div class=\"wpb_wrapper\"><div class=\"wpcf7 no-js\" id=\"wpcf7-f10615-o1\" lang=\"en-US\" dir=\"ltr\" data-wpcf7-id=\"10615\"><div class=\"screen-reader-response\"><p role=\"status\" aria-live=\"polite\" aria-atomic=\"true\"><\/p><ul><\/ul><\/div><form action=\"\/pt\/wp-json\/wp\/v2\/pages\/18897#wpcf7-f10615-o1\" method=\"post\" class=\"wpcf7-form init\" aria-label=\"Formul\u00e1rio de Contato\" novalidate=\"novalidate\" data-status=\"init\" data-trp-original-action=\"\/pt\/wp-json\/wp\/v2\/pages\/18897#wpcf7-f10615-o1\"><fieldset class=\"hidden-fields-container\"><input type=\"hidden\" name=\"_wpcf7\" value=\"10615\" \/><input type=\"hidden\" name=\"_wpcf7_version\" value=\"6.1.5\" \/><input type=\"hidden\" name=\"_wpcf7_locale\" value=\"en_US\" \/><input type=\"hidden\" name=\"_wpcf7_unit_tag\" value=\"wpcf7-f10615-o1\" \/><input type=\"hidden\" name=\"_wpcf7_container_post\" value=\"0\" \/><input type=\"hidden\" name=\"_wpcf7_posted_data_hash\" value=\"\" \/><\/fieldset><!-- \u7b2c\u4e00\u884c\uff1aFull Name + Email --><div style=\"display:flex; gap:4%; flex-direction: row; margin-bottom: -20px;\"><p><label> Full Name <span class=\"required-star\">*<\/span><br \/><span class=\"wpcf7-form-control-wrap\" data-name=\"full-name\"><input size=\"40\" maxlength=\"400\" class=\"wpcf7-form-control wpcf7-text wpcf7-validates-as-required\" aria-required=\"true\" aria-invalid=\"false\" placeholder=\"Robert Evans\" value=\"\" type=\"text\" name=\"full-name\" \/><\/span><\/label><\/p><p><label> Email Address <span class=\"required-star\">*<\/span><br \/><span class=\"wpcf7-form-control-wrap\" data-name=\"email\"><input size=\"40\" maxlength=\"400\" class=\"wpcf7-form-control wpcf7-email wpcf7-validates-as-required wpcf7-text wpcf7-validates-as-email\" aria-required=\"true\" aria-invalid=\"false\" placeholder=\"robert@example.com\" value=\"\" type=\"email\" name=\"email\" \/><\/span><\/label><\/p><\/div><div style=\"display:flex; gap:4%; flex-direction: row; margin-bottom: -20px;\"><p><label> Phone Number<br \/><span class=\"wpcf7-form-control-wrap\" data-name=\"phone\"><input size=\"40\" maxlength=\"400\" class=\"wpcf7-form-control wpcf7-tel wpcf7-text wpcf7-validates-as-tel\" aria-invalid=\"false\" placeholder=\"+1 (123) 456-7890\" value=\"\" type=\"tel\" name=\"phone\" \/><\/span><\/label><\/p><p><label> Pa\u00eds<br \/><span class=\"wpcf7-form-control-wrap\" data-name=\"country\"><input size=\"40\" maxlength=\"400\" class=\"wpcf7-form-control wpcf7-text\" aria-invalid=\"false\" placeholder=\"ABC inc.\" value=\"\" type=\"text\" name=\"country\" \/><\/span><\/label><\/p><\/div><!-- \u7b2c\u4e09\u884c\uff1aCompany Name --><p><label> Company Name<br \/><span class=\"wpcf7-form-control-wrap\" data-name=\"company\"><input size=\"40\" maxlength=\"400\" class=\"wpcf7-form-control wpcf7-text\" aria-invalid=\"false\" placeholder=\"Acme Inc\" value=\"\" type=\"text\" name=\"company\" \/><\/span><\/label><\/p><!-- \u7b2c\u56db\u884c\uff1aMessage --><p><label> Message <span class=\"required-star\">*<\/span><br \/><span class=\"wpcf7-form-control-wrap\" data-name=\"message\"><textarea cols=\"40\" rows=\"10\" maxlength=\"2000\" class=\"wpcf7-form-control wpcf7-textarea wpcf7-validates-as-required\" aria-required=\"true\" aria-invalid=\"false\" placeholder=\"Tell us about your inquiry...\" name=\"message\"><\/textarea><\/span><\/label><\/p><!-- \u7b2c\u4e94\u884c\uff1aPreferred Contact Method --><p>Preferred Contact Method<br \/><span class=\"wpcf7-form-control-wrap\" data-name=\"contact-method\"><span class=\"wpcf7-form-control wpcf7-radio\"><span class=\"wpcf7-list-item first\"><input type=\"radio\" name=\"contact-method\" value=\"email\" checked=\"checked\" \/><span class=\"wpcf7-list-item-label\">email<\/span><\/span><span class=\"wpcf7-list-item last\"><input type=\"radio\" name=\"contact-method\" value=\"phone\" \/><span class=\"wpcf7-list-item-label\">phone<\/span><\/span><\/span><\/span><\/p><!-- \u7b2c\u516d\u884c\uff1aSubmit --><p><input class=\"wpcf7-form-control wpcf7-submit has-spinner\" type=\"submit\" value=\"Send Message\" \/><\/p><div class=\"wpcf7-response-output\" aria-hidden=\"true\"><\/div><input type=\"hidden\" name=\"trp-form-language\" value=\"pt\"\/><\/form><\/div><\/div><\/div><\/div><div class=\"wpb_column vc_column_container vc_col-sm-6\"><div class=\"vc_column-inner\"><div class=\"wpb_wrapper\"><div class=\"wpb_text_column wpb_content_element\"  data-animation-delay=\"0\"><div class=\"wpb_wrapper\"><ul><li>Todos os produtos s\u00e3o projetados para exceder os padr\u00f5es globais de dados para equipamentos hidr\u00e1ulicos de alta press\u00e3o.<\/li><li>Cada produto passar\u00e1 por rigorosos testes f\u00edsicos antes do envio para garantir a qualidade do produto.<\/li><li>Todos os produtos passaram pela inspe\u00e7\u00e3o de qualidade ISO9001 e CE da UE e outras institui\u00e7\u00f5es.<\/li><li>Forne\u00e7a ferramentas seguras e confi\u00e1veis e servi\u00e7o p\u00f3s-venda l\u00edder do setor, todos os produtos v\u00eam com um servi\u00e7o de garantia abrangente de 12 meses.<\/li><li>O estoque \u00e9 suficiente e pode ser entregue rapidamente ap\u00f3s o usu\u00e1rio fazer um pedido.<\/li><li>Um estoque suficiente de pe\u00e7as de reposi\u00e7\u00e3o \u00e9 usado para manuten\u00e7\u00e3o r\u00e1pida e opera\u00e7\u00e3o do produto a longo prazo.<\/li><\/ul><\/div><\/div><\/div><\/div><\/div><\/div>\t\t<\/div>\n\t\t\t<\/div>\n<\/div>\t<\/div>\n\t\t<\/div><div class=\"vc_row wpb_row vc_row-fluid vc_column-gap-24\" >\n\t<div class=\"container et-clearfix\">\n\t\t<div class=\"wpb_column vc_column_container vc_col-sm-12 text-align-none\" >\n\t<div class=\"vc_column-inner\" >\n\t\t<div class=\"wpb_wrapper\">\n\t\t\t<span class=\"et-gap et-clearfix et-gap-78325\"><\/span>\t\t<\/div>\n\t\t\t<\/div>\n<\/div>\t<\/div>\n\t\t<\/div>","protected":false},"excerpt":{"rendered":"1. Powered by the reliable Germany Metabo, brushless, 220-240V standard,110V available 2. Light and Compact Design, Suitable for a Variety of Applications 3. Single-chip intelligent torque control system with LCD display 4. Two working mode selection: low speed and high speed 5. Heavy Duty Gear Box for Longer Operational Life 6. Easy and safe handling, [...]","protected":false},"author":1,"featured_media":0,"parent":0,"menu_order":0,"comment_status":"closed","ping_status":"closed","template":"page-vc.php","meta":{"footnotes":""},"class_list":["post-18897","page","type-page","status-publish","hentry"],"_links":{"self":[{"href":"https:\/\/marx-power.com\/pt\/wp-json\/wp\/v2\/pages\/18897","targetHints":{"allow":["GET"]}}],"collection":[{"href":"https:\/\/marx-power.com\/pt\/wp-json\/wp\/v2\/pages"}],"about":[{"href":"https:\/\/marx-power.com\/pt\/wp-json\/wp\/v2\/types\/page"}],"author":[{"embeddable":true,"href":"https:\/\/marx-power.com\/pt\/wp-json\/wp\/v2\/users\/1"}],"replies":[{"embeddable":true,"href":"https:\/\/marx-power.com\/pt\/wp-json\/wp\/v2\/comments?post=18897"}],"version-history":[{"count":0,"href":"https:\/\/marx-power.com\/pt\/wp-json\/wp\/v2\/pages\/18897\/revisions"}],"wp:attachment":[{"href":"https:\/\/marx-power.com\/pt\/wp-json\/wp\/v2\/media?parent=18897"}],"curies":[{"name":"wp","href":"https:\/\/api.w.org\/{rel}","templated":true}]}}