{"id":18899,"date":"2022-08-04T02:54:00","date_gmt":"2022-08-04T02:54:00","guid":{"rendered":"http:\/\/demo.torcstark.com\/?page_id=18899"},"modified":"2023-04-27T08:33:22","modified_gmt":"2023-04-27T08:33:22","slug":"torque-multiplier","status":"publish","type":"page","link":"https:\/\/marx-power.com\/pt\/multiplicador-de-torque\/","title":{"rendered":"Multiplicador de Torque"},"content":{"rendered":"<div class=\"vc_row wpb_row vc_row-fluid vc_column-gap-24 vc_row-o-content-middle vc_row-flex vc-row-65212\" >\n\t<div class=\"container et-clearfix\">\n\t\t<div class=\"wpb_column vc_column_container vc_col-sm-6 text-align-none\" >\n\t<div class=\"vc_column-inner\" >\n\t\t<div class=\"wpb_wrapper\">\n\t\t\t<div id=\"et-image-156836\" class=\"et-image alignnone curtain-left\" data-curtain=\"false\" data-animation-delay=\"0\" data-parallax=\"false\" data-move=\"false\" data-coordinatex=\"0\" data-coordinatey=\"0\" data-speed=\"10\"><img decoding=\"async\" width=\"t\" height=\"t\" src=\"https:\/\/marx-power.com\/wp-content\/uploads\/2023\/04\/Torque-Multiplier-torcstark.jpg\" alt=\"Marx Power\u00ae\"><\/div>\t\t<\/div>\n\t\t\t<\/div>\n<\/div><div class=\"wpb_column vc_column_container vc_col-sm-6 text-align-none\" >\n\t<div class=\"vc_column-inner\" >\n\t\t<div class=\"wpb_wrapper\">\n\t\t\t\n<div class=\"wpb_text_column wpb_content_element\"  data-animation-delay=\"0\">\n\t<div class=\"wpb_wrapper\">\n\t\t<p>Corpo de alum\u00ednio leve<\/p>\n<p>Fornecido com bra\u00e7o de rea\u00e7\u00e3o<\/p>\n<p>Valores de torque at\u00e9 10000Nm<br \/>\nRedutores planet\u00e1rios de um est\u00e1gio com valores de torque de at\u00e9 2800Nm<\/p>\n<p>Modelos com redutores planet\u00e1rios de dois est\u00e1gios com valores de torque de at\u00e9 10.000Nm<\/p>\n\t<\/div>\n<\/div>\n\n\t\t<\/div>\n\t\t\t<\/div>\n<\/div>\t<\/div>\n\t\t<\/div><div class=\"vc_row wpb_row vc_row-fluid vc_column-gap-24\" >\n\t<div class=\"container et-clearfix\">\n\t\t<div class=\"wpb_column vc_column_container vc_col-sm-12 text-align-none\" >\n\t<div class=\"vc_column-inner\" >\n\t\t<div class=\"wpb_wrapper\">\n\t\t\t<h3 class=\"et-heading text-align-left tablet-text-align-inherit mobile-text-align-inherit animate-false no-animation-type\" id=\"et-heading-412822\" data-delay=\"0\" data-mobile-font=\"inherit\" data-mobile-line-height=\"inherit\" data-tablet-landscape-font=\"inherit\" data-tablet-portrait-font=\"inherit\" data-tablet-landscape-line-height=\"inherit\" data-tablet-portrait-line-height=\"inherit\" data-parallax=\"false\" data-move=\"false\" data-coordinatex=\"0\" data-coordinatey=\"0\" data-speed=\"10\"><span class=\"text-wrapper\"><span class=\"text\">Desenho dimensional<br \/>\n<\/span><\/span><\/h3><div id=\"et-image-323814\" class=\"et-image aligncenter curtain-left\" data-curtain=\"false\" data-animation-delay=\"0\" data-parallax=\"false\" data-move=\"false\" data-coordinatex=\"0\" data-coordinatey=\"0\" data-speed=\"10\"><img decoding=\"async\" width=\"t\" height=\"t\" src=\"https:\/\/marx-power.com\/wp-content\/uploads\/2023\/04\/MDNF-series-torque-multiplier-dimensional-drawing.png\" alt=\"Marx Power\u00ae\"><\/div><h3 class=\"et-heading text-align-left tablet-text-align-inherit mobile-text-align-inherit animate-false no-animation-type\" id=\"et-heading-719326\" data-delay=\"0\" data-mobile-font=\"inherit\" data-mobile-line-height=\"inherit\" data-tablet-landscape-font=\"inherit\" data-tablet-portrait-font=\"inherit\" data-tablet-landscape-line-height=\"inherit\" data-tablet-portrait-line-height=\"inherit\" data-parallax=\"false\" data-move=\"false\" data-coordinatex=\"0\" data-coordinatey=\"0\" data-speed=\"10\"><span class=\"text-wrapper\"><span class=\"text\">Tabela de Especifica\u00e7\u00f5es<br \/>\n<\/span><\/span><\/h3>\n<div class=\"wpb_text_column wpb_content_element\"  data-animation-delay=\"0\">\n\t<div class=\"wpb_wrapper\">\n\t\t<table>\n<tbody>\n<tr>\n<td>Modelo<\/td>\n<td>MDNF-10<\/td>\n<td>MDNF-20<\/td>\n<td>MDNF-35<\/td>\n<td>MDNF-55<\/td>\n<td>MDNF-75<\/td>\n<td>MDNF-100<\/td>\n<\/tr>\n<tr>\n<td>D(mm)<\/td>\n<td>80.5<\/td>\n<td>80.5<\/td>\n<td>96.5<\/td>\n<td>117<\/td>\n<td>121<\/td>\n<td>143<\/td>\n<\/tr>\n<tr>\n<td>Hum)<\/td>\n<td>88<\/td>\n<td>105<\/td>\n<td>163<\/td>\n<td>187<\/td>\n<td>195<\/td>\n<td>205<\/td>\n<\/tr>\n<tr>\n<td>hum)<\/td>\n<td>49<\/td>\n<td>76<\/td>\n<td>94<\/td>\n<td>107<\/td>\n<td>107<\/td>\n<td>115<\/td>\n<\/tr>\n<tr>\n<td>Entrada Quadrada<\/td>\n<td>1\/2&#8221;<\/td>\n<td>1\/2&#8221;<\/td>\n<td>1\/2&#8221;<\/td>\n<td>1\/2&#8221;<\/td>\n<td>1\/2&#8221;<\/td>\n<td>1\/2&#8221;<\/td>\n<\/tr>\n<tr>\n<td>Unidade quadrada de sa\u00edda (B)<\/td>\n<td>1&#8221;<\/td>\n<td>1&#8221;<\/td>\n<td>1&#8221;<\/td>\n<td>1 1\/2&#8221;<\/td>\n<td>1 1\/2&#8221;<\/td>\n<td>1 1\/2&#8221;<\/td>\n<\/tr>\n<tr>\n<td>Raz\u00e3o de Multiplica\u00e7\u00e3o<\/td>\n<td>1:4<\/td>\n<td>1:13.<\/td>\n<td>1:16<\/td>\n<td>1:21<\/td>\n<td>1:23<\/td>\n<td>1:28<\/td>\n<\/tr>\n<tr>\n<td>Peso (kg)<\/td>\n<td>2.2<\/td>\n<td>3.3<\/td>\n<td>5.9<\/td>\n<td>8.9<\/td>\n<td>11.9<\/td>\n<td>15.2<\/td>\n<\/tr>\n<tr>\n<td>Torque M\u00e1ximo (Nm)<\/td>\n<td>1000<\/td>\n<td>2000<\/td>\n<td>4000<\/td>\n<td>6000<\/td>\n<td>7500<\/td>\n<td>10000<\/td>\n<\/tr>\n<\/tbody>\n<\/table>\n<h3>Vantagens da chave de ferramenta multiplicadora:<\/h3>\n<p>Multiplicador de Torque: Uma chave manual com um refor\u00e7o de torque. Oferece uma variedade de torques de sa\u00edda inseridos manualmente que o operador pode alcan\u00e7ar facilmente para fornecer uma multiplica\u00e7\u00e3o de torque precisa e eficiente para engatar ou desmontar fixadores de junta. Ou voc\u00ea pode cham\u00e1-lo de uma chave de economia de trabalho.<\/p>\n<p>O multiplicador de torque consiste em um trem de engrenagens planet\u00e1rias que aumenta a for\u00e7a aplicada em cada est\u00e1gio da faixa de engrenagens. Embora a disposi\u00e7\u00e3o das engrenagens seja bastante simples, o torqu\u00edmetro reduz a for\u00e7a necess\u00e1ria e aumenta a produtividade e a seguran\u00e7a do trabalhador. As ferramentas multiplicadoras s\u00e3o essenciais em servi\u00e7os pesados. A instala\u00e7\u00e3o de parafusos, porcas e parafusos \u00e9 um trabalho di\u00e1rio na maioria das instala\u00e7\u00f5es de produ\u00e7\u00e3o e montagem, e o uso de uma chave multiplicadora de torque facilita o trabalho sem desperdi\u00e7ar tempo e esfor\u00e7o valiosos.<\/p>\n<p>Independentemente do m\u00e9todo de aperto, os multiplicadores de torque manuais tornam o trabalho mais f\u00e1cil e menos trabalhoso, aumentando a produtividade.<\/p>\n<p><strong>Outras raz\u00f5es para usar uma chave multiplicadora incluem:<\/strong><\/p>\n<p>Eles s\u00e3o mais seguros do que al\u00e7as estendidas.<br \/>\nO multiplicador de chave pode reduzir o comprimento das alavancas necess\u00e1rias para soltar ou apertar fixadores por um fator de 5, 25 ou at\u00e9 125, dependendo do tipo de multiplicador. Por exemplo, chave multiplicadora de torque para servi\u00e7o pesado, multiplicador de torque de porca, mini multiplicador de torque, etc.<br \/>\nEspecialmente \u00fatil para afrouxar parafusos teimosos.<br \/>\nPode ser usado para aplicar a quantidade certa de torque \u00e0 aplica\u00e7\u00e3o.<br \/>\nEles eliminam a maior parte do trabalho manual das tarefas de aperto.<\/p>\n<p>A chave multiplicadora fornece um processo de aperto mais lento e preciso, garantindo que os fixadores n\u00e3o fiquem nem muito apertados nem muito frouxos. Como resultado, eles reduzem a necessidade de reparos e reajustes futuros, aumentando assim a efici\u00eancia e a produtividade do trabalhador.<\/p>\n<h3>Ao usar uma chave multiplicadora de torque:<\/h3>\n<p>Sem fonte de energia: como locais onde n\u00e3o h\u00e1 sistema de compress\u00e3o de ar ou fonte de alimenta\u00e7\u00e3o, como: engenharia externa (coloca\u00e7\u00e3o de trilhos, constru\u00e7\u00e3o de torres, etc.).<br \/>\nOnde o espa\u00e7o \u00e9 limitado e os postes de extens\u00e3o n\u00e3o podem ser usados.<br \/>\nOnde ferramentas de rosqueamento n\u00e3o podem ser usadas.<\/p>\n<h3>Perguntas frequentes<\/h3>\n<p><strong>Uma chave de torque e um multiplicador de torque podem ser usados juntos?<\/strong><\/p>\n<p>Sim, mas n\u00e3o use a chave de torque como uma configura\u00e7\u00e3o de entrada precisa, pois causar\u00e1 toler\u00e2ncias acumuladas.<\/p>\n<p><strong>Por que n\u00e3o usar uma chave de torque como um ponto de ajuste preciso?<\/strong><\/p>\n<p>Muitos clientes confundem ferramentas multiplicadoras com chaves de torque, o que \u00e9 um equ\u00edvoco. Embora a precis\u00e3o de sa\u00edda do multiplicador de torque seja 5%, ele deve ter um valor de entrada preciso na extremidade de entrada em vez de defini-lo com uma chave de torque. A pr\u00f3pria chave de torque tem uma toler\u00e2ncia de 4%, mais a toler\u00e2ncia do multiplicador de torque, \u00e9 de cerca de 9% ou mais, portanto, ao usar o multiplicador, a extremidade de entrada deve ser uma entrada de torque precisa, em vez de usar a chave de torque como padr\u00e3o.<\/p>\n<p><strong>O multiplicador de torque pode ser usado como chave de torque?<\/strong><\/p>\n<p>O torqu\u00edmetro tem precis\u00e3o de 5% e n\u00e3o h\u00e1 restri\u00e7\u00f5es de uso, enquanto a toler\u00e2ncia do torqu\u00edmetro \u00e9 de 4%. Na aplica\u00e7\u00e3o de requisitos de menor precis\u00e3o, um multiplicador de torque mec\u00e2nico pode ser usado em vez de uma chave de torque.<\/p>\n\t<\/div>\n<\/div>\n\n\t\t<\/div>\n\t\t\t<\/div>\n<\/div>\t<\/div>\n\t\t<\/div><div class=\"vc_row wpb_row vc_row-fluid vc_column-gap-24\" >\n\t<div class=\"container et-clearfix\">\n\t\t<div class=\"wpb_column vc_column_container vc_col-sm-12 text-align-none\" >\n\t<div class=\"vc_column-inner\" >\n\t\t<div class=\"wpb_wrapper\">\n\t\t\t<h3 class=\"et-heading text-align-left tablet-text-align-inherit mobile-text-align-inherit animate-false no-animation-type\" id=\"et-heading-784421\" data-delay=\"0\" data-mobile-font=\"inherit\" data-mobile-line-height=\"inherit\" data-tablet-landscape-font=\"inherit\" data-tablet-portrait-font=\"inherit\" data-tablet-landscape-line-height=\"inherit\" data-tablet-portrait-line-height=\"inherit\" data-parallax=\"false\" data-move=\"false\" data-coordinatex=\"0\" data-coordinatey=\"0\" data-speed=\"10\"><span class=\"text-wrapper\"><span class=\"text\">Entrar em contato<\/span><\/span><\/h3>\n<div class=\"wpb_text_column wpb_content_element\"  data-animation-delay=\"0\">\n\t<div class=\"wpb_wrapper\">\n\t\t<p>Para todas as consultas de servi\u00e7o, preencha o formul\u00e1rio e entraremos em contato com voc\u00ea o mais breve poss\u00edvel.<\/p>\n\t<\/div>\n<\/div>\n\n<div class=\"vc_row wpb_row vc_inner vc_row-fluid vc_column-gap-48 vc-row-670903\"><div class=\"wpb_column vc_column_container vc_col-sm-6\"><div class=\"vc_column-inner\"><div class=\"wpb_wrapper\"><div class=\"wpcf7 no-js\" id=\"wpcf7-f10615-o1\" lang=\"en-US\" dir=\"ltr\" data-wpcf7-id=\"10615\"><div class=\"screen-reader-response\"><p role=\"status\" aria-live=\"polite\" aria-atomic=\"true\"><\/p><ul><\/ul><\/div><form action=\"\/pt\/wp-json\/wp\/v2\/pages\/18899#wpcf7-f10615-o1\" method=\"post\" class=\"wpcf7-form init\" aria-label=\"Formul\u00e1rio de Contato\" novalidate=\"novalidate\" data-status=\"init\" data-trp-original-action=\"\/pt\/wp-json\/wp\/v2\/pages\/18899#wpcf7-f10615-o1\"><fieldset class=\"hidden-fields-container\"><input type=\"hidden\" name=\"_wpcf7\" value=\"10615\" \/><input type=\"hidden\" name=\"_wpcf7_version\" value=\"6.1.5\" \/><input type=\"hidden\" name=\"_wpcf7_locale\" value=\"en_US\" \/><input type=\"hidden\" name=\"_wpcf7_unit_tag\" value=\"wpcf7-f10615-o1\" \/><input type=\"hidden\" name=\"_wpcf7_container_post\" value=\"0\" \/><input type=\"hidden\" name=\"_wpcf7_posted_data_hash\" value=\"\" \/><\/fieldset><!-- \u7b2c\u4e00\u884c\uff1aFull Name + Email --><div style=\"display:flex; gap:4%; flex-direction: row; margin-bottom: -20px;\"><p><label> Full Name <span class=\"required-star\">*<\/span><br \/><span class=\"wpcf7-form-control-wrap\" data-name=\"full-name\"><input size=\"40\" maxlength=\"400\" class=\"wpcf7-form-control wpcf7-text wpcf7-validates-as-required\" aria-required=\"true\" aria-invalid=\"false\" placeholder=\"Robert Evans\" value=\"\" type=\"text\" name=\"full-name\" \/><\/span><\/label><\/p><p><label> Email Address <span class=\"required-star\">*<\/span><br \/><span class=\"wpcf7-form-control-wrap\" data-name=\"email\"><input size=\"40\" maxlength=\"400\" class=\"wpcf7-form-control wpcf7-email wpcf7-validates-as-required wpcf7-text wpcf7-validates-as-email\" aria-required=\"true\" aria-invalid=\"false\" placeholder=\"robert@example.com\" value=\"\" type=\"email\" name=\"email\" \/><\/span><\/label><\/p><\/div><div style=\"display:flex; gap:4%; flex-direction: row; margin-bottom: -20px;\"><p><label> Phone Number<br \/><span class=\"wpcf7-form-control-wrap\" data-name=\"phone\"><input size=\"40\" maxlength=\"400\" class=\"wpcf7-form-control wpcf7-tel wpcf7-text wpcf7-validates-as-tel\" aria-invalid=\"false\" placeholder=\"+1 (123) 456-7890\" value=\"\" type=\"tel\" name=\"phone\" \/><\/span><\/label><\/p><p><label> Pa\u00eds<br \/><span class=\"wpcf7-form-control-wrap\" data-name=\"country\"><input size=\"40\" maxlength=\"400\" class=\"wpcf7-form-control wpcf7-text\" aria-invalid=\"false\" placeholder=\"ABC inc.\" value=\"\" type=\"text\" name=\"country\" \/><\/span><\/label><\/p><\/div><!-- \u7b2c\u4e09\u884c\uff1aCompany Name --><p><label> Company Name<br \/><span class=\"wpcf7-form-control-wrap\" data-name=\"company\"><input size=\"40\" maxlength=\"400\" class=\"wpcf7-form-control wpcf7-text\" aria-invalid=\"false\" placeholder=\"Acme Inc\" value=\"\" type=\"text\" name=\"company\" \/><\/span><\/label><\/p><!-- \u7b2c\u56db\u884c\uff1aMessage --><p><label> Message <span class=\"required-star\">*<\/span><br \/><span class=\"wpcf7-form-control-wrap\" data-name=\"message\"><textarea cols=\"40\" rows=\"10\" maxlength=\"2000\" class=\"wpcf7-form-control wpcf7-textarea wpcf7-validates-as-required\" aria-required=\"true\" aria-invalid=\"false\" placeholder=\"Tell us about your inquiry...\" name=\"message\"><\/textarea><\/span><\/label><\/p><!-- \u7b2c\u4e94\u884c\uff1aPreferred Contact Method --><p>Preferred Contact Method<br \/><span class=\"wpcf7-form-control-wrap\" data-name=\"contact-method\"><span class=\"wpcf7-form-control wpcf7-radio\"><span class=\"wpcf7-list-item first\"><input type=\"radio\" name=\"contact-method\" value=\"email\" checked=\"checked\" \/><span class=\"wpcf7-list-item-label\">email<\/span><\/span><span class=\"wpcf7-list-item last\"><input type=\"radio\" name=\"contact-method\" value=\"phone\" \/><span class=\"wpcf7-list-item-label\">phone<\/span><\/span><\/span><\/span><\/p><!-- \u7b2c\u516d\u884c\uff1aSubmit --><p><input class=\"wpcf7-form-control wpcf7-submit has-spinner\" type=\"submit\" value=\"Send Message\" \/><\/p><div class=\"wpcf7-response-output\" aria-hidden=\"true\"><\/div><input type=\"hidden\" name=\"trp-form-language\" value=\"pt\"\/><\/form><\/div><\/div><\/div><\/div><div class=\"wpb_column vc_column_container vc_col-sm-6\"><div class=\"vc_column-inner\"><div class=\"wpb_wrapper\"><div class=\"wpb_text_column wpb_content_element\"  data-animation-delay=\"0\"><div class=\"wpb_wrapper\"><ul><li>Todos os produtos s\u00e3o projetados para exceder os padr\u00f5es globais de dados para equipamentos hidr\u00e1ulicos de alta press\u00e3o.<\/li><li>Cada produto passar\u00e1 por rigorosos testes f\u00edsicos antes do envio para garantir a qualidade do produto.<\/li><li>Todos os produtos passaram pela inspe\u00e7\u00e3o de qualidade ISO9001 e CE da UE e outras institui\u00e7\u00f5es.<\/li><li>Forne\u00e7a ferramentas seguras e confi\u00e1veis e servi\u00e7o p\u00f3s-venda l\u00edder do setor, todos os produtos v\u00eam com um servi\u00e7o de garantia abrangente de 12 meses.<\/li><li>O estoque \u00e9 suficiente e pode ser entregue rapidamente ap\u00f3s o usu\u00e1rio fazer um pedido.<\/li><li>Um estoque suficiente de pe\u00e7as de reposi\u00e7\u00e3o \u00e9 usado para manuten\u00e7\u00e3o r\u00e1pida e opera\u00e7\u00e3o do produto a longo prazo.<\/li><\/ul><\/div><\/div><\/div><\/div><\/div><\/div>\t\t<\/div>\n\t\t\t<\/div>\n<\/div>\t<\/div>\n\t\t<\/div><div class=\"vc_row wpb_row vc_row-fluid vc_column-gap-24\" >\n\t<div class=\"container et-clearfix\">\n\t\t<div class=\"wpb_column vc_column_container vc_col-sm-12 text-align-none\" >\n\t<div class=\"vc_column-inner\" >\n\t\t<div class=\"wpb_wrapper\">\n\t\t\t<span class=\"et-gap et-clearfix et-gap-78325\"><\/span>\t\t<\/div>\n\t\t\t<\/div>\n<\/div>\t<\/div>\n\t\t<\/div>","protected":false},"excerpt":{"rendered":"Lightweight aluminum body Supplied with reaction arm Torque values up to 10000Nm Single-stage planetary gear units with torque values up to 2800Nm Models with two-stage planetary gear units with torque values up to 10,000Nm Dimensional Drawing Specification Table Model MDNF-10 MDNF-20 MDNF-35 MDNF-55 MDNF-75 MDNF-100 D(mm) 80.5 80.5 96.5 117 121 143 H(mm) 88 105 [...]","protected":false},"author":1,"featured_media":0,"parent":0,"menu_order":0,"comment_status":"closed","ping_status":"closed","template":"page-vc.php","meta":{"footnotes":""},"class_list":["post-18899","page","type-page","status-publish","hentry"],"_links":{"self":[{"href":"https:\/\/marx-power.com\/pt\/wp-json\/wp\/v2\/pages\/18899","targetHints":{"allow":["GET"]}}],"collection":[{"href":"https:\/\/marx-power.com\/pt\/wp-json\/wp\/v2\/pages"}],"about":[{"href":"https:\/\/marx-power.com\/pt\/wp-json\/wp\/v2\/types\/page"}],"author":[{"embeddable":true,"href":"https:\/\/marx-power.com\/pt\/wp-json\/wp\/v2\/users\/1"}],"replies":[{"embeddable":true,"href":"https:\/\/marx-power.com\/pt\/wp-json\/wp\/v2\/comments?post=18899"}],"version-history":[{"count":0,"href":"https:\/\/marx-power.com\/pt\/wp-json\/wp\/v2\/pages\/18899\/revisions"}],"wp:attachment":[{"href":"https:\/\/marx-power.com\/pt\/wp-json\/wp\/v2\/media?parent=18899"}],"curies":[{"name":"wp","href":"https:\/\/api.w.org\/{rel}","templated":true}]}}