{"id":18902,"date":"2022-08-04T03:17:40","date_gmt":"2022-08-04T03:17:40","guid":{"rendered":"http:\/\/demo.torcstark.com\/?page_id=18902"},"modified":"2022-08-04T03:17:40","modified_gmt":"2022-08-04T03:17:40","slug":"flange-spreaders","status":"publish","type":"page","link":"https:\/\/marx-power.com\/pt\/espalhadores-de-flange\/","title":{"rendered":"Espalhadores de flange"},"content":{"rendered":"<div class=\"vc_row wpb_row vc_row-fluid vc_column-gap-24 vc_row-o-content-middle vc_row-flex vc-row-394942\" >\n\t<div class=\"container et-clearfix\">\n\t\t<div class=\"wpb_column vc_column_container vc_col-sm-6 text-align-none\" >\n\t<div class=\"vc_column-inner\" >\n\t\t<div class=\"wpb_wrapper\">\n\t\t\t<div id=\"et-image-799329\" class=\"et-image alignnone curtain-left\" data-curtain=\"false\" data-animation-delay=\"0\" data-parallax=\"false\" data-move=\"false\" data-coordinatex=\"0\" data-coordinatey=\"0\" data-speed=\"10\"><img decoding=\"async\" width=\"t\" height=\"t\" src=\"https:\/\/marx-power.com\/wp-content\/uploads\/2022\/05\/Hydraulic-and-Mechanical-Flange-Separator-10.jpg\" alt=\"Marx Power\u00ae\"><\/div>\t\t<\/div>\n\t\t\t<\/div>\n<\/div><div class=\"wpb_column vc_column_container vc_col-sm-6 text-align-none\" >\n\t<div class=\"vc_column-inner\" >\n\t\t<div class=\"wpb_wrapper\">\n\t\t\t\n<div class=\"wpb_text_column wpb_content_element\"  data-animation-delay=\"0\">\n\t<div class=\"wpb_wrapper\">\n\t\t<p><strong>S\u00e9rie FSH\/FSM<\/strong><\/p>\n<ol>\n<li>Espessura da ponta\/dist\u00e2ncia m\u00e1xima de separa\u00e7\u00e3o: 6mm\/81mm<\/li>\n<li>For\u00e7a m\u00e1xima de separa\u00e7\u00e3o: 8-14 toneladas<\/li>\n<li>Press\u00e3o m\u00e1xima de trabalho: 70MPa<\/li>\n<\/ol>\n<p><strong>Caracter\u00edsticas<\/strong><\/p>\n<ol>\n<li>Ideal para aplica\u00e7\u00f5es de manuten\u00e7\u00e3o, servi\u00e7o, teste e substitui\u00e7\u00e3o de v\u00e1lvulas.<\/li>\n<li>Cunha de separa\u00e7\u00e3o integral, movimento sem atrito, paralelo e suave, eliminando o risco de danos ao flange e falha da cunha de separa\u00e7\u00e3o.<\/li>\n<li>Design exclusivo de cunha de intertravamento - primeiro est\u00e1gio sem dobras e sem risco de escorregamento.<\/li>\n<li>O tamanho necess\u00e1rio da porta de inser\u00e7\u00e3o \u00e9 de apenas 6 mm.<\/li>\n<li>Design de bra\u00e7o em forma de degrau, para que cada degrau possa suportar carga total.<\/li>\n<li>Menos pe\u00e7as m\u00f3veis, dur\u00e1veis e f\u00e1ceis de manter.<\/li>\n<li>O bloco de seguran\u00e7a SB-1 e a chave catraca SW-25 est\u00e3o inclu\u00eddos no separador mec\u00e2nico FSM-8.<\/li>\n<\/ol>\n\t<\/div>\n<\/div>\n\n\t\t<\/div>\n\t\t\t<\/div>\n<\/div>\t<\/div>\n\t\t<\/div><div class=\"vc_row wpb_row vc_row-fluid vc_column-gap-24\" >\n\t<div class=\"container et-clearfix\">\n\t\t<div class=\"wpb_column vc_column_container vc_col-sm-12 text-align-none\" >\n\t<div class=\"vc_column-inner\" >\n\t\t<div class=\"wpb_wrapper\">\n\t\t\t<h3 class=\"et-heading text-align-left tablet-text-align-inherit mobile-text-align-inherit animate-false no-animation-type\" id=\"et-heading-140137\" data-delay=\"0\" data-mobile-font=\"inherit\" data-mobile-line-height=\"inherit\" data-tablet-landscape-font=\"inherit\" data-tablet-portrait-font=\"inherit\" data-tablet-landscape-line-height=\"inherit\" data-tablet-portrait-line-height=\"inherit\" data-parallax=\"false\" data-move=\"false\" data-coordinatex=\"0\" data-coordinatey=\"0\" data-speed=\"10\"><span class=\"text-wrapper\"><span class=\"text\">Desenho dimensional<br \/>\n<\/span><\/span><\/h3><div id=\"et-image-718111\" class=\"et-image aligncenter curtain-left\" data-curtain=\"false\" data-animation-delay=\"0\" data-parallax=\"false\" data-move=\"false\" data-coordinatex=\"0\" data-coordinatey=\"0\" data-speed=\"10\"><img decoding=\"async\" width=\"t\" height=\"t\" src=\"https:\/\/marx-power.com\/wp-content\/uploads\/2022\/05\/Hydraulic-and-Mechanical-Flange-Separator-2.jpg\" alt=\"Marx Power\u00ae\"><\/div><h3 class=\"et-heading text-align-left tablet-text-align-inherit mobile-text-align-inherit animate-false no-animation-type\" id=\"et-heading-718439\" data-delay=\"0\" data-mobile-font=\"inherit\" data-mobile-line-height=\"inherit\" data-tablet-landscape-font=\"inherit\" data-tablet-portrait-font=\"inherit\" data-tablet-landscape-line-height=\"inherit\" data-tablet-portrait-line-height=\"inherit\" data-parallax=\"false\" data-move=\"false\" data-coordinatex=\"0\" data-coordinatey=\"0\" data-speed=\"10\"><span class=\"text-wrapper\"><span class=\"text\">Tabela de Especifica\u00e7\u00f5es<br \/>\n<\/span><\/span><\/h3>\n<div class=\"wpb_text_column wpb_content_element\"  data-animation-delay=\"0\">\n\t<div class=\"wpb_wrapper\">\n\t\t<table class=\"table\">\n<tbody>\n<tr>\n<td>Modelo<\/td>\n<td>For\u00e7a m\u00e1xima de separa\u00e7\u00e3o T(KN)<\/td>\n<td>Espessura da ponta (mm)<\/td>\n<td>Dist\u00e2ncia m\u00e1xima de separa\u00e7\u00e3o (mm)<\/td>\n<td>Modelo<\/td>\n<td>Capacidade de \u00f3leo (cm\u00b3)<\/td>\n<td>Peso (Kg)<\/td>\n<\/tr>\n<tr>\n<td>FSH-14<\/td>\n<td>12(125)<\/td>\n<td>6<\/td>\n<td>81<\/td>\n<td>Hidr\u00e1ulico<\/td>\n<td>78<\/td>\n<td>7.1<\/td>\n<\/tr>\n<tr>\n<td>FSM-8<\/td>\n<td>7(72)<\/td>\n<td>6<\/td>\n<td>81<\/td>\n<td>Mec\u00e2nico<\/td>\n<td>\u2014<\/td>\n<td>6.5<\/td>\n<\/tr>\n<\/tbody>\n<\/table>\n<p>Os espalhadores de flange, tamb\u00e9m conhecidos como espalhadores de flange de tubo ou espalhadores de cunha, est\u00e3o dispon\u00edveis em v\u00e1rios estilos e configura\u00e7\u00f5es. Pode conter juntas de flange pequenas, m\u00e9dias ou grandes, incluindo aquelas sem folga de canal. Os espalhadores de cunha s\u00e3o nossa principal ferramenta de separa\u00e7\u00e3o de flanges para flanges de tubos de todos os tamanhos.<\/p>\n<p>Os espalhadores de flange s\u00e3o divididos em espalhadores de cunha\/flange hidr\u00e1ulicos e espalhadores de cunha\/flange mec\u00e2nicos de acordo com as diferentes fontes de energia. \u00c9 usado principalmente em manuten\u00e7\u00e3o de tubula\u00e7\u00f5es, constru\u00e7\u00e3o e testes de tubula\u00e7\u00f5es, substitui\u00e7\u00e3o de flanges, juntas de manuten\u00e7\u00e3o, vasos de press\u00e3o, abertura de cabe\u00e7otes, usinas de energia, desmontagem de rolamentos, perfura\u00e7\u00e3o \u00f3leo-el\u00e9trica, desmontagem de rotores de motores, plataformas offshore e trabalhos de eleva\u00e7\u00e3o, constru\u00e7\u00e3o naval, equipamentos industriais, movimenta\u00e7\u00e3o horizontal de pe\u00e7as e outras ind\u00fastrias.<\/p>\n<h3>Como escolher as ferramentas do espalhador de flange?<\/h3>\n<p>Ao escolher um espalhador de cunha hidr\u00e1ulico para sua aplica\u00e7\u00e3o, h\u00e1 quatro caracter\u00edsticas principais a serem observadas:<br \/>\n1. A largura da folga do canal entre os flanges a serem separados<br \/>\n2. For\u00e7a de expans\u00e3o m\u00ednima necess\u00e1ria para separar flanges<br \/>\n3. Tipo de opera\u00e7\u00e3o mec\u00e2nico e hidr\u00e1ulico necess\u00e1rio (op\u00e7\u00f5es manuais tamb\u00e9m est\u00e3o dispon\u00edveis para a maioria dos separadores hidr\u00e1ulicos)<br \/>\n4. Tamanho do flange e faixa de trabalho necess\u00e1ria<\/p>\n<p>Confira nossa Tabela de Sele\u00e7\u00e3o de separadores de flange com base nos par\u00e2metros acima para encontrar o produto mais adequado. Voc\u00ea pode nos fornecer os par\u00e2metros e nos deixar recomendar o mais adequado para voc\u00ea.<\/p>\n<h3>Ent\u00e3o, como voc\u00ea deve usar um divisor de flange?<\/h3>\n<p>Abridor de Flange Hidr\u00e1ulico: Primeiro insira as garras do espalhador entre os dois flanges. Na maioria dos casos, voc\u00ea precisar\u00e1 de pelo menos dois ou, de prefer\u00eancia, tr\u00eas espalhadores de flange para fazer o trabalho pesado. Devem ser colocados equidistantes uns dos outros. Em seguida, cada bomba hidr\u00e1ulica conectada a esses espalhadores de flange pode ser usada para separar os dois flanges de maneira consistente, segura e unificada at\u00e9 que haja espa\u00e7o suficiente para a opera\u00e7\u00e3o de manuten\u00e7\u00e3o e substitui\u00e7\u00e3o necess\u00e1ria.<\/p>\n<p>Espalhador de flange mec\u00e2nico: Os primeiros passos para um spreader de flange mec\u00e2nico s\u00e3o aproximadamente os mesmos de um spreader de flange hidr\u00e1ulico. Use v\u00e1rios elementos e coloque as garras do espalhador igualmente espa\u00e7adas entre os flanges. Mas essas unidades n\u00e3o t\u00eam bomba e, em vez disso, incluem uma alavanca de catraca para ativar e controlar a velocidade e a for\u00e7a da propaga\u00e7\u00e3o. A al\u00e7a pode ser alterada para uma configura\u00e7\u00e3o no sentido anti-hor\u00e1rio para retrair as garras e retornar o flange para uma configura\u00e7\u00e3o de trabalho.<\/p>\n<p>As coisas que voc\u00ea precisa estar ciente ao usar uma ferramenta de divis\u00e3o de flange incluem garras anti-esmagamento para manter a ferramenta no lugar at\u00e9 que a press\u00e3o seja liberada, a capacidade das garras de se abrirem na largura desejada (a maioria dos port\u00e1teis de uso geral tem capacidade de largura de at\u00e9 3 polegadas) e uma v\u00e1lvula de redu\u00e7\u00e3o de carga (para hidr\u00e1ulica) para controlar a taxa de fechamento.<\/p>\n<p>A TorcStark agora fornece a s\u00e9rie FSH\/FSM de espalhadores de flange hidr\u00e1ulicos port\u00e1teis. As ferramentas separadoras de flange da S\u00e9rie FSH\/FSM t\u00eam uma folga de inser\u00e7\u00e3o m\u00ednima de 6,0 mm (0,25 pol) e aumentam a dist\u00e2ncia de expans\u00e3o por etapa, facilitando o acesso a quaisquer pinos restantes na junta de flange. As ferramentas da s\u00e9rie FSH\/FSM v\u00eam de f\u00e1brica com al\u00e7as rotativas, talabartes de seguran\u00e7a e acess\u00f3rios de blocos escalonados, e essas ferramentas podem ser usadas durante a constru\u00e7\u00e3o da tubula\u00e7\u00e3o, comissionamento ou manuten\u00e7\u00e3o de rotina. Se voc\u00ea quiser saber o pre\u00e7o dos espalhadores de flange mec\u00e2nicos e hidr\u00e1ulicos, entre em contato conosco por e-mail. A TorcStark fornecer\u00e1 a voc\u00ea o melhor pre\u00e7o de espalhador de flange e excelente atendimento ao cliente.<\/p>\n\t<\/div>\n<\/div>\n\n\t\t<\/div>\n\t\t\t<\/div>\n<\/div>\t<\/div>\n\t\t<\/div><div class=\"vc_row wpb_row vc_row-fluid vc_column-gap-24\" >\n\t<div class=\"container et-clearfix\">\n\t\t<div class=\"wpb_column vc_column_container vc_col-sm-12 text-align-none\" >\n\t<div class=\"vc_column-inner\" >\n\t\t<div class=\"wpb_wrapper\">\n\t\t\t<h3 class=\"et-heading text-align-left tablet-text-align-inherit mobile-text-align-inherit animate-false no-animation-type\" id=\"et-heading-784421\" data-delay=\"0\" data-mobile-font=\"inherit\" data-mobile-line-height=\"inherit\" data-tablet-landscape-font=\"inherit\" data-tablet-portrait-font=\"inherit\" data-tablet-landscape-line-height=\"inherit\" data-tablet-portrait-line-height=\"inherit\" data-parallax=\"false\" data-move=\"false\" data-coordinatex=\"0\" data-coordinatey=\"0\" data-speed=\"10\"><span class=\"text-wrapper\"><span class=\"text\">Entrar em contato<\/span><\/span><\/h3>\n<div class=\"wpb_text_column wpb_content_element\"  data-animation-delay=\"0\">\n\t<div class=\"wpb_wrapper\">\n\t\t<p>Para todas as consultas de servi\u00e7o, preencha o formul\u00e1rio e entraremos em contato com voc\u00ea o mais breve poss\u00edvel.<\/p>\n\t<\/div>\n<\/div>\n\n<div class=\"vc_row wpb_row vc_inner vc_row-fluid vc_column-gap-48 vc-row-670903\"><div class=\"wpb_column vc_column_container vc_col-sm-6\"><div class=\"vc_column-inner\"><div class=\"wpb_wrapper\"><div class=\"wpcf7 no-js\" id=\"wpcf7-f10615-o1\" lang=\"en-US\" dir=\"ltr\" data-wpcf7-id=\"10615\"><div class=\"screen-reader-response\"><p role=\"status\" aria-live=\"polite\" aria-atomic=\"true\"><\/p><ul><\/ul><\/div><form action=\"\/pt\/wp-json\/wp\/v2\/pages\/18902#wpcf7-f10615-o1\" method=\"post\" class=\"wpcf7-form init\" aria-label=\"Formul\u00e1rio de Contato\" novalidate=\"novalidate\" data-status=\"init\" data-trp-original-action=\"\/pt\/wp-json\/wp\/v2\/pages\/18902#wpcf7-f10615-o1\"><fieldset class=\"hidden-fields-container\"><input type=\"hidden\" name=\"_wpcf7\" value=\"10615\" \/><input type=\"hidden\" name=\"_wpcf7_version\" value=\"6.1.5\" \/><input type=\"hidden\" name=\"_wpcf7_locale\" value=\"en_US\" \/><input type=\"hidden\" name=\"_wpcf7_unit_tag\" value=\"wpcf7-f10615-o1\" \/><input type=\"hidden\" name=\"_wpcf7_container_post\" value=\"0\" \/><input type=\"hidden\" name=\"_wpcf7_posted_data_hash\" value=\"\" \/><\/fieldset><!-- \u7b2c\u4e00\u884c\uff1aFull Name + Email --><div style=\"display:flex; gap:4%; flex-direction: row; margin-bottom: -20px;\"><p><label> Full Name <span class=\"required-star\">*<\/span><br \/><span class=\"wpcf7-form-control-wrap\" data-name=\"full-name\"><input size=\"40\" maxlength=\"400\" class=\"wpcf7-form-control wpcf7-text wpcf7-validates-as-required\" aria-required=\"true\" aria-invalid=\"false\" placeholder=\"Robert Evans\" value=\"\" type=\"text\" name=\"full-name\" \/><\/span><\/label><\/p><p><label> Email Address <span class=\"required-star\">*<\/span><br \/><span class=\"wpcf7-form-control-wrap\" data-name=\"email\"><input size=\"40\" maxlength=\"400\" class=\"wpcf7-form-control wpcf7-email wpcf7-validates-as-required wpcf7-text wpcf7-validates-as-email\" aria-required=\"true\" aria-invalid=\"false\" placeholder=\"robert@example.com\" value=\"\" type=\"email\" name=\"email\" \/><\/span><\/label><\/p><\/div><div style=\"display:flex; gap:4%; flex-direction: row; margin-bottom: -20px;\"><p><label> Phone Number<br \/><span class=\"wpcf7-form-control-wrap\" data-name=\"phone\"><input size=\"40\" maxlength=\"400\" class=\"wpcf7-form-control wpcf7-tel wpcf7-text wpcf7-validates-as-tel\" aria-invalid=\"false\" placeholder=\"+1 (123) 456-7890\" value=\"\" type=\"tel\" name=\"phone\" \/><\/span><\/label><\/p><p><label> Pa\u00eds<br \/><span class=\"wpcf7-form-control-wrap\" data-name=\"country\"><input size=\"40\" maxlength=\"400\" class=\"wpcf7-form-control wpcf7-text\" aria-invalid=\"false\" placeholder=\"ABC inc.\" value=\"\" type=\"text\" name=\"country\" \/><\/span><\/label><\/p><\/div><!-- \u7b2c\u4e09\u884c\uff1aCompany Name --><p><label> Company Name<br \/><span class=\"wpcf7-form-control-wrap\" data-name=\"company\"><input size=\"40\" maxlength=\"400\" class=\"wpcf7-form-control wpcf7-text\" aria-invalid=\"false\" placeholder=\"Acme Inc\" value=\"\" type=\"text\" name=\"company\" \/><\/span><\/label><\/p><!-- \u7b2c\u56db\u884c\uff1aMessage --><p><label> Message <span class=\"required-star\">*<\/span><br \/><span class=\"wpcf7-form-control-wrap\" data-name=\"message\"><textarea cols=\"40\" rows=\"10\" maxlength=\"2000\" class=\"wpcf7-form-control wpcf7-textarea wpcf7-validates-as-required\" aria-required=\"true\" aria-invalid=\"false\" placeholder=\"Tell us about your inquiry...\" name=\"message\"><\/textarea><\/span><\/label><\/p><!-- \u7b2c\u4e94\u884c\uff1aPreferred Contact Method --><p>Preferred Contact Method<br \/><span class=\"wpcf7-form-control-wrap\" data-name=\"contact-method\"><span class=\"wpcf7-form-control wpcf7-radio\"><span class=\"wpcf7-list-item first\"><input type=\"radio\" name=\"contact-method\" value=\"email\" checked=\"checked\" \/><span class=\"wpcf7-list-item-label\">email<\/span><\/span><span class=\"wpcf7-list-item last\"><input type=\"radio\" name=\"contact-method\" value=\"phone\" \/><span class=\"wpcf7-list-item-label\">phone<\/span><\/span><\/span><\/span><\/p><!-- \u7b2c\u516d\u884c\uff1aSubmit --><p><input class=\"wpcf7-form-control wpcf7-submit has-spinner\" type=\"submit\" value=\"Send Message\" \/><\/p><div class=\"wpcf7-response-output\" aria-hidden=\"true\"><\/div><input type=\"hidden\" name=\"trp-form-language\" value=\"pt\"\/><\/form><\/div><\/div><\/div><\/div><div class=\"wpb_column vc_column_container vc_col-sm-6\"><div class=\"vc_column-inner\"><div class=\"wpb_wrapper\"><div class=\"wpb_text_column wpb_content_element\"  data-animation-delay=\"0\"><div class=\"wpb_wrapper\"><ul><li>Todos os produtos s\u00e3o projetados para exceder os padr\u00f5es globais de dados para equipamentos hidr\u00e1ulicos de alta press\u00e3o.<\/li><li>Cada produto passar\u00e1 por rigorosos testes f\u00edsicos antes do envio para garantir a qualidade do produto.<\/li><li>Todos os produtos passaram pela inspe\u00e7\u00e3o de qualidade ISO9001 e CE da UE e outras institui\u00e7\u00f5es.<\/li><li>Forne\u00e7a ferramentas seguras e confi\u00e1veis e servi\u00e7o p\u00f3s-venda l\u00edder do setor, todos os produtos v\u00eam com um servi\u00e7o de garantia abrangente de 12 meses.<\/li><li>O estoque \u00e9 suficiente e pode ser entregue rapidamente ap\u00f3s o usu\u00e1rio fazer um pedido.<\/li><li>Um estoque suficiente de pe\u00e7as de reposi\u00e7\u00e3o \u00e9 usado para manuten\u00e7\u00e3o r\u00e1pida e opera\u00e7\u00e3o do produto a longo prazo.<\/li><\/ul><\/div><\/div><\/div><\/div><\/div><\/div>\t\t<\/div>\n\t\t\t<\/div>\n<\/div>\t<\/div>\n\t\t<\/div><div class=\"vc_row wpb_row vc_row-fluid vc_column-gap-24\" >\n\t<div class=\"container et-clearfix\">\n\t\t<div class=\"wpb_column vc_column_container vc_col-sm-12 text-align-none\" >\n\t<div class=\"vc_column-inner\" >\n\t\t<div class=\"wpb_wrapper\">\n\t\t\t<span class=\"et-gap et-clearfix et-gap-78325\"><\/span>\t\t<\/div>\n\t\t\t<\/div>\n<\/div>\t<\/div>\n\t\t<\/div>","protected":false},"excerpt":{"rendered":"FSH\/FSM series Tip thickness \/ maximum separation distance: 6mm\/81mm Maximum separation force: 8-14 tons Maximum working pressure: 70MPa Features Ideal for maintenance, service, testing and valve replacement applications. Integral separation wedge, frictionless, parallel and smooth movement, eliminating the risk of flange damage and separation wedge failure. Unique interlocking wedge design \u2013 first stage no bending [...]","protected":false},"author":1,"featured_media":0,"parent":0,"menu_order":0,"comment_status":"closed","ping_status":"closed","template":"page-vc.php","meta":{"footnotes":""},"class_list":["post-18902","page","type-page","status-publish","hentry"],"_links":{"self":[{"href":"https:\/\/marx-power.com\/pt\/wp-json\/wp\/v2\/pages\/18902","targetHints":{"allow":["GET"]}}],"collection":[{"href":"https:\/\/marx-power.com\/pt\/wp-json\/wp\/v2\/pages"}],"about":[{"href":"https:\/\/marx-power.com\/pt\/wp-json\/wp\/v2\/types\/page"}],"author":[{"embeddable":true,"href":"https:\/\/marx-power.com\/pt\/wp-json\/wp\/v2\/users\/1"}],"replies":[{"embeddable":true,"href":"https:\/\/marx-power.com\/pt\/wp-json\/wp\/v2\/comments?post=18902"}],"version-history":[{"count":0,"href":"https:\/\/marx-power.com\/pt\/wp-json\/wp\/v2\/pages\/18902\/revisions"}],"wp:attachment":[{"href":"https:\/\/marx-power.com\/pt\/wp-json\/wp\/v2\/media?parent=18902"}],"curies":[{"name":"wp","href":"https:\/\/api.w.org\/{rel}","templated":true}]}}