{"id":18909,"date":"2022-08-04T05:37:39","date_gmt":"2022-08-04T05:37:39","guid":{"rendered":"http:\/\/demo.torcstark.com\/?page_id=18909"},"modified":"2022-10-13T07:03:17","modified_gmt":"2022-10-13T07:03:17","slug":"tc-torque-tester","status":"publish","type":"page","link":"https:\/\/marx-power.com\/pt\/tc-torque-tester\/","title":{"rendered":"Calibradores de Torque TC"},"content":{"rendered":"<div class=\"vc_row wpb_row vc_row-fluid vc_column-gap-24 vc_row-o-content-middle vc_row-flex vc-row-252081\" >\n\t<div class=\"container et-clearfix\">\n\t\t<div class=\"wpb_column vc_column_container vc_col-sm-6 text-align-none\" >\n\t<div class=\"vc_column-inner\" >\n\t\t<div class=\"wpb_wrapper\">\n\t\t\t<div id=\"et-image-809025\" class=\"et-image alignnone curtain-left\" data-curtain=\"false\" data-animation-delay=\"0\" data-parallax=\"false\" data-move=\"false\" data-coordinatex=\"0\" data-coordinatey=\"0\" data-speed=\"10\"><img decoding=\"async\" width=\"t\" height=\"t\" src=\"https:\/\/marx-power.com\/wp-content\/uploads\/2022\/06\/TC-Torque-Tester.jpg\" alt=\"Marx Power\u00ae\"><\/div>\t\t<\/div>\n\t\t\t<\/div>\n<\/div><div class=\"wpb_column vc_column_container vc_col-sm-6 text-align-none\" >\n\t<div class=\"vc_column-inner\" >\n\t\t<div class=\"wpb_wrapper\">\n\t\t\t<div id=\"et-video-1\" class=\"et-video\"><a class=\"modal-video-poster video-modal\" href=\"https:\/\/www.youtube.com\/watch?v=a09rEVu5lCQ\"><img decoding=\"async\" alt=\"P\u00f4ster do v\u00eddeo\" src=\"https:\/\/marx-power.com\/wp-content\/uploads\/2022\/10\/TC-Torque-Calibrators-video.jpg\" \/><\/a><\/div>\n<div class=\"wpb_text_column wpb_content_element\"  data-animation-delay=\"0\">\n\t<div class=\"wpb_wrapper\">\n\t\t<p>\u2022 Cobertura de liga de tit\u00e2nio totalmente em alum\u00ednio e placa de suporte, alta resist\u00eancia,<br \/>\nboa tenacidade, leve.<br \/>\n\u2022 Display digital integrado, f\u00e1cil de ajustar.<br \/>\n\u2022 Alta precis\u00e3o de detec\u00e7\u00e3o \u00b11,5%.<br \/>\n\u2022 Um detector pode substituir os insertos quadrados, adequados para uma ampla gama<br \/>\nde chaves.<br \/>\n\u2022 O ponto de articula\u00e7\u00e3o do bra\u00e7o de rea\u00e7\u00e3o pode ser ajustado em 360\u00b0 e diferentes<br \/>\ntipos de chaves podem ser apoiados de forma est\u00e1vel.<\/p>\n\t<\/div>\n<\/div>\n\n\t\t<\/div>\n\t\t\t<\/div>\n<\/div>\t<\/div>\n\t\t<\/div><div class=\"vc_row wpb_row vc_row-fluid vc_column-gap-24\" >\n\t<div class=\"container et-clearfix\">\n\t\t<div class=\"wpb_column vc_column_container vc_col-sm-12 text-align-none\" >\n\t<div class=\"vc_column-inner\" >\n\t\t<div class=\"wpb_wrapper\">\n\t\t\t<h3 class=\"et-heading text-align-left tablet-text-align-inherit mobile-text-align-inherit animate-false no-animation-type\" id=\"et-heading-963748\" data-delay=\"0\" data-mobile-font=\"inherit\" data-mobile-line-height=\"inherit\" data-tablet-landscape-font=\"inherit\" data-tablet-portrait-font=\"inherit\" data-tablet-landscape-line-height=\"inherit\" data-tablet-portrait-line-height=\"inherit\" data-parallax=\"false\" data-move=\"false\" data-coordinatex=\"0\" data-coordinatey=\"0\" data-speed=\"10\"><span class=\"text-wrapper\"><span class=\"text\">Tabela de Especifica\u00e7\u00f5es<br \/>\n<\/span><\/span><\/h3>\n<div class=\"wpb_text_column wpb_content_element\"  data-animation-delay=\"0\">\n\t<div class=\"wpb_wrapper\">\n\t\t<table class=\"table\">\n<tbody>\n<tr>\n<td>Modelo<\/td>\n<td>Faixa de detec\u00e7\u00e3o de torque (Nm)<\/td>\n<td>Precis\u00e3o de detec\u00e7\u00e3o<\/td>\n<td>Pot\u00eancia de entrada<\/td>\n<td>Unidade quadrada de entrada<\/td>\n<td>Dimens\u00e3o (mm)<\/td>\n<td>Peso (Kgs)<\/td>\n<\/tr>\n<tr>\n<td>TC-05<\/td>\n<td>500-5000<\/td>\n<td rowspan=\"5\">\u00b11,5%<\/td>\n<td rowspan=\"5\">220V\/50Hz<\/td>\n<td>1&quot;<\/td>\n<td>340*230*170<\/td>\n<td>19<\/td>\n<\/tr>\n<tr>\n<td>TC-10<\/td>\n<td>1000-10000<\/td>\n<td>1-\u00bd\u201d<\/td>\n<td>480*290*215<\/td>\n<td>52<\/td>\n<\/tr>\n<tr>\n<td>TC-20<\/td>\n<td>2000-20000<\/td>\n<td>2- \u00bd\u201d<\/td>\n<td>480*290*260<\/td>\n<td>70<\/td>\n<\/tr>\n<tr>\n<td>TC-30<\/td>\n<td>3000-30000<\/td>\n<td>2-\u00bd\u201d<\/td>\n<td>480*300*300<\/td>\n<td>85<\/td>\n<\/tr>\n<tr>\n<td>TC-60<\/td>\n<td>6000-60000<\/td>\n<td>2-\u00bd\u201d<\/td>\n<td>610*330*300<\/td>\n<td>198<\/td>\n<\/tr>\n<\/tbody>\n<\/table>\n\t<\/div>\n<\/div>\n\n\t\t<\/div>\n\t\t\t<\/div>\n<\/div>\t<\/div>\n\t\t<\/div><div class=\"vc_row wpb_row vc_row-fluid vc_column-gap-24\" >\n\t<div class=\"container et-clearfix\">\n\t\t<div class=\"wpb_column vc_column_container vc_col-sm-12 text-align-none\" >\n\t<div class=\"vc_column-inner\" >\n\t\t<div class=\"wpb_wrapper\">\n\t\t\t<h3 class=\"et-heading text-align-left tablet-text-align-inherit mobile-text-align-inherit animate-false no-animation-type\" id=\"et-heading-784421\" data-delay=\"0\" data-mobile-font=\"inherit\" data-mobile-line-height=\"inherit\" data-tablet-landscape-font=\"inherit\" data-tablet-portrait-font=\"inherit\" data-tablet-landscape-line-height=\"inherit\" data-tablet-portrait-line-height=\"inherit\" data-parallax=\"false\" data-move=\"false\" data-coordinatex=\"0\" data-coordinatey=\"0\" data-speed=\"10\"><span class=\"text-wrapper\"><span class=\"text\">Entrar em contato<\/span><\/span><\/h3>\n<div class=\"wpb_text_column wpb_content_element\"  data-animation-delay=\"0\">\n\t<div class=\"wpb_wrapper\">\n\t\t<p>Para todas as consultas de servi\u00e7o, preencha o formul\u00e1rio e entraremos em contato com voc\u00ea o mais breve poss\u00edvel.<\/p>\n\t<\/div>\n<\/div>\n\n<div class=\"vc_row wpb_row vc_inner vc_row-fluid vc_column-gap-48 vc-row-670903\"><div class=\"wpb_column vc_column_container vc_col-sm-6\"><div class=\"vc_column-inner\"><div class=\"wpb_wrapper\"><div class=\"wpcf7 no-js\" id=\"wpcf7-f10615-o1\" lang=\"en-US\" dir=\"ltr\" data-wpcf7-id=\"10615\"><div class=\"screen-reader-response\"><p role=\"status\" aria-live=\"polite\" aria-atomic=\"true\"><\/p><ul><\/ul><\/div><form action=\"\/pt\/wp-json\/wp\/v2\/pages\/18909#wpcf7-f10615-o1\" method=\"post\" class=\"wpcf7-form init\" aria-label=\"Formul\u00e1rio de Contato\" novalidate=\"novalidate\" data-status=\"init\" data-trp-original-action=\"\/pt\/wp-json\/wp\/v2\/pages\/18909#wpcf7-f10615-o1\"><fieldset class=\"hidden-fields-container\"><input type=\"hidden\" name=\"_wpcf7\" value=\"10615\" \/><input type=\"hidden\" name=\"_wpcf7_version\" value=\"6.1.5\" \/><input type=\"hidden\" name=\"_wpcf7_locale\" value=\"en_US\" \/><input type=\"hidden\" name=\"_wpcf7_unit_tag\" value=\"wpcf7-f10615-o1\" \/><input type=\"hidden\" name=\"_wpcf7_container_post\" value=\"0\" \/><input type=\"hidden\" name=\"_wpcf7_posted_data_hash\" value=\"\" \/><\/fieldset><!-- \u7b2c\u4e00\u884c\uff1aFull Name + Email --><div style=\"display:flex; gap:4%; flex-direction: row; margin-bottom: -20px;\"><p><label> Full Name <span class=\"required-star\">*<\/span><br \/><span class=\"wpcf7-form-control-wrap\" data-name=\"full-name\"><input size=\"40\" maxlength=\"400\" class=\"wpcf7-form-control wpcf7-text wpcf7-validates-as-required\" aria-required=\"true\" aria-invalid=\"false\" placeholder=\"Robert Evans\" value=\"\" type=\"text\" name=\"full-name\" \/><\/span><\/label><\/p><p><label> Email Address <span class=\"required-star\">*<\/span><br \/><span class=\"wpcf7-form-control-wrap\" data-name=\"email\"><input size=\"40\" maxlength=\"400\" class=\"wpcf7-form-control wpcf7-email wpcf7-validates-as-required wpcf7-text wpcf7-validates-as-email\" aria-required=\"true\" aria-invalid=\"false\" placeholder=\"robert@example.com\" value=\"\" type=\"email\" name=\"email\" \/><\/span><\/label><\/p><\/div><div style=\"display:flex; gap:4%; flex-direction: row; margin-bottom: -20px;\"><p><label> Phone Number<br \/><span class=\"wpcf7-form-control-wrap\" data-name=\"phone\"><input size=\"40\" maxlength=\"400\" class=\"wpcf7-form-control wpcf7-tel wpcf7-text wpcf7-validates-as-tel\" aria-invalid=\"false\" placeholder=\"+1 (123) 456-7890\" value=\"\" type=\"tel\" name=\"phone\" \/><\/span><\/label><\/p><p><label> Pa\u00eds<br \/><span class=\"wpcf7-form-control-wrap\" data-name=\"country\"><input size=\"40\" maxlength=\"400\" class=\"wpcf7-form-control wpcf7-text\" aria-invalid=\"false\" placeholder=\"ABC inc.\" value=\"\" type=\"text\" name=\"country\" \/><\/span><\/label><\/p><\/div><!-- \u7b2c\u4e09\u884c\uff1aCompany Name --><p><label> Company Name<br \/><span class=\"wpcf7-form-control-wrap\" data-name=\"company\"><input size=\"40\" maxlength=\"400\" class=\"wpcf7-form-control wpcf7-text\" aria-invalid=\"false\" placeholder=\"Acme Inc\" value=\"\" type=\"text\" name=\"company\" \/><\/span><\/label><\/p><!-- \u7b2c\u56db\u884c\uff1aMessage --><p><label> Message <span class=\"required-star\">*<\/span><br \/><span class=\"wpcf7-form-control-wrap\" data-name=\"message\"><textarea cols=\"40\" rows=\"10\" maxlength=\"2000\" class=\"wpcf7-form-control wpcf7-textarea wpcf7-validates-as-required\" aria-required=\"true\" aria-invalid=\"false\" placeholder=\"Tell us about your inquiry...\" name=\"message\"><\/textarea><\/span><\/label><\/p><!-- \u7b2c\u4e94\u884c\uff1aPreferred Contact Method --><p>Preferred Contact Method<br \/><span class=\"wpcf7-form-control-wrap\" data-name=\"contact-method\"><span class=\"wpcf7-form-control wpcf7-radio\"><span class=\"wpcf7-list-item first\"><input type=\"radio\" name=\"contact-method\" value=\"email\" checked=\"checked\" \/><span class=\"wpcf7-list-item-label\">email<\/span><\/span><span class=\"wpcf7-list-item last\"><input type=\"radio\" name=\"contact-method\" value=\"phone\" \/><span class=\"wpcf7-list-item-label\">phone<\/span><\/span><\/span><\/span><\/p><!-- \u7b2c\u516d\u884c\uff1aSubmit --><p><input class=\"wpcf7-form-control wpcf7-submit has-spinner\" type=\"submit\" value=\"Send Message\" \/><\/p><div class=\"wpcf7-response-output\" aria-hidden=\"true\"><\/div><input type=\"hidden\" name=\"trp-form-language\" value=\"pt\"\/><\/form><\/div><\/div><\/div><\/div><div class=\"wpb_column vc_column_container vc_col-sm-6\"><div class=\"vc_column-inner\"><div class=\"wpb_wrapper\"><div class=\"wpb_text_column wpb_content_element\"  data-animation-delay=\"0\"><div class=\"wpb_wrapper\"><ul><li>Todos os produtos s\u00e3o projetados para exceder os padr\u00f5es globais de dados para equipamentos hidr\u00e1ulicos de alta press\u00e3o.<\/li><li>Cada produto passar\u00e1 por rigorosos testes f\u00edsicos antes do envio para garantir a qualidade do produto.<\/li><li>Todos os produtos passaram pela inspe\u00e7\u00e3o de qualidade ISO9001 e CE da UE e outras institui\u00e7\u00f5es.<\/li><li>Forne\u00e7a ferramentas seguras e confi\u00e1veis e servi\u00e7o p\u00f3s-venda l\u00edder do setor, todos os produtos v\u00eam com um servi\u00e7o de garantia abrangente de 12 meses.<\/li><li>O estoque \u00e9 suficiente e pode ser entregue rapidamente ap\u00f3s o usu\u00e1rio fazer um pedido.<\/li><li>Um estoque suficiente de pe\u00e7as de reposi\u00e7\u00e3o \u00e9 usado para manuten\u00e7\u00e3o r\u00e1pida e opera\u00e7\u00e3o do produto a longo prazo.<\/li><\/ul><\/div><\/div><\/div><\/div><\/div><\/div>\t\t<\/div>\n\t\t\t<\/div>\n<\/div>\t<\/div>\n\t\t<\/div><div class=\"vc_row wpb_row vc_row-fluid vc_column-gap-24\" >\n\t<div class=\"container et-clearfix\">\n\t\t<div class=\"wpb_column vc_column_container vc_col-sm-12 text-align-none\" >\n\t<div class=\"vc_column-inner\" >\n\t\t<div class=\"wpb_wrapper\">\n\t\t\t<span class=\"et-gap et-clearfix et-gap-78325\"><\/span>\t\t<\/div>\n\t\t\t<\/div>\n<\/div>\t<\/div>\n\t\t<\/div>","protected":false},"excerpt":{"rendered":"\u2022 All-aluminum titanium alloy cover and the support plate, high strength, good toughness, lightweight. \u2022 Digital display integrated display, easy to adjust. \u2022 High detection accuracy \u00b11.5%. \u2022 One detector can replace the square inserts, suitable for a wide range of wrenches. \u2022 The pivot point of the reaction arm can be adjusted 360\u00b0, and [...]","protected":false},"author":1,"featured_media":0,"parent":0,"menu_order":0,"comment_status":"closed","ping_status":"closed","template":"page-vc.php","meta":{"footnotes":""},"class_list":["post-18909","page","type-page","status-publish","hentry"],"_links":{"self":[{"href":"https:\/\/marx-power.com\/pt\/wp-json\/wp\/v2\/pages\/18909","targetHints":{"allow":["GET"]}}],"collection":[{"href":"https:\/\/marx-power.com\/pt\/wp-json\/wp\/v2\/pages"}],"about":[{"href":"https:\/\/marx-power.com\/pt\/wp-json\/wp\/v2\/types\/page"}],"author":[{"embeddable":true,"href":"https:\/\/marx-power.com\/pt\/wp-json\/wp\/v2\/users\/1"}],"replies":[{"embeddable":true,"href":"https:\/\/marx-power.com\/pt\/wp-json\/wp\/v2\/comments?post=18909"}],"version-history":[{"count":0,"href":"https:\/\/marx-power.com\/pt\/wp-json\/wp\/v2\/pages\/18909\/revisions"}],"wp:attachment":[{"href":"https:\/\/marx-power.com\/pt\/wp-json\/wp\/v2\/media?parent=18909"}],"curies":[{"name":"wp","href":"https:\/\/api.w.org\/{rel}","templated":true}]}}