{"id":19269,"date":"2022-08-15T02:05:41","date_gmt":"2022-08-15T02:05:41","guid":{"rendered":"https:\/\/torcstark.com\/?page_id=19269"},"modified":"2022-08-15T02:05:41","modified_gmt":"2022-08-15T02:05:41","slug":"2-jaw-hydraulic-bearing-puller","status":"publish","type":"page","link":"https:\/\/marx-power.com\/pt\/extrator-de-rolamento-hidraulico-de-2-garras\/","title":{"rendered":"Extrator de rolamento hidr\u00e1ulico de 2 garras"},"content":{"rendered":"<div class=\"vc_row wpb_row vc_row-fluid vc_column-gap-24 vc_row-o-content-middle vc_row-flex vc-row-346243\" >\n\t<div class=\"container et-clearfix\">\n\t\t<div class=\"wpb_column vc_column_container vc_col-sm-6 text-align-none\" >\n\t<div class=\"vc_column-inner\" >\n\t\t<div class=\"wpb_wrapper\">\n\t\t\t<div id=\"et-image-628362\" class=\"et-image alignnone curtain-left\" data-curtain=\"false\" data-animation-delay=\"0\" data-parallax=\"false\" data-move=\"false\" data-coordinatex=\"0\" data-coordinatey=\"0\" data-speed=\"10\"><img decoding=\"async\" width=\"t\" height=\"t\" src=\"https:\/\/marx-power.com\/wp-content\/uploads\/2022\/02\/2-Jaw-Hydraulic-Bearing-Puller-1-2.jpg\" alt=\"Marx Power\u00ae\"><\/div>\t\t<\/div>\n\t\t\t<\/div>\n<\/div><div class=\"wpb_column vc_column_container vc_col-sm-6 text-align-none\" >\n\t<div class=\"vc_column-inner\" >\n\t\t<div class=\"wpb_wrapper\">\n\t\t\t\n<div class=\"wpb_text_column wpb_content_element\"  data-animation-delay=\"0\">\n\t<div class=\"wpb_wrapper\">\n\t\t<p>\u2022 Extrator hidr\u00e1ulico montado em ve\u00edculo autom\u00e1tico da s\u00e9rie HCP, a estrutura do extrator com design de duas garras \u00e9 simples e conveniente de operar;<\/p>\n<p>\u2022 Bra\u00e7o de tra\u00e7\u00e3o\/garra de tra\u00e7\u00e3o \u00e9 feito de a\u00e7o de liga de ultra-alta resist\u00eancia. Projeto de cilindro hidr\u00e1ulico de dupla a\u00e7\u00e3o.<\/p>\n<p>\u2022V\u00e1lvula de seguran\u00e7a embutida na esta\u00e7\u00e3o de bombeamento hidr\u00e1ulica, press\u00e3o m\u00e1xima de trabalho \u00e9 de 70MPa.<\/p>\n<p>\u2022Trole com rodas para f\u00e1cil mobilidade.<\/p>\n<p>\u2022Pode ser configurado com uma cabe\u00e7a de extens\u00e3o para aumentar o comprimento do pist\u00e3o.<\/p>\n\t<\/div>\n<\/div>\n\n\t\t<\/div>\n\t\t\t<\/div>\n<\/div>\t<\/div>\n\t\t<\/div><div class=\"vc_row wpb_row vc_row-fluid vc_column-gap-24\" >\n\t<div class=\"container et-clearfix\">\n\t\t<div class=\"wpb_column vc_column_container vc_col-sm-12 text-align-none\" >\n\t<div class=\"vc_column-inner\" >\n\t\t<div class=\"wpb_wrapper\">\n\t\t\t<h3 class=\"et-heading text-align-left tablet-text-align-inherit mobile-text-align-inherit animate-false no-animation-type\" id=\"et-heading-120216\" data-delay=\"0\" data-mobile-font=\"inherit\" data-mobile-line-height=\"inherit\" data-tablet-landscape-font=\"inherit\" data-tablet-portrait-font=\"inherit\" data-tablet-landscape-line-height=\"inherit\" data-tablet-portrait-line-height=\"inherit\" data-parallax=\"false\" data-move=\"false\" data-coordinatex=\"0\" data-coordinatey=\"0\" data-speed=\"10\"><span class=\"text-wrapper\"><span class=\"text\">Desenho dimensional<\/span><\/span><\/h3><div id=\"et-image-2855\" class=\"et-image aligncenter curtain-left\" data-curtain=\"false\" data-animation-delay=\"0\" data-parallax=\"false\" data-move=\"false\" data-coordinatex=\"0\" data-coordinatey=\"0\" data-speed=\"10\"><img decoding=\"async\" width=\"t\" height=\"t\" src=\"https:\/\/marx-power.com\/wp-content\/uploads\/2022\/02\/2-Jaw-Hydraulic-Bearing-Puller-1.png\" alt=\"Marx Power\u00ae\"><\/div><h3 class=\"et-heading text-align-left tablet-text-align-inherit mobile-text-align-inherit animate-false no-animation-type\" id=\"et-heading-623254\" data-delay=\"0\" data-mobile-font=\"inherit\" data-mobile-line-height=\"inherit\" data-tablet-landscape-font=\"inherit\" data-tablet-portrait-font=\"inherit\" data-tablet-landscape-line-height=\"inherit\" data-tablet-portrait-line-height=\"inherit\" data-parallax=\"false\" data-move=\"false\" data-coordinatex=\"0\" data-coordinatey=\"0\" data-speed=\"10\"><span class=\"text-wrapper\"><span class=\"text\">Especifica\u00e7\u00f5es da alavanca de compensa\u00e7\u00e3o<\/span><\/span><\/h3><div class=\"vc_row wpb_row vc_inner vc_row-fluid vc_column-gap-24\"><div class=\"wpb_column vc_column_container vc_col-sm-6\"><div class=\"vc_column-inner\"><div class=\"wpb_wrapper\"><div id=\"et-image-612086\" class=\"et-image alignnone curtain-left\" data-curtain=\"false\" data-animation-delay=\"0\" data-parallax=\"false\" data-move=\"false\" data-coordinatex=\"0\" data-coordinatey=\"0\" data-speed=\"10\"><img decoding=\"async\" width=\"t\" height=\"t\" src=\"https:\/\/marx-power.com\/wp-content\/uploads\/2022\/02\/2-Jaw-Hydraulic-Bearing-Puller-2.png\" alt=\"Marx Power\u00ae\"><\/div><\/div><\/div><\/div><div class=\"wpb_column vc_column_container vc_col-sm-6\"><div class=\"vc_column-inner\"><div class=\"wpb_wrapper\"><div class=\"wpb_text_column wpb_content_element\"  data-animation-delay=\"0\"><div class=\"wpb_wrapper\"><table><tbody><tr><td>Modelo<\/td><td>HCP60<\/td><td>HCP100<\/td><td>HCP200<\/td><td>HCP250<\/td><td>HCP300<\/td><\/tr><tr><td>A (mm)<\/td><td>80<\/td><td>80<\/td><td>80<\/td><td>100<\/td><td>120<\/td><\/tr><tr><td>B (mm)<\/td><td>205<\/td><td>205<\/td><td>205<\/td><td>250<\/td><td>280<\/td><\/tr><tr><td>C (mm)<\/td><td>345<\/td><td>345<\/td><td>345<\/td><td>300<\/td><td>350<\/td><\/tr><tr><td>D (mm)<\/td><td>80<\/td><td>105<\/td><td>150<\/td><td>150<\/td><td>190<\/td><\/tr><\/tbody><\/table><\/div><\/div><\/div><\/div><\/div><\/div>\t\t<\/div>\n\t\t\t<\/div>\n<\/div>\t<\/div>\n\t\t<\/div><div class=\"vc_row wpb_row vc_row-fluid vc_column-gap-24\" >\n\t<div class=\"container et-clearfix\">\n\t\t<div class=\"wpb_column vc_column_container vc_col-sm-12 text-align-none\" >\n\t<div class=\"vc_column-inner\" >\n\t\t<div class=\"wpb_wrapper\">\n\t\t\t<h3 class=\"et-heading text-align-left tablet-text-align-inherit mobile-text-align-inherit animate-false no-animation-type\" id=\"et-heading-351205\" data-delay=\"0\" data-mobile-font=\"inherit\" data-mobile-line-height=\"inherit\" data-tablet-landscape-font=\"inherit\" data-tablet-portrait-font=\"inherit\" data-tablet-landscape-line-height=\"inherit\" data-tablet-portrait-line-height=\"inherit\" data-parallax=\"false\" data-move=\"false\" data-coordinatex=\"0\" data-coordinatey=\"0\" data-speed=\"10\"><span class=\"text-wrapper\"><span class=\"text\">Tabela de Especifica\u00e7\u00f5es<\/span><\/span><\/h3>\n<div class=\"wpb_text_column wpb_content_element\"  data-animation-delay=\"0\">\n\t<div class=\"wpb_wrapper\">\n\t\t<table>\n<tbody>\n<tr>\n<td width=\"43\">Modelo<\/td>\n<td width=\"53\">Capacidade do Extrator T (Ton)<\/td>\n<td width=\"53\">Curso do Cilindro (mm)<\/td>\n<td width=\"47\">Comprimento L(mm)<\/td>\n<td width=\"43\">Largura (mm)<\/td>\n<td width=\"65\">Altura Ajust\u00e1vel do Centro Extrator H(mm)<\/td>\n<td width=\"58\">Comprimento m\u00ednimo de abertura mm<\/td>\n<td width=\"57\">Profundidade m\u00ednima de extra\u00e7\u00e3o mm<\/td>\n<td width=\"61\">Comprimento m\u00e1ximo de abertura mm<\/td>\n<td width=\"62\">Profundidade m\u00e1xima de extra\u00e7\u00e3o mm<\/td>\n<td width=\"46\">Fonte de energia<\/td>\n<\/tr>\n<tr>\n<td width=\"43\">HCP<br \/>\n60<\/td>\n<td width=\"53\">60<\/td>\n<td width=\"53\">250<\/td>\n<td width=\"47\">2220<\/td>\n<td width=\"43\">838<\/td>\n<td width=\"65\">280-915<\/td>\n<td width=\"58\">140<\/td>\n<td width=\"57\">790<\/td>\n<td width=\"61\">1000<\/td>\n<td width=\"62\">650<\/td>\n<td rowspan=\"5\" width=\"46\">380v\/50Hz<\/td>\n<\/tr>\n<tr>\n<td width=\"43\">HCP 100<\/td>\n<td width=\"53\">100<\/td>\n<td width=\"53\">250<\/td>\n<td width=\"47\">2220<\/td>\n<td width=\"43\">838<\/td>\n<td width=\"65\">300-915<\/td>\n<td width=\"58\">380<\/td>\n<td width=\"57\">1066<\/td>\n<td width=\"61\">1220<\/td>\n<td width=\"62\">863<\/td>\n<\/tr>\n<tr>\n<td width=\"43\">HCP 200<\/td>\n<td width=\"53\">200<\/td>\n<td width=\"53\">250<\/td>\n<td width=\"47\">2429<\/td>\n<td width=\"43\">905<\/td>\n<td width=\"65\">340-876<\/td>\n<td width=\"58\">380<\/td>\n<td width=\"57\">1160<\/td>\n<td width=\"61\">1045<\/td>\n<td width=\"62\">1039<\/td>\n<\/tr>\n<tr>\n<td width=\"43\">HCP<br \/>\n250<\/td>\n<td width=\"53\">250<\/td>\n<td width=\"53\">250<\/td>\n<td width=\"47\">2450<\/td>\n<td width=\"43\">986<\/td>\n<td width=\"65\">340-876<\/td>\n<td width=\"58\">380<\/td>\n<td width=\"57\">1160<\/td>\n<td width=\"61\">1220<\/td>\n<td width=\"62\">970<\/td>\n<\/tr>\n<tr>\n<td width=\"43\">HCP<br \/>\n300<\/td>\n<td width=\"53\">300<\/td>\n<td width=\"53\">250<\/td>\n<td width=\"47\">2503<\/td>\n<td width=\"43\">1047<\/td>\n<td width=\"65\">390-876<\/td>\n<td width=\"58\">380<\/td>\n<td width=\"57\">1160<\/td>\n<td width=\"61\">1385<\/td>\n<td width=\"62\">970<\/td>\n<\/tr>\n<\/tbody>\n<\/table>\n\t<\/div>\n<\/div>\n\n\t\t<\/div>\n\t\t\t<\/div>\n<\/div>\t<\/div>\n\t\t<\/div><div class=\"vc_row wpb_row vc_row-fluid vc_column-gap-24\" >\n\t<div class=\"container et-clearfix\">\n\t\t<div class=\"wpb_column vc_column_container vc_col-sm-12 text-align-none\" >\n\t<div class=\"vc_column-inner\" >\n\t\t<div class=\"wpb_wrapper\">\n\t\t\t<h3 class=\"et-heading text-align-left tablet-text-align-inherit mobile-text-align-inherit animate-false no-animation-type\" id=\"et-heading-784421\" data-delay=\"0\" data-mobile-font=\"inherit\" data-mobile-line-height=\"inherit\" data-tablet-landscape-font=\"inherit\" data-tablet-portrait-font=\"inherit\" data-tablet-landscape-line-height=\"inherit\" data-tablet-portrait-line-height=\"inherit\" data-parallax=\"false\" data-move=\"false\" data-coordinatex=\"0\" data-coordinatey=\"0\" data-speed=\"10\"><span class=\"text-wrapper\"><span class=\"text\">Entrar em contato<\/span><\/span><\/h3>\n<div class=\"wpb_text_column wpb_content_element\"  data-animation-delay=\"0\">\n\t<div class=\"wpb_wrapper\">\n\t\t<p>Para todas as consultas de servi\u00e7o, preencha o formul\u00e1rio e entraremos em contato com voc\u00ea o mais breve poss\u00edvel.<\/p>\n\t<\/div>\n<\/div>\n\n<div class=\"vc_row wpb_row vc_inner vc_row-fluid vc_column-gap-48 vc-row-670903\"><div class=\"wpb_column vc_column_container vc_col-sm-6\"><div class=\"vc_column-inner\"><div class=\"wpb_wrapper\"><div class=\"wpcf7 no-js\" id=\"wpcf7-f10615-o1\" lang=\"en-US\" dir=\"ltr\" data-wpcf7-id=\"10615\"><div class=\"screen-reader-response\"><p role=\"status\" aria-live=\"polite\" aria-atomic=\"true\"><\/p><ul><\/ul><\/div><form action=\"\/pt\/wp-json\/wp\/v2\/pages\/19269#wpcf7-f10615-o1\" method=\"post\" class=\"wpcf7-form init\" aria-label=\"Formul\u00e1rio de Contato\" novalidate=\"novalidate\" data-status=\"init\" data-trp-original-action=\"\/pt\/wp-json\/wp\/v2\/pages\/19269#wpcf7-f10615-o1\"><fieldset class=\"hidden-fields-container\"><input type=\"hidden\" name=\"_wpcf7\" value=\"10615\" \/><input type=\"hidden\" name=\"_wpcf7_version\" value=\"6.1.5\" \/><input type=\"hidden\" name=\"_wpcf7_locale\" value=\"en_US\" \/><input type=\"hidden\" name=\"_wpcf7_unit_tag\" value=\"wpcf7-f10615-o1\" \/><input type=\"hidden\" name=\"_wpcf7_container_post\" value=\"0\" \/><input type=\"hidden\" name=\"_wpcf7_posted_data_hash\" value=\"\" \/><\/fieldset><!-- \u7b2c\u4e00\u884c\uff1aFull Name + Email --><div style=\"display:flex; gap:4%; flex-direction: row; margin-bottom: -20px;\"><p><label> Full Name <span class=\"required-star\">*<\/span><br \/><span class=\"wpcf7-form-control-wrap\" data-name=\"full-name\"><input size=\"40\" maxlength=\"400\" class=\"wpcf7-form-control wpcf7-text wpcf7-validates-as-required\" aria-required=\"true\" aria-invalid=\"false\" placeholder=\"Robert Evans\" value=\"\" type=\"text\" name=\"full-name\" \/><\/span><\/label><\/p><p><label> Email Address <span class=\"required-star\">*<\/span><br \/><span class=\"wpcf7-form-control-wrap\" data-name=\"email\"><input size=\"40\" maxlength=\"400\" class=\"wpcf7-form-control wpcf7-email wpcf7-validates-as-required wpcf7-text wpcf7-validates-as-email\" aria-required=\"true\" aria-invalid=\"false\" placeholder=\"robert@example.com\" value=\"\" type=\"email\" name=\"email\" \/><\/span><\/label><\/p><\/div><div style=\"display:flex; gap:4%; flex-direction: row; margin-bottom: -20px;\"><p><label> Phone Number<br \/><span class=\"wpcf7-form-control-wrap\" data-name=\"phone\"><input size=\"40\" maxlength=\"400\" class=\"wpcf7-form-control wpcf7-tel wpcf7-text wpcf7-validates-as-tel\" aria-invalid=\"false\" placeholder=\"+1 (123) 456-7890\" value=\"\" type=\"tel\" name=\"phone\" \/><\/span><\/label><\/p><p><label> Pa\u00eds<br \/><span class=\"wpcf7-form-control-wrap\" data-name=\"country\"><input size=\"40\" maxlength=\"400\" class=\"wpcf7-form-control wpcf7-text\" aria-invalid=\"false\" placeholder=\"ABC inc.\" value=\"\" type=\"text\" name=\"country\" \/><\/span><\/label><\/p><\/div><!-- \u7b2c\u4e09\u884c\uff1aCompany Name --><p><label> Company Name<br \/><span class=\"wpcf7-form-control-wrap\" data-name=\"company\"><input size=\"40\" maxlength=\"400\" class=\"wpcf7-form-control wpcf7-text\" aria-invalid=\"false\" placeholder=\"Acme Inc\" value=\"\" type=\"text\" name=\"company\" \/><\/span><\/label><\/p><!-- \u7b2c\u56db\u884c\uff1aMessage --><p><label> Message <span class=\"required-star\">*<\/span><br \/><span class=\"wpcf7-form-control-wrap\" data-name=\"message\"><textarea cols=\"40\" rows=\"10\" maxlength=\"2000\" class=\"wpcf7-form-control wpcf7-textarea wpcf7-validates-as-required\" aria-required=\"true\" aria-invalid=\"false\" placeholder=\"Tell us about your inquiry...\" name=\"message\"><\/textarea><\/span><\/label><\/p><!-- \u7b2c\u4e94\u884c\uff1aPreferred Contact Method --><p>Preferred Contact Method<br \/><span class=\"wpcf7-form-control-wrap\" data-name=\"contact-method\"><span class=\"wpcf7-form-control wpcf7-radio\"><span class=\"wpcf7-list-item first\"><input type=\"radio\" name=\"contact-method\" value=\"email\" checked=\"checked\" \/><span class=\"wpcf7-list-item-label\">email<\/span><\/span><span class=\"wpcf7-list-item last\"><input type=\"radio\" name=\"contact-method\" value=\"phone\" \/><span class=\"wpcf7-list-item-label\">phone<\/span><\/span><\/span><\/span><\/p><!-- \u7b2c\u516d\u884c\uff1aSubmit --><p><input class=\"wpcf7-form-control wpcf7-submit has-spinner\" type=\"submit\" value=\"Send Message\" \/><\/p><div class=\"wpcf7-response-output\" aria-hidden=\"true\"><\/div><input type=\"hidden\" name=\"trp-form-language\" value=\"pt\"\/><\/form><\/div><\/div><\/div><\/div><div class=\"wpb_column vc_column_container vc_col-sm-6\"><div class=\"vc_column-inner\"><div class=\"wpb_wrapper\"><div class=\"wpb_text_column wpb_content_element\"  data-animation-delay=\"0\"><div class=\"wpb_wrapper\"><ul><li>Todos os produtos s\u00e3o projetados para exceder os padr\u00f5es globais de dados para equipamentos hidr\u00e1ulicos de alta press\u00e3o.<\/li><li>Cada produto passar\u00e1 por rigorosos testes f\u00edsicos antes do envio para garantir a qualidade do produto.<\/li><li>Todos os produtos passaram pela inspe\u00e7\u00e3o de qualidade ISO9001 e CE da UE e outras institui\u00e7\u00f5es.<\/li><li>Forne\u00e7a ferramentas seguras e confi\u00e1veis e servi\u00e7o p\u00f3s-venda l\u00edder do setor, todos os produtos v\u00eam com um servi\u00e7o de garantia abrangente de 12 meses.<\/li><li>O estoque \u00e9 suficiente e pode ser entregue rapidamente ap\u00f3s o usu\u00e1rio fazer um pedido.<\/li><li>Um estoque suficiente de pe\u00e7as de reposi\u00e7\u00e3o \u00e9 usado para manuten\u00e7\u00e3o r\u00e1pida e opera\u00e7\u00e3o do produto a longo prazo.<\/li><\/ul><\/div><\/div><\/div><\/div><\/div><\/div>\t\t<\/div>\n\t\t\t<\/div>\n<\/div>\t<\/div>\n\t\t<\/div><div class=\"vc_row wpb_row vc_row-fluid vc_column-gap-24\" >\n\t<div class=\"container et-clearfix\">\n\t\t<div class=\"wpb_column vc_column_container vc_col-sm-12 text-align-none\" >\n\t<div class=\"vc_column-inner\" >\n\t\t<div class=\"wpb_wrapper\">\n\t\t\t<span class=\"et-gap et-clearfix et-gap-78325\"><\/span>\t\t<\/div>\n\t\t\t<\/div>\n<\/div>\t<\/div>\n\t\t<\/div>","protected":false},"excerpt":{"rendered":"\u2022HCP-series automatic vehicle-mounted hydraulic puller, the puller structure with two-claw design is simple and convenient to operate; \u2022Pull arm\/pull claw is made of ultra-high-strength alloy steel. Double-acting hydraulic cylinder design. \u2022Hydraulic pump station built-in safety valve, maximum working pressure is 70MPa. \u2022Wheeled trolley for easy mobility. \u2022Can be configured with an extension head to increase [...]","protected":false},"author":1,"featured_media":0,"parent":0,"menu_order":0,"comment_status":"closed","ping_status":"closed","template":"page-vc.php","meta":{"footnotes":""},"class_list":["post-19269","page","type-page","status-publish","hentry"],"_links":{"self":[{"href":"https:\/\/marx-power.com\/pt\/wp-json\/wp\/v2\/pages\/19269","targetHints":{"allow":["GET"]}}],"collection":[{"href":"https:\/\/marx-power.com\/pt\/wp-json\/wp\/v2\/pages"}],"about":[{"href":"https:\/\/marx-power.com\/pt\/wp-json\/wp\/v2\/types\/page"}],"author":[{"embeddable":true,"href":"https:\/\/marx-power.com\/pt\/wp-json\/wp\/v2\/users\/1"}],"replies":[{"embeddable":true,"href":"https:\/\/marx-power.com\/pt\/wp-json\/wp\/v2\/comments?post=19269"}],"version-history":[{"count":0,"href":"https:\/\/marx-power.com\/pt\/wp-json\/wp\/v2\/pages\/19269\/revisions"}],"wp:attachment":[{"href":"https:\/\/marx-power.com\/pt\/wp-json\/wp\/v2\/media?parent=19269"}],"curies":[{"name":"wp","href":"https:\/\/api.w.org\/{rel}","templated":true}]}}